{"id":257,"date":"2016-01-07T09:23:04","date_gmt":"2016-01-07T09:23:04","guid":{"rendered":"https:\/\/www.annaps.com\/?page_id=257"},"modified":"2018-09-19T12:44:12","modified_gmt":"2018-09-19T10:44:12","slug":"styrelsen","status":"publish","type":"page","link":"https:\/\/annaps.com\/sv\/om-annaps\/vilka-aer-vi\/styrelsen\/","title":{"rendered":"Styrelsen"},"content":{"rendered":"<p>AnnaPS drivs av Anna Sj\u00f6bergs f\u00f6retag Facilitate Partner AB och\u00a0i dess styrelse finns Pernilla Lundin och Per Sj\u00f6berg.<\/p>\n<p>Pernilla, har ett\u00a0f\u00f6rflutet inom svenska verkstadsindustri i ledande befattningar. Hon \u00e4r idag vd f\u00f6r Donald Davis &amp; Partners och \u00e4r expert inom\u00a0varum\u00e4rkesbyggande och marknadsf\u00f6ring. Hon \u00e4r mamma till\u00a0trillingar, bor i G\u00e4vle och har varit delaktig i AnnaPS resa fr\u00e5n b\u00f6rjan.<\/p>\n<p>Per Sj\u00f6berg har\u00a0ett l\u00e5ngt f\u00f6rflutet inom verkstadskoncernen Sandvik, med kompetens inom produktion, ink\u00f6p,\u00a0lager och logistik. Under n\u00e5gra \u00e5r har han ocks\u00e5 varit vd f\u00f6r Sandviks tv\u00e5 gymnasieskolor och utbildningsverksamhet. Per\u00a0har inte diabetes sj\u00e4lv, men som gift med Anna och med en mamma och moster som ocks\u00e5 har typ 1-diabetes, \u00e4r Per v\u00e4l insatt i utmaningarna f\u00f6r en \u00a0diabetiker. Per arbetar sedan ett par \u00e5r i f\u00f6retaget, p\u00e5 heltid.<\/p>\n","protected":false},"excerpt":{"rendered":"<p>AnnaPS drivs av Anna Sj\u00f6bergs f\u00f6retag Facilitate Partner AB och\u00a0i dess styrelse finns Pernilla Lundin och Per Sj\u00f6berg. Pernilla, har ett\u00a0f\u00f6rflutet inom svenska verkstadsindustri i ledande befattningar. Hon \u00e4r idag vd f\u00f6r Donald Davis &amp; Partners och \u00e4r expert inom\u00a0varum\u00e4rkesbyggande och marknadsf\u00f6ring. Hon \u00e4r mamma till\u00a0trillingar, bor i G\u00e4vle och har varit delaktig i AnnaPS [&hellip;]<\/p>\n","protected":false},"author":1,"featured_media":0,"parent":247,"menu_order":5,"comment_status":"closed","ping_status":"closed","template":"","meta":{"_acf_changed":false,"footnotes":""},"class_list":["post-257","page","type-page","status-publish","hentry"],"acf":[],"yoast_head":"<!-- This site is optimized with the Yoast SEO plugin v27.1.1 - https:\/\/yoast.com\/product\/yoast-seo-wordpress\/ -->\n<title>Styrelsen - vi str\u00e4var efter ett enklare diabetesliv | AnnaPS<\/title>\n<meta name=\"description\" content=\"Vi kan diabetes och har det i v\u00e5r n\u00e4rhet dagligen. Vi hoppas att forskningen finner ett bot mot diabetes en dag och str\u00e4var \u00e5t att hj\u00e4lpa till genom bidrag.\" \/>\n<meta name=\"robots\" content=\"index, follow, max-snippet:-1, max-image-preview:large, max-video-preview:-1\" \/>\n<link rel=\"canonical\" href=\"https:\/\/annaps.com\/sv\/om-annaps\/vilka-aer-vi\/styrelsen\/\" \/>\n<meta property=\"og:locale\" content=\"sv_SE\" \/>\n<meta property=\"og:type\" content=\"article\" \/>\n<meta property=\"og:title\" content=\"Styrelsen - vi str\u00e4var efter ett enklare diabetesliv | AnnaPS\" \/>\n<meta property=\"og:description\" content=\"Vi kan diabetes och har det i v\u00e5r n\u00e4rhet dagligen. Vi hoppas att forskningen finner ett bot mot diabetes en dag och str\u00e4var \u00e5t att hj\u00e4lpa till genom bidrag.\" \/>\n<meta property=\"og:url\" content=\"https:\/\/annaps.com\/sv\/om-annaps\/vilka-aer-vi\/styrelsen\/\" \/>\n<meta property=\"og:site_name\" content=\"AnnaPS\" \/>\n<meta property=\"article:publisher\" content=\"https:\/\/www.facebook.com\/annaps.scandinavia\/\" \/>\n<meta property=\"article:modified_time\" content=\"2018-09-19T10:44:12+00:00\" \/>\n<meta name=\"twitter:card\" content=\"summary_large_image\" \/>\n<meta name=\"twitter:label1\" content=\"Ber\u00e4knad l\u00e4stid\" \/>\n\t<meta name=\"twitter:data1\" content=\"1 minut\" \/>\n<script type=\"application\/ld+json\" class=\"yoast-schema-graph\">{\"@context\":\"https:\/\/schema.org\",\"@graph\":[{\"@type\":\"WebPage\",\"@id\":\"https:\/\/annaps.com\/sv\/om-annaps\/vilka-aer-vi\/styrelsen\/\",\"url\":\"https:\/\/annaps.com\/sv\/om-annaps\/vilka-aer-vi\/styrelsen\/\",\"name\":\"Styrelsen - vi str\u00e4var efter ett enklare diabetesliv | AnnaPS\",\"isPartOf\":{\"@id\":\"https:\/\/annaps.com\/de\/#website\"},\"datePublished\":\"2016-01-07T09:23:04+00:00\",\"dateModified\":\"2018-09-19T10:44:12+00:00\",\"description\":\"Vi kan diabetes och har det i v\u00e5r n\u00e4rhet dagligen. Vi hoppas att forskningen finner ett bot mot diabetes en dag och str\u00e4var \u00e5t att hj\u00e4lpa till genom bidrag.\",\"breadcrumb\":{\"@id\":\"https:\/\/annaps.com\/sv\/om-annaps\/vilka-aer-vi\/styrelsen\/#breadcrumb\"},\"inLanguage\":\"sv-SE\",\"potentialAction\":[{\"@type\":\"ReadAction\",\"target\":[\"https:\/\/annaps.com\/sv\/om-annaps\/vilka-aer-vi\/styrelsen\/\"]}]},{\"@type\":\"BreadcrumbList\",\"@id\":\"https:\/\/annaps.com\/sv\/om-annaps\/vilka-aer-vi\/styrelsen\/#breadcrumb\",\"itemListElement\":[{\"@type\":\"ListItem\",\"position\":1,\"name\":\"Hem\",\"item\":\"https:\/\/annaps.com\/sv\/\"},{\"@type\":\"ListItem\",\"position\":2,\"name\":\"Om AnnaPS\",\"item\":\"https:\/\/annaps.com\/sv\/om-annaps\/\"},{\"@type\":\"ListItem\",\"position\":3,\"name\":\"Vilka \u00e4r vi?\",\"item\":\"https:\/\/annaps.com\/sv\/om-annaps\/vilka-aer-vi\/\"},{\"@type\":\"ListItem\",\"position\":4,\"name\":\"Styrelsen\"}]},{\"@type\":\"WebSite\",\"@id\":\"https:\/\/annaps.com\/de\/#website\",\"url\":\"https:\/\/annaps.com\/de\/\",\"name\":\"AnnaPS\",\"description\":\"Det skall vara enkelt att b\u00e4ra!\",\"potentialAction\":[{\"@type\":\"SearchAction\",\"target\":{\"@type\":\"EntryPoint\",\"urlTemplate\":\"https:\/\/annaps.com\/de\/?s={search_term_string}\"},\"query-input\":{\"@type\":\"PropertyValueSpecification\",\"valueRequired\":true,\"valueName\":\"search_term_string\"}}],\"inLanguage\":\"sv-SE\"}]}<\/script>\n<!-- \/ Yoast SEO plugin. -->","yoast_head_json":{"title":"Styrelsen - vi str\u00e4var efter ett enklare diabetesliv | AnnaPS","description":"Vi kan diabetes och har det i v\u00e5r n\u00e4rhet dagligen. Vi hoppas att forskningen finner ett bot mot diabetes en dag och str\u00e4var \u00e5t att hj\u00e4lpa till genom bidrag.","robots":{"index":"index","follow":"follow","max-snippet":"max-snippet:-1","max-image-preview":"max-image-preview:large","max-video-preview":"max-video-preview:-1"},"canonical":"https:\/\/annaps.com\/sv\/om-annaps\/vilka-aer-vi\/styrelsen\/","og_locale":"sv_SE","og_type":"article","og_title":"Styrelsen - vi str\u00e4var efter ett enklare diabetesliv | AnnaPS","og_description":"Vi kan diabetes och har det i v\u00e5r n\u00e4rhet dagligen. Vi hoppas att forskningen finner ett bot mot diabetes en dag och str\u00e4var \u00e5t att hj\u00e4lpa till genom bidrag.","og_url":"https:\/\/annaps.com\/sv\/om-annaps\/vilka-aer-vi\/styrelsen\/","og_site_name":"AnnaPS","article_publisher":"https:\/\/www.facebook.com\/annaps.scandinavia\/","article_modified_time":"2018-09-19T10:44:12+00:00","twitter_card":"summary_large_image","twitter_misc":{"Ber\u00e4knad l\u00e4stid":"1 minut"},"schema":{"@context":"https:\/\/schema.org","@graph":[{"@type":"WebPage","@id":"https:\/\/annaps.com\/sv\/om-annaps\/vilka-aer-vi\/styrelsen\/","url":"https:\/\/annaps.com\/sv\/om-annaps\/vilka-aer-vi\/styrelsen\/","name":"Styrelsen - vi str\u00e4var efter ett enklare diabetesliv | AnnaPS","isPartOf":{"@id":"https:\/\/annaps.com\/de\/#website"},"datePublished":"2016-01-07T09:23:04+00:00","dateModified":"2018-09-19T10:44:12+00:00","description":"Vi kan diabetes och har det i v\u00e5r n\u00e4rhet dagligen. Vi hoppas att forskningen finner ett bot mot diabetes en dag och str\u00e4var \u00e5t att hj\u00e4lpa till genom bidrag.","breadcrumb":{"@id":"https:\/\/annaps.com\/sv\/om-annaps\/vilka-aer-vi\/styrelsen\/#breadcrumb"},"inLanguage":"sv-SE","potentialAction":[{"@type":"ReadAction","target":["https:\/\/annaps.com\/sv\/om-annaps\/vilka-aer-vi\/styrelsen\/"]}]},{"@type":"BreadcrumbList","@id":"https:\/\/annaps.com\/sv\/om-annaps\/vilka-aer-vi\/styrelsen\/#breadcrumb","itemListElement":[{"@type":"ListItem","position":1,"name":"Hem","item":"https:\/\/annaps.com\/sv\/"},{"@type":"ListItem","position":2,"name":"Om AnnaPS","item":"https:\/\/annaps.com\/sv\/om-annaps\/"},{"@type":"ListItem","position":3,"name":"Vilka \u00e4r vi?","item":"https:\/\/annaps.com\/sv\/om-annaps\/vilka-aer-vi\/"},{"@type":"ListItem","position":4,"name":"Styrelsen"}]},{"@type":"WebSite","@id":"https:\/\/annaps.com\/de\/#website","url":"https:\/\/annaps.com\/de\/","name":"AnnaPS","description":"Det skall vara enkelt att b\u00e4ra!","potentialAction":[{"@type":"SearchAction","target":{"@type":"EntryPoint","urlTemplate":"https:\/\/annaps.com\/de\/?s={search_term_string}"},"query-input":{"@type":"PropertyValueSpecification","valueRequired":true,"valueName":"search_term_string"}}],"inLanguage":"sv-SE"}]}},"_links":{"self":[{"href":"https:\/\/annaps.com\/sv\/wp-json\/wp\/v2\/pages\/257","targetHints":{"allow":["GET"]}}],"collection":[{"href":"https:\/\/annaps.com\/sv\/wp-json\/wp\/v2\/pages"}],"about":[{"href":"https:\/\/annaps.com\/sv\/wp-json\/wp\/v2\/types\/page"}],"author":[{"embeddable":true,"href":"https:\/\/annaps.com\/sv\/wp-json\/wp\/v2\/users\/1"}],"replies":[{"embeddable":true,"href":"https:\/\/annaps.com\/sv\/wp-json\/wp\/v2\/comments?post=257"}],"version-history":[{"count":5,"href":"https:\/\/annaps.com\/sv\/wp-json\/wp\/v2\/pages\/257\/revisions"}],"predecessor-version":[{"id":30449,"href":"https:\/\/annaps.com\/sv\/wp-json\/wp\/v2\/pages\/257\/revisions\/30449"}],"up":[{"embeddable":true,"href":"https:\/\/annaps.com\/sv\/wp-json\/wp\/v2\/pages\/247"}],"wp:attachment":[{"href":"https:\/\/annaps.com\/sv\/wp-json\/wp\/v2\/media?parent=257"}],"curies":[{"name":"wp","href":"https:\/\/api.w.org\/{rel}","templated":true}]}}