{"id":2508,"date":"2016-01-11T14:09:22","date_gmt":"2016-01-11T14:09:22","guid":{"rendered":"https:\/\/www.annaps.com\/?page_id=2508"},"modified":"2016-03-09T19:17:17","modified_gmt":"2016-03-09T19:17:17","slug":"resa-med-insulinpump","status":"publish","type":"page","link":"https:\/\/annaps.com\/sv\/resa-med-insulinpump\/","title":{"rendered":"Resa med insulinpump"},"content":{"rendered":"<p><span style=\"font-weight: 400;\"> Att resa kan vara ganska omst\u00e4ndigt f\u00f6r en diabetiker, men du kan g\u00f6ra det lite enklare genom att anv\u00e4nda fickorna p\u00e5 AnnaPS-produkterna. I securityn \u00e4r det l\u00e4tt att n\u00e5 och visa upp insulinpumpen, och du kan \u00e4ven b\u00e4ra med dig pass, pengar eller andra v\u00e4rdesaker i fickorna. L\u00e4mna pumpv\u00e4skan hemma, och b\u00e4r ist\u00e4llet din insulinpump i kl\u00e4der med fickor!<\/span><\/p>\n","protected":false},"excerpt":{"rendered":"<p>Att resa kan vara ganska omst\u00e4ndigt f\u00f6r en diabetiker, men du kan g\u00f6ra det lite enklare genom att anv\u00e4nda fickorna p\u00e5 AnnaPS-produkterna. I securityn \u00e4r det l\u00e4tt att n\u00e5 och visa upp insulinpumpen, och du kan \u00e4ven b\u00e4ra med dig pass, pengar eller andra v\u00e4rdesaker i fickorna. L\u00e4mna pumpv\u00e4skan hemma, och b\u00e4r ist\u00e4llet din insulinpump [&hellip;]<\/p>\n","protected":false},"author":1,"featured_media":0,"parent":0,"menu_order":87,"comment_status":"closed","ping_status":"closed","template":"","meta":{"_acf_changed":false,"footnotes":""},"class_list":["post-2508","page","type-page","status-publish","hentry"],"acf":[],"yoast_head":"<!-- This site is optimized with the Yoast SEO plugin v27.1.1 - https:\/\/yoast.com\/product\/yoast-seo-wordpress\/ -->\n<title>Resa med insulinpump - AnnaPs<\/title>\n<meta name=\"description\" content=\"Upplever du att det \u00e4r omst\u00e4ndigt att resa f\u00f6r dig med diabetes? AnnaPs-produkter g\u00f6r det enklare f\u00f6r dig att resa med insulinpump. L\u00e4mna pumpv\u00e4skan hemma.\" \/>\n<meta name=\"robots\" content=\"index, follow, max-snippet:-1, max-image-preview:large, max-video-preview:-1\" \/>\n<link rel=\"canonical\" href=\"https:\/\/annaps.com\/sv\/resa-med-insulinpump\/\" \/>\n<meta property=\"og:locale\" content=\"sv_SE\" \/>\n<meta property=\"og:type\" content=\"article\" \/>\n<meta property=\"og:title\" content=\"Resa med insulinpump - AnnaPs\" \/>\n<meta property=\"og:description\" content=\"Upplever du att det \u00e4r omst\u00e4ndigt att resa f\u00f6r dig med diabetes? AnnaPs-produkter g\u00f6r det enklare f\u00f6r dig att resa med insulinpump. L\u00e4mna pumpv\u00e4skan hemma.\" \/>\n<meta property=\"og:url\" content=\"https:\/\/annaps.com\/sv\/resa-med-insulinpump\/\" \/>\n<meta property=\"og:site_name\" content=\"AnnaPS\" \/>\n<meta property=\"article:publisher\" content=\"https:\/\/www.facebook.com\/annaps.scandinavia\/\" \/>\n<meta property=\"article:modified_time\" content=\"2016-03-09T19:17:17+00:00\" \/>\n<meta name=\"twitter:card\" content=\"summary_large_image\" \/>\n<script type=\"application\/ld+json\" class=\"yoast-schema-graph\">{\"@context\":\"https:\/\/schema.org\",\"@graph\":[{\"@type\":\"WebPage\",\"@id\":\"https:\/\/annaps.com\/sv\/resa-med-insulinpump\/\",\"url\":\"https:\/\/annaps.com\/sv\/resa-med-insulinpump\/\",\"name\":\"Resa med insulinpump - AnnaPs\",\"isPartOf\":{\"@id\":\"https:\/\/annaps.com\/de\/#website\"},\"datePublished\":\"2016-01-11T14:09:22+00:00\",\"dateModified\":\"2016-03-09T19:17:17+00:00\",\"description\":\"Upplever du att det \u00e4r omst\u00e4ndigt att resa f\u00f6r dig med diabetes? AnnaPs-produkter g\u00f6r det enklare f\u00f6r dig att resa med insulinpump. L\u00e4mna pumpv\u00e4skan hemma.\",\"breadcrumb\":{\"@id\":\"https:\/\/annaps.com\/sv\/resa-med-insulinpump\/#breadcrumb\"},\"inLanguage\":\"sv-SE\",\"potentialAction\":[{\"@type\":\"ReadAction\",\"target\":[\"https:\/\/annaps.com\/sv\/resa-med-insulinpump\/\"]}]},{\"@type\":\"BreadcrumbList\",\"@id\":\"https:\/\/annaps.com\/sv\/resa-med-insulinpump\/#breadcrumb\",\"itemListElement\":[{\"@type\":\"ListItem\",\"position\":1,\"name\":\"Hem\",\"item\":\"https:\/\/annaps.com\/sv\/\"},{\"@type\":\"ListItem\",\"position\":2,\"name\":\"Resa med insulinpump\"}]},{\"@type\":\"WebSite\",\"@id\":\"https:\/\/annaps.com\/de\/#website\",\"url\":\"https:\/\/annaps.com\/de\/\",\"name\":\"AnnaPS\",\"description\":\"Det skall vara enkelt att b\u00e4ra!\",\"potentialAction\":[{\"@type\":\"SearchAction\",\"target\":{\"@type\":\"EntryPoint\",\"urlTemplate\":\"https:\/\/annaps.com\/de\/?s={search_term_string}\"},\"query-input\":{\"@type\":\"PropertyValueSpecification\",\"valueRequired\":true,\"valueName\":\"search_term_string\"}}],\"inLanguage\":\"sv-SE\"}]}<\/script>\n<!-- \/ Yoast SEO plugin. -->","yoast_head_json":{"title":"Resa med insulinpump - AnnaPs","description":"Upplever du att det \u00e4r omst\u00e4ndigt att resa f\u00f6r dig med diabetes? AnnaPs-produkter g\u00f6r det enklare f\u00f6r dig att resa med insulinpump. L\u00e4mna pumpv\u00e4skan hemma.","robots":{"index":"index","follow":"follow","max-snippet":"max-snippet:-1","max-image-preview":"max-image-preview:large","max-video-preview":"max-video-preview:-1"},"canonical":"https:\/\/annaps.com\/sv\/resa-med-insulinpump\/","og_locale":"sv_SE","og_type":"article","og_title":"Resa med insulinpump - AnnaPs","og_description":"Upplever du att det \u00e4r omst\u00e4ndigt att resa f\u00f6r dig med diabetes? AnnaPs-produkter g\u00f6r det enklare f\u00f6r dig att resa med insulinpump. L\u00e4mna pumpv\u00e4skan hemma.","og_url":"https:\/\/annaps.com\/sv\/resa-med-insulinpump\/","og_site_name":"AnnaPS","article_publisher":"https:\/\/www.facebook.com\/annaps.scandinavia\/","article_modified_time":"2016-03-09T19:17:17+00:00","twitter_card":"summary_large_image","schema":{"@context":"https:\/\/schema.org","@graph":[{"@type":"WebPage","@id":"https:\/\/annaps.com\/sv\/resa-med-insulinpump\/","url":"https:\/\/annaps.com\/sv\/resa-med-insulinpump\/","name":"Resa med insulinpump - AnnaPs","isPartOf":{"@id":"https:\/\/annaps.com\/de\/#website"},"datePublished":"2016-01-11T14:09:22+00:00","dateModified":"2016-03-09T19:17:17+00:00","description":"Upplever du att det \u00e4r omst\u00e4ndigt att resa f\u00f6r dig med diabetes? AnnaPs-produkter g\u00f6r det enklare f\u00f6r dig att resa med insulinpump. L\u00e4mna pumpv\u00e4skan hemma.","breadcrumb":{"@id":"https:\/\/annaps.com\/sv\/resa-med-insulinpump\/#breadcrumb"},"inLanguage":"sv-SE","potentialAction":[{"@type":"ReadAction","target":["https:\/\/annaps.com\/sv\/resa-med-insulinpump\/"]}]},{"@type":"BreadcrumbList","@id":"https:\/\/annaps.com\/sv\/resa-med-insulinpump\/#breadcrumb","itemListElement":[{"@type":"ListItem","position":1,"name":"Hem","item":"https:\/\/annaps.com\/sv\/"},{"@type":"ListItem","position":2,"name":"Resa med insulinpump"}]},{"@type":"WebSite","@id":"https:\/\/annaps.com\/de\/#website","url":"https:\/\/annaps.com\/de\/","name":"AnnaPS","description":"Det skall vara enkelt att b\u00e4ra!","potentialAction":[{"@type":"SearchAction","target":{"@type":"EntryPoint","urlTemplate":"https:\/\/annaps.com\/de\/?s={search_term_string}"},"query-input":{"@type":"PropertyValueSpecification","valueRequired":true,"valueName":"search_term_string"}}],"inLanguage":"sv-SE"}]}},"_links":{"self":[{"href":"https:\/\/annaps.com\/sv\/wp-json\/wp\/v2\/pages\/2508","targetHints":{"allow":["GET"]}}],"collection":[{"href":"https:\/\/annaps.com\/sv\/wp-json\/wp\/v2\/pages"}],"about":[{"href":"https:\/\/annaps.com\/sv\/wp-json\/wp\/v2\/types\/page"}],"author":[{"embeddable":true,"href":"https:\/\/annaps.com\/sv\/wp-json\/wp\/v2\/users\/1"}],"replies":[{"embeddable":true,"href":"https:\/\/annaps.com\/sv\/wp-json\/wp\/v2\/comments?post=2508"}],"version-history":[{"count":0,"href":"https:\/\/annaps.com\/sv\/wp-json\/wp\/v2\/pages\/2508\/revisions"}],"wp:attachment":[{"href":"https:\/\/annaps.com\/sv\/wp-json\/wp\/v2\/media?parent=2508"}],"curies":[{"name":"wp","href":"https:\/\/api.w.org\/{rel}","templated":true}]}}