{"id":2506,"date":"2016-01-11T14:07:39","date_gmt":"2016-01-11T14:07:39","guid":{"rendered":"https:\/\/www.annaps.com\/?page_id=2506"},"modified":"2016-03-09T19:08:52","modified_gmt":"2016-03-09T19:08:52","slug":"simma-lugnt-eller-skoent-strandhaeng","status":"publish","type":"page","link":"https:\/\/annaps.com\/sv\/simma-lugnt-eller-skoent-strandhaeng\/","title":{"rendered":"Simma lugnt eller sk\u00f6nt strandh\u00e4ng"},"content":{"rendered":"<p><span style=\"font-weight: 400;\">Vi p\u00e5 AnnaPS erbjuder badkl\u00e4der med fickor f\u00f6r dig att b\u00e4ra din insulinpump i, utan diabetesv\u00e4ska, n\u00e4r du ska till stranden. Om du vill bada utan pump, \u00e4r det inget problem; ta bara av dig bad- eller bikinibyxorna (och l\u00e4mna insulinpumpen i fickan, d\u00e4r den \u00e4r skyddad fr\u00e5n sand och annat n\u00e4r du \u00e4r i vattnet). F\u00f6r att klarg\u00f6ra &#8211; du b\u00e4r d\u00e5 ett par andra bad- eller bikinibyxor under AnnaPS-byxorna. N\u00e4r du kommer tillbaka fr\u00e5n simturen s\u00e4tter du p\u00e5 dig AnnaPS-byxorna igen och kopplar i infusionssetet. Har du en vattent\u00e4t pump kan du bada med insulinpumpen i fickan!<\/span><\/p>\n","protected":false},"excerpt":{"rendered":"<p>Vi p\u00e5 AnnaPS erbjuder badkl\u00e4der med fickor f\u00f6r dig att b\u00e4ra din insulinpump i, utan diabetesv\u00e4ska, n\u00e4r du ska till stranden. Om du vill bada utan pump, \u00e4r det inget problem; ta bara av dig bad- eller bikinibyxorna (och l\u00e4mna insulinpumpen i fickan, d\u00e4r den \u00e4r skyddad fr\u00e5n sand och annat n\u00e4r du \u00e4r i [&hellip;]<\/p>\n","protected":false},"author":1,"featured_media":0,"parent":0,"menu_order":98,"comment_status":"closed","ping_status":"closed","template":"","meta":{"_acf_changed":false,"footnotes":""},"class_list":["post-2506","page","type-page","status-publish","hentry"],"acf":[],"yoast_head":"<!-- This site is optimized with the Yoast SEO plugin v27.1.1 - https:\/\/yoast.com\/product\/yoast-seo-wordpress\/ -->\n<title>Simma lugnt med insulinpump - AnnaPs<\/title>\n<meta name=\"description\" content=\"Val av badkl\u00e4der kan vara sv\u00e5rt f\u00f6r dig med diabetes. AnnaPS erbjuder badkl\u00e4der med fickor f\u00f6r dig att b\u00e4ra din insulinpump i, utan diabetesv\u00e4ska.\" \/>\n<meta name=\"robots\" content=\"index, follow, max-snippet:-1, max-image-preview:large, max-video-preview:-1\" \/>\n<link rel=\"canonical\" href=\"https:\/\/annaps.com\/sv\/simma-lugnt-eller-skoent-strandhaeng\/\" \/>\n<meta property=\"og:locale\" content=\"sv_SE\" \/>\n<meta property=\"og:type\" content=\"article\" \/>\n<meta property=\"og:title\" content=\"Simma lugnt med insulinpump - AnnaPs\" \/>\n<meta property=\"og:description\" content=\"Val av badkl\u00e4der kan vara sv\u00e5rt f\u00f6r dig med diabetes. AnnaPS erbjuder badkl\u00e4der med fickor f\u00f6r dig att b\u00e4ra din insulinpump i, utan diabetesv\u00e4ska.\" \/>\n<meta property=\"og:url\" content=\"https:\/\/annaps.com\/sv\/simma-lugnt-eller-skoent-strandhaeng\/\" \/>\n<meta property=\"og:site_name\" content=\"AnnaPS\" \/>\n<meta property=\"article:publisher\" content=\"https:\/\/www.facebook.com\/annaps.scandinavia\/\" \/>\n<meta property=\"article:modified_time\" content=\"2016-03-09T19:08:52+00:00\" \/>\n<meta name=\"twitter:card\" content=\"summary_large_image\" \/>\n<meta name=\"twitter:label1\" content=\"Ber\u00e4knad l\u00e4stid\" \/>\n\t<meta name=\"twitter:data1\" content=\"1 minut\" \/>\n<script type=\"application\/ld+json\" class=\"yoast-schema-graph\">{\"@context\":\"https:\/\/schema.org\",\"@graph\":[{\"@type\":\"WebPage\",\"@id\":\"https:\/\/annaps.com\/sv\/simma-lugnt-eller-skoent-strandhaeng\/\",\"url\":\"https:\/\/annaps.com\/sv\/simma-lugnt-eller-skoent-strandhaeng\/\",\"name\":\"Simma lugnt med insulinpump - AnnaPs\",\"isPartOf\":{\"@id\":\"https:\/\/annaps.com\/de\/#website\"},\"datePublished\":\"2016-01-11T14:07:39+00:00\",\"dateModified\":\"2016-03-09T19:08:52+00:00\",\"description\":\"Val av badkl\u00e4der kan vara sv\u00e5rt f\u00f6r dig med diabetes. AnnaPS erbjuder badkl\u00e4der med fickor f\u00f6r dig att b\u00e4ra din insulinpump i, utan diabetesv\u00e4ska.\",\"breadcrumb\":{\"@id\":\"https:\/\/annaps.com\/sv\/simma-lugnt-eller-skoent-strandhaeng\/#breadcrumb\"},\"inLanguage\":\"sv-SE\",\"potentialAction\":[{\"@type\":\"ReadAction\",\"target\":[\"https:\/\/annaps.com\/sv\/simma-lugnt-eller-skoent-strandhaeng\/\"]}]},{\"@type\":\"BreadcrumbList\",\"@id\":\"https:\/\/annaps.com\/sv\/simma-lugnt-eller-skoent-strandhaeng\/#breadcrumb\",\"itemListElement\":[{\"@type\":\"ListItem\",\"position\":1,\"name\":\"Hem\",\"item\":\"https:\/\/annaps.com\/sv\/\"},{\"@type\":\"ListItem\",\"position\":2,\"name\":\"Simma lugnt eller sk\u00f6nt strandh\u00e4ng\"}]},{\"@type\":\"WebSite\",\"@id\":\"https:\/\/annaps.com\/de\/#website\",\"url\":\"https:\/\/annaps.com\/de\/\",\"name\":\"AnnaPS\",\"description\":\"Det skall vara enkelt att b\u00e4ra!\",\"potentialAction\":[{\"@type\":\"SearchAction\",\"target\":{\"@type\":\"EntryPoint\",\"urlTemplate\":\"https:\/\/annaps.com\/de\/?s={search_term_string}\"},\"query-input\":{\"@type\":\"PropertyValueSpecification\",\"valueRequired\":true,\"valueName\":\"search_term_string\"}}],\"inLanguage\":\"sv-SE\"}]}<\/script>\n<!-- \/ Yoast SEO plugin. -->","yoast_head_json":{"title":"Simma lugnt med insulinpump - AnnaPs","description":"Val av badkl\u00e4der kan vara sv\u00e5rt f\u00f6r dig med diabetes. AnnaPS erbjuder badkl\u00e4der med fickor f\u00f6r dig att b\u00e4ra din insulinpump i, utan diabetesv\u00e4ska.","robots":{"index":"index","follow":"follow","max-snippet":"max-snippet:-1","max-image-preview":"max-image-preview:large","max-video-preview":"max-video-preview:-1"},"canonical":"https:\/\/annaps.com\/sv\/simma-lugnt-eller-skoent-strandhaeng\/","og_locale":"sv_SE","og_type":"article","og_title":"Simma lugnt med insulinpump - AnnaPs","og_description":"Val av badkl\u00e4der kan vara sv\u00e5rt f\u00f6r dig med diabetes. AnnaPS erbjuder badkl\u00e4der med fickor f\u00f6r dig att b\u00e4ra din insulinpump i, utan diabetesv\u00e4ska.","og_url":"https:\/\/annaps.com\/sv\/simma-lugnt-eller-skoent-strandhaeng\/","og_site_name":"AnnaPS","article_publisher":"https:\/\/www.facebook.com\/annaps.scandinavia\/","article_modified_time":"2016-03-09T19:08:52+00:00","twitter_card":"summary_large_image","twitter_misc":{"Ber\u00e4knad l\u00e4stid":"1 minut"},"schema":{"@context":"https:\/\/schema.org","@graph":[{"@type":"WebPage","@id":"https:\/\/annaps.com\/sv\/simma-lugnt-eller-skoent-strandhaeng\/","url":"https:\/\/annaps.com\/sv\/simma-lugnt-eller-skoent-strandhaeng\/","name":"Simma lugnt med insulinpump - AnnaPs","isPartOf":{"@id":"https:\/\/annaps.com\/de\/#website"},"datePublished":"2016-01-11T14:07:39+00:00","dateModified":"2016-03-09T19:08:52+00:00","description":"Val av badkl\u00e4der kan vara sv\u00e5rt f\u00f6r dig med diabetes. AnnaPS erbjuder badkl\u00e4der med fickor f\u00f6r dig att b\u00e4ra din insulinpump i, utan diabetesv\u00e4ska.","breadcrumb":{"@id":"https:\/\/annaps.com\/sv\/simma-lugnt-eller-skoent-strandhaeng\/#breadcrumb"},"inLanguage":"sv-SE","potentialAction":[{"@type":"ReadAction","target":["https:\/\/annaps.com\/sv\/simma-lugnt-eller-skoent-strandhaeng\/"]}]},{"@type":"BreadcrumbList","@id":"https:\/\/annaps.com\/sv\/simma-lugnt-eller-skoent-strandhaeng\/#breadcrumb","itemListElement":[{"@type":"ListItem","position":1,"name":"Hem","item":"https:\/\/annaps.com\/sv\/"},{"@type":"ListItem","position":2,"name":"Simma lugnt eller sk\u00f6nt strandh\u00e4ng"}]},{"@type":"WebSite","@id":"https:\/\/annaps.com\/de\/#website","url":"https:\/\/annaps.com\/de\/","name":"AnnaPS","description":"Det skall vara enkelt att b\u00e4ra!","potentialAction":[{"@type":"SearchAction","target":{"@type":"EntryPoint","urlTemplate":"https:\/\/annaps.com\/de\/?s={search_term_string}"},"query-input":{"@type":"PropertyValueSpecification","valueRequired":true,"valueName":"search_term_string"}}],"inLanguage":"sv-SE"}]}},"_links":{"self":[{"href":"https:\/\/annaps.com\/sv\/wp-json\/wp\/v2\/pages\/2506","targetHints":{"allow":["GET"]}}],"collection":[{"href":"https:\/\/annaps.com\/sv\/wp-json\/wp\/v2\/pages"}],"about":[{"href":"https:\/\/annaps.com\/sv\/wp-json\/wp\/v2\/types\/page"}],"author":[{"embeddable":true,"href":"https:\/\/annaps.com\/sv\/wp-json\/wp\/v2\/users\/1"}],"replies":[{"embeddable":true,"href":"https:\/\/annaps.com\/sv\/wp-json\/wp\/v2\/comments?post=2506"}],"version-history":[{"count":0,"href":"https:\/\/annaps.com\/sv\/wp-json\/wp\/v2\/pages\/2506\/revisions"}],"wp:attachment":[{"href":"https:\/\/annaps.com\/sv\/wp-json\/wp\/v2\/media?parent=2506"}],"curies":[{"name":"wp","href":"https:\/\/api.w.org\/{rel}","templated":true}]}}