{"id":2504,"date":"2016-01-11T14:06:57","date_gmt":"2016-01-11T14:06:57","guid":{"rendered":"https:\/\/www.annaps.com\/?page_id=2504"},"modified":"2017-02-08T12:09:10","modified_gmt":"2017-02-08T11:09:10","slug":"skydd-fraan-kylan","status":"publish","type":"page","link":"https:\/\/annaps.com\/sv\/skydd-fraan-kylan\/","title":{"rendered":"Skydd fr\u00e5n kylan"},"content":{"rendered":"<p><span style=\"font-weight: 400;\">Att skydda ditt insulin fr\u00e5n kyla \u00e4r viktigt. M\u00e5nga diabetiker (\u00e5tminstone i Skandinaviska v\u00e4derf\u00f6rh\u00e5llanden!) har upplevt en blodsockerm\u00e4taresom inte fungerar p\u00e5 grund av f\u00f6r l\u00e5g temperatur, till exempel. Den h\u00e4r situationen undviker man l\u00e4tt genom att f\u00f6rvara detta i AnnaPS-fickorna! En del b\u00e4r deras AnnaPS-linne \u00f6ver en underst\u00e4llstr\u00f6ja f\u00f6r att ha snabb tillg\u00e5ng till insulinpump och blodsockerm\u00e4tare under vinterjackan. Men \u00e4ven f\u00f6r\u00e4ldrar till barn med typ 1-diabetes b\u00e4r AnnaPS-produkterna med sitt barns blodsockerm\u00e4tare i f\u00f6r att h\u00e5lla den borta fr\u00e5n kyla.<\/span> <span style=\"font-weight: 400;\">AnnaPS-produkterna har dessutom bestigit Mount Everest med Lena Sturebrand typ1 diabetiker. Lena Sturebrand: \u201c-AnnaPS-kl\u00e4derna var det enda s\u00e4ttet jag kunde skydda mitt insulin n\u00e4r jag besteg Mount Everest. Jag bar allt insulin, min blodsockerm\u00e4tare och insulinpump i AnnaPS kl\u00e4der med fickor!\u201d.<\/span><\/p>\n<p><a href=\"https:\/\/annaps.com\/wordpress\/tips-infoer-skidaakning-och-kallt-vaeder\/\">L\u00e4s mer detaljerade tips h\u00e4r.<\/a><\/p>\n","protected":false},"excerpt":{"rendered":"<p>Att skydda ditt insulin fr\u00e5n kyla \u00e4r viktigt. M\u00e5nga diabetiker (\u00e5tminstone i Skandinaviska v\u00e4derf\u00f6rh\u00e5llanden!) har upplevt en blodsockerm\u00e4taresom inte fungerar p\u00e5 grund av f\u00f6r l\u00e5g temperatur, till exempel. Den h\u00e4r situationen undviker man l\u00e4tt genom att f\u00f6rvara detta i AnnaPS-fickorna! En del b\u00e4r deras AnnaPS-linne \u00f6ver en underst\u00e4llstr\u00f6ja f\u00f6r att ha snabb tillg\u00e5ng till insulinpump [&hellip;]<\/p>\n","protected":false},"author":1,"featured_media":0,"parent":0,"menu_order":106,"comment_status":"closed","ping_status":"closed","template":"","meta":{"_acf_changed":false,"footnotes":""},"class_list":["post-2504","page","type-page","status-publish","hentry"],"acf":[],"yoast_head":"<!-- This site is optimized with the Yoast SEO plugin v27.1.1 - https:\/\/yoast.com\/product\/yoast-seo-wordpress\/ -->\n<title>Skydda ditt insulin fr\u00e5n kylan - AnnaPs<\/title>\n<meta name=\"description\" content=\"Att skydda ditt insulin fr\u00e5n kylan \u00e4r viktigt men kan vara v\u00e4ldigt sv\u00e5rt f\u00f6r dig som har diabetes. Med AnnaPs-fickorn undviker du denna situation.\" \/>\n<meta name=\"robots\" content=\"index, follow, max-snippet:-1, max-image-preview:large, max-video-preview:-1\" \/>\n<link rel=\"canonical\" href=\"https:\/\/annaps.com\/sv\/skydd-fraan-kylan\/\" \/>\n<meta property=\"og:locale\" content=\"sv_SE\" \/>\n<meta property=\"og:type\" content=\"article\" \/>\n<meta property=\"og:title\" content=\"Skydda ditt insulin fr\u00e5n kylan - AnnaPs\" \/>\n<meta property=\"og:description\" content=\"Att skydda ditt insulin fr\u00e5n kylan \u00e4r viktigt men kan vara v\u00e4ldigt sv\u00e5rt f\u00f6r dig som har diabetes. Med AnnaPs-fickorn undviker du denna situation.\" \/>\n<meta property=\"og:url\" content=\"https:\/\/annaps.com\/sv\/skydd-fraan-kylan\/\" \/>\n<meta property=\"og:site_name\" content=\"AnnaPS\" \/>\n<meta property=\"article:publisher\" content=\"https:\/\/www.facebook.com\/annaps.scandinavia\/\" \/>\n<meta property=\"article:modified_time\" content=\"2017-02-08T11:09:10+00:00\" \/>\n<meta name=\"twitter:card\" content=\"summary_large_image\" \/>\n<meta name=\"twitter:label1\" content=\"Ber\u00e4knad l\u00e4stid\" \/>\n\t<meta name=\"twitter:data1\" content=\"1 minut\" \/>\n<script type=\"application\/ld+json\" class=\"yoast-schema-graph\">{\"@context\":\"https:\/\/schema.org\",\"@graph\":[{\"@type\":\"WebPage\",\"@id\":\"https:\/\/annaps.com\/sv\/skydd-fraan-kylan\/\",\"url\":\"https:\/\/annaps.com\/sv\/skydd-fraan-kylan\/\",\"name\":\"Skydda ditt insulin fr\u00e5n kylan - AnnaPs\",\"isPartOf\":{\"@id\":\"https:\/\/annaps.com\/de\/#website\"},\"datePublished\":\"2016-01-11T14:06:57+00:00\",\"dateModified\":\"2017-02-08T11:09:10+00:00\",\"description\":\"Att skydda ditt insulin fr\u00e5n kylan \u00e4r viktigt men kan vara v\u00e4ldigt sv\u00e5rt f\u00f6r dig som har diabetes. Med AnnaPs-fickorn undviker du denna situation.\",\"breadcrumb\":{\"@id\":\"https:\/\/annaps.com\/sv\/skydd-fraan-kylan\/#breadcrumb\"},\"inLanguage\":\"sv-SE\",\"potentialAction\":[{\"@type\":\"ReadAction\",\"target\":[\"https:\/\/annaps.com\/sv\/skydd-fraan-kylan\/\"]}]},{\"@type\":\"BreadcrumbList\",\"@id\":\"https:\/\/annaps.com\/sv\/skydd-fraan-kylan\/#breadcrumb\",\"itemListElement\":[{\"@type\":\"ListItem\",\"position\":1,\"name\":\"Hem\",\"item\":\"https:\/\/annaps.com\/sv\/\"},{\"@type\":\"ListItem\",\"position\":2,\"name\":\"Skydd fr\u00e5n kylan\"}]},{\"@type\":\"WebSite\",\"@id\":\"https:\/\/annaps.com\/de\/#website\",\"url\":\"https:\/\/annaps.com\/de\/\",\"name\":\"AnnaPS\",\"description\":\"Det skall vara enkelt att b\u00e4ra!\",\"potentialAction\":[{\"@type\":\"SearchAction\",\"target\":{\"@type\":\"EntryPoint\",\"urlTemplate\":\"https:\/\/annaps.com\/de\/?s={search_term_string}\"},\"query-input\":{\"@type\":\"PropertyValueSpecification\",\"valueRequired\":true,\"valueName\":\"search_term_string\"}}],\"inLanguage\":\"sv-SE\"}]}<\/script>\n<!-- \/ Yoast SEO plugin. -->","yoast_head_json":{"title":"Skydda ditt insulin fr\u00e5n kylan - AnnaPs","description":"Att skydda ditt insulin fr\u00e5n kylan \u00e4r viktigt men kan vara v\u00e4ldigt sv\u00e5rt f\u00f6r dig som har diabetes. Med AnnaPs-fickorn undviker du denna situation.","robots":{"index":"index","follow":"follow","max-snippet":"max-snippet:-1","max-image-preview":"max-image-preview:large","max-video-preview":"max-video-preview:-1"},"canonical":"https:\/\/annaps.com\/sv\/skydd-fraan-kylan\/","og_locale":"sv_SE","og_type":"article","og_title":"Skydda ditt insulin fr\u00e5n kylan - AnnaPs","og_description":"Att skydda ditt insulin fr\u00e5n kylan \u00e4r viktigt men kan vara v\u00e4ldigt sv\u00e5rt f\u00f6r dig som har diabetes. Med AnnaPs-fickorn undviker du denna situation.","og_url":"https:\/\/annaps.com\/sv\/skydd-fraan-kylan\/","og_site_name":"AnnaPS","article_publisher":"https:\/\/www.facebook.com\/annaps.scandinavia\/","article_modified_time":"2017-02-08T11:09:10+00:00","twitter_card":"summary_large_image","twitter_misc":{"Ber\u00e4knad l\u00e4stid":"1 minut"},"schema":{"@context":"https:\/\/schema.org","@graph":[{"@type":"WebPage","@id":"https:\/\/annaps.com\/sv\/skydd-fraan-kylan\/","url":"https:\/\/annaps.com\/sv\/skydd-fraan-kylan\/","name":"Skydda ditt insulin fr\u00e5n kylan - AnnaPs","isPartOf":{"@id":"https:\/\/annaps.com\/de\/#website"},"datePublished":"2016-01-11T14:06:57+00:00","dateModified":"2017-02-08T11:09:10+00:00","description":"Att skydda ditt insulin fr\u00e5n kylan \u00e4r viktigt men kan vara v\u00e4ldigt sv\u00e5rt f\u00f6r dig som har diabetes. Med AnnaPs-fickorn undviker du denna situation.","breadcrumb":{"@id":"https:\/\/annaps.com\/sv\/skydd-fraan-kylan\/#breadcrumb"},"inLanguage":"sv-SE","potentialAction":[{"@type":"ReadAction","target":["https:\/\/annaps.com\/sv\/skydd-fraan-kylan\/"]}]},{"@type":"BreadcrumbList","@id":"https:\/\/annaps.com\/sv\/skydd-fraan-kylan\/#breadcrumb","itemListElement":[{"@type":"ListItem","position":1,"name":"Hem","item":"https:\/\/annaps.com\/sv\/"},{"@type":"ListItem","position":2,"name":"Skydd fr\u00e5n kylan"}]},{"@type":"WebSite","@id":"https:\/\/annaps.com\/de\/#website","url":"https:\/\/annaps.com\/de\/","name":"AnnaPS","description":"Det skall vara enkelt att b\u00e4ra!","potentialAction":[{"@type":"SearchAction","target":{"@type":"EntryPoint","urlTemplate":"https:\/\/annaps.com\/de\/?s={search_term_string}"},"query-input":{"@type":"PropertyValueSpecification","valueRequired":true,"valueName":"search_term_string"}}],"inLanguage":"sv-SE"}]}},"_links":{"self":[{"href":"https:\/\/annaps.com\/sv\/wp-json\/wp\/v2\/pages\/2504","targetHints":{"allow":["GET"]}}],"collection":[{"href":"https:\/\/annaps.com\/sv\/wp-json\/wp\/v2\/pages"}],"about":[{"href":"https:\/\/annaps.com\/sv\/wp-json\/wp\/v2\/types\/page"}],"author":[{"embeddable":true,"href":"https:\/\/annaps.com\/sv\/wp-json\/wp\/v2\/users\/1"}],"replies":[{"embeddable":true,"href":"https:\/\/annaps.com\/sv\/wp-json\/wp\/v2\/comments?post=2504"}],"version-history":[{"count":0,"href":"https:\/\/annaps.com\/sv\/wp-json\/wp\/v2\/pages\/2504\/revisions"}],"wp:attachment":[{"href":"https:\/\/annaps.com\/sv\/wp-json\/wp\/v2\/media?parent=2504"}],"curies":[{"name":"wp","href":"https:\/\/api.w.org\/{rel}","templated":true}]}}