{"id":2502,"date":"2016-01-11T14:06:16","date_gmt":"2016-01-11T14:06:16","guid":{"rendered":"https:\/\/www.annaps.com\/?page_id=2502"},"modified":"2016-03-09T19:20:54","modified_gmt":"2016-03-09T19:20:54","slug":"paa-krogen","status":"publish","type":"page","link":"https:\/\/annaps.com\/sv\/paa-krogen\/","title":{"rendered":"P\u00e5 krogen"},"content":{"rendered":"<p><span style=\"font-weight: 400;\">B\u00e4r allt du beh\u00f6ver i AnnaPS-kl\u00e4der, och b\u00e4r dina vanliga kl\u00e4der \u00f6ver n\u00e4r du g\u00e5r ut. Eller varf\u00f6r inte ta p\u00e5 dig ett AnnaPS-linne? P\u00e5 det s\u00e4ttet riskerar du inte att gl\u00f6mma n\u00e5got. Gl\u00f6m inte att fickorna inte bara rymmer diabeteshj\u00e4lpmedel &#8211; utan \u00e4ven betalkort, nycklar, mobil och s\u00e5 vidare! Skippa diabetesv\u00e4skan och b\u00e4r med dig allt du beh\u00f6ver i snygga kl\u00e4der fr\u00e5n AnnaPS ist\u00e4llet; s\u00e4kert, bekv\u00e4mt och osynligt!<\/span><\/p>\n","protected":false},"excerpt":{"rendered":"<p>B\u00e4r allt du beh\u00f6ver i AnnaPS-kl\u00e4der, och b\u00e4r dina vanliga kl\u00e4der \u00f6ver n\u00e4r du g\u00e5r ut. Eller varf\u00f6r inte ta p\u00e5 dig ett AnnaPS-linne? P\u00e5 det s\u00e4ttet riskerar du inte att gl\u00f6mma n\u00e5got. Gl\u00f6m inte att fickorna inte bara rymmer diabeteshj\u00e4lpmedel &#8211; utan \u00e4ven betalkort, nycklar, mobil och s\u00e5 vidare! Skippa diabetesv\u00e4skan och b\u00e4r med [&hellip;]<\/p>\n","protected":false},"author":1,"featured_media":0,"parent":0,"menu_order":85,"comment_status":"closed","ping_status":"closed","template":"","meta":{"_acf_changed":false,"footnotes":""},"class_list":["post-2502","page","type-page","status-publish","hentry"],"acf":[],"yoast_head":"<!-- This site is optimized with the Yoast SEO plugin v27.1.1 - https:\/\/yoast.com\/product\/yoast-seo-wordpress\/ -->\n<title>Diabetiker p\u00e5 krogen - AnnaPs<\/title>\n<meta name=\"description\" content=\"B\u00e4r allt du beh\u00f6ver i AnnaPS-kl\u00e4der, och b\u00e4r dina vanliga kl\u00e4der \u00f6ver n\u00e4r du g\u00e5r ut. AnnaPs vill g\u00f6ra det enklare f\u00f6r dig med diabetes att g\u00e5 p\u00e5 krogen.\" \/>\n<meta name=\"robots\" content=\"index, follow, max-snippet:-1, max-image-preview:large, max-video-preview:-1\" \/>\n<link rel=\"canonical\" href=\"https:\/\/annaps.com\/sv\/paa-krogen\/\" \/>\n<meta property=\"og:locale\" content=\"sv_SE\" \/>\n<meta property=\"og:type\" content=\"article\" \/>\n<meta property=\"og:title\" content=\"Diabetiker p\u00e5 krogen - AnnaPs\" \/>\n<meta property=\"og:description\" content=\"B\u00e4r allt du beh\u00f6ver i AnnaPS-kl\u00e4der, och b\u00e4r dina vanliga kl\u00e4der \u00f6ver n\u00e4r du g\u00e5r ut. AnnaPs vill g\u00f6ra det enklare f\u00f6r dig med diabetes att g\u00e5 p\u00e5 krogen.\" \/>\n<meta property=\"og:url\" content=\"https:\/\/annaps.com\/sv\/paa-krogen\/\" \/>\n<meta property=\"og:site_name\" content=\"AnnaPS\" \/>\n<meta property=\"article:publisher\" content=\"https:\/\/www.facebook.com\/annaps.scandinavia\/\" \/>\n<meta property=\"article:modified_time\" content=\"2016-03-09T19:20:54+00:00\" \/>\n<meta name=\"twitter:card\" content=\"summary_large_image\" \/>\n<script type=\"application\/ld+json\" class=\"yoast-schema-graph\">{\"@context\":\"https:\/\/schema.org\",\"@graph\":[{\"@type\":\"WebPage\",\"@id\":\"https:\/\/annaps.com\/sv\/paa-krogen\/\",\"url\":\"https:\/\/annaps.com\/sv\/paa-krogen\/\",\"name\":\"Diabetiker p\u00e5 krogen - AnnaPs\",\"isPartOf\":{\"@id\":\"https:\/\/annaps.com\/de\/#website\"},\"datePublished\":\"2016-01-11T14:06:16+00:00\",\"dateModified\":\"2016-03-09T19:20:54+00:00\",\"description\":\"B\u00e4r allt du beh\u00f6ver i AnnaPS-kl\u00e4der, och b\u00e4r dina vanliga kl\u00e4der \u00f6ver n\u00e4r du g\u00e5r ut. AnnaPs vill g\u00f6ra det enklare f\u00f6r dig med diabetes att g\u00e5 p\u00e5 krogen.\",\"breadcrumb\":{\"@id\":\"https:\/\/annaps.com\/sv\/paa-krogen\/#breadcrumb\"},\"inLanguage\":\"sv-SE\",\"potentialAction\":[{\"@type\":\"ReadAction\",\"target\":[\"https:\/\/annaps.com\/sv\/paa-krogen\/\"]}]},{\"@type\":\"BreadcrumbList\",\"@id\":\"https:\/\/annaps.com\/sv\/paa-krogen\/#breadcrumb\",\"itemListElement\":[{\"@type\":\"ListItem\",\"position\":1,\"name\":\"Hem\",\"item\":\"https:\/\/annaps.com\/sv\/\"},{\"@type\":\"ListItem\",\"position\":2,\"name\":\"P\u00e5 krogen\"}]},{\"@type\":\"WebSite\",\"@id\":\"https:\/\/annaps.com\/de\/#website\",\"url\":\"https:\/\/annaps.com\/de\/\",\"name\":\"AnnaPS\",\"description\":\"Det skall vara enkelt att b\u00e4ra!\",\"potentialAction\":[{\"@type\":\"SearchAction\",\"target\":{\"@type\":\"EntryPoint\",\"urlTemplate\":\"https:\/\/annaps.com\/de\/?s={search_term_string}\"},\"query-input\":{\"@type\":\"PropertyValueSpecification\",\"valueRequired\":true,\"valueName\":\"search_term_string\"}}],\"inLanguage\":\"sv-SE\"}]}<\/script>\n<!-- \/ Yoast SEO plugin. -->","yoast_head_json":{"title":"Diabetiker p\u00e5 krogen - AnnaPs","description":"B\u00e4r allt du beh\u00f6ver i AnnaPS-kl\u00e4der, och b\u00e4r dina vanliga kl\u00e4der \u00f6ver n\u00e4r du g\u00e5r ut. AnnaPs vill g\u00f6ra det enklare f\u00f6r dig med diabetes att g\u00e5 p\u00e5 krogen.","robots":{"index":"index","follow":"follow","max-snippet":"max-snippet:-1","max-image-preview":"max-image-preview:large","max-video-preview":"max-video-preview:-1"},"canonical":"https:\/\/annaps.com\/sv\/paa-krogen\/","og_locale":"sv_SE","og_type":"article","og_title":"Diabetiker p\u00e5 krogen - AnnaPs","og_description":"B\u00e4r allt du beh\u00f6ver i AnnaPS-kl\u00e4der, och b\u00e4r dina vanliga kl\u00e4der \u00f6ver n\u00e4r du g\u00e5r ut. AnnaPs vill g\u00f6ra det enklare f\u00f6r dig med diabetes att g\u00e5 p\u00e5 krogen.","og_url":"https:\/\/annaps.com\/sv\/paa-krogen\/","og_site_name":"AnnaPS","article_publisher":"https:\/\/www.facebook.com\/annaps.scandinavia\/","article_modified_time":"2016-03-09T19:20:54+00:00","twitter_card":"summary_large_image","schema":{"@context":"https:\/\/schema.org","@graph":[{"@type":"WebPage","@id":"https:\/\/annaps.com\/sv\/paa-krogen\/","url":"https:\/\/annaps.com\/sv\/paa-krogen\/","name":"Diabetiker p\u00e5 krogen - AnnaPs","isPartOf":{"@id":"https:\/\/annaps.com\/de\/#website"},"datePublished":"2016-01-11T14:06:16+00:00","dateModified":"2016-03-09T19:20:54+00:00","description":"B\u00e4r allt du beh\u00f6ver i AnnaPS-kl\u00e4der, och b\u00e4r dina vanliga kl\u00e4der \u00f6ver n\u00e4r du g\u00e5r ut. AnnaPs vill g\u00f6ra det enklare f\u00f6r dig med diabetes att g\u00e5 p\u00e5 krogen.","breadcrumb":{"@id":"https:\/\/annaps.com\/sv\/paa-krogen\/#breadcrumb"},"inLanguage":"sv-SE","potentialAction":[{"@type":"ReadAction","target":["https:\/\/annaps.com\/sv\/paa-krogen\/"]}]},{"@type":"BreadcrumbList","@id":"https:\/\/annaps.com\/sv\/paa-krogen\/#breadcrumb","itemListElement":[{"@type":"ListItem","position":1,"name":"Hem","item":"https:\/\/annaps.com\/sv\/"},{"@type":"ListItem","position":2,"name":"P\u00e5 krogen"}]},{"@type":"WebSite","@id":"https:\/\/annaps.com\/de\/#website","url":"https:\/\/annaps.com\/de\/","name":"AnnaPS","description":"Det skall vara enkelt att b\u00e4ra!","potentialAction":[{"@type":"SearchAction","target":{"@type":"EntryPoint","urlTemplate":"https:\/\/annaps.com\/de\/?s={search_term_string}"},"query-input":{"@type":"PropertyValueSpecification","valueRequired":true,"valueName":"search_term_string"}}],"inLanguage":"sv-SE"}]}},"_links":{"self":[{"href":"https:\/\/annaps.com\/sv\/wp-json\/wp\/v2\/pages\/2502","targetHints":{"allow":["GET"]}}],"collection":[{"href":"https:\/\/annaps.com\/sv\/wp-json\/wp\/v2\/pages"}],"about":[{"href":"https:\/\/annaps.com\/sv\/wp-json\/wp\/v2\/types\/page"}],"author":[{"embeddable":true,"href":"https:\/\/annaps.com\/sv\/wp-json\/wp\/v2\/users\/1"}],"replies":[{"embeddable":true,"href":"https:\/\/annaps.com\/sv\/wp-json\/wp\/v2\/comments?post=2502"}],"version-history":[{"count":0,"href":"https:\/\/annaps.com\/sv\/wp-json\/wp\/v2\/pages\/2502\/revisions"}],"wp:attachment":[{"href":"https:\/\/annaps.com\/sv\/wp-json\/wp\/v2\/media?parent=2502"}],"curies":[{"name":"wp","href":"https:\/\/api.w.org\/{rel}","templated":true}]}}