{"id":2500,"date":"2016-01-11T14:05:34","date_gmt":"2016-01-11T14:05:34","guid":{"rendered":"https:\/\/www.annaps.com\/?page_id=2500"},"modified":"2016-03-09T19:05:03","modified_gmt":"2016-03-09T19:05:03","slug":"traena","status":"publish","type":"page","link":"https:\/\/annaps.com\/sv\/traena\/","title":{"rendered":"Tr\u00e4na"},"content":{"rendered":"<p><span style=\"font-weight: 400;\">M\u00e5nga diabetiker som \u00e5ker skidor, spelar ishockey, fotboll eller tennis b\u00e4r sina insulinpumpar i AnnaPS-kalsonger eller trosor med ficka. Som v\u00e5r PS-Ambassad\u00f6r (Robin Bryntesson) ofta s\u00e4ger: \u201cJag tr\u00e4nar alltid med pumpen i mina AnnaPS-kalsonger, det \u00e4r det b\u00e4sta tr\u00e4ningsmaterial jag vet!\u201d. Sedan f\u00f6retagets start har AnnaPS-kl\u00e4derna deltagit i ett flertal maraton och andra t\u00e4vlingar.<\/span><\/p>\n","protected":false},"excerpt":{"rendered":"<p>M\u00e5nga diabetiker som \u00e5ker skidor, spelar ishockey, fotboll eller tennis b\u00e4r sina insulinpumpar i AnnaPS-kalsonger eller trosor med ficka. Som v\u00e5r PS-Ambassad\u00f6r (Robin Bryntesson) ofta s\u00e4ger: \u201cJag tr\u00e4nar alltid med pumpen i mina AnnaPS-kalsonger, det \u00e4r det b\u00e4sta tr\u00e4ningsmaterial jag vet!\u201d. Sedan f\u00f6retagets start har AnnaPS-kl\u00e4derna deltagit i ett flertal maraton och andra t\u00e4vlingar.<\/p>\n","protected":false},"author":1,"featured_media":0,"parent":0,"menu_order":101,"comment_status":"closed","ping_status":"closed","template":"","meta":{"_acf_changed":false,"footnotes":""},"class_list":["post-2500","page","type-page","status-publish","hentry"],"acf":[],"yoast_head":"<!-- This site is optimized with the Yoast SEO plugin v27.1.1 - https:\/\/yoast.com\/product\/yoast-seo-wordpress\/ -->\n<title>Tr\u00e4na som diabetiker - AnnaPs<\/title>\n<meta name=\"description\" content=\"Med AnnaPS-kalsonger eller trosor kan du som diabetiker tr\u00e4na s\u00e4kert. Med en smart ficka kan du enkelt b\u00e4ra din insulinpump samtidigt som du tr\u00e4nar.\" \/>\n<meta name=\"robots\" content=\"index, follow, max-snippet:-1, max-image-preview:large, max-video-preview:-1\" \/>\n<link rel=\"canonical\" href=\"https:\/\/annaps.com\/sv\/traena\/\" \/>\n<meta property=\"og:locale\" content=\"sv_SE\" \/>\n<meta property=\"og:type\" content=\"article\" \/>\n<meta property=\"og:title\" content=\"Tr\u00e4na som diabetiker - AnnaPs\" \/>\n<meta property=\"og:description\" content=\"Med AnnaPS-kalsonger eller trosor kan du som diabetiker tr\u00e4na s\u00e4kert. Med en smart ficka kan du enkelt b\u00e4ra din insulinpump samtidigt som du tr\u00e4nar.\" \/>\n<meta property=\"og:url\" content=\"https:\/\/annaps.com\/sv\/traena\/\" \/>\n<meta property=\"og:site_name\" content=\"AnnaPS\" \/>\n<meta property=\"article:publisher\" content=\"https:\/\/www.facebook.com\/annaps.scandinavia\/\" \/>\n<meta property=\"article:modified_time\" content=\"2016-03-09T19:05:03+00:00\" \/>\n<meta name=\"twitter:card\" content=\"summary_large_image\" \/>\n<script type=\"application\/ld+json\" class=\"yoast-schema-graph\">{\"@context\":\"https:\/\/schema.org\",\"@graph\":[{\"@type\":\"WebPage\",\"@id\":\"https:\/\/annaps.com\/sv\/traena\/\",\"url\":\"https:\/\/annaps.com\/sv\/traena\/\",\"name\":\"Tr\u00e4na som diabetiker - AnnaPs\",\"isPartOf\":{\"@id\":\"https:\/\/annaps.com\/de\/#website\"},\"datePublished\":\"2016-01-11T14:05:34+00:00\",\"dateModified\":\"2016-03-09T19:05:03+00:00\",\"description\":\"Med AnnaPS-kalsonger eller trosor kan du som diabetiker tr\u00e4na s\u00e4kert. Med en smart ficka kan du enkelt b\u00e4ra din insulinpump samtidigt som du tr\u00e4nar.\",\"breadcrumb\":{\"@id\":\"https:\/\/annaps.com\/sv\/traena\/#breadcrumb\"},\"inLanguage\":\"sv-SE\",\"potentialAction\":[{\"@type\":\"ReadAction\",\"target\":[\"https:\/\/annaps.com\/sv\/traena\/\"]}]},{\"@type\":\"BreadcrumbList\",\"@id\":\"https:\/\/annaps.com\/sv\/traena\/#breadcrumb\",\"itemListElement\":[{\"@type\":\"ListItem\",\"position\":1,\"name\":\"Hem\",\"item\":\"https:\/\/annaps.com\/sv\/\"},{\"@type\":\"ListItem\",\"position\":2,\"name\":\"Tr\u00e4na\"}]},{\"@type\":\"WebSite\",\"@id\":\"https:\/\/annaps.com\/de\/#website\",\"url\":\"https:\/\/annaps.com\/de\/\",\"name\":\"AnnaPS\",\"description\":\"Det skall vara enkelt att b\u00e4ra!\",\"potentialAction\":[{\"@type\":\"SearchAction\",\"target\":{\"@type\":\"EntryPoint\",\"urlTemplate\":\"https:\/\/annaps.com\/de\/?s={search_term_string}\"},\"query-input\":{\"@type\":\"PropertyValueSpecification\",\"valueRequired\":true,\"valueName\":\"search_term_string\"}}],\"inLanguage\":\"sv-SE\"}]}<\/script>\n<!-- \/ Yoast SEO plugin. -->","yoast_head_json":{"title":"Tr\u00e4na som diabetiker - AnnaPs","description":"Med AnnaPS-kalsonger eller trosor kan du som diabetiker tr\u00e4na s\u00e4kert. Med en smart ficka kan du enkelt b\u00e4ra din insulinpump samtidigt som du tr\u00e4nar.","robots":{"index":"index","follow":"follow","max-snippet":"max-snippet:-1","max-image-preview":"max-image-preview:large","max-video-preview":"max-video-preview:-1"},"canonical":"https:\/\/annaps.com\/sv\/traena\/","og_locale":"sv_SE","og_type":"article","og_title":"Tr\u00e4na som diabetiker - AnnaPs","og_description":"Med AnnaPS-kalsonger eller trosor kan du som diabetiker tr\u00e4na s\u00e4kert. Med en smart ficka kan du enkelt b\u00e4ra din insulinpump samtidigt som du tr\u00e4nar.","og_url":"https:\/\/annaps.com\/sv\/traena\/","og_site_name":"AnnaPS","article_publisher":"https:\/\/www.facebook.com\/annaps.scandinavia\/","article_modified_time":"2016-03-09T19:05:03+00:00","twitter_card":"summary_large_image","schema":{"@context":"https:\/\/schema.org","@graph":[{"@type":"WebPage","@id":"https:\/\/annaps.com\/sv\/traena\/","url":"https:\/\/annaps.com\/sv\/traena\/","name":"Tr\u00e4na som diabetiker - AnnaPs","isPartOf":{"@id":"https:\/\/annaps.com\/de\/#website"},"datePublished":"2016-01-11T14:05:34+00:00","dateModified":"2016-03-09T19:05:03+00:00","description":"Med AnnaPS-kalsonger eller trosor kan du som diabetiker tr\u00e4na s\u00e4kert. Med en smart ficka kan du enkelt b\u00e4ra din insulinpump samtidigt som du tr\u00e4nar.","breadcrumb":{"@id":"https:\/\/annaps.com\/sv\/traena\/#breadcrumb"},"inLanguage":"sv-SE","potentialAction":[{"@type":"ReadAction","target":["https:\/\/annaps.com\/sv\/traena\/"]}]},{"@type":"BreadcrumbList","@id":"https:\/\/annaps.com\/sv\/traena\/#breadcrumb","itemListElement":[{"@type":"ListItem","position":1,"name":"Hem","item":"https:\/\/annaps.com\/sv\/"},{"@type":"ListItem","position":2,"name":"Tr\u00e4na"}]},{"@type":"WebSite","@id":"https:\/\/annaps.com\/de\/#website","url":"https:\/\/annaps.com\/de\/","name":"AnnaPS","description":"Det skall vara enkelt att b\u00e4ra!","potentialAction":[{"@type":"SearchAction","target":{"@type":"EntryPoint","urlTemplate":"https:\/\/annaps.com\/de\/?s={search_term_string}"},"query-input":{"@type":"PropertyValueSpecification","valueRequired":true,"valueName":"search_term_string"}}],"inLanguage":"sv-SE"}]}},"_links":{"self":[{"href":"https:\/\/annaps.com\/sv\/wp-json\/wp\/v2\/pages\/2500","targetHints":{"allow":["GET"]}}],"collection":[{"href":"https:\/\/annaps.com\/sv\/wp-json\/wp\/v2\/pages"}],"about":[{"href":"https:\/\/annaps.com\/sv\/wp-json\/wp\/v2\/types\/page"}],"author":[{"embeddable":true,"href":"https:\/\/annaps.com\/sv\/wp-json\/wp\/v2\/users\/1"}],"replies":[{"embeddable":true,"href":"https:\/\/annaps.com\/sv\/wp-json\/wp\/v2\/comments?post=2500"}],"version-history":[{"count":0,"href":"https:\/\/annaps.com\/sv\/wp-json\/wp\/v2\/pages\/2500\/revisions"}],"wp:attachment":[{"href":"https:\/\/annaps.com\/sv\/wp-json\/wp\/v2\/media?parent=2500"}],"curies":[{"name":"wp","href":"https:\/\/api.w.org\/{rel}","templated":true}]}}