{"id":2496,"date":"2016-01-11T14:03:55","date_gmt":"2016-01-11T14:03:55","guid":{"rendered":"https:\/\/www.annaps.com\/?page_id=2496"},"modified":"2016-04-14T17:23:38","modified_gmt":"2016-04-14T17:23:38","slug":"laettillgaenglig-insulinpump","status":"publish","type":"page","link":"https:\/\/annaps.com\/sv\/laettillgaenglig-insulinpump\/","title":{"rendered":"L\u00e4ttillg\u00e4nglig insulinpump"},"content":{"rendered":"<p><span style=\"font-weight: 400;\">AnnaPS-fickorna \u00e4r specialgjorda f\u00f6r att g\u00f6ra det l\u00e4tt att n\u00e5 din insulinpump, eller vad \u00e4n du f\u00f6rvarar d\u00e4ri. V\u00e5r rekommendation \u00e4r att b\u00e4ra pumpen i ett linne under en tr\u00f6ja under dagtid, eller i en av AnnaPS egna T-shirtar med fickor. P\u00e5 det s\u00e4ttet \u00e4r pumpen l\u00e4ttillg\u00e4nglig. Gl\u00f6m bara inte att st\u00e4nga till locket som s\u00e4kerst\u00e4ller att pumpen ligger kvar i fickan.<\/span><\/p>\n","protected":false},"excerpt":{"rendered":"<p>AnnaPS-fickorna \u00e4r specialgjorda f\u00f6r att g\u00f6ra det l\u00e4tt att n\u00e5 din insulinpump, eller vad \u00e4n du f\u00f6rvarar d\u00e4ri. V\u00e5r rekommendation \u00e4r att b\u00e4ra pumpen i ett linne under en tr\u00f6ja under dagtid, eller i en av AnnaPS egna T-shirtar med fickor. P\u00e5 det s\u00e4ttet \u00e4r pumpen l\u00e4ttillg\u00e4nglig. Gl\u00f6m bara inte att st\u00e4nga till locket som [&hellip;]<\/p>\n","protected":false},"author":1,"featured_media":0,"parent":0,"menu_order":89,"comment_status":"closed","ping_status":"closed","template":"","meta":{"_acf_changed":false,"footnotes":""},"class_list":["post-2496","page","type-page","status-publish","hentry"],"acf":[],"yoast_head":"<!-- This site is optimized with the Yoast SEO plugin v27.1.1 - https:\/\/yoast.com\/product\/yoast-seo-wordpress\/ -->\n<title>L\u00e4ttillg\u00e4nglig insulinpump - AnnaPS<\/title>\n<meta name=\"description\" content=\"AnnaPS makes clothes with integrated pockets to carry your diabetes devices such as insulin pump, pen and glucose meter. Stylish, high quality, functional and environmental focus.\" \/>\n<meta name=\"robots\" content=\"index, follow, max-snippet:-1, max-image-preview:large, max-video-preview:-1\" \/>\n<link rel=\"canonical\" href=\"https:\/\/annaps.com\/sv\/laettillgaenglig-insulinpump\/\" \/>\n<meta property=\"og:locale\" content=\"sv_SE\" \/>\n<meta property=\"og:type\" content=\"article\" \/>\n<meta property=\"og:title\" content=\"L\u00e4ttillg\u00e4nglig insulinpump - AnnaPS\" \/>\n<meta property=\"og:description\" content=\"AnnaPS makes clothes with integrated pockets to carry your diabetes devices such as insulin pump, pen and glucose meter. Stylish, high quality, functional and environmental focus.\" \/>\n<meta property=\"og:url\" content=\"https:\/\/annaps.com\/sv\/laettillgaenglig-insulinpump\/\" \/>\n<meta property=\"og:site_name\" content=\"AnnaPS\" \/>\n<meta property=\"article:publisher\" content=\"https:\/\/www.facebook.com\/annaps.scandinavia\/\" \/>\n<meta property=\"article:modified_time\" content=\"2016-04-14T17:23:38+00:00\" \/>\n<meta name=\"twitter:card\" content=\"summary_large_image\" \/>\n<script type=\"application\/ld+json\" class=\"yoast-schema-graph\">{\"@context\":\"https:\/\/schema.org\",\"@graph\":[{\"@type\":\"WebPage\",\"@id\":\"https:\/\/annaps.com\/sv\/laettillgaenglig-insulinpump\/\",\"url\":\"https:\/\/annaps.com\/sv\/laettillgaenglig-insulinpump\/\",\"name\":\"L\u00e4ttillg\u00e4nglig insulinpump - AnnaPS\",\"isPartOf\":{\"@id\":\"https:\/\/annaps.com\/de\/#website\"},\"datePublished\":\"2016-01-11T14:03:55+00:00\",\"dateModified\":\"2016-04-14T17:23:38+00:00\",\"description\":\"AnnaPS makes clothes with integrated pockets to carry your diabetes devices such as insulin pump, pen and glucose meter. Stylish, high quality, functional and environmental focus.\",\"breadcrumb\":{\"@id\":\"https:\/\/annaps.com\/sv\/laettillgaenglig-insulinpump\/#breadcrumb\"},\"inLanguage\":\"sv-SE\",\"potentialAction\":[{\"@type\":\"ReadAction\",\"target\":[\"https:\/\/annaps.com\/sv\/laettillgaenglig-insulinpump\/\"]}]},{\"@type\":\"BreadcrumbList\",\"@id\":\"https:\/\/annaps.com\/sv\/laettillgaenglig-insulinpump\/#breadcrumb\",\"itemListElement\":[{\"@type\":\"ListItem\",\"position\":1,\"name\":\"Hem\",\"item\":\"https:\/\/annaps.com\/sv\/\"},{\"@type\":\"ListItem\",\"position\":2,\"name\":\"L\u00e4ttillg\u00e4nglig insulinpump\"}]},{\"@type\":\"WebSite\",\"@id\":\"https:\/\/annaps.com\/de\/#website\",\"url\":\"https:\/\/annaps.com\/de\/\",\"name\":\"AnnaPS\",\"description\":\"Det skall vara enkelt att b\u00e4ra!\",\"potentialAction\":[{\"@type\":\"SearchAction\",\"target\":{\"@type\":\"EntryPoint\",\"urlTemplate\":\"https:\/\/annaps.com\/de\/?s={search_term_string}\"},\"query-input\":{\"@type\":\"PropertyValueSpecification\",\"valueRequired\":true,\"valueName\":\"search_term_string\"}}],\"inLanguage\":\"sv-SE\"}]}<\/script>\n<!-- \/ Yoast SEO plugin. -->","yoast_head_json":{"title":"L\u00e4ttillg\u00e4nglig insulinpump - AnnaPS","description":"AnnaPS makes clothes with integrated pockets to carry your diabetes devices such as insulin pump, pen and glucose meter. Stylish, high quality, functional and environmental focus.","robots":{"index":"index","follow":"follow","max-snippet":"max-snippet:-1","max-image-preview":"max-image-preview:large","max-video-preview":"max-video-preview:-1"},"canonical":"https:\/\/annaps.com\/sv\/laettillgaenglig-insulinpump\/","og_locale":"sv_SE","og_type":"article","og_title":"L\u00e4ttillg\u00e4nglig insulinpump - AnnaPS","og_description":"AnnaPS makes clothes with integrated pockets to carry your diabetes devices such as insulin pump, pen and glucose meter. Stylish, high quality, functional and environmental focus.","og_url":"https:\/\/annaps.com\/sv\/laettillgaenglig-insulinpump\/","og_site_name":"AnnaPS","article_publisher":"https:\/\/www.facebook.com\/annaps.scandinavia\/","article_modified_time":"2016-04-14T17:23:38+00:00","twitter_card":"summary_large_image","schema":{"@context":"https:\/\/schema.org","@graph":[{"@type":"WebPage","@id":"https:\/\/annaps.com\/sv\/laettillgaenglig-insulinpump\/","url":"https:\/\/annaps.com\/sv\/laettillgaenglig-insulinpump\/","name":"L\u00e4ttillg\u00e4nglig insulinpump - AnnaPS","isPartOf":{"@id":"https:\/\/annaps.com\/de\/#website"},"datePublished":"2016-01-11T14:03:55+00:00","dateModified":"2016-04-14T17:23:38+00:00","description":"AnnaPS makes clothes with integrated pockets to carry your diabetes devices such as insulin pump, pen and glucose meter. Stylish, high quality, functional and environmental focus.","breadcrumb":{"@id":"https:\/\/annaps.com\/sv\/laettillgaenglig-insulinpump\/#breadcrumb"},"inLanguage":"sv-SE","potentialAction":[{"@type":"ReadAction","target":["https:\/\/annaps.com\/sv\/laettillgaenglig-insulinpump\/"]}]},{"@type":"BreadcrumbList","@id":"https:\/\/annaps.com\/sv\/laettillgaenglig-insulinpump\/#breadcrumb","itemListElement":[{"@type":"ListItem","position":1,"name":"Hem","item":"https:\/\/annaps.com\/sv\/"},{"@type":"ListItem","position":2,"name":"L\u00e4ttillg\u00e4nglig insulinpump"}]},{"@type":"WebSite","@id":"https:\/\/annaps.com\/de\/#website","url":"https:\/\/annaps.com\/de\/","name":"AnnaPS","description":"Det skall vara enkelt att b\u00e4ra!","potentialAction":[{"@type":"SearchAction","target":{"@type":"EntryPoint","urlTemplate":"https:\/\/annaps.com\/de\/?s={search_term_string}"},"query-input":{"@type":"PropertyValueSpecification","valueRequired":true,"valueName":"search_term_string"}}],"inLanguage":"sv-SE"}]}},"_links":{"self":[{"href":"https:\/\/annaps.com\/sv\/wp-json\/wp\/v2\/pages\/2496","targetHints":{"allow":["GET"]}}],"collection":[{"href":"https:\/\/annaps.com\/sv\/wp-json\/wp\/v2\/pages"}],"about":[{"href":"https:\/\/annaps.com\/sv\/wp-json\/wp\/v2\/types\/page"}],"author":[{"embeddable":true,"href":"https:\/\/annaps.com\/sv\/wp-json\/wp\/v2\/users\/1"}],"replies":[{"embeddable":true,"href":"https:\/\/annaps.com\/sv\/wp-json\/wp\/v2\/comments?post=2496"}],"version-history":[{"count":0,"href":"https:\/\/annaps.com\/sv\/wp-json\/wp\/v2\/pages\/2496\/revisions"}],"wp:attachment":[{"href":"https:\/\/annaps.com\/sv\/wp-json\/wp\/v2\/media?parent=2496"}],"curies":[{"name":"wp","href":"https:\/\/api.w.org\/{rel}","templated":true}]}}