{"id":2492,"date":"2016-01-11T14:01:34","date_gmt":"2016-01-11T14:01:34","guid":{"rendered":"https:\/\/www.annaps.com\/?page_id=2492"},"modified":"2016-03-09T19:13:37","modified_gmt":"2016-03-09T19:13:37","slug":"saekerhet","status":"publish","type":"page","link":"https:\/\/annaps.com\/sv\/saekerhet\/","title":{"rendered":"S\u00e4kerhet"},"content":{"rendered":"<p><span style=\"font-weight: 400;\">F\u00f6r att undvika riskerna att gl\u00f6mma, tappa eller beh\u00f6va leta efter din insulinpump eller handenhet, rekommenderar vi att du b\u00e4r dem i AnnaPS-kl\u00e4der. P\u00e5 det s\u00e4ttet skyddar du \u00e4ven ditt infusionsset fr\u00e5n att bli utryckt.<\/span><\/p>\n","protected":false},"excerpt":{"rendered":"<p>F\u00f6r att undvika riskerna att gl\u00f6mma, tappa eller beh\u00f6va leta efter din insulinpump eller handenhet, rekommenderar vi att du b\u00e4r dem i AnnaPS-kl\u00e4der. P\u00e5 det s\u00e4ttet skyddar du \u00e4ven ditt infusionsset fr\u00e5n att bli utryckt.<\/p>\n","protected":false},"author":1,"featured_media":0,"parent":0,"menu_order":90,"comment_status":"closed","ping_status":"closed","template":"","meta":{"_acf_changed":false,"footnotes":""},"class_list":["post-2492","page","type-page","status-publish","hentry"],"acf":[],"yoast_head":"<!-- This site is optimized with the Yoast SEO plugin v27.1.1 - https:\/\/yoast.com\/product\/yoast-seo-wordpress\/ -->\n<title>S\u00e4kerhet f\u00f6r dig med diabetes - AnnaPs<\/title>\n<meta name=\"description\" content=\"AnnaPs kl\u00e4der erbjuder dig som har diabetes en s\u00e4kerhet som inneb\u00e4r att du undviker risken att gl\u00f6mma, tappa eller leta efter din insulinpump.\" \/>\n<meta name=\"robots\" content=\"index, follow, max-snippet:-1, max-image-preview:large, max-video-preview:-1\" \/>\n<link rel=\"canonical\" href=\"https:\/\/annaps.com\/sv\/saekerhet\/\" \/>\n<meta property=\"og:locale\" content=\"sv_SE\" \/>\n<meta property=\"og:type\" content=\"article\" \/>\n<meta property=\"og:title\" content=\"S\u00e4kerhet f\u00f6r dig med diabetes - AnnaPs\" \/>\n<meta property=\"og:description\" content=\"AnnaPs kl\u00e4der erbjuder dig som har diabetes en s\u00e4kerhet som inneb\u00e4r att du undviker risken att gl\u00f6mma, tappa eller leta efter din insulinpump.\" \/>\n<meta property=\"og:url\" content=\"https:\/\/annaps.com\/sv\/saekerhet\/\" \/>\n<meta property=\"og:site_name\" content=\"AnnaPS\" \/>\n<meta property=\"article:publisher\" content=\"https:\/\/www.facebook.com\/annaps.scandinavia\/\" \/>\n<meta property=\"article:modified_time\" content=\"2016-03-09T19:13:37+00:00\" \/>\n<meta name=\"twitter:card\" content=\"summary_large_image\" \/>\n<script type=\"application\/ld+json\" class=\"yoast-schema-graph\">{\"@context\":\"https:\/\/schema.org\",\"@graph\":[{\"@type\":\"WebPage\",\"@id\":\"https:\/\/annaps.com\/sv\/saekerhet\/\",\"url\":\"https:\/\/annaps.com\/sv\/saekerhet\/\",\"name\":\"S\u00e4kerhet f\u00f6r dig med diabetes - AnnaPs\",\"isPartOf\":{\"@id\":\"https:\/\/annaps.com\/de\/#website\"},\"datePublished\":\"2016-01-11T14:01:34+00:00\",\"dateModified\":\"2016-03-09T19:13:37+00:00\",\"description\":\"AnnaPs kl\u00e4der erbjuder dig som har diabetes en s\u00e4kerhet som inneb\u00e4r att du undviker risken att gl\u00f6mma, tappa eller leta efter din insulinpump.\",\"breadcrumb\":{\"@id\":\"https:\/\/annaps.com\/sv\/saekerhet\/#breadcrumb\"},\"inLanguage\":\"sv-SE\",\"potentialAction\":[{\"@type\":\"ReadAction\",\"target\":[\"https:\/\/annaps.com\/sv\/saekerhet\/\"]}]},{\"@type\":\"BreadcrumbList\",\"@id\":\"https:\/\/annaps.com\/sv\/saekerhet\/#breadcrumb\",\"itemListElement\":[{\"@type\":\"ListItem\",\"position\":1,\"name\":\"Hem\",\"item\":\"https:\/\/annaps.com\/sv\/\"},{\"@type\":\"ListItem\",\"position\":2,\"name\":\"S\u00e4kerhet\"}]},{\"@type\":\"WebSite\",\"@id\":\"https:\/\/annaps.com\/de\/#website\",\"url\":\"https:\/\/annaps.com\/de\/\",\"name\":\"AnnaPS\",\"description\":\"Det skall vara enkelt att b\u00e4ra!\",\"potentialAction\":[{\"@type\":\"SearchAction\",\"target\":{\"@type\":\"EntryPoint\",\"urlTemplate\":\"https:\/\/annaps.com\/de\/?s={search_term_string}\"},\"query-input\":{\"@type\":\"PropertyValueSpecification\",\"valueRequired\":true,\"valueName\":\"search_term_string\"}}],\"inLanguage\":\"sv-SE\"}]}<\/script>\n<!-- \/ Yoast SEO plugin. -->","yoast_head_json":{"title":"S\u00e4kerhet f\u00f6r dig med diabetes - AnnaPs","description":"AnnaPs kl\u00e4der erbjuder dig som har diabetes en s\u00e4kerhet som inneb\u00e4r att du undviker risken att gl\u00f6mma, tappa eller leta efter din insulinpump.","robots":{"index":"index","follow":"follow","max-snippet":"max-snippet:-1","max-image-preview":"max-image-preview:large","max-video-preview":"max-video-preview:-1"},"canonical":"https:\/\/annaps.com\/sv\/saekerhet\/","og_locale":"sv_SE","og_type":"article","og_title":"S\u00e4kerhet f\u00f6r dig med diabetes - AnnaPs","og_description":"AnnaPs kl\u00e4der erbjuder dig som har diabetes en s\u00e4kerhet som inneb\u00e4r att du undviker risken att gl\u00f6mma, tappa eller leta efter din insulinpump.","og_url":"https:\/\/annaps.com\/sv\/saekerhet\/","og_site_name":"AnnaPS","article_publisher":"https:\/\/www.facebook.com\/annaps.scandinavia\/","article_modified_time":"2016-03-09T19:13:37+00:00","twitter_card":"summary_large_image","schema":{"@context":"https:\/\/schema.org","@graph":[{"@type":"WebPage","@id":"https:\/\/annaps.com\/sv\/saekerhet\/","url":"https:\/\/annaps.com\/sv\/saekerhet\/","name":"S\u00e4kerhet f\u00f6r dig med diabetes - AnnaPs","isPartOf":{"@id":"https:\/\/annaps.com\/de\/#website"},"datePublished":"2016-01-11T14:01:34+00:00","dateModified":"2016-03-09T19:13:37+00:00","description":"AnnaPs kl\u00e4der erbjuder dig som har diabetes en s\u00e4kerhet som inneb\u00e4r att du undviker risken att gl\u00f6mma, tappa eller leta efter din insulinpump.","breadcrumb":{"@id":"https:\/\/annaps.com\/sv\/saekerhet\/#breadcrumb"},"inLanguage":"sv-SE","potentialAction":[{"@type":"ReadAction","target":["https:\/\/annaps.com\/sv\/saekerhet\/"]}]},{"@type":"BreadcrumbList","@id":"https:\/\/annaps.com\/sv\/saekerhet\/#breadcrumb","itemListElement":[{"@type":"ListItem","position":1,"name":"Hem","item":"https:\/\/annaps.com\/sv\/"},{"@type":"ListItem","position":2,"name":"S\u00e4kerhet"}]},{"@type":"WebSite","@id":"https:\/\/annaps.com\/de\/#website","url":"https:\/\/annaps.com\/de\/","name":"AnnaPS","description":"Det skall vara enkelt att b\u00e4ra!","potentialAction":[{"@type":"SearchAction","target":{"@type":"EntryPoint","urlTemplate":"https:\/\/annaps.com\/de\/?s={search_term_string}"},"query-input":{"@type":"PropertyValueSpecification","valueRequired":true,"valueName":"search_term_string"}}],"inLanguage":"sv-SE"}]}},"_links":{"self":[{"href":"https:\/\/annaps.com\/sv\/wp-json\/wp\/v2\/pages\/2492","targetHints":{"allow":["GET"]}}],"collection":[{"href":"https:\/\/annaps.com\/sv\/wp-json\/wp\/v2\/pages"}],"about":[{"href":"https:\/\/annaps.com\/sv\/wp-json\/wp\/v2\/types\/page"}],"author":[{"embeddable":true,"href":"https:\/\/annaps.com\/sv\/wp-json\/wp\/v2\/users\/1"}],"replies":[{"embeddable":true,"href":"https:\/\/annaps.com\/sv\/wp-json\/wp\/v2\/comments?post=2492"}],"version-history":[{"count":0,"href":"https:\/\/annaps.com\/sv\/wp-json\/wp\/v2\/pages\/2492\/revisions"}],"wp:attachment":[{"href":"https:\/\/annaps.com\/sv\/wp-json\/wp\/v2\/media?parent=2492"}],"curies":[{"name":"wp","href":"https:\/\/api.w.org\/{rel}","templated":true}]}}