{"id":249,"date":"2016-01-07T09:14:04","date_gmt":"2016-01-07T09:14:04","guid":{"rendered":"https:\/\/www.annaps.com\/?page_id=249"},"modified":"2019-04-23T11:53:43","modified_gmt":"2019-04-23T09:53:43","slug":"anna-sjoberg","status":"publish","type":"page","link":"https:\/\/annaps.com\/sv\/om-annaps\/vilka-aer-vi\/anna-sjoberg\/","title":{"rendered":"Anna Sj\u00f6berg"},"content":{"rendered":"<p><b>Anna Sj\u00f6berg<\/b> <i><span style=\"font-weight: 400;\">(VD och grundare)<\/span><\/i> <span style=\"font-weight: 400;\">\u00a0&#8211; Anna spelar en v\u00e4sentlig roll i f\u00f6retaget som VD f\u00f6r AnnaPS; hennes roll inkluderar allt s\u00e5som design, tillverkning, f\u00f6rs\u00e4ljning, webshop, lager, marknadsf\u00f6ring, sociala medier, fotografi, kundtj\u00e4nst och m\u00f6ten med diabetiker, kunder och samarbetspartners. Anna bor i \u00d6sthammar, utanf\u00f6r Uppsala i Sverige, med sin man och sina tv\u00e5 barn. Hon \u00e4r maskiningenj\u00f6r med l\u00e5ngt f\u00f6rflutet inom svensk verkstadindustri, framf\u00f6rallt fr\u00e5n Sandvik-koncernen. Anna har haft typ 1-diabetes sedan 1998. \u00c5r 2009, n\u00e4r hon fick sin f\u00f6rsta insulinpump, ins\u00e5g hon genast att det inte fanns n\u00e5gra bra s\u00e4tt att b\u00e4ra den p\u00e5, bara pumpv\u00e4skor, och startade omg\u00e5ende AnnaPS. Anna har alltid levt ett v\u00e4ldigt aktivt liv, b\u00e5de personligen och som tr\u00e4nare f\u00f6r b\u00e5de barn och ungdomar. Aldrig har hon l\u00e5tit sin diabetes stoppa henne, och hon vill uppmuntra andra diabetiker att g\u00f6ra likadant!<\/span><\/p>\n","protected":false},"excerpt":{"rendered":"<p>Anna Sj\u00f6berg (VD och grundare) \u00a0&#8211; Anna spelar en v\u00e4sentlig roll i f\u00f6retaget som VD f\u00f6r AnnaPS; hennes roll inkluderar allt s\u00e5som design, tillverkning, f\u00f6rs\u00e4ljning, webshop, lager, marknadsf\u00f6ring, sociala medier, fotografi, kundtj\u00e4nst och m\u00f6ten med diabetiker, kunder och samarbetspartners. Anna bor i \u00d6sthammar, utanf\u00f6r Uppsala i Sverige, med sin man och sina tv\u00e5 barn. Hon [&hellip;]<\/p>\n","protected":false},"author":1,"featured_media":0,"parent":247,"menu_order":2,"comment_status":"closed","ping_status":"closed","template":"","meta":{"_acf_changed":false,"footnotes":""},"class_list":["post-249","page","type-page","status-publish","hentry"],"acf":[],"yoast_head":"<!-- This site is optimized with the Yoast SEO plugin v27.1.1 - https:\/\/yoast.com\/product\/yoast-seo-wordpress\/ -->\n<title>Anna &amp; Sofia hj\u00e4lper diabetiker till ett enklare liv | AnnaPS<\/title>\n<meta name=\"description\" content=\"Vi som har tagit fram dessa plagg har sj\u00e4lva diabetes. Vi vet hur det \u00e4r att gl\u00f6mma eller l\u00e4gga bort pumpv\u00e4skan, nu finns v\u00e5ra diabeteskl\u00e4der med fickor!\" \/>\n<meta name=\"robots\" content=\"index, follow, max-snippet:-1, max-image-preview:large, max-video-preview:-1\" \/>\n<link rel=\"canonical\" href=\"https:\/\/annaps.com\/sv\/om-annaps\/vilka-aer-vi\/anna-sjoberg\/\" \/>\n<meta property=\"og:locale\" content=\"sv_SE\" \/>\n<meta property=\"og:type\" content=\"article\" \/>\n<meta property=\"og:title\" content=\"Anna &amp; Sofia hj\u00e4lper diabetiker till ett enklare liv | AnnaPS\" \/>\n<meta property=\"og:description\" content=\"Vi som har tagit fram dessa plagg har sj\u00e4lva diabetes. Vi vet hur det \u00e4r att gl\u00f6mma eller l\u00e4gga bort pumpv\u00e4skan, nu finns v\u00e5ra diabeteskl\u00e4der med fickor!\" \/>\n<meta property=\"og:url\" content=\"https:\/\/annaps.com\/sv\/om-annaps\/vilka-aer-vi\/anna-sjoberg\/\" \/>\n<meta property=\"og:site_name\" content=\"AnnaPS\" \/>\n<meta property=\"article:publisher\" content=\"https:\/\/www.facebook.com\/annaps.scandinavia\/\" \/>\n<meta property=\"article:modified_time\" content=\"2019-04-23T09:53:43+00:00\" \/>\n<meta name=\"twitter:card\" content=\"summary_large_image\" \/>\n<meta name=\"twitter:label1\" content=\"Ber\u00e4knad l\u00e4stid\" \/>\n\t<meta name=\"twitter:data1\" content=\"1 minut\" \/>\n<script type=\"application\/ld+json\" class=\"yoast-schema-graph\">{\"@context\":\"https:\/\/schema.org\",\"@graph\":[{\"@type\":\"WebPage\",\"@id\":\"https:\/\/annaps.com\/sv\/om-annaps\/vilka-aer-vi\/anna-sjoberg\/\",\"url\":\"https:\/\/annaps.com\/sv\/om-annaps\/vilka-aer-vi\/anna-sjoberg\/\",\"name\":\"Anna & Sofia hj\u00e4lper diabetiker till ett enklare liv | AnnaPS\",\"isPartOf\":{\"@id\":\"https:\/\/annaps.com\/de\/#website\"},\"datePublished\":\"2016-01-07T09:14:04+00:00\",\"dateModified\":\"2019-04-23T09:53:43+00:00\",\"description\":\"Vi som har tagit fram dessa plagg har sj\u00e4lva diabetes. Vi vet hur det \u00e4r att gl\u00f6mma eller l\u00e4gga bort pumpv\u00e4skan, nu finns v\u00e5ra diabeteskl\u00e4der med fickor!\",\"breadcrumb\":{\"@id\":\"https:\/\/annaps.com\/sv\/om-annaps\/vilka-aer-vi\/anna-sjoberg\/#breadcrumb\"},\"inLanguage\":\"sv-SE\",\"potentialAction\":[{\"@type\":\"ReadAction\",\"target\":[\"https:\/\/annaps.com\/sv\/om-annaps\/vilka-aer-vi\/anna-sjoberg\/\"]}]},{\"@type\":\"BreadcrumbList\",\"@id\":\"https:\/\/annaps.com\/sv\/om-annaps\/vilka-aer-vi\/anna-sjoberg\/#breadcrumb\",\"itemListElement\":[{\"@type\":\"ListItem\",\"position\":1,\"name\":\"Hem\",\"item\":\"https:\/\/annaps.com\/sv\/\"},{\"@type\":\"ListItem\",\"position\":2,\"name\":\"Om AnnaPS\",\"item\":\"https:\/\/annaps.com\/sv\/om-annaps\/\"},{\"@type\":\"ListItem\",\"position\":3,\"name\":\"Vilka \u00e4r vi?\",\"item\":\"https:\/\/annaps.com\/sv\/om-annaps\/vilka-aer-vi\/\"},{\"@type\":\"ListItem\",\"position\":4,\"name\":\"Anna Sj\u00f6berg\"}]},{\"@type\":\"WebSite\",\"@id\":\"https:\/\/annaps.com\/de\/#website\",\"url\":\"https:\/\/annaps.com\/de\/\",\"name\":\"AnnaPS\",\"description\":\"Det skall vara enkelt att b\u00e4ra!\",\"potentialAction\":[{\"@type\":\"SearchAction\",\"target\":{\"@type\":\"EntryPoint\",\"urlTemplate\":\"https:\/\/annaps.com\/de\/?s={search_term_string}\"},\"query-input\":{\"@type\":\"PropertyValueSpecification\",\"valueRequired\":true,\"valueName\":\"search_term_string\"}}],\"inLanguage\":\"sv-SE\"}]}<\/script>\n<!-- \/ Yoast SEO plugin. -->","yoast_head_json":{"title":"Anna & Sofia hj\u00e4lper diabetiker till ett enklare liv | AnnaPS","description":"Vi som har tagit fram dessa plagg har sj\u00e4lva diabetes. Vi vet hur det \u00e4r att gl\u00f6mma eller l\u00e4gga bort pumpv\u00e4skan, nu finns v\u00e5ra diabeteskl\u00e4der med fickor!","robots":{"index":"index","follow":"follow","max-snippet":"max-snippet:-1","max-image-preview":"max-image-preview:large","max-video-preview":"max-video-preview:-1"},"canonical":"https:\/\/annaps.com\/sv\/om-annaps\/vilka-aer-vi\/anna-sjoberg\/","og_locale":"sv_SE","og_type":"article","og_title":"Anna & Sofia hj\u00e4lper diabetiker till ett enklare liv | AnnaPS","og_description":"Vi som har tagit fram dessa plagg har sj\u00e4lva diabetes. Vi vet hur det \u00e4r att gl\u00f6mma eller l\u00e4gga bort pumpv\u00e4skan, nu finns v\u00e5ra diabeteskl\u00e4der med fickor!","og_url":"https:\/\/annaps.com\/sv\/om-annaps\/vilka-aer-vi\/anna-sjoberg\/","og_site_name":"AnnaPS","article_publisher":"https:\/\/www.facebook.com\/annaps.scandinavia\/","article_modified_time":"2019-04-23T09:53:43+00:00","twitter_card":"summary_large_image","twitter_misc":{"Ber\u00e4knad l\u00e4stid":"1 minut"},"schema":{"@context":"https:\/\/schema.org","@graph":[{"@type":"WebPage","@id":"https:\/\/annaps.com\/sv\/om-annaps\/vilka-aer-vi\/anna-sjoberg\/","url":"https:\/\/annaps.com\/sv\/om-annaps\/vilka-aer-vi\/anna-sjoberg\/","name":"Anna & Sofia hj\u00e4lper diabetiker till ett enklare liv | AnnaPS","isPartOf":{"@id":"https:\/\/annaps.com\/de\/#website"},"datePublished":"2016-01-07T09:14:04+00:00","dateModified":"2019-04-23T09:53:43+00:00","description":"Vi som har tagit fram dessa plagg har sj\u00e4lva diabetes. Vi vet hur det \u00e4r att gl\u00f6mma eller l\u00e4gga bort pumpv\u00e4skan, nu finns v\u00e5ra diabeteskl\u00e4der med fickor!","breadcrumb":{"@id":"https:\/\/annaps.com\/sv\/om-annaps\/vilka-aer-vi\/anna-sjoberg\/#breadcrumb"},"inLanguage":"sv-SE","potentialAction":[{"@type":"ReadAction","target":["https:\/\/annaps.com\/sv\/om-annaps\/vilka-aer-vi\/anna-sjoberg\/"]}]},{"@type":"BreadcrumbList","@id":"https:\/\/annaps.com\/sv\/om-annaps\/vilka-aer-vi\/anna-sjoberg\/#breadcrumb","itemListElement":[{"@type":"ListItem","position":1,"name":"Hem","item":"https:\/\/annaps.com\/sv\/"},{"@type":"ListItem","position":2,"name":"Om AnnaPS","item":"https:\/\/annaps.com\/sv\/om-annaps\/"},{"@type":"ListItem","position":3,"name":"Vilka \u00e4r vi?","item":"https:\/\/annaps.com\/sv\/om-annaps\/vilka-aer-vi\/"},{"@type":"ListItem","position":4,"name":"Anna Sj\u00f6berg"}]},{"@type":"WebSite","@id":"https:\/\/annaps.com\/de\/#website","url":"https:\/\/annaps.com\/de\/","name":"AnnaPS","description":"Det skall vara enkelt att b\u00e4ra!","potentialAction":[{"@type":"SearchAction","target":{"@type":"EntryPoint","urlTemplate":"https:\/\/annaps.com\/de\/?s={search_term_string}"},"query-input":{"@type":"PropertyValueSpecification","valueRequired":true,"valueName":"search_term_string"}}],"inLanguage":"sv-SE"}]}},"_links":{"self":[{"href":"https:\/\/annaps.com\/sv\/wp-json\/wp\/v2\/pages\/249","targetHints":{"allow":["GET"]}}],"collection":[{"href":"https:\/\/annaps.com\/sv\/wp-json\/wp\/v2\/pages"}],"about":[{"href":"https:\/\/annaps.com\/sv\/wp-json\/wp\/v2\/types\/page"}],"author":[{"embeddable":true,"href":"https:\/\/annaps.com\/sv\/wp-json\/wp\/v2\/users\/1"}],"replies":[{"embeddable":true,"href":"https:\/\/annaps.com\/sv\/wp-json\/wp\/v2\/comments?post=249"}],"version-history":[{"count":3,"href":"https:\/\/annaps.com\/sv\/wp-json\/wp\/v2\/pages\/249\/revisions"}],"predecessor-version":[{"id":33509,"href":"https:\/\/annaps.com\/sv\/wp-json\/wp\/v2\/pages\/249\/revisions\/33509"}],"up":[{"embeddable":true,"href":"https:\/\/annaps.com\/sv\/wp-json\/wp\/v2\/pages\/247"}],"wp:attachment":[{"href":"https:\/\/annaps.com\/sv\/wp-json\/wp\/v2\/media?parent=249"}],"curies":[{"name":"wp","href":"https:\/\/api.w.org\/{rel}","templated":true}]}}