{"id":2488,"date":"2016-01-11T14:00:09","date_gmt":"2016-01-11T14:00:09","guid":{"rendered":"https:\/\/www.annaps.com\/?page_id=2488"},"modified":"2016-03-09T18:45:57","modified_gmt":"2016-03-09T18:45:57","slug":"sov-gott-och-ostoert","status":"publish","type":"page","link":"https:\/\/annaps.com\/sv\/sov-gott-och-ostoert\/","title":{"rendered":"Sov gott och ost\u00f6rt"},"content":{"rendered":"<p><span style=\"font-weight: 400;\">M\u00e5nga m\u00e4nniskor sover med sin insulinpump l\u00f6s i s\u00e4ngen, eller i en pumpv\u00e4ska, och vaknar d\u00e4rf\u00f6r av den flera g\u00e5nger per natt. Det finns \u00e4ven en risk att man trasslar in sig i slangen och rycker ut infusionssetet. Det \u00e4r en risk du undviker om du b\u00e4r AnnaPS-kl\u00e4der! Under nattid rekommenderar vi dig att anv\u00e4nda en trosa eller kalsong med ficka f\u00f6r din insulinpump.\u00a0<\/span><\/p>\n<ul>\n<li>du st\u00f6r inte s\u00f6mnen av insulinpumpen<\/li>\n<li>du kan l\u00e4gga slangen innanf\u00f6r trosa\/kalsong s\u00e5 att den inte syns eller s\u00e5 fastnar du inte i den n\u00e4r\u00a0du g\u00e5r omkring<\/li>\n<li>du minskar risken att dra ut ditt infusionset<\/li>\n<li>du beh\u00f6ver inte h\u00e5lla i pumpen om du skall g\u00e5 upp ur s\u00e4ngen tex bes\u00f6ka toaletten<\/li>\n<li>vill du ta av dig pumpen s\u00e5 ligger den skyddad i fickan<\/li>\n<li>pumpen syns inte<\/li>\n<\/ul>\n","protected":false},"excerpt":{"rendered":"<p>M\u00e5nga m\u00e4nniskor sover med sin insulinpump l\u00f6s i s\u00e4ngen, eller i en pumpv\u00e4ska, och vaknar d\u00e4rf\u00f6r av den flera g\u00e5nger per natt. Det finns \u00e4ven en risk att man trasslar in sig i slangen och rycker ut infusionssetet. Det \u00e4r en risk du undviker om du b\u00e4r AnnaPS-kl\u00e4der! Under nattid rekommenderar vi dig att anv\u00e4nda [&hellip;]<\/p>\n","protected":false},"author":1,"featured_media":0,"parent":0,"menu_order":112,"comment_status":"closed","ping_status":"closed","template":"","meta":{"_acf_changed":false,"footnotes":""},"class_list":["post-2488","page","type-page","status-publish","hentry"],"acf":[],"yoast_head":"<!-- This site is optimized with the Yoast SEO plugin v27.1.1 - https:\/\/yoast.com\/product\/yoast-seo-wordpress\/ -->\n<title>Att sova med insulinpump - AnnaPS<\/title>\n<meta name=\"description\" content=\"M\u00e5nga diabetiker upplever att det \u00e4r sv\u00e5rt att sova gott och ost\u00f6rt med deras insulinpump l\u00f6st i s\u00e4ngen. Detta har vi p\u00e5 AnnaPs en l\u00f6sning p\u00e5.\" \/>\n<meta name=\"robots\" content=\"index, follow, max-snippet:-1, max-image-preview:large, max-video-preview:-1\" \/>\n<link rel=\"canonical\" href=\"https:\/\/annaps.com\/sv\/sov-gott-och-ostoert\/\" \/>\n<meta property=\"og:locale\" content=\"sv_SE\" \/>\n<meta property=\"og:type\" content=\"article\" \/>\n<meta property=\"og:title\" content=\"Att sova med insulinpump - AnnaPS\" \/>\n<meta property=\"og:description\" content=\"M\u00e5nga diabetiker upplever att det \u00e4r sv\u00e5rt att sova gott och ost\u00f6rt med deras insulinpump l\u00f6st i s\u00e4ngen. Detta har vi p\u00e5 AnnaPs en l\u00f6sning p\u00e5.\" \/>\n<meta property=\"og:url\" content=\"https:\/\/annaps.com\/sv\/sov-gott-och-ostoert\/\" \/>\n<meta property=\"og:site_name\" content=\"AnnaPS\" \/>\n<meta property=\"article:publisher\" content=\"https:\/\/www.facebook.com\/annaps.scandinavia\/\" \/>\n<meta property=\"article:modified_time\" content=\"2016-03-09T18:45:57+00:00\" \/>\n<meta name=\"twitter:card\" content=\"summary_large_image\" \/>\n<meta name=\"twitter:label1\" content=\"Ber\u00e4knad l\u00e4stid\" \/>\n\t<meta name=\"twitter:data1\" content=\"1 minut\" \/>\n<script type=\"application\/ld+json\" class=\"yoast-schema-graph\">{\"@context\":\"https:\/\/schema.org\",\"@graph\":[{\"@type\":\"WebPage\",\"@id\":\"https:\/\/annaps.com\/sv\/sov-gott-och-ostoert\/\",\"url\":\"https:\/\/annaps.com\/sv\/sov-gott-och-ostoert\/\",\"name\":\"Att sova med insulinpump - AnnaPS\",\"isPartOf\":{\"@id\":\"https:\/\/annaps.com\/de\/#website\"},\"datePublished\":\"2016-01-11T14:00:09+00:00\",\"dateModified\":\"2016-03-09T18:45:57+00:00\",\"description\":\"M\u00e5nga diabetiker upplever att det \u00e4r sv\u00e5rt att sova gott och ost\u00f6rt med deras insulinpump l\u00f6st i s\u00e4ngen. Detta har vi p\u00e5 AnnaPs en l\u00f6sning p\u00e5.\",\"breadcrumb\":{\"@id\":\"https:\/\/annaps.com\/sv\/sov-gott-och-ostoert\/#breadcrumb\"},\"inLanguage\":\"sv-SE\",\"potentialAction\":[{\"@type\":\"ReadAction\",\"target\":[\"https:\/\/annaps.com\/sv\/sov-gott-och-ostoert\/\"]}]},{\"@type\":\"BreadcrumbList\",\"@id\":\"https:\/\/annaps.com\/sv\/sov-gott-och-ostoert\/#breadcrumb\",\"itemListElement\":[{\"@type\":\"ListItem\",\"position\":1,\"name\":\"Hem\",\"item\":\"https:\/\/annaps.com\/sv\/\"},{\"@type\":\"ListItem\",\"position\":2,\"name\":\"Sov gott och ost\u00f6rt\"}]},{\"@type\":\"WebSite\",\"@id\":\"https:\/\/annaps.com\/de\/#website\",\"url\":\"https:\/\/annaps.com\/de\/\",\"name\":\"AnnaPS\",\"description\":\"Det skall vara enkelt att b\u00e4ra!\",\"potentialAction\":[{\"@type\":\"SearchAction\",\"target\":{\"@type\":\"EntryPoint\",\"urlTemplate\":\"https:\/\/annaps.com\/de\/?s={search_term_string}\"},\"query-input\":{\"@type\":\"PropertyValueSpecification\",\"valueRequired\":true,\"valueName\":\"search_term_string\"}}],\"inLanguage\":\"sv-SE\"}]}<\/script>\n<!-- \/ Yoast SEO plugin. -->","yoast_head_json":{"title":"Att sova med insulinpump - AnnaPS","description":"M\u00e5nga diabetiker upplever att det \u00e4r sv\u00e5rt att sova gott och ost\u00f6rt med deras insulinpump l\u00f6st i s\u00e4ngen. Detta har vi p\u00e5 AnnaPs en l\u00f6sning p\u00e5.","robots":{"index":"index","follow":"follow","max-snippet":"max-snippet:-1","max-image-preview":"max-image-preview:large","max-video-preview":"max-video-preview:-1"},"canonical":"https:\/\/annaps.com\/sv\/sov-gott-och-ostoert\/","og_locale":"sv_SE","og_type":"article","og_title":"Att sova med insulinpump - AnnaPS","og_description":"M\u00e5nga diabetiker upplever att det \u00e4r sv\u00e5rt att sova gott och ost\u00f6rt med deras insulinpump l\u00f6st i s\u00e4ngen. Detta har vi p\u00e5 AnnaPs en l\u00f6sning p\u00e5.","og_url":"https:\/\/annaps.com\/sv\/sov-gott-och-ostoert\/","og_site_name":"AnnaPS","article_publisher":"https:\/\/www.facebook.com\/annaps.scandinavia\/","article_modified_time":"2016-03-09T18:45:57+00:00","twitter_card":"summary_large_image","twitter_misc":{"Ber\u00e4knad l\u00e4stid":"1 minut"},"schema":{"@context":"https:\/\/schema.org","@graph":[{"@type":"WebPage","@id":"https:\/\/annaps.com\/sv\/sov-gott-och-ostoert\/","url":"https:\/\/annaps.com\/sv\/sov-gott-och-ostoert\/","name":"Att sova med insulinpump - AnnaPS","isPartOf":{"@id":"https:\/\/annaps.com\/de\/#website"},"datePublished":"2016-01-11T14:00:09+00:00","dateModified":"2016-03-09T18:45:57+00:00","description":"M\u00e5nga diabetiker upplever att det \u00e4r sv\u00e5rt att sova gott och ost\u00f6rt med deras insulinpump l\u00f6st i s\u00e4ngen. Detta har vi p\u00e5 AnnaPs en l\u00f6sning p\u00e5.","breadcrumb":{"@id":"https:\/\/annaps.com\/sv\/sov-gott-och-ostoert\/#breadcrumb"},"inLanguage":"sv-SE","potentialAction":[{"@type":"ReadAction","target":["https:\/\/annaps.com\/sv\/sov-gott-och-ostoert\/"]}]},{"@type":"BreadcrumbList","@id":"https:\/\/annaps.com\/sv\/sov-gott-och-ostoert\/#breadcrumb","itemListElement":[{"@type":"ListItem","position":1,"name":"Hem","item":"https:\/\/annaps.com\/sv\/"},{"@type":"ListItem","position":2,"name":"Sov gott och ost\u00f6rt"}]},{"@type":"WebSite","@id":"https:\/\/annaps.com\/de\/#website","url":"https:\/\/annaps.com\/de\/","name":"AnnaPS","description":"Det skall vara enkelt att b\u00e4ra!","potentialAction":[{"@type":"SearchAction","target":{"@type":"EntryPoint","urlTemplate":"https:\/\/annaps.com\/de\/?s={search_term_string}"},"query-input":{"@type":"PropertyValueSpecification","valueRequired":true,"valueName":"search_term_string"}}],"inLanguage":"sv-SE"}]}},"_links":{"self":[{"href":"https:\/\/annaps.com\/sv\/wp-json\/wp\/v2\/pages\/2488","targetHints":{"allow":["GET"]}}],"collection":[{"href":"https:\/\/annaps.com\/sv\/wp-json\/wp\/v2\/pages"}],"about":[{"href":"https:\/\/annaps.com\/sv\/wp-json\/wp\/v2\/types\/page"}],"author":[{"embeddable":true,"href":"https:\/\/annaps.com\/sv\/wp-json\/wp\/v2\/users\/1"}],"replies":[{"embeddable":true,"href":"https:\/\/annaps.com\/sv\/wp-json\/wp\/v2\/comments?post=2488"}],"version-history":[{"count":0,"href":"https:\/\/annaps.com\/sv\/wp-json\/wp\/v2\/pages\/2488\/revisions"}],"wp:attachment":[{"href":"https:\/\/annaps.com\/sv\/wp-json\/wp\/v2\/media?parent=2488"}],"curies":[{"name":"wp","href":"https:\/\/api.w.org\/{rel}","templated":true}]}}