{"id":2485,"date":"2016-01-11T13:59:16","date_gmt":"2016-01-11T13:59:16","guid":{"rendered":"https:\/\/www.annaps.com\/?page_id=2485"},"modified":"2016-03-09T18:50:15","modified_gmt":"2016-03-09T18:50:15","slug":"var-handsfree-skippa-vaeskan","status":"publish","type":"page","link":"https:\/\/annaps.com\/sv\/var-handsfree-skippa-vaeskan\/","title":{"rendered":"Var handsfree &#8211; skippa v\u00e4skan"},"content":{"rendered":"<p><span style=\"font-weight: 400;\"> L\u00e4mna pumpv\u00e4skan hemma och b\u00e4r med dig din insulinpump i kl\u00e4der med fickor! Att anv\u00e4nda AnnaPS-produkterna till\u00e5ter dig att vara \u201chandsfree\u201d, att inte beh\u00f6va h\u00e5lla i pumpen. Du riskerar inte att tappa insulinpumpen, eller att rycka ut infusionssetet. Vi ger dig m\u00f6jligheten att l\u00e4mna diabetesv\u00e4skan hemma. Allt du beh\u00f6ver kan du b\u00e4ra i AnnaPS-fickorna. F\u00f6r b\u00e4sta m\u00f6jliga bekv\u00e4mlighet, rekommenderar vi att du v\u00e4ljer en storlek som g\u00f6r plagget tightsittande, vilket garanterar att dina hj\u00e4lpmedel ligger still n\u00e4r du r\u00f6r dig.<\/span><\/p>\n","protected":false},"excerpt":{"rendered":"<p>L\u00e4mna pumpv\u00e4skan hemma och b\u00e4r med dig din insulinpump i kl\u00e4der med fickor! Att anv\u00e4nda AnnaPS-produkterna till\u00e5ter dig att vara \u201chandsfree\u201d, att inte beh\u00f6va h\u00e5lla i pumpen. Du riskerar inte att tappa insulinpumpen, eller att rycka ut infusionssetet. Vi ger dig m\u00f6jligheten att l\u00e4mna diabetesv\u00e4skan hemma. Allt du beh\u00f6ver kan du b\u00e4ra i AnnaPS-fickorna. F\u00f6r [&hellip;]<\/p>\n","protected":false},"author":1,"featured_media":0,"parent":0,"menu_order":118,"comment_status":"closed","ping_status":"closed","template":"","meta":{"_acf_changed":false,"footnotes":""},"class_list":["post-2485","page","type-page","status-publish","hentry"],"acf":[],"yoast_head":"<!-- This site is optimized with the Yoast SEO plugin v27.1.1 - https:\/\/yoast.com\/product\/yoast-seo-wordpress\/ -->\n<title>Handsfree som diabetiker - AnnaPs<\/title>\n<meta name=\"description\" content=\"AnnaPS-produkterna till\u00e5ter dig att vara \u201chandsfree\u201d, att inte beh\u00f6va h\u00e5lla i pumpen. Med v\u00e5r smarta design p\u00e5 v\u00e5ra kl\u00e4der slipper du b\u00e4ra insulinpumpen.\" \/>\n<meta name=\"robots\" content=\"index, follow, max-snippet:-1, max-image-preview:large, max-video-preview:-1\" \/>\n<link rel=\"canonical\" href=\"https:\/\/annaps.com\/sv\/var-handsfree-skippa-vaeskan\/\" \/>\n<meta property=\"og:locale\" content=\"sv_SE\" \/>\n<meta property=\"og:type\" content=\"article\" \/>\n<meta property=\"og:title\" content=\"Handsfree som diabetiker - AnnaPs\" \/>\n<meta property=\"og:description\" content=\"AnnaPS-produkterna till\u00e5ter dig att vara \u201chandsfree\u201d, att inte beh\u00f6va h\u00e5lla i pumpen. Med v\u00e5r smarta design p\u00e5 v\u00e5ra kl\u00e4der slipper du b\u00e4ra insulinpumpen.\" \/>\n<meta property=\"og:url\" content=\"https:\/\/annaps.com\/sv\/var-handsfree-skippa-vaeskan\/\" \/>\n<meta property=\"og:site_name\" content=\"AnnaPS\" \/>\n<meta property=\"article:publisher\" content=\"https:\/\/www.facebook.com\/annaps.scandinavia\/\" \/>\n<meta property=\"article:modified_time\" content=\"2016-03-09T18:50:15+00:00\" \/>\n<meta name=\"twitter:card\" content=\"summary_large_image\" \/>\n<meta name=\"twitter:label1\" content=\"Ber\u00e4knad l\u00e4stid\" \/>\n\t<meta name=\"twitter:data1\" content=\"1 minut\" \/>\n<script type=\"application\/ld+json\" class=\"yoast-schema-graph\">{\"@context\":\"https:\/\/schema.org\",\"@graph\":[{\"@type\":\"WebPage\",\"@id\":\"https:\/\/annaps.com\/sv\/var-handsfree-skippa-vaeskan\/\",\"url\":\"https:\/\/annaps.com\/sv\/var-handsfree-skippa-vaeskan\/\",\"name\":\"Handsfree som diabetiker - AnnaPs\",\"isPartOf\":{\"@id\":\"https:\/\/annaps.com\/de\/#website\"},\"datePublished\":\"2016-01-11T13:59:16+00:00\",\"dateModified\":\"2016-03-09T18:50:15+00:00\",\"description\":\"AnnaPS-produkterna till\u00e5ter dig att vara \u201chandsfree\u201d, att inte beh\u00f6va h\u00e5lla i pumpen. Med v\u00e5r smarta design p\u00e5 v\u00e5ra kl\u00e4der slipper du b\u00e4ra insulinpumpen.\",\"breadcrumb\":{\"@id\":\"https:\/\/annaps.com\/sv\/var-handsfree-skippa-vaeskan\/#breadcrumb\"},\"inLanguage\":\"sv-SE\",\"potentialAction\":[{\"@type\":\"ReadAction\",\"target\":[\"https:\/\/annaps.com\/sv\/var-handsfree-skippa-vaeskan\/\"]}]},{\"@type\":\"BreadcrumbList\",\"@id\":\"https:\/\/annaps.com\/sv\/var-handsfree-skippa-vaeskan\/#breadcrumb\",\"itemListElement\":[{\"@type\":\"ListItem\",\"position\":1,\"name\":\"Hem\",\"item\":\"https:\/\/annaps.com\/sv\/\"},{\"@type\":\"ListItem\",\"position\":2,\"name\":\"Var handsfree &#8211; skippa v\u00e4skan\"}]},{\"@type\":\"WebSite\",\"@id\":\"https:\/\/annaps.com\/de\/#website\",\"url\":\"https:\/\/annaps.com\/de\/\",\"name\":\"AnnaPS\",\"description\":\"Det skall vara enkelt att b\u00e4ra!\",\"potentialAction\":[{\"@type\":\"SearchAction\",\"target\":{\"@type\":\"EntryPoint\",\"urlTemplate\":\"https:\/\/annaps.com\/de\/?s={search_term_string}\"},\"query-input\":{\"@type\":\"PropertyValueSpecification\",\"valueRequired\":true,\"valueName\":\"search_term_string\"}}],\"inLanguage\":\"sv-SE\"}]}<\/script>\n<!-- \/ Yoast SEO plugin. -->","yoast_head_json":{"title":"Handsfree som diabetiker - AnnaPs","description":"AnnaPS-produkterna till\u00e5ter dig att vara \u201chandsfree\u201d, att inte beh\u00f6va h\u00e5lla i pumpen. Med v\u00e5r smarta design p\u00e5 v\u00e5ra kl\u00e4der slipper du b\u00e4ra insulinpumpen.","robots":{"index":"index","follow":"follow","max-snippet":"max-snippet:-1","max-image-preview":"max-image-preview:large","max-video-preview":"max-video-preview:-1"},"canonical":"https:\/\/annaps.com\/sv\/var-handsfree-skippa-vaeskan\/","og_locale":"sv_SE","og_type":"article","og_title":"Handsfree som diabetiker - AnnaPs","og_description":"AnnaPS-produkterna till\u00e5ter dig att vara \u201chandsfree\u201d, att inte beh\u00f6va h\u00e5lla i pumpen. Med v\u00e5r smarta design p\u00e5 v\u00e5ra kl\u00e4der slipper du b\u00e4ra insulinpumpen.","og_url":"https:\/\/annaps.com\/sv\/var-handsfree-skippa-vaeskan\/","og_site_name":"AnnaPS","article_publisher":"https:\/\/www.facebook.com\/annaps.scandinavia\/","article_modified_time":"2016-03-09T18:50:15+00:00","twitter_card":"summary_large_image","twitter_misc":{"Ber\u00e4knad l\u00e4stid":"1 minut"},"schema":{"@context":"https:\/\/schema.org","@graph":[{"@type":"WebPage","@id":"https:\/\/annaps.com\/sv\/var-handsfree-skippa-vaeskan\/","url":"https:\/\/annaps.com\/sv\/var-handsfree-skippa-vaeskan\/","name":"Handsfree som diabetiker - AnnaPs","isPartOf":{"@id":"https:\/\/annaps.com\/de\/#website"},"datePublished":"2016-01-11T13:59:16+00:00","dateModified":"2016-03-09T18:50:15+00:00","description":"AnnaPS-produkterna till\u00e5ter dig att vara \u201chandsfree\u201d, att inte beh\u00f6va h\u00e5lla i pumpen. Med v\u00e5r smarta design p\u00e5 v\u00e5ra kl\u00e4der slipper du b\u00e4ra insulinpumpen.","breadcrumb":{"@id":"https:\/\/annaps.com\/sv\/var-handsfree-skippa-vaeskan\/#breadcrumb"},"inLanguage":"sv-SE","potentialAction":[{"@type":"ReadAction","target":["https:\/\/annaps.com\/sv\/var-handsfree-skippa-vaeskan\/"]}]},{"@type":"BreadcrumbList","@id":"https:\/\/annaps.com\/sv\/var-handsfree-skippa-vaeskan\/#breadcrumb","itemListElement":[{"@type":"ListItem","position":1,"name":"Hem","item":"https:\/\/annaps.com\/sv\/"},{"@type":"ListItem","position":2,"name":"Var handsfree &#8211; skippa v\u00e4skan"}]},{"@type":"WebSite","@id":"https:\/\/annaps.com\/de\/#website","url":"https:\/\/annaps.com\/de\/","name":"AnnaPS","description":"Det skall vara enkelt att b\u00e4ra!","potentialAction":[{"@type":"SearchAction","target":{"@type":"EntryPoint","urlTemplate":"https:\/\/annaps.com\/de\/?s={search_term_string}"},"query-input":{"@type":"PropertyValueSpecification","valueRequired":true,"valueName":"search_term_string"}}],"inLanguage":"sv-SE"}]}},"_links":{"self":[{"href":"https:\/\/annaps.com\/sv\/wp-json\/wp\/v2\/pages\/2485","targetHints":{"allow":["GET"]}}],"collection":[{"href":"https:\/\/annaps.com\/sv\/wp-json\/wp\/v2\/pages"}],"about":[{"href":"https:\/\/annaps.com\/sv\/wp-json\/wp\/v2\/types\/page"}],"author":[{"embeddable":true,"href":"https:\/\/annaps.com\/sv\/wp-json\/wp\/v2\/users\/1"}],"replies":[{"embeddable":true,"href":"https:\/\/annaps.com\/sv\/wp-json\/wp\/v2\/comments?post=2485"}],"version-history":[{"count":0,"href":"https:\/\/annaps.com\/sv\/wp-json\/wp\/v2\/pages\/2485\/revisions"}],"wp:attachment":[{"href":"https:\/\/annaps.com\/sv\/wp-json\/wp\/v2\/media?parent=2485"}],"curies":[{"name":"wp","href":"https:\/\/api.w.org\/{rel}","templated":true}]}}