{"id":247,"date":"2016-01-07T09:12:36","date_gmt":"2016-01-07T09:12:36","guid":{"rendered":"https:\/\/www.annaps.com\/?page_id=247"},"modified":"2018-10-25T08:08:56","modified_gmt":"2018-10-25T06:08:56","slug":"vilka-aer-vi","status":"publish","type":"page","link":"https:\/\/annaps.com\/sv\/om-annaps\/vilka-aer-vi\/","title":{"rendered":"Vilka \u00e4r vi?"},"content":{"rendered":"<p><span style=\"font-weight: 400;\">AnnaPS-teamet \u00e4r ett litet men tajt ett &#8211; best\u00e5ende av m\u00e4nniskor som jobba fr\u00e5n olika delar av Sverige och v\u00e4rlden. Nedan f\u00f6ljer en kort presentation av oss, men tveka inte p\u00e5 att h\u00f6ra av er ifall ni \u00e4r intresserade av att veta mer!<\/span><\/p>\n","protected":false},"excerpt":{"rendered":"<p>AnnaPS-teamet \u00e4r ett litet men tajt ett &#8211; best\u00e5ende av m\u00e4nniskor som jobba fr\u00e5n olika delar av Sverige och v\u00e4rlden. Nedan f\u00f6ljer en kort presentation av oss, men tveka inte p\u00e5 att h\u00f6ra av er ifall ni \u00e4r intresserade av att veta mer!<\/p>\n","protected":false},"author":1,"featured_media":0,"parent":6436,"menu_order":4,"comment_status":"closed","ping_status":"closed","template":"","meta":{"_acf_changed":false,"footnotes":""},"class_list":["post-247","page","type-page","status-publish","hentry"],"acf":[],"yoast_head":"<!-- This site is optimized with the Yoast SEO plugin v27.1.1 - https:\/\/yoast.com\/product\/yoast-seo-wordpress\/ -->\n<title>Diabeteskl\u00e4der med fickor f\u00f6r ett enklare diabetesliv | AnnaPS<\/title>\n<meta name=\"description\" content=\"Vi har tagit fram kl\u00e4der som ska passa dig med diabetes. Plagg f\u00f6r dam, herr och barn, f\u00f6r att slippa diabetesv\u00e4skan i vardagen, p\u00e5 tr\u00e4ningen och i badet.\" \/>\n<meta name=\"robots\" content=\"index, follow, max-snippet:-1, max-image-preview:large, max-video-preview:-1\" \/>\n<link rel=\"canonical\" href=\"https:\/\/annaps.com\/sv\/om-annaps\/vilka-aer-vi\/\" \/>\n<meta property=\"og:locale\" content=\"sv_SE\" \/>\n<meta property=\"og:type\" content=\"article\" \/>\n<meta property=\"og:title\" content=\"Diabeteskl\u00e4der med fickor f\u00f6r ett enklare diabetesliv | AnnaPS\" \/>\n<meta property=\"og:description\" content=\"Vi har tagit fram kl\u00e4der som ska passa dig med diabetes. Plagg f\u00f6r dam, herr och barn, f\u00f6r att slippa diabetesv\u00e4skan i vardagen, p\u00e5 tr\u00e4ningen och i badet.\" \/>\n<meta property=\"og:url\" content=\"https:\/\/annaps.com\/sv\/om-annaps\/vilka-aer-vi\/\" \/>\n<meta property=\"og:site_name\" content=\"AnnaPS\" \/>\n<meta property=\"article:publisher\" content=\"https:\/\/www.facebook.com\/annaps.scandinavia\/\" \/>\n<meta property=\"article:modified_time\" content=\"2018-10-25T06:08:56+00:00\" \/>\n<meta name=\"twitter:card\" content=\"summary_large_image\" \/>\n<script type=\"application\/ld+json\" class=\"yoast-schema-graph\">{\"@context\":\"https:\/\/schema.org\",\"@graph\":[{\"@type\":\"WebPage\",\"@id\":\"https:\/\/annaps.com\/sv\/om-annaps\/vilka-aer-vi\/\",\"url\":\"https:\/\/annaps.com\/sv\/om-annaps\/vilka-aer-vi\/\",\"name\":\"Diabeteskl\u00e4der med fickor f\u00f6r ett enklare diabetesliv | AnnaPS\",\"isPartOf\":{\"@id\":\"https:\/\/annaps.com\/de\/#website\"},\"datePublished\":\"2016-01-07T09:12:36+00:00\",\"dateModified\":\"2018-10-25T06:08:56+00:00\",\"description\":\"Vi har tagit fram kl\u00e4der som ska passa dig med diabetes. Plagg f\u00f6r dam, herr och barn, f\u00f6r att slippa diabetesv\u00e4skan i vardagen, p\u00e5 tr\u00e4ningen och i badet.\",\"breadcrumb\":{\"@id\":\"https:\/\/annaps.com\/sv\/om-annaps\/vilka-aer-vi\/#breadcrumb\"},\"inLanguage\":\"sv-SE\",\"potentialAction\":[{\"@type\":\"ReadAction\",\"target\":[\"https:\/\/annaps.com\/sv\/om-annaps\/vilka-aer-vi\/\"]}]},{\"@type\":\"BreadcrumbList\",\"@id\":\"https:\/\/annaps.com\/sv\/om-annaps\/vilka-aer-vi\/#breadcrumb\",\"itemListElement\":[{\"@type\":\"ListItem\",\"position\":1,\"name\":\"Hem\",\"item\":\"https:\/\/annaps.com\/sv\/\"},{\"@type\":\"ListItem\",\"position\":2,\"name\":\"Om AnnaPS\",\"item\":\"https:\/\/annaps.com\/sv\/om-annaps\/\"},{\"@type\":\"ListItem\",\"position\":3,\"name\":\"Vilka \u00e4r vi?\"}]},{\"@type\":\"WebSite\",\"@id\":\"https:\/\/annaps.com\/de\/#website\",\"url\":\"https:\/\/annaps.com\/de\/\",\"name\":\"AnnaPS\",\"description\":\"Det skall vara enkelt att b\u00e4ra!\",\"potentialAction\":[{\"@type\":\"SearchAction\",\"target\":{\"@type\":\"EntryPoint\",\"urlTemplate\":\"https:\/\/annaps.com\/de\/?s={search_term_string}\"},\"query-input\":{\"@type\":\"PropertyValueSpecification\",\"valueRequired\":true,\"valueName\":\"search_term_string\"}}],\"inLanguage\":\"sv-SE\"}]}<\/script>\n<!-- \/ Yoast SEO plugin. -->","yoast_head_json":{"title":"Diabeteskl\u00e4der med fickor f\u00f6r ett enklare diabetesliv | AnnaPS","description":"Vi har tagit fram kl\u00e4der som ska passa dig med diabetes. Plagg f\u00f6r dam, herr och barn, f\u00f6r att slippa diabetesv\u00e4skan i vardagen, p\u00e5 tr\u00e4ningen och i badet.","robots":{"index":"index","follow":"follow","max-snippet":"max-snippet:-1","max-image-preview":"max-image-preview:large","max-video-preview":"max-video-preview:-1"},"canonical":"https:\/\/annaps.com\/sv\/om-annaps\/vilka-aer-vi\/","og_locale":"sv_SE","og_type":"article","og_title":"Diabeteskl\u00e4der med fickor f\u00f6r ett enklare diabetesliv | AnnaPS","og_description":"Vi har tagit fram kl\u00e4der som ska passa dig med diabetes. Plagg f\u00f6r dam, herr och barn, f\u00f6r att slippa diabetesv\u00e4skan i vardagen, p\u00e5 tr\u00e4ningen och i badet.","og_url":"https:\/\/annaps.com\/sv\/om-annaps\/vilka-aer-vi\/","og_site_name":"AnnaPS","article_publisher":"https:\/\/www.facebook.com\/annaps.scandinavia\/","article_modified_time":"2018-10-25T06:08:56+00:00","twitter_card":"summary_large_image","schema":{"@context":"https:\/\/schema.org","@graph":[{"@type":"WebPage","@id":"https:\/\/annaps.com\/sv\/om-annaps\/vilka-aer-vi\/","url":"https:\/\/annaps.com\/sv\/om-annaps\/vilka-aer-vi\/","name":"Diabeteskl\u00e4der med fickor f\u00f6r ett enklare diabetesliv | AnnaPS","isPartOf":{"@id":"https:\/\/annaps.com\/de\/#website"},"datePublished":"2016-01-07T09:12:36+00:00","dateModified":"2018-10-25T06:08:56+00:00","description":"Vi har tagit fram kl\u00e4der som ska passa dig med diabetes. Plagg f\u00f6r dam, herr och barn, f\u00f6r att slippa diabetesv\u00e4skan i vardagen, p\u00e5 tr\u00e4ningen och i badet.","breadcrumb":{"@id":"https:\/\/annaps.com\/sv\/om-annaps\/vilka-aer-vi\/#breadcrumb"},"inLanguage":"sv-SE","potentialAction":[{"@type":"ReadAction","target":["https:\/\/annaps.com\/sv\/om-annaps\/vilka-aer-vi\/"]}]},{"@type":"BreadcrumbList","@id":"https:\/\/annaps.com\/sv\/om-annaps\/vilka-aer-vi\/#breadcrumb","itemListElement":[{"@type":"ListItem","position":1,"name":"Hem","item":"https:\/\/annaps.com\/sv\/"},{"@type":"ListItem","position":2,"name":"Om AnnaPS","item":"https:\/\/annaps.com\/sv\/om-annaps\/"},{"@type":"ListItem","position":3,"name":"Vilka \u00e4r vi?"}]},{"@type":"WebSite","@id":"https:\/\/annaps.com\/de\/#website","url":"https:\/\/annaps.com\/de\/","name":"AnnaPS","description":"Det skall vara enkelt att b\u00e4ra!","potentialAction":[{"@type":"SearchAction","target":{"@type":"EntryPoint","urlTemplate":"https:\/\/annaps.com\/de\/?s={search_term_string}"},"query-input":{"@type":"PropertyValueSpecification","valueRequired":true,"valueName":"search_term_string"}}],"inLanguage":"sv-SE"}]}},"_links":{"self":[{"href":"https:\/\/annaps.com\/sv\/wp-json\/wp\/v2\/pages\/247","targetHints":{"allow":["GET"]}}],"collection":[{"href":"https:\/\/annaps.com\/sv\/wp-json\/wp\/v2\/pages"}],"about":[{"href":"https:\/\/annaps.com\/sv\/wp-json\/wp\/v2\/types\/page"}],"author":[{"embeddable":true,"href":"https:\/\/annaps.com\/sv\/wp-json\/wp\/v2\/users\/1"}],"replies":[{"embeddable":true,"href":"https:\/\/annaps.com\/sv\/wp-json\/wp\/v2\/comments?post=247"}],"version-history":[{"count":1,"href":"https:\/\/annaps.com\/sv\/wp-json\/wp\/v2\/pages\/247\/revisions"}],"predecessor-version":[{"id":29179,"href":"https:\/\/annaps.com\/sv\/wp-json\/wp\/v2\/pages\/247\/revisions\/29179"}],"up":[{"embeddable":true,"href":"https:\/\/annaps.com\/sv\/wp-json\/wp\/v2\/pages\/6436"}],"wp:attachment":[{"href":"https:\/\/annaps.com\/sv\/wp-json\/wp\/v2\/media?parent=247"}],"curies":[{"name":"wp","href":"https:\/\/api.w.org\/{rel}","templated":true}]}}