{"id":2396,"date":"2016-01-11T12:49:10","date_gmt":"2016-01-11T12:49:10","guid":{"rendered":"https:\/\/www.annaps.com\/?page_id=2396"},"modified":"2018-10-25T08:11:07","modified_gmt":"2018-10-25T06:11:07","slug":"stoettande-kollegor","status":"publish","type":"page","link":"https:\/\/annaps.com\/sv\/om-annaps\/vilka-aer-vi\/stoettande-kollegor\/","title":{"rendered":"St\u00f6ttande kollegor"},"content":{"rendered":"<p>Vi vill g\u00e4rna presentera v\u00e5ra medarbetare och konsulter vi arbetar med:<\/p>\n<p><strong>MARKNAD OCH LOGISTIK: Per Sj\u00f6berg\u00a0<\/strong>\u00e4r anst\u00e4lld i bolaget sedan 2016. Per har kontakt med v\u00e5ra \u00e5terf\u00f6rs\u00e4ljare och kunder, ser till att alla f\u00e5r sina leveranser och utvecklar v\u00e5r webbshop och andra s\u00e4ljkanaler.<\/p>\n<p><b>DESIGN OCH F\u00c4RG: Frida Eklund Edman<\/b> <i><span style=\"font-weight: 400;\">(Art Director)<\/span><\/i><span style=\"font-weight: 400;\">\u00a0hj\u00e4lper oss p\u00e5 AnnaPS bland annat genom att skapa v\u00e5ra tryck, f\u00e4rgval, layout och grafisk formgivning av etiketter, f\u00f6rpackningar med mera. Vid sidan av sin designbyr\u00e5 driver hon ocks\u00e5 instagramkontot @fridasfina.\u00a0 <\/span><\/p>\n<p><b>FOTO: Frida Karlsson<\/b><span style=\"font-weight: 400;\">\u00a0fotograferar AnnaPS-produkterna och ser till att v\u00e5rt fotomaterial alltid \u00e4r uppdaterat.<\/span><\/p>\n<p><b>SAMARBETSPARTNER: Sofia Larsson-Stern<i>\u00a0<\/i><\/b>\u00e4r medf\u00f6rfattare till v\u00e5r bok &#8221;Vi kan, vill och v\u00e5gar&#8230; och vi har typ-1 diabetes&#8221;. Sofia bor i G\u00f6teborg, d\u00e4r hon \u00a0bland annat driver sitt eget f\u00f6retag och sin diabetesblogg &#8221;Diabetesia&#8221;. Hon diagnosticerades med typ 1-diabetes \u00e5r 2008, och har \u00e4nda sedan dess brunnit f\u00f6r att sprida kunskap om sjukdomen i samh\u00e4llet. Idag skulle hon aldrig kunna g\u00e5 tillbaka till att anv\u00e4nda pumpv\u00e4skor, utan b\u00e4r alltid sin insulinpump i AnnaPS-kl\u00e4derna.<\/p>\n","protected":false},"excerpt":{"rendered":"<p>Vi vill g\u00e4rna presentera v\u00e5ra medarbetare och konsulter vi arbetar med: MARKNAD OCH LOGISTIK: Per Sj\u00f6berg\u00a0\u00e4r anst\u00e4lld i bolaget sedan 2016. Per har kontakt med v\u00e5ra \u00e5terf\u00f6rs\u00e4ljare och kunder, ser till att alla f\u00e5r sina leveranser och utvecklar v\u00e5r webbshop och andra s\u00e4ljkanaler. DESIGN OCH F\u00c4RG: Frida Eklund Edman (Art Director)\u00a0hj\u00e4lper oss p\u00e5 AnnaPS bland [&hellip;]<\/p>\n","protected":false},"author":1,"featured_media":0,"parent":247,"menu_order":3,"comment_status":"closed","ping_status":"closed","template":"","meta":{"_acf_changed":false,"footnotes":""},"class_list":["post-2396","page","type-page","status-publish","hentry"],"acf":[],"yoast_head":"<!-- This site is optimized with the Yoast SEO plugin v27.1.1 - https:\/\/yoast.com\/product\/yoast-seo-wordpress\/ -->\n<title>St\u00f6ttande kollegor - f\u00f6r framtagande av diabeteskl\u00e4der | AnnaPS<\/title>\n<meta name=\"description\" content=\"P\u00e5 AnnaPS hj\u00e4lper alla kollegor till att ta fram de b\u00e4sta diabeteskl\u00e4derna! Bes\u00f6k v\u00e5r webbplats f\u00f6r mer information om oss och om v\u00e5ra produkter. V\u00e4lkommen!\" \/>\n<meta name=\"robots\" content=\"index, follow, max-snippet:-1, max-image-preview:large, max-video-preview:-1\" \/>\n<link rel=\"canonical\" href=\"https:\/\/annaps.com\/sv\/om-annaps\/vilka-aer-vi\/stoettande-kollegor\/\" \/>\n<meta property=\"og:locale\" content=\"sv_SE\" \/>\n<meta property=\"og:type\" content=\"article\" \/>\n<meta property=\"og:title\" content=\"St\u00f6ttande kollegor - f\u00f6r framtagande av diabeteskl\u00e4der | AnnaPS\" \/>\n<meta property=\"og:description\" content=\"P\u00e5 AnnaPS hj\u00e4lper alla kollegor till att ta fram de b\u00e4sta diabeteskl\u00e4derna! Bes\u00f6k v\u00e5r webbplats f\u00f6r mer information om oss och om v\u00e5ra produkter. V\u00e4lkommen!\" \/>\n<meta property=\"og:url\" content=\"https:\/\/annaps.com\/sv\/om-annaps\/vilka-aer-vi\/stoettande-kollegor\/\" \/>\n<meta property=\"og:site_name\" content=\"AnnaPS\" \/>\n<meta property=\"article:publisher\" content=\"https:\/\/www.facebook.com\/annaps.scandinavia\/\" \/>\n<meta property=\"article:modified_time\" content=\"2018-10-25T06:11:07+00:00\" \/>\n<meta name=\"twitter:card\" content=\"summary_large_image\" \/>\n<meta name=\"twitter:label1\" content=\"Ber\u00e4knad l\u00e4stid\" \/>\n\t<meta name=\"twitter:data1\" content=\"1 minut\" \/>\n<script type=\"application\/ld+json\" class=\"yoast-schema-graph\">{\"@context\":\"https:\/\/schema.org\",\"@graph\":[{\"@type\":\"WebPage\",\"@id\":\"https:\/\/annaps.com\/sv\/om-annaps\/vilka-aer-vi\/stoettande-kollegor\/\",\"url\":\"https:\/\/annaps.com\/sv\/om-annaps\/vilka-aer-vi\/stoettande-kollegor\/\",\"name\":\"St\u00f6ttande kollegor - f\u00f6r framtagande av diabeteskl\u00e4der | AnnaPS\",\"isPartOf\":{\"@id\":\"https:\/\/annaps.com\/de\/#website\"},\"datePublished\":\"2016-01-11T12:49:10+00:00\",\"dateModified\":\"2018-10-25T06:11:07+00:00\",\"description\":\"P\u00e5 AnnaPS hj\u00e4lper alla kollegor till att ta fram de b\u00e4sta diabeteskl\u00e4derna! Bes\u00f6k v\u00e5r webbplats f\u00f6r mer information om oss och om v\u00e5ra produkter. V\u00e4lkommen!\",\"breadcrumb\":{\"@id\":\"https:\/\/annaps.com\/sv\/om-annaps\/vilka-aer-vi\/stoettande-kollegor\/#breadcrumb\"},\"inLanguage\":\"sv-SE\",\"potentialAction\":[{\"@type\":\"ReadAction\",\"target\":[\"https:\/\/annaps.com\/sv\/om-annaps\/vilka-aer-vi\/stoettande-kollegor\/\"]}]},{\"@type\":\"BreadcrumbList\",\"@id\":\"https:\/\/annaps.com\/sv\/om-annaps\/vilka-aer-vi\/stoettande-kollegor\/#breadcrumb\",\"itemListElement\":[{\"@type\":\"ListItem\",\"position\":1,\"name\":\"Hem\",\"item\":\"https:\/\/annaps.com\/sv\/\"},{\"@type\":\"ListItem\",\"position\":2,\"name\":\"Om AnnaPS\",\"item\":\"https:\/\/annaps.com\/sv\/om-annaps\/\"},{\"@type\":\"ListItem\",\"position\":3,\"name\":\"Vilka \u00e4r vi?\",\"item\":\"https:\/\/annaps.com\/sv\/om-annaps\/vilka-aer-vi\/\"},{\"@type\":\"ListItem\",\"position\":4,\"name\":\"St\u00f6ttande kollegor\"}]},{\"@type\":\"WebSite\",\"@id\":\"https:\/\/annaps.com\/de\/#website\",\"url\":\"https:\/\/annaps.com\/de\/\",\"name\":\"AnnaPS\",\"description\":\"Det skall vara enkelt att b\u00e4ra!\",\"potentialAction\":[{\"@type\":\"SearchAction\",\"target\":{\"@type\":\"EntryPoint\",\"urlTemplate\":\"https:\/\/annaps.com\/de\/?s={search_term_string}\"},\"query-input\":{\"@type\":\"PropertyValueSpecification\",\"valueRequired\":true,\"valueName\":\"search_term_string\"}}],\"inLanguage\":\"sv-SE\"}]}<\/script>\n<!-- \/ Yoast SEO plugin. -->","yoast_head_json":{"title":"St\u00f6ttande kollegor - f\u00f6r framtagande av diabeteskl\u00e4der | AnnaPS","description":"P\u00e5 AnnaPS hj\u00e4lper alla kollegor till att ta fram de b\u00e4sta diabeteskl\u00e4derna! Bes\u00f6k v\u00e5r webbplats f\u00f6r mer information om oss och om v\u00e5ra produkter. V\u00e4lkommen!","robots":{"index":"index","follow":"follow","max-snippet":"max-snippet:-1","max-image-preview":"max-image-preview:large","max-video-preview":"max-video-preview:-1"},"canonical":"https:\/\/annaps.com\/sv\/om-annaps\/vilka-aer-vi\/stoettande-kollegor\/","og_locale":"sv_SE","og_type":"article","og_title":"St\u00f6ttande kollegor - f\u00f6r framtagande av diabeteskl\u00e4der | AnnaPS","og_description":"P\u00e5 AnnaPS hj\u00e4lper alla kollegor till att ta fram de b\u00e4sta diabeteskl\u00e4derna! Bes\u00f6k v\u00e5r webbplats f\u00f6r mer information om oss och om v\u00e5ra produkter. V\u00e4lkommen!","og_url":"https:\/\/annaps.com\/sv\/om-annaps\/vilka-aer-vi\/stoettande-kollegor\/","og_site_name":"AnnaPS","article_publisher":"https:\/\/www.facebook.com\/annaps.scandinavia\/","article_modified_time":"2018-10-25T06:11:07+00:00","twitter_card":"summary_large_image","twitter_misc":{"Ber\u00e4knad l\u00e4stid":"1 minut"},"schema":{"@context":"https:\/\/schema.org","@graph":[{"@type":"WebPage","@id":"https:\/\/annaps.com\/sv\/om-annaps\/vilka-aer-vi\/stoettande-kollegor\/","url":"https:\/\/annaps.com\/sv\/om-annaps\/vilka-aer-vi\/stoettande-kollegor\/","name":"St\u00f6ttande kollegor - f\u00f6r framtagande av diabeteskl\u00e4der | AnnaPS","isPartOf":{"@id":"https:\/\/annaps.com\/de\/#website"},"datePublished":"2016-01-11T12:49:10+00:00","dateModified":"2018-10-25T06:11:07+00:00","description":"P\u00e5 AnnaPS hj\u00e4lper alla kollegor till att ta fram de b\u00e4sta diabeteskl\u00e4derna! Bes\u00f6k v\u00e5r webbplats f\u00f6r mer information om oss och om v\u00e5ra produkter. V\u00e4lkommen!","breadcrumb":{"@id":"https:\/\/annaps.com\/sv\/om-annaps\/vilka-aer-vi\/stoettande-kollegor\/#breadcrumb"},"inLanguage":"sv-SE","potentialAction":[{"@type":"ReadAction","target":["https:\/\/annaps.com\/sv\/om-annaps\/vilka-aer-vi\/stoettande-kollegor\/"]}]},{"@type":"BreadcrumbList","@id":"https:\/\/annaps.com\/sv\/om-annaps\/vilka-aer-vi\/stoettande-kollegor\/#breadcrumb","itemListElement":[{"@type":"ListItem","position":1,"name":"Hem","item":"https:\/\/annaps.com\/sv\/"},{"@type":"ListItem","position":2,"name":"Om AnnaPS","item":"https:\/\/annaps.com\/sv\/om-annaps\/"},{"@type":"ListItem","position":3,"name":"Vilka \u00e4r vi?","item":"https:\/\/annaps.com\/sv\/om-annaps\/vilka-aer-vi\/"},{"@type":"ListItem","position":4,"name":"St\u00f6ttande kollegor"}]},{"@type":"WebSite","@id":"https:\/\/annaps.com\/de\/#website","url":"https:\/\/annaps.com\/de\/","name":"AnnaPS","description":"Det skall vara enkelt att b\u00e4ra!","potentialAction":[{"@type":"SearchAction","target":{"@type":"EntryPoint","urlTemplate":"https:\/\/annaps.com\/de\/?s={search_term_string}"},"query-input":{"@type":"PropertyValueSpecification","valueRequired":true,"valueName":"search_term_string"}}],"inLanguage":"sv-SE"}]}},"_links":{"self":[{"href":"https:\/\/annaps.com\/sv\/wp-json\/wp\/v2\/pages\/2396","targetHints":{"allow":["GET"]}}],"collection":[{"href":"https:\/\/annaps.com\/sv\/wp-json\/wp\/v2\/pages"}],"about":[{"href":"https:\/\/annaps.com\/sv\/wp-json\/wp\/v2\/types\/page"}],"author":[{"embeddable":true,"href":"https:\/\/annaps.com\/sv\/wp-json\/wp\/v2\/users\/1"}],"replies":[{"embeddable":true,"href":"https:\/\/annaps.com\/sv\/wp-json\/wp\/v2\/comments?post=2396"}],"version-history":[{"count":2,"href":"https:\/\/annaps.com\/sv\/wp-json\/wp\/v2\/pages\/2396\/revisions"}],"predecessor-version":[{"id":28891,"href":"https:\/\/annaps.com\/sv\/wp-json\/wp\/v2\/pages\/2396\/revisions\/28891"}],"up":[{"embeddable":true,"href":"https:\/\/annaps.com\/sv\/wp-json\/wp\/v2\/pages\/247"}],"wp:attachment":[{"href":"https:\/\/annaps.com\/sv\/wp-json\/wp\/v2\/media?parent=2396"}],"curies":[{"name":"wp","href":"https:\/\/api.w.org\/{rel}","templated":true}]}}