{"id":13201,"date":"2017-03-07T14:06:53","date_gmt":"2017-03-07T13:06:53","guid":{"rendered":"https:\/\/www.annaps.com\/?page_id=13201"},"modified":"2017-03-07T14:06:53","modified_gmt":"2017-03-07T13:06:53","slug":"frukost-eller-mellanmaal-granola","status":"publish","type":"page","link":"https:\/\/annaps.com\/sv\/frukost-eller-mellanmaal-granola\/","title":{"rendered":"Frukost eller mellanm\u00e5l: Granola"},"content":{"rendered":"<p><a href=\"https:\/\/annaps.com\/wordpress\/content\/uploads\/2017\/03\/IMG_8645-red_kvadrat-1.jpg\"><img loading=\"lazy\" decoding=\"async\" class=\"alignnone wp-image-13202\" src=\"https:\/\/annaps.com\/wordpress\/content\/uploads\/2017\/03\/IMG_8645-red_kvadrat-1.jpg\" width=\"870\" height=\"870\" srcset=\"https:\/\/annaps.com\/content\/uploads\/2017\/03\/IMG_8645-red_kvadrat-1.jpg 1024w, https:\/\/annaps.com\/content\/uploads\/2017\/03\/IMG_8645-red_kvadrat-1-150x150.jpg 150w, https:\/\/annaps.com\/content\/uploads\/2017\/03\/IMG_8645-red_kvadrat-1-300x300.jpg 300w, https:\/\/annaps.com\/content\/uploads\/2017\/03\/IMG_8645-red_kvadrat-1-768x768.jpg 768w, https:\/\/annaps.com\/content\/uploads\/2017\/03\/IMG_8645-red_kvadrat-1-200x200.jpg 200w, https:\/\/annaps.com\/content\/uploads\/2017\/03\/IMG_8645-red_kvadrat-1-870x870.jpg 870w, https:\/\/annaps.com\/content\/uploads\/2017\/03\/IMG_8645-red_kvadrat-1-455x455.jpg 455w, https:\/\/annaps.com\/content\/uploads\/2017\/03\/IMG_8645-red_kvadrat-1-100x100.jpg 100w, https:\/\/annaps.com\/content\/uploads\/2017\/03\/IMG_8645-red_kvadrat-1-55x55.jpg 55w, https:\/\/annaps.com\/content\/uploads\/2017\/03\/IMG_8645-red_kvadrat-1-180x180.jpg 180w, https:\/\/annaps.com\/content\/uploads\/2017\/03\/IMG_8645-red_kvadrat-1-600x600.jpg 600w\" sizes=\"auto, (max-width: 870px) 100vw, 870px\" \/><\/a><\/p>\n<p><strong>Granola<\/strong><\/p>\n<p><em>Perfekt att servera med din favorit yoghurt\/fil till frukost eller varf\u00f6r inte blanda ner f\u00f6r att f\u00e5 en matigare smoothie. Passar bra b\u00e5de till frukost, mellanm\u00e5l och till kv\u00e4llsm\u00e5l. Granolan kan \u00e4ven anv\u00e4ndas som topping av olika typer av bakverk och desserter.\u00a0<\/em><\/p>\n<p><strong>Ingredienser:<\/strong><\/p>\n<p>5 dl havregryn<\/p>\n<p>1 dl hasseln\u00f6tter<\/p>\n<p>1 dl s\u00f6tmandel<\/p>\n<p>1 dl kokosflarn<\/p>\n<p>1\/2 dl pumpak\u00e4rnor<\/p>\n<p>1 tsk kanel<\/p>\n<p>1 tsk kardemumma<\/p>\n<p>1\/2 dl honung<\/p>\n<p>1-2 dl vatten<\/p>\n<p><strong>G\u00f6r s\u00e5 h\u00e4r:<\/strong><\/p>\n<p><em>S\u00e4tt ugnen p\u00e5 175 grader.\u00a0<\/em><\/p>\n<p><em>Blanda ihop alla ingredienser i en stor sk\u00e5l.\u00a0<\/em><\/p>\n<p><em>F\u00f6rdela granolan p\u00e5 en bakpapperskl\u00e4dd pl\u00e5t. Tillaga i ugnen i 20 minuter. R\u00f6r om var femte minut f\u00f6r att undvika br\u00e4nd granola.\u00a0<\/em><\/p>\n<p><em>L\u00e5t svalna.\u00a0<\/em><\/p>\n<p><em>T\u00e4nk p\u00e5 att granolan f\u00e5r den torra och knapriga konsistensen efter att den har f\u00e5tt svalna!<\/em><\/p>\n<p><em>F\u00f6rvara din granola i en glasburk som har t\u00e4ttslutande lock.\u00a0<\/em><\/p>\n<p>Tips: Har du tid och ett t\u00e5lamod av guld rekommenderar jag att l\u00e5ta granolan gr\u00e4ddas under 100 grader. R\u00e4kna med att granolan blir klar efter ungef\u00e4r 2 timmar. Detta tips \u00e4r f\u00f6r dig som vill bevara alla n\u00e4rings\u00e4mnen som finns i granolan.<\/p>\n<p><strong>Sara Mob\u00e4ck, &#8221;Diabeteskvinnan&#8221;<\/strong><\/p>\n<p>Recept publicerat 7 mars 2017<\/p>\n","protected":false},"excerpt":{"rendered":"<p>Granola Perfekt att servera med din favorit yoghurt\/fil till frukost eller varf\u00f6r inte blanda ner f\u00f6r att f\u00e5 en matigare smoothie. Passar bra b\u00e5de till frukost, mellanm\u00e5l och till kv\u00e4llsm\u00e5l. Granolan kan \u00e4ven anv\u00e4ndas som topping av olika typer av bakverk och desserter.\u00a0 Ingredienser: 5 dl havregryn 1 dl hasseln\u00f6tter 1 dl s\u00f6tmandel 1 dl [&hellip;]<\/p>\n","protected":false},"author":3,"featured_media":0,"parent":0,"menu_order":0,"comment_status":"closed","ping_status":"closed","template":"","meta":{"_acf_changed":false,"footnotes":""},"class_list":["post-13201","page","type-page","status-publish","hentry"],"acf":[],"yoast_head":"<!-- This site is optimized with the Yoast SEO plugin v27.1.1 - https:\/\/yoast.com\/product\/yoast-seo-wordpress\/ -->\n<title>Frukost eller mellanm\u00e5l: Granola - AnnaPS<\/title>\n<meta name=\"description\" content=\"AnnaPS makes clothes with integrated pockets to carry your diabetes devices such as insulin pump, pen and glucose meter. Stylish, high quality, functional and environmental focus.\" \/>\n<meta name=\"robots\" content=\"index, follow, max-snippet:-1, max-image-preview:large, max-video-preview:-1\" \/>\n<link rel=\"canonical\" href=\"https:\/\/annaps.com\/sv\/frukost-eller-mellanmaal-granola\/\" \/>\n<meta property=\"og:locale\" content=\"sv_SE\" \/>\n<meta property=\"og:type\" content=\"article\" \/>\n<meta property=\"og:title\" content=\"Frukost eller mellanm\u00e5l: Granola - AnnaPS\" \/>\n<meta property=\"og:description\" content=\"AnnaPS makes clothes with integrated pockets to carry your diabetes devices such as insulin pump, pen and glucose meter. Stylish, high quality, functional and environmental focus.\" \/>\n<meta property=\"og:url\" content=\"https:\/\/annaps.com\/sv\/frukost-eller-mellanmaal-granola\/\" \/>\n<meta property=\"og:site_name\" content=\"AnnaPS\" \/>\n<meta property=\"article:publisher\" content=\"https:\/\/www.facebook.com\/annaps.scandinavia\/\" \/>\n<meta property=\"og:image\" content=\"https:\/\/annaps.com\/wordpress\/content\/uploads\/2017\/03\/IMG_8645-red_kvadrat-1.jpg\" \/>\n<meta name=\"twitter:card\" content=\"summary_large_image\" \/>\n<meta name=\"twitter:label1\" content=\"Ber\u00e4knad l\u00e4stid\" \/>\n\t<meta name=\"twitter:data1\" content=\"1 minut\" \/>\n<script type=\"application\/ld+json\" class=\"yoast-schema-graph\">{\"@context\":\"https:\/\/schema.org\",\"@graph\":[{\"@type\":\"WebPage\",\"@id\":\"https:\/\/annaps.com\/sv\/frukost-eller-mellanmaal-granola\/\",\"url\":\"https:\/\/annaps.com\/sv\/frukost-eller-mellanmaal-granola\/\",\"name\":\"Frukost eller mellanm\u00e5l: Granola - AnnaPS\",\"isPartOf\":{\"@id\":\"https:\/\/annaps.com\/de\/#website\"},\"primaryImageOfPage\":{\"@id\":\"https:\/\/annaps.com\/sv\/frukost-eller-mellanmaal-granola\/#primaryimage\"},\"image\":{\"@id\":\"https:\/\/annaps.com\/sv\/frukost-eller-mellanmaal-granola\/#primaryimage\"},\"thumbnailUrl\":\"https:\/\/annaps.com\/wordpress\/content\/uploads\/2017\/03\/IMG_8645-red_kvadrat-1.jpg\",\"datePublished\":\"2017-03-07T13:06:53+00:00\",\"description\":\"AnnaPS makes clothes with integrated pockets to carry your diabetes devices such as insulin pump, pen and glucose meter. Stylish, high quality, functional and environmental focus.\",\"breadcrumb\":{\"@id\":\"https:\/\/annaps.com\/sv\/frukost-eller-mellanmaal-granola\/#breadcrumb\"},\"inLanguage\":\"sv-SE\",\"potentialAction\":[{\"@type\":\"ReadAction\",\"target\":[\"https:\/\/annaps.com\/sv\/frukost-eller-mellanmaal-granola\/\"]}]},{\"@type\":\"ImageObject\",\"inLanguage\":\"sv-SE\",\"@id\":\"https:\/\/annaps.com\/sv\/frukost-eller-mellanmaal-granola\/#primaryimage\",\"url\":\"https:\/\/annaps.com\/wordpress\/content\/uploads\/2017\/03\/IMG_8645-red_kvadrat-1.jpg\",\"contentUrl\":\"https:\/\/annaps.com\/wordpress\/content\/uploads\/2017\/03\/IMG_8645-red_kvadrat-1.jpg\"},{\"@type\":\"BreadcrumbList\",\"@id\":\"https:\/\/annaps.com\/sv\/frukost-eller-mellanmaal-granola\/#breadcrumb\",\"itemListElement\":[{\"@type\":\"ListItem\",\"position\":1,\"name\":\"Hem\",\"item\":\"https:\/\/annaps.com\/sv\/\"},{\"@type\":\"ListItem\",\"position\":2,\"name\":\"Frukost eller mellanm\u00e5l: Granola\"}]},{\"@type\":\"WebSite\",\"@id\":\"https:\/\/annaps.com\/de\/#website\",\"url\":\"https:\/\/annaps.com\/de\/\",\"name\":\"AnnaPS\",\"description\":\"Det skall vara enkelt att b\u00e4ra!\",\"potentialAction\":[{\"@type\":\"SearchAction\",\"target\":{\"@type\":\"EntryPoint\",\"urlTemplate\":\"https:\/\/annaps.com\/de\/?s={search_term_string}\"},\"query-input\":{\"@type\":\"PropertyValueSpecification\",\"valueRequired\":true,\"valueName\":\"search_term_string\"}}],\"inLanguage\":\"sv-SE\"}]}<\/script>\n<!-- \/ Yoast SEO plugin. -->","yoast_head_json":{"title":"Frukost eller mellanm\u00e5l: Granola - AnnaPS","description":"AnnaPS makes clothes with integrated pockets to carry your diabetes devices such as insulin pump, pen and glucose meter. Stylish, high quality, functional and environmental focus.","robots":{"index":"index","follow":"follow","max-snippet":"max-snippet:-1","max-image-preview":"max-image-preview:large","max-video-preview":"max-video-preview:-1"},"canonical":"https:\/\/annaps.com\/sv\/frukost-eller-mellanmaal-granola\/","og_locale":"sv_SE","og_type":"article","og_title":"Frukost eller mellanm\u00e5l: Granola - AnnaPS","og_description":"AnnaPS makes clothes with integrated pockets to carry your diabetes devices such as insulin pump, pen and glucose meter. Stylish, high quality, functional and environmental focus.","og_url":"https:\/\/annaps.com\/sv\/frukost-eller-mellanmaal-granola\/","og_site_name":"AnnaPS","article_publisher":"https:\/\/www.facebook.com\/annaps.scandinavia\/","og_image":[{"url":"https:\/\/annaps.com\/wordpress\/content\/uploads\/2017\/03\/IMG_8645-red_kvadrat-1.jpg","type":"","width":"","height":""}],"twitter_card":"summary_large_image","twitter_misc":{"Ber\u00e4knad l\u00e4stid":"1 minut"},"schema":{"@context":"https:\/\/schema.org","@graph":[{"@type":"WebPage","@id":"https:\/\/annaps.com\/sv\/frukost-eller-mellanmaal-granola\/","url":"https:\/\/annaps.com\/sv\/frukost-eller-mellanmaal-granola\/","name":"Frukost eller mellanm\u00e5l: Granola - AnnaPS","isPartOf":{"@id":"https:\/\/annaps.com\/de\/#website"},"primaryImageOfPage":{"@id":"https:\/\/annaps.com\/sv\/frukost-eller-mellanmaal-granola\/#primaryimage"},"image":{"@id":"https:\/\/annaps.com\/sv\/frukost-eller-mellanmaal-granola\/#primaryimage"},"thumbnailUrl":"https:\/\/annaps.com\/wordpress\/content\/uploads\/2017\/03\/IMG_8645-red_kvadrat-1.jpg","datePublished":"2017-03-07T13:06:53+00:00","description":"AnnaPS makes clothes with integrated pockets to carry your diabetes devices such as insulin pump, pen and glucose meter. Stylish, high quality, functional and environmental focus.","breadcrumb":{"@id":"https:\/\/annaps.com\/sv\/frukost-eller-mellanmaal-granola\/#breadcrumb"},"inLanguage":"sv-SE","potentialAction":[{"@type":"ReadAction","target":["https:\/\/annaps.com\/sv\/frukost-eller-mellanmaal-granola\/"]}]},{"@type":"ImageObject","inLanguage":"sv-SE","@id":"https:\/\/annaps.com\/sv\/frukost-eller-mellanmaal-granola\/#primaryimage","url":"https:\/\/annaps.com\/wordpress\/content\/uploads\/2017\/03\/IMG_8645-red_kvadrat-1.jpg","contentUrl":"https:\/\/annaps.com\/wordpress\/content\/uploads\/2017\/03\/IMG_8645-red_kvadrat-1.jpg"},{"@type":"BreadcrumbList","@id":"https:\/\/annaps.com\/sv\/frukost-eller-mellanmaal-granola\/#breadcrumb","itemListElement":[{"@type":"ListItem","position":1,"name":"Hem","item":"https:\/\/annaps.com\/sv\/"},{"@type":"ListItem","position":2,"name":"Frukost eller mellanm\u00e5l: Granola"}]},{"@type":"WebSite","@id":"https:\/\/annaps.com\/de\/#website","url":"https:\/\/annaps.com\/de\/","name":"AnnaPS","description":"Det skall vara enkelt att b\u00e4ra!","potentialAction":[{"@type":"SearchAction","target":{"@type":"EntryPoint","urlTemplate":"https:\/\/annaps.com\/de\/?s={search_term_string}"},"query-input":{"@type":"PropertyValueSpecification","valueRequired":true,"valueName":"search_term_string"}}],"inLanguage":"sv-SE"}]}},"_links":{"self":[{"href":"https:\/\/annaps.com\/sv\/wp-json\/wp\/v2\/pages\/13201","targetHints":{"allow":["GET"]}}],"collection":[{"href":"https:\/\/annaps.com\/sv\/wp-json\/wp\/v2\/pages"}],"about":[{"href":"https:\/\/annaps.com\/sv\/wp-json\/wp\/v2\/types\/page"}],"author":[{"embeddable":true,"href":"https:\/\/annaps.com\/sv\/wp-json\/wp\/v2\/users\/3"}],"replies":[{"embeddable":true,"href":"https:\/\/annaps.com\/sv\/wp-json\/wp\/v2\/comments?post=13201"}],"version-history":[{"count":0,"href":"https:\/\/annaps.com\/sv\/wp-json\/wp\/v2\/pages\/13201\/revisions"}],"wp:attachment":[{"href":"https:\/\/annaps.com\/sv\/wp-json\/wp\/v2\/media?parent=13201"}],"curies":[{"name":"wp","href":"https:\/\/api.w.org\/{rel}","templated":true}]}}