{"id":13186,"date":"2017-03-07T13:32:47","date_gmt":"2017-03-07T12:32:47","guid":{"rendered":"https:\/\/www.annaps.com\/?page_id=13186"},"modified":"2017-03-07T15:19:12","modified_gmt":"2017-03-07T14:19:12","slug":"vem-sara-aer-och-vad-hon-skall-goera-haer","status":"publish","type":"page","link":"https:\/\/annaps.com\/sv\/vem-sara-aer-och-vad-hon-skall-goera-haer\/","title":{"rendered":"Vem Sara \u00e4r och vad hon skall g\u00f6ra h\u00e4r"},"content":{"rendered":"<div class=\"\"><a href=\"https:\/\/annaps.com\/wordpress\/content\/uploads\/2017\/03\/bild-diabeteskvinnan_2-banner.jpg\"><img loading=\"lazy\" decoding=\"async\" class=\"alignnone wp-image-13219 size-full\" src=\"https:\/\/annaps.com\/wordpress\/content\/uploads\/2017\/03\/bild-diabeteskvinnan_2-banner.jpg\" width=\"870\" height=\"289\" srcset=\"https:\/\/annaps.com\/content\/uploads\/2017\/03\/bild-diabeteskvinnan_2-banner.jpg 870w, https:\/\/annaps.com\/content\/uploads\/2017\/03\/bild-diabeteskvinnan_2-banner-300x100.jpg 300w, https:\/\/annaps.com\/content\/uploads\/2017\/03\/bild-diabeteskvinnan_2-banner-768x255.jpg 768w, https:\/\/annaps.com\/content\/uploads\/2017\/03\/bild-diabeteskvinnan_2-banner-455x151.jpg 455w, https:\/\/annaps.com\/content\/uploads\/2017\/03\/bild-diabeteskvinnan_2-banner-55x18.jpg 55w\" sizes=\"auto, (max-width: 870px) 100vw, 870px\" \/><\/a><\/div>\n<div class=\"\"><span class=\"\">Mitt namn \u00e4r Sara Mob\u00e4ck och jag blev diagnostiserad med diabetes typ 1 f\u00f6r drygt 14 \u00e5r sedan. Jag har sedan dag ett av mitt insjuknande tagit min sjukdom p\u00e5 st\u00f6rsta allvar och lever nu en vardag d\u00e4r mina dr\u00f6mmar inte stoppas av min sjukdom.\u00a0<\/span><\/div>\n<div class=\"\"><\/div>\n<div class=\"\"><span class=\"\">Jag driver idag en stor blogg (<a class=\"\" href=\"http:\/\/devote.se\/diabeteskvinnan\">devote.se\/diabeteskvinnan<\/a>) samt ett instagramkonto (@<a href=\"http:\/\/easytype.se\/\">easytype.se<\/a>) d\u00e4r jag motiverar och inspirerar fr\u00e4mst de personer som har diabetes typ 1 att inte l\u00e5ta sin sjukdom styra \u00f6ver sm\u00e5 eller stora dr\u00f6mmar.\u00a0<\/span><\/div>\n<div class=\"\"><\/div>\n<div class=\"\"><span class=\"\">Oavsett om vi vill eller inte har mat en oerh\u00f6rt stor betydelse f\u00f6r oss m\u00e4nniskor, och kanske betyder mat \u00e4nnu mer f\u00f6r oss som \u00e4r beroende av just blodsockret. I samband med mitt insjuknande blev jag \u00e4ven diagnostiserad med Celiaki. \u00c4ven den en kronisk sjukdom som g\u00f6r att jag inte t\u00e5l glutenprotein. Allt detta har gjort att jag idag engagerar mig i bra mat och kost som g\u00f6r att min diabetes samt min celiaki m\u00e5r bra. H\u00e4lsan f\u00f6r mig \u00e4r prioritering 1. Att ge sin kropp bra kost, tr\u00e4ning, vila samt k\u00e4rlek \u00e4r n\u00e5got som jag anser har en stor betydelse f\u00f6r ett lyckligt liv. Balansen mellan dessa punkter kan vara sv\u00e5r att hitta men jag vill och kommer varje dag se till att de positiva faktorerna f\u00e5r mig att m\u00e5 bra. D\u00e5 jag m\u00e5r bra, m\u00e5r min diabetes bra.\u00a0<\/span><\/div>\n<div class=\"\"><\/div>\n<div class=\"\"><span class=\"\">Men trots dessa tv\u00e5 kroniska sjukdomar vill jag f\u00f6rmedla att jag som diabetiker kan \u00e4ta n\u00e4stan vad som helst. F\u00f6r det \u00e4r jag som har kontrollen \u00f6ver mina sjukdomar.\u00a0<\/span><\/div>\n<div class=\"\"><span class=\"\">Om man dessutom som jag har en livsavg\u00f6rande jordn\u00f6tsallergi, tror m\u00e5nga, ni kanske, att det g\u00f6r livet extra surt. Det st\u00e4mmer till viss del eftersom det g\u00f6r min vardag lite besv\u00e4rligare, men det r\u00f6r mig inte ett dugg. Jag kommer njuta av det liv som jag har f\u00e5tt och bara f\u00f6r att jag inte kan \u00e4ta just den bullen eller trycka i mig en chokladkaka inneb\u00e4r det inte att jag kommer tycka synd om mig sj\u00e4lv. F\u00f6r det finns s\u00e5 mycket positivt att leva f\u00f6r \u00e4n att l\u00e4gga energi p\u00e5 det som man inte kan. Jag lever efter att fokusera p\u00e5 det som jag kan g\u00f6ra och de dr\u00f6mmar jag kan f\u00f6rverkliga.\u00a0<\/span><\/div>\n<div class=\"\"><\/div>\n<div class=\"\"><span class=\"\">Genom allt jag upplevt har jag kommit till insikt att ingenting ska f\u00e5 hindra mina framtida dr\u00f6mmar att bli till verklighet. Kan jag, s\u00e5 kan DU!<\/span><\/div>\n<div class=\"\"><\/div>\n<div class=\"\">H\u00e4r p\u00e5 AnnaPS sida kommer jag att dela med mig av mina goda, h\u00e4lsosamma och blodsockerv\u00e4nliga recept. Alla gluten och jordn\u00f6tsfria. L\u00e5t dig v\u00e4l smaka!<\/div>\n","protected":false},"excerpt":{"rendered":"<p>Mitt namn \u00e4r Sara Mob\u00e4ck och jag blev diagnostiserad med diabetes typ 1 f\u00f6r drygt 14 \u00e5r sedan. Jag har sedan dag ett av mitt insjuknande tagit min sjukdom p\u00e5 st\u00f6rsta allvar och lever nu en vardag d\u00e4r mina dr\u00f6mmar inte stoppas av min sjukdom.\u00a0 Jag driver idag en stor blogg (devote.se\/diabeteskvinnan) samt ett instagramkonto [&hellip;]<\/p>\n","protected":false},"author":3,"featured_media":0,"parent":0,"menu_order":28,"comment_status":"closed","ping_status":"closed","template":"","meta":{"_acf_changed":false,"footnotes":""},"class_list":["post-13186","page","type-page","status-publish","hentry"],"acf":[],"yoast_head":"<!-- This site is optimized with the Yoast SEO plugin v27.1.1 - https:\/\/yoast.com\/product\/yoast-seo-wordpress\/ -->\n<title>Vem Sara \u00e4r och vad hon skall g\u00f6ra h\u00e4r - AnnaPS<\/title>\n<meta name=\"description\" content=\"AnnaPS makes clothes with integrated pockets to carry your diabetes devices such as insulin pump, pen and glucose meter. Stylish, high quality, functional and environmental focus.\" \/>\n<meta name=\"robots\" content=\"index, follow, max-snippet:-1, max-image-preview:large, max-video-preview:-1\" \/>\n<link rel=\"canonical\" href=\"https:\/\/annaps.com\/sv\/vem-sara-aer-och-vad-hon-skall-goera-haer\/\" \/>\n<meta property=\"og:locale\" content=\"sv_SE\" \/>\n<meta property=\"og:type\" content=\"article\" \/>\n<meta property=\"og:title\" content=\"Vem Sara \u00e4r och vad hon skall g\u00f6ra h\u00e4r - AnnaPS\" \/>\n<meta property=\"og:description\" content=\"AnnaPS makes clothes with integrated pockets to carry your diabetes devices such as insulin pump, pen and glucose meter. Stylish, high quality, functional and environmental focus.\" \/>\n<meta property=\"og:url\" content=\"https:\/\/annaps.com\/sv\/vem-sara-aer-och-vad-hon-skall-goera-haer\/\" \/>\n<meta property=\"og:site_name\" content=\"AnnaPS\" \/>\n<meta property=\"article:publisher\" content=\"https:\/\/www.facebook.com\/annaps.scandinavia\/\" \/>\n<meta property=\"article:modified_time\" content=\"2017-03-07T14:19:12+00:00\" \/>\n<meta property=\"og:image\" content=\"https:\/\/annaps.com\/wordpress\/content\/uploads\/2017\/03\/bild-diabeteskvinnan_2-banner.jpg\" \/>\n<meta name=\"twitter:card\" content=\"summary_large_image\" \/>\n<meta name=\"twitter:label1\" content=\"Ber\u00e4knad l\u00e4stid\" \/>\n\t<meta name=\"twitter:data1\" content=\"2 minuter\" \/>\n<script type=\"application\/ld+json\" class=\"yoast-schema-graph\">{\"@context\":\"https:\/\/schema.org\",\"@graph\":[{\"@type\":\"WebPage\",\"@id\":\"https:\/\/annaps.com\/sv\/vem-sara-aer-och-vad-hon-skall-goera-haer\/\",\"url\":\"https:\/\/annaps.com\/sv\/vem-sara-aer-och-vad-hon-skall-goera-haer\/\",\"name\":\"Vem Sara \u00e4r och vad hon skall g\u00f6ra h\u00e4r - AnnaPS\",\"isPartOf\":{\"@id\":\"https:\/\/annaps.com\/de\/#website\"},\"primaryImageOfPage\":{\"@id\":\"https:\/\/annaps.com\/sv\/vem-sara-aer-och-vad-hon-skall-goera-haer\/#primaryimage\"},\"image\":{\"@id\":\"https:\/\/annaps.com\/sv\/vem-sara-aer-och-vad-hon-skall-goera-haer\/#primaryimage\"},\"thumbnailUrl\":\"https:\/\/annaps.com\/wordpress\/content\/uploads\/2017\/03\/bild-diabeteskvinnan_2-banner.jpg\",\"datePublished\":\"2017-03-07T12:32:47+00:00\",\"dateModified\":\"2017-03-07T14:19:12+00:00\",\"description\":\"AnnaPS makes clothes with integrated pockets to carry your diabetes devices such as insulin pump, pen and glucose meter. Stylish, high quality, functional and environmental focus.\",\"breadcrumb\":{\"@id\":\"https:\/\/annaps.com\/sv\/vem-sara-aer-och-vad-hon-skall-goera-haer\/#breadcrumb\"},\"inLanguage\":\"sv-SE\",\"potentialAction\":[{\"@type\":\"ReadAction\",\"target\":[\"https:\/\/annaps.com\/sv\/vem-sara-aer-och-vad-hon-skall-goera-haer\/\"]}]},{\"@type\":\"ImageObject\",\"inLanguage\":\"sv-SE\",\"@id\":\"https:\/\/annaps.com\/sv\/vem-sara-aer-och-vad-hon-skall-goera-haer\/#primaryimage\",\"url\":\"https:\/\/annaps.com\/wordpress\/content\/uploads\/2017\/03\/bild-diabeteskvinnan_2-banner.jpg\",\"contentUrl\":\"https:\/\/annaps.com\/wordpress\/content\/uploads\/2017\/03\/bild-diabeteskvinnan_2-banner.jpg\"},{\"@type\":\"BreadcrumbList\",\"@id\":\"https:\/\/annaps.com\/sv\/vem-sara-aer-och-vad-hon-skall-goera-haer\/#breadcrumb\",\"itemListElement\":[{\"@type\":\"ListItem\",\"position\":1,\"name\":\"Hem\",\"item\":\"https:\/\/annaps.com\/sv\/\"},{\"@type\":\"ListItem\",\"position\":2,\"name\":\"Vem Sara \u00e4r och vad hon skall g\u00f6ra h\u00e4r\"}]},{\"@type\":\"WebSite\",\"@id\":\"https:\/\/annaps.com\/de\/#website\",\"url\":\"https:\/\/annaps.com\/de\/\",\"name\":\"AnnaPS\",\"description\":\"Det skall vara enkelt att b\u00e4ra!\",\"potentialAction\":[{\"@type\":\"SearchAction\",\"target\":{\"@type\":\"EntryPoint\",\"urlTemplate\":\"https:\/\/annaps.com\/de\/?s={search_term_string}\"},\"query-input\":{\"@type\":\"PropertyValueSpecification\",\"valueRequired\":true,\"valueName\":\"search_term_string\"}}],\"inLanguage\":\"sv-SE\"}]}<\/script>\n<!-- \/ Yoast SEO plugin. -->","yoast_head_json":{"title":"Vem Sara \u00e4r och vad hon skall g\u00f6ra h\u00e4r - AnnaPS","description":"AnnaPS makes clothes with integrated pockets to carry your diabetes devices such as insulin pump, pen and glucose meter. Stylish, high quality, functional and environmental focus.","robots":{"index":"index","follow":"follow","max-snippet":"max-snippet:-1","max-image-preview":"max-image-preview:large","max-video-preview":"max-video-preview:-1"},"canonical":"https:\/\/annaps.com\/sv\/vem-sara-aer-och-vad-hon-skall-goera-haer\/","og_locale":"sv_SE","og_type":"article","og_title":"Vem Sara \u00e4r och vad hon skall g\u00f6ra h\u00e4r - AnnaPS","og_description":"AnnaPS makes clothes with integrated pockets to carry your diabetes devices such as insulin pump, pen and glucose meter. Stylish, high quality, functional and environmental focus.","og_url":"https:\/\/annaps.com\/sv\/vem-sara-aer-och-vad-hon-skall-goera-haer\/","og_site_name":"AnnaPS","article_publisher":"https:\/\/www.facebook.com\/annaps.scandinavia\/","article_modified_time":"2017-03-07T14:19:12+00:00","og_image":[{"url":"https:\/\/annaps.com\/wordpress\/content\/uploads\/2017\/03\/bild-diabeteskvinnan_2-banner.jpg","type":"","width":"","height":""}],"twitter_card":"summary_large_image","twitter_misc":{"Ber\u00e4knad l\u00e4stid":"2 minuter"},"schema":{"@context":"https:\/\/schema.org","@graph":[{"@type":"WebPage","@id":"https:\/\/annaps.com\/sv\/vem-sara-aer-och-vad-hon-skall-goera-haer\/","url":"https:\/\/annaps.com\/sv\/vem-sara-aer-och-vad-hon-skall-goera-haer\/","name":"Vem Sara \u00e4r och vad hon skall g\u00f6ra h\u00e4r - AnnaPS","isPartOf":{"@id":"https:\/\/annaps.com\/de\/#website"},"primaryImageOfPage":{"@id":"https:\/\/annaps.com\/sv\/vem-sara-aer-och-vad-hon-skall-goera-haer\/#primaryimage"},"image":{"@id":"https:\/\/annaps.com\/sv\/vem-sara-aer-och-vad-hon-skall-goera-haer\/#primaryimage"},"thumbnailUrl":"https:\/\/annaps.com\/wordpress\/content\/uploads\/2017\/03\/bild-diabeteskvinnan_2-banner.jpg","datePublished":"2017-03-07T12:32:47+00:00","dateModified":"2017-03-07T14:19:12+00:00","description":"AnnaPS makes clothes with integrated pockets to carry your diabetes devices such as insulin pump, pen and glucose meter. Stylish, high quality, functional and environmental focus.","breadcrumb":{"@id":"https:\/\/annaps.com\/sv\/vem-sara-aer-och-vad-hon-skall-goera-haer\/#breadcrumb"},"inLanguage":"sv-SE","potentialAction":[{"@type":"ReadAction","target":["https:\/\/annaps.com\/sv\/vem-sara-aer-och-vad-hon-skall-goera-haer\/"]}]},{"@type":"ImageObject","inLanguage":"sv-SE","@id":"https:\/\/annaps.com\/sv\/vem-sara-aer-och-vad-hon-skall-goera-haer\/#primaryimage","url":"https:\/\/annaps.com\/wordpress\/content\/uploads\/2017\/03\/bild-diabeteskvinnan_2-banner.jpg","contentUrl":"https:\/\/annaps.com\/wordpress\/content\/uploads\/2017\/03\/bild-diabeteskvinnan_2-banner.jpg"},{"@type":"BreadcrumbList","@id":"https:\/\/annaps.com\/sv\/vem-sara-aer-och-vad-hon-skall-goera-haer\/#breadcrumb","itemListElement":[{"@type":"ListItem","position":1,"name":"Hem","item":"https:\/\/annaps.com\/sv\/"},{"@type":"ListItem","position":2,"name":"Vem Sara \u00e4r och vad hon skall g\u00f6ra h\u00e4r"}]},{"@type":"WebSite","@id":"https:\/\/annaps.com\/de\/#website","url":"https:\/\/annaps.com\/de\/","name":"AnnaPS","description":"Det skall vara enkelt att b\u00e4ra!","potentialAction":[{"@type":"SearchAction","target":{"@type":"EntryPoint","urlTemplate":"https:\/\/annaps.com\/de\/?s={search_term_string}"},"query-input":{"@type":"PropertyValueSpecification","valueRequired":true,"valueName":"search_term_string"}}],"inLanguage":"sv-SE"}]}},"_links":{"self":[{"href":"https:\/\/annaps.com\/sv\/wp-json\/wp\/v2\/pages\/13186","targetHints":{"allow":["GET"]}}],"collection":[{"href":"https:\/\/annaps.com\/sv\/wp-json\/wp\/v2\/pages"}],"about":[{"href":"https:\/\/annaps.com\/sv\/wp-json\/wp\/v2\/types\/page"}],"author":[{"embeddable":true,"href":"https:\/\/annaps.com\/sv\/wp-json\/wp\/v2\/users\/3"}],"replies":[{"embeddable":true,"href":"https:\/\/annaps.com\/sv\/wp-json\/wp\/v2\/comments?post=13186"}],"version-history":[{"count":0,"href":"https:\/\/annaps.com\/sv\/wp-json\/wp\/v2\/pages\/13186\/revisions"}],"wp:attachment":[{"href":"https:\/\/annaps.com\/sv\/wp-json\/wp\/v2\/media?parent=13186"}],"curies":[{"name":"wp","href":"https:\/\/api.w.org\/{rel}","templated":true}]}}