{"id":13159,"date":"2017-03-07T13:37:46","date_gmt":"2017-03-07T12:37:46","guid":{"rendered":"https:\/\/www.annaps.com\/?page_id=13159"},"modified":"2017-03-07T15:15:29","modified_gmt":"2017-03-07T14:15:29","slug":"diabeteskvinnan-by-annaps","status":"publish","type":"page","link":"https:\/\/annaps.com\/sv\/om-diabetes\/diabetiker-emellan\/diabeteskvinnan-by-annaps\/","title":{"rendered":"Diabeteskvinnan by AnnaPS"},"content":{"rendered":"<div class=\"\"><span class=\"\"><a href=\"https:\/\/annaps.com\/wordpress\/content\/uploads\/2017\/03\/bild-diabeteskvinnan_1_byAnnaPS.jpg\"><img loading=\"lazy\" decoding=\"async\" class=\"alignnone wp-image-13213 size-full\" src=\"https:\/\/annaps.com\/wordpress\/content\/uploads\/2017\/03\/bild-diabeteskvinnan_1_byAnnaPS.jpg\" width=\"870\" height=\"289\" srcset=\"https:\/\/annaps.com\/content\/uploads\/2017\/03\/bild-diabeteskvinnan_1_byAnnaPS.jpg 870w, https:\/\/annaps.com\/content\/uploads\/2017\/03\/bild-diabeteskvinnan_1_byAnnaPS-300x100.jpg 300w, https:\/\/annaps.com\/content\/uploads\/2017\/03\/bild-diabeteskvinnan_1_byAnnaPS-768x255.jpg 768w, https:\/\/annaps.com\/content\/uploads\/2017\/03\/bild-diabeteskvinnan_1_byAnnaPS-455x151.jpg 455w, https:\/\/annaps.com\/content\/uploads\/2017\/03\/bild-diabeteskvinnan_1_byAnnaPS-55x18.jpg 55w\" sizes=\"auto, (max-width: 870px) 100vw, 870px\" \/><\/a>Mitt namn \u00e4r Sara Mob\u00e4ck och jag blev diagnostiserad med diabetes typ 1 f\u00f6r drygt 14 \u00e5r sedan. Jag har sedan dag ett av mitt insjuknande tagit min sjukdom p\u00e5 st\u00f6rsta allvar och lever nu en vardag d\u00e4r mina dr\u00f6mmar inte stoppas av min sjukdom.\u00a0<\/span><\/div>\n<div class=\"\">Jag driver blogg och instagramkonto d\u00e4r jag delar med mig av min vardag f\u00f6r att peppa dig att leva dina dr\u00f6mmar. Min celiaki och jordn\u00f6tsallergi har gjort mig extra intresserad av god och h\u00e4lsosam mat och jag kommer p\u00e5 denna sida dela med mig av mumsiga recept. L\u00e5t v\u00e4l smaka!<\/div>\n<p>&nbsp;<\/p>\n","protected":false},"excerpt":{"rendered":"<p>Mitt namn \u00e4r Sara Mob\u00e4ck och jag blev diagnostiserad med diabetes typ 1 f\u00f6r drygt 14 \u00e5r sedan. Jag har sedan dag ett av mitt insjuknande tagit min sjukdom p\u00e5 st\u00f6rsta allvar och lever nu en vardag d\u00e4r mina dr\u00f6mmar inte stoppas av min sjukdom.\u00a0 Jag driver blogg och instagramkonto d\u00e4r jag delar med mig [&hellip;]<\/p>\n","protected":false},"author":3,"featured_media":0,"parent":374,"menu_order":44,"comment_status":"closed","ping_status":"closed","template":"","meta":{"_acf_changed":false,"footnotes":""},"class_list":["post-13159","page","type-page","status-publish","hentry"],"acf":[],"yoast_head":"<!-- This site is optimized with the Yoast SEO plugin v27.1.1 - https:\/\/yoast.com\/product\/yoast-seo-wordpress\/ -->\n<title>Diabeteskvinnan by AnnaPS - AnnaPS<\/title>\n<meta name=\"description\" content=\"AnnaPS makes clothes with integrated pockets to carry your diabetes devices such as insulin pump, pen and glucose meter. Stylish, high quality, functional and environmental focus.\" \/>\n<meta name=\"robots\" content=\"index, follow, max-snippet:-1, max-image-preview:large, max-video-preview:-1\" \/>\n<link rel=\"canonical\" href=\"https:\/\/annaps.com\/sv\/om-diabetes\/diabetiker-emellan\/diabeteskvinnan-by-annaps\/\" \/>\n<meta property=\"og:locale\" content=\"sv_SE\" \/>\n<meta property=\"og:type\" content=\"article\" \/>\n<meta property=\"og:title\" content=\"Diabeteskvinnan by AnnaPS - AnnaPS\" \/>\n<meta property=\"og:description\" content=\"AnnaPS makes clothes with integrated pockets to carry your diabetes devices such as insulin pump, pen and glucose meter. Stylish, high quality, functional and environmental focus.\" \/>\n<meta property=\"og:url\" content=\"https:\/\/annaps.com\/sv\/om-diabetes\/diabetiker-emellan\/diabeteskvinnan-by-annaps\/\" \/>\n<meta property=\"og:site_name\" content=\"AnnaPS\" \/>\n<meta property=\"article:publisher\" content=\"https:\/\/www.facebook.com\/annaps.scandinavia\/\" \/>\n<meta property=\"article:modified_time\" content=\"2017-03-07T14:15:29+00:00\" \/>\n<meta property=\"og:image\" content=\"https:\/\/annaps.com\/wordpress\/content\/uploads\/2017\/03\/bild-diabeteskvinnan_1_byAnnaPS.jpg\" \/>\n<meta name=\"twitter:card\" content=\"summary_large_image\" \/>\n<meta name=\"twitter:label1\" content=\"Ber\u00e4knad l\u00e4stid\" \/>\n\t<meta name=\"twitter:data1\" content=\"1 minut\" \/>\n<script type=\"application\/ld+json\" class=\"yoast-schema-graph\">{\"@context\":\"https:\/\/schema.org\",\"@graph\":[{\"@type\":\"WebPage\",\"@id\":\"https:\/\/annaps.com\/sv\/om-diabetes\/diabetiker-emellan\/diabeteskvinnan-by-annaps\/\",\"url\":\"https:\/\/annaps.com\/sv\/om-diabetes\/diabetiker-emellan\/diabeteskvinnan-by-annaps\/\",\"name\":\"Diabeteskvinnan by AnnaPS - AnnaPS\",\"isPartOf\":{\"@id\":\"https:\/\/annaps.com\/de\/#website\"},\"primaryImageOfPage\":{\"@id\":\"https:\/\/annaps.com\/sv\/om-diabetes\/diabetiker-emellan\/diabeteskvinnan-by-annaps\/#primaryimage\"},\"image\":{\"@id\":\"https:\/\/annaps.com\/sv\/om-diabetes\/diabetiker-emellan\/diabeteskvinnan-by-annaps\/#primaryimage\"},\"thumbnailUrl\":\"https:\/\/annaps.com\/wordpress\/content\/uploads\/2017\/03\/bild-diabeteskvinnan_1_byAnnaPS.jpg\",\"datePublished\":\"2017-03-07T12:37:46+00:00\",\"dateModified\":\"2017-03-07T14:15:29+00:00\",\"description\":\"AnnaPS makes clothes with integrated pockets to carry your diabetes devices such as insulin pump, pen and glucose meter. Stylish, high quality, functional and environmental focus.\",\"breadcrumb\":{\"@id\":\"https:\/\/annaps.com\/sv\/om-diabetes\/diabetiker-emellan\/diabeteskvinnan-by-annaps\/#breadcrumb\"},\"inLanguage\":\"sv-SE\",\"potentialAction\":[{\"@type\":\"ReadAction\",\"target\":[\"https:\/\/annaps.com\/sv\/om-diabetes\/diabetiker-emellan\/diabeteskvinnan-by-annaps\/\"]}]},{\"@type\":\"ImageObject\",\"inLanguage\":\"sv-SE\",\"@id\":\"https:\/\/annaps.com\/sv\/om-diabetes\/diabetiker-emellan\/diabeteskvinnan-by-annaps\/#primaryimage\",\"url\":\"https:\/\/annaps.com\/wordpress\/content\/uploads\/2017\/03\/bild-diabeteskvinnan_1_byAnnaPS.jpg\",\"contentUrl\":\"https:\/\/annaps.com\/wordpress\/content\/uploads\/2017\/03\/bild-diabeteskvinnan_1_byAnnaPS.jpg\"},{\"@type\":\"BreadcrumbList\",\"@id\":\"https:\/\/annaps.com\/sv\/om-diabetes\/diabetiker-emellan\/diabeteskvinnan-by-annaps\/#breadcrumb\",\"itemListElement\":[{\"@type\":\"ListItem\",\"position\":1,\"name\":\"Hem\",\"item\":\"https:\/\/annaps.com\/sv\/\"},{\"@type\":\"ListItem\",\"position\":2,\"name\":\"Om diabetes\",\"item\":\"https:\/\/annaps.com\/sv\/om-diabetes\/\"},{\"@type\":\"ListItem\",\"position\":3,\"name\":\"Diabetiker emellan &#8211; tips\",\"item\":\"https:\/\/annaps.com\/sv\/om-diabetes\/diabetiker-emellan\/\"},{\"@type\":\"ListItem\",\"position\":4,\"name\":\"Diabeteskvinnan by AnnaPS\"}]},{\"@type\":\"WebSite\",\"@id\":\"https:\/\/annaps.com\/de\/#website\",\"url\":\"https:\/\/annaps.com\/de\/\",\"name\":\"AnnaPS\",\"description\":\"Det skall vara enkelt att b\u00e4ra!\",\"potentialAction\":[{\"@type\":\"SearchAction\",\"target\":{\"@type\":\"EntryPoint\",\"urlTemplate\":\"https:\/\/annaps.com\/de\/?s={search_term_string}\"},\"query-input\":{\"@type\":\"PropertyValueSpecification\",\"valueRequired\":true,\"valueName\":\"search_term_string\"}}],\"inLanguage\":\"sv-SE\"}]}<\/script>\n<!-- \/ Yoast SEO plugin. -->","yoast_head_json":{"title":"Diabeteskvinnan by AnnaPS - AnnaPS","description":"AnnaPS makes clothes with integrated pockets to carry your diabetes devices such as insulin pump, pen and glucose meter. Stylish, high quality, functional and environmental focus.","robots":{"index":"index","follow":"follow","max-snippet":"max-snippet:-1","max-image-preview":"max-image-preview:large","max-video-preview":"max-video-preview:-1"},"canonical":"https:\/\/annaps.com\/sv\/om-diabetes\/diabetiker-emellan\/diabeteskvinnan-by-annaps\/","og_locale":"sv_SE","og_type":"article","og_title":"Diabeteskvinnan by AnnaPS - AnnaPS","og_description":"AnnaPS makes clothes with integrated pockets to carry your diabetes devices such as insulin pump, pen and glucose meter. Stylish, high quality, functional and environmental focus.","og_url":"https:\/\/annaps.com\/sv\/om-diabetes\/diabetiker-emellan\/diabeteskvinnan-by-annaps\/","og_site_name":"AnnaPS","article_publisher":"https:\/\/www.facebook.com\/annaps.scandinavia\/","article_modified_time":"2017-03-07T14:15:29+00:00","og_image":[{"url":"https:\/\/annaps.com\/wordpress\/content\/uploads\/2017\/03\/bild-diabeteskvinnan_1_byAnnaPS.jpg","type":"","width":"","height":""}],"twitter_card":"summary_large_image","twitter_misc":{"Ber\u00e4knad l\u00e4stid":"1 minut"},"schema":{"@context":"https:\/\/schema.org","@graph":[{"@type":"WebPage","@id":"https:\/\/annaps.com\/sv\/om-diabetes\/diabetiker-emellan\/diabeteskvinnan-by-annaps\/","url":"https:\/\/annaps.com\/sv\/om-diabetes\/diabetiker-emellan\/diabeteskvinnan-by-annaps\/","name":"Diabeteskvinnan by AnnaPS - AnnaPS","isPartOf":{"@id":"https:\/\/annaps.com\/de\/#website"},"primaryImageOfPage":{"@id":"https:\/\/annaps.com\/sv\/om-diabetes\/diabetiker-emellan\/diabeteskvinnan-by-annaps\/#primaryimage"},"image":{"@id":"https:\/\/annaps.com\/sv\/om-diabetes\/diabetiker-emellan\/diabeteskvinnan-by-annaps\/#primaryimage"},"thumbnailUrl":"https:\/\/annaps.com\/wordpress\/content\/uploads\/2017\/03\/bild-diabeteskvinnan_1_byAnnaPS.jpg","datePublished":"2017-03-07T12:37:46+00:00","dateModified":"2017-03-07T14:15:29+00:00","description":"AnnaPS makes clothes with integrated pockets to carry your diabetes devices such as insulin pump, pen and glucose meter. Stylish, high quality, functional and environmental focus.","breadcrumb":{"@id":"https:\/\/annaps.com\/sv\/om-diabetes\/diabetiker-emellan\/diabeteskvinnan-by-annaps\/#breadcrumb"},"inLanguage":"sv-SE","potentialAction":[{"@type":"ReadAction","target":["https:\/\/annaps.com\/sv\/om-diabetes\/diabetiker-emellan\/diabeteskvinnan-by-annaps\/"]}]},{"@type":"ImageObject","inLanguage":"sv-SE","@id":"https:\/\/annaps.com\/sv\/om-diabetes\/diabetiker-emellan\/diabeteskvinnan-by-annaps\/#primaryimage","url":"https:\/\/annaps.com\/wordpress\/content\/uploads\/2017\/03\/bild-diabeteskvinnan_1_byAnnaPS.jpg","contentUrl":"https:\/\/annaps.com\/wordpress\/content\/uploads\/2017\/03\/bild-diabeteskvinnan_1_byAnnaPS.jpg"},{"@type":"BreadcrumbList","@id":"https:\/\/annaps.com\/sv\/om-diabetes\/diabetiker-emellan\/diabeteskvinnan-by-annaps\/#breadcrumb","itemListElement":[{"@type":"ListItem","position":1,"name":"Hem","item":"https:\/\/annaps.com\/sv\/"},{"@type":"ListItem","position":2,"name":"Om diabetes","item":"https:\/\/annaps.com\/sv\/om-diabetes\/"},{"@type":"ListItem","position":3,"name":"Diabetiker emellan &#8211; tips","item":"https:\/\/annaps.com\/sv\/om-diabetes\/diabetiker-emellan\/"},{"@type":"ListItem","position":4,"name":"Diabeteskvinnan by AnnaPS"}]},{"@type":"WebSite","@id":"https:\/\/annaps.com\/de\/#website","url":"https:\/\/annaps.com\/de\/","name":"AnnaPS","description":"Det skall vara enkelt att b\u00e4ra!","potentialAction":[{"@type":"SearchAction","target":{"@type":"EntryPoint","urlTemplate":"https:\/\/annaps.com\/de\/?s={search_term_string}"},"query-input":{"@type":"PropertyValueSpecification","valueRequired":true,"valueName":"search_term_string"}}],"inLanguage":"sv-SE"}]}},"_links":{"self":[{"href":"https:\/\/annaps.com\/sv\/wp-json\/wp\/v2\/pages\/13159","targetHints":{"allow":["GET"]}}],"collection":[{"href":"https:\/\/annaps.com\/sv\/wp-json\/wp\/v2\/pages"}],"about":[{"href":"https:\/\/annaps.com\/sv\/wp-json\/wp\/v2\/types\/page"}],"author":[{"embeddable":true,"href":"https:\/\/annaps.com\/sv\/wp-json\/wp\/v2\/users\/3"}],"replies":[{"embeddable":true,"href":"https:\/\/annaps.com\/sv\/wp-json\/wp\/v2\/comments?post=13159"}],"version-history":[{"count":0,"href":"https:\/\/annaps.com\/sv\/wp-json\/wp\/v2\/pages\/13159\/revisions"}],"up":[{"embeddable":true,"href":"https:\/\/annaps.com\/sv\/wp-json\/wp\/v2\/pages\/374"}],"wp:attachment":[{"href":"https:\/\/annaps.com\/sv\/wp-json\/wp\/v2\/media?parent=13159"}],"curies":[{"name":"wp","href":"https:\/\/api.w.org\/{rel}","templated":true}]}}