{"id":109,"date":"2015-12-17T12:05:24","date_gmt":"2015-12-17T12:05:24","guid":{"rendered":"https:\/\/www.annaps.com\/?page_id=109"},"modified":"2016-03-09T18:42:27","modified_gmt":"2016-03-09T18:42:27","slug":"vanliga-fragor","status":"publish","type":"page","link":"https:\/\/annaps.com\/sv\/vanliga-fragor\/","title":{"rendered":"Vanliga fr\u00e5gor"},"content":{"rendered":"<p>Har du fr\u00e5gor r\u00f6rande oss, v\u00e5ra produkter, produktionen, betalning eller n\u00e5got\u00a0annat? Bl\u00e4ddra igenom de vanliga fr\u00e5gorna h\u00e4r nedan, och kan du inte hitta\u00a0det svar du letar efter d\u00e4r, \u00e4r du v\u00e4lkommen att h\u00f6ra av dig till oss genom det\u00a0h\u00e4r formul\u00e4ret:<\/p>\n","protected":false},"excerpt":{"rendered":"<p>Har du fr\u00e5gor r\u00f6rande oss, v\u00e5ra produkter, produktionen, betalning eller n\u00e5got\u00a0annat? Bl\u00e4ddra igenom de vanliga fr\u00e5gorna h\u00e4r nedan, och kan du inte hitta\u00a0det svar du letar efter d\u00e4r, \u00e4r du v\u00e4lkommen att h\u00f6ra av dig till oss genom det\u00a0h\u00e4r formul\u00e4ret:<\/p>\n","protected":false},"author":1,"featured_media":0,"parent":0,"menu_order":109,"comment_status":"closed","ping_status":"closed","template":"page-faq.php","meta":{"_acf_changed":false,"footnotes":""},"class_list":["post-109","page","type-page","status-publish","hentry"],"acf":[],"yoast_head":"<!-- This site is optimized with the Yoast SEO plugin v27.1.1 - https:\/\/yoast.com\/product\/yoast-seo-wordpress\/ -->\n<title>Vanliga fr\u00e5gor - AnnaPs<\/title>\n<meta name=\"description\" content=\"Har du fr\u00e5gor ang\u00e5ende diabetes, n\u00e5gra av v\u00e5ra produkter, v\u00e5ra insulinpumpar eller \u00f6vriga fr\u00e5gor? Kolla h\u00e4r d\u00e4r vi har samlat de vanligaste fr\u00e5gorna.\" \/>\n<meta name=\"robots\" content=\"index, follow, max-snippet:-1, max-image-preview:large, max-video-preview:-1\" \/>\n<link rel=\"canonical\" href=\"https:\/\/annaps.com\/sv\/vanliga-fragor\/\" \/>\n<meta property=\"og:locale\" content=\"sv_SE\" \/>\n<meta property=\"og:type\" content=\"article\" \/>\n<meta property=\"og:title\" content=\"Vanliga fr\u00e5gor - AnnaPs\" \/>\n<meta property=\"og:description\" content=\"Har du fr\u00e5gor ang\u00e5ende diabetes, n\u00e5gra av v\u00e5ra produkter, v\u00e5ra insulinpumpar eller \u00f6vriga fr\u00e5gor? Kolla h\u00e4r d\u00e4r vi har samlat de vanligaste fr\u00e5gorna.\" \/>\n<meta property=\"og:url\" content=\"https:\/\/annaps.com\/sv\/vanliga-fragor\/\" \/>\n<meta property=\"og:site_name\" content=\"AnnaPS\" \/>\n<meta property=\"article:publisher\" content=\"https:\/\/www.facebook.com\/annaps.scandinavia\/\" \/>\n<meta property=\"article:modified_time\" content=\"2016-03-09T18:42:27+00:00\" \/>\n<meta name=\"twitter:card\" content=\"summary_large_image\" \/>\n<script type=\"application\/ld+json\" class=\"yoast-schema-graph\">{\"@context\":\"https:\/\/schema.org\",\"@graph\":[{\"@type\":\"WebPage\",\"@id\":\"https:\/\/annaps.com\/sv\/vanliga-fragor\/\",\"url\":\"https:\/\/annaps.com\/sv\/vanliga-fragor\/\",\"name\":\"Vanliga fr\u00e5gor - AnnaPs\",\"isPartOf\":{\"@id\":\"https:\/\/annaps.com\/de\/#website\"},\"datePublished\":\"2015-12-17T12:05:24+00:00\",\"dateModified\":\"2016-03-09T18:42:27+00:00\",\"description\":\"Har du fr\u00e5gor ang\u00e5ende diabetes, n\u00e5gra av v\u00e5ra produkter, v\u00e5ra insulinpumpar eller \u00f6vriga fr\u00e5gor? Kolla h\u00e4r d\u00e4r vi har samlat de vanligaste fr\u00e5gorna.\",\"breadcrumb\":{\"@id\":\"https:\/\/annaps.com\/sv\/vanliga-fragor\/#breadcrumb\"},\"inLanguage\":\"sv-SE\",\"potentialAction\":[{\"@type\":\"ReadAction\",\"target\":[\"https:\/\/annaps.com\/sv\/vanliga-fragor\/\"]}]},{\"@type\":\"BreadcrumbList\",\"@id\":\"https:\/\/annaps.com\/sv\/vanliga-fragor\/#breadcrumb\",\"itemListElement\":[{\"@type\":\"ListItem\",\"position\":1,\"name\":\"Hem\",\"item\":\"https:\/\/annaps.com\/sv\/\"},{\"@type\":\"ListItem\",\"position\":2,\"name\":\"Vanliga fr\u00e5gor\"}]},{\"@type\":\"WebSite\",\"@id\":\"https:\/\/annaps.com\/de\/#website\",\"url\":\"https:\/\/annaps.com\/de\/\",\"name\":\"AnnaPS\",\"description\":\"Det skall vara enkelt att b\u00e4ra!\",\"potentialAction\":[{\"@type\":\"SearchAction\",\"target\":{\"@type\":\"EntryPoint\",\"urlTemplate\":\"https:\/\/annaps.com\/de\/?s={search_term_string}\"},\"query-input\":{\"@type\":\"PropertyValueSpecification\",\"valueRequired\":true,\"valueName\":\"search_term_string\"}}],\"inLanguage\":\"sv-SE\"}]}<\/script>\n<!-- \/ Yoast SEO plugin. -->","yoast_head_json":{"title":"Vanliga fr\u00e5gor - AnnaPs","description":"Har du fr\u00e5gor ang\u00e5ende diabetes, n\u00e5gra av v\u00e5ra produkter, v\u00e5ra insulinpumpar eller \u00f6vriga fr\u00e5gor? Kolla h\u00e4r d\u00e4r vi har samlat de vanligaste fr\u00e5gorna.","robots":{"index":"index","follow":"follow","max-snippet":"max-snippet:-1","max-image-preview":"max-image-preview:large","max-video-preview":"max-video-preview:-1"},"canonical":"https:\/\/annaps.com\/sv\/vanliga-fragor\/","og_locale":"sv_SE","og_type":"article","og_title":"Vanliga fr\u00e5gor - AnnaPs","og_description":"Har du fr\u00e5gor ang\u00e5ende diabetes, n\u00e5gra av v\u00e5ra produkter, v\u00e5ra insulinpumpar eller \u00f6vriga fr\u00e5gor? Kolla h\u00e4r d\u00e4r vi har samlat de vanligaste fr\u00e5gorna.","og_url":"https:\/\/annaps.com\/sv\/vanliga-fragor\/","og_site_name":"AnnaPS","article_publisher":"https:\/\/www.facebook.com\/annaps.scandinavia\/","article_modified_time":"2016-03-09T18:42:27+00:00","twitter_card":"summary_large_image","schema":{"@context":"https:\/\/schema.org","@graph":[{"@type":"WebPage","@id":"https:\/\/annaps.com\/sv\/vanliga-fragor\/","url":"https:\/\/annaps.com\/sv\/vanliga-fragor\/","name":"Vanliga fr\u00e5gor - AnnaPs","isPartOf":{"@id":"https:\/\/annaps.com\/de\/#website"},"datePublished":"2015-12-17T12:05:24+00:00","dateModified":"2016-03-09T18:42:27+00:00","description":"Har du fr\u00e5gor ang\u00e5ende diabetes, n\u00e5gra av v\u00e5ra produkter, v\u00e5ra insulinpumpar eller \u00f6vriga fr\u00e5gor? Kolla h\u00e4r d\u00e4r vi har samlat de vanligaste fr\u00e5gorna.","breadcrumb":{"@id":"https:\/\/annaps.com\/sv\/vanliga-fragor\/#breadcrumb"},"inLanguage":"sv-SE","potentialAction":[{"@type":"ReadAction","target":["https:\/\/annaps.com\/sv\/vanliga-fragor\/"]}]},{"@type":"BreadcrumbList","@id":"https:\/\/annaps.com\/sv\/vanliga-fragor\/#breadcrumb","itemListElement":[{"@type":"ListItem","position":1,"name":"Hem","item":"https:\/\/annaps.com\/sv\/"},{"@type":"ListItem","position":2,"name":"Vanliga fr\u00e5gor"}]},{"@type":"WebSite","@id":"https:\/\/annaps.com\/de\/#website","url":"https:\/\/annaps.com\/de\/","name":"AnnaPS","description":"Det skall vara enkelt att b\u00e4ra!","potentialAction":[{"@type":"SearchAction","target":{"@type":"EntryPoint","urlTemplate":"https:\/\/annaps.com\/de\/?s={search_term_string}"},"query-input":{"@type":"PropertyValueSpecification","valueRequired":true,"valueName":"search_term_string"}}],"inLanguage":"sv-SE"}]}},"_links":{"self":[{"href":"https:\/\/annaps.com\/sv\/wp-json\/wp\/v2\/pages\/109","targetHints":{"allow":["GET"]}}],"collection":[{"href":"https:\/\/annaps.com\/sv\/wp-json\/wp\/v2\/pages"}],"about":[{"href":"https:\/\/annaps.com\/sv\/wp-json\/wp\/v2\/types\/page"}],"author":[{"embeddable":true,"href":"https:\/\/annaps.com\/sv\/wp-json\/wp\/v2\/users\/1"}],"replies":[{"embeddable":true,"href":"https:\/\/annaps.com\/sv\/wp-json\/wp\/v2\/comments?post=109"}],"version-history":[{"count":0,"href":"https:\/\/annaps.com\/sv\/wp-json\/wp\/v2\/pages\/109\/revisions"}],"wp:attachment":[{"href":"https:\/\/annaps.com\/sv\/wp-json\/wp\/v2\/media?parent=109"}],"curies":[{"name":"wp","href":"https:\/\/api.w.org\/{rel}","templated":true}]}}