{"id":10602,"date":"2016-11-24T11:31:29","date_gmt":"2016-11-24T10:31:29","guid":{"rendered":"https:\/\/www.annaps.com\/?page_id=10602"},"modified":"2017-03-07T13:40:42","modified_gmt":"2017-03-07T12:40:42","slug":"every-day-food-kolja-broccoli-boenor","status":"publish","type":"page","link":"https:\/\/annaps.com\/sv\/every-day-food-kolja-broccoli-boenor\/","title":{"rendered":"Every day food: Kolja, broccoli &#038; b\u00f6nor"},"content":{"rendered":"<p><a href=\"https:\/\/annaps.com\/wordpress\/content\/uploads\/2016\/11\/diabetesrecept-nov.jpg\"><img loading=\"lazy\" decoding=\"async\" class=\"alignnone wp-image-10588 size-full\" src=\"https:\/\/annaps.com\/wordpress\/content\/uploads\/2016\/11\/diabetesrecept-nov.jpg\" alt=\"diabetesrecept-nov\" width=\"870\" height=\"870\" srcset=\"https:\/\/annaps.com\/content\/uploads\/2016\/11\/diabetesrecept-nov.jpg 870w, https:\/\/annaps.com\/content\/uploads\/2016\/11\/diabetesrecept-nov-150x150.jpg 150w, https:\/\/annaps.com\/content\/uploads\/2016\/11\/diabetesrecept-nov-300x300.jpg 300w, https:\/\/annaps.com\/content\/uploads\/2016\/11\/diabetesrecept-nov-768x768.jpg 768w, https:\/\/annaps.com\/content\/uploads\/2016\/11\/diabetesrecept-nov-200x200.jpg 200w, https:\/\/annaps.com\/content\/uploads\/2016\/11\/diabetesrecept-nov-455x455.jpg 455w, https:\/\/annaps.com\/content\/uploads\/2016\/11\/diabetesrecept-nov-100x100.jpg 100w, https:\/\/annaps.com\/content\/uploads\/2016\/11\/diabetesrecept-nov-55x55.jpg 55w, https:\/\/annaps.com\/content\/uploads\/2016\/11\/diabetesrecept-nov-180x180.jpg 180w, https:\/\/annaps.com\/content\/uploads\/2016\/11\/diabetesrecept-nov-600x600.jpg 600w\" sizes=\"auto, (max-width: 870px) 100vw, 870px\" \/><\/a><\/p>\n<p>Vi g\u00e5r mot m\u00f6rkare och kallare tider (det m\u00e4rks om inte annat n\u00e4r man f\u00f6rs\u00f6ker fotografera i \u201ddagsljus\u201d). Jag tycker v\u00e4ldigt mycket om att arbeta med olika f\u00e4rger n\u00e4r jag lagar mat. Ofta har jag en vision om hur r\u00e4tten ska se ut l\u00e5ngt innan den hamnar p\u00e5 tallriken. Den h\u00e4r g\u00e5ngen ville jag arbeta med gr\u00f6na r\u00e5varor som jag tycker ger den h\u00e4r r\u00e4tten en sk\u00f6n h\u00f6stig k\u00e4nsla. Detta var f\u00f6rst t\u00e4nkt som en vegetarisk r\u00e4tt i en helt annan utformning, men n\u00e4r jag snubblade f\u00f6rbi en fantastisk kolja valde jag att t\u00e4nka om. Det \u00e4r s\u00e5h\u00e4r jag tycker att man ska se p\u00e5 matlagning &#8211; var \u00f6ppensinnad och l\u00e5t r\u00e5varorna best\u00e4mma.<\/p>\n<p><strong>Kolja, broccoli &amp; b\u00f6nor, 4 personer<\/strong><\/p>\n<p><strong>L\u00e5gtempererad kolja<\/strong><\/p>\n<p>600 g koljafil\u00e9<\/p>\n<p>5 dl vatten<\/p>\n<p>50 g salt<\/p>\n<p>sm\u00f6r till formen<\/p>\n<p>S\u00e4tt ugnen p\u00e5 125\u00b0. Blanda ut saltet i vattnet och l\u00e5t fisken rimmas i 20 minuter. Detta g\u00f6r att fisken blir fastare och att saltet tr\u00e4nger in i k\u00f6ttet. Portionera fisken i fyra portioner a 150 g. L\u00e4gg fisken i en smord ugnss\u00e4ker form, t\u00e4ck med plastfilm och baka fisken tills den n\u00e5r en innertemperatur av 45\u00b0, ca 20 minuter.<\/p>\n<p><strong>R\u00e5stekt broccoli<\/strong><\/p>\n<p>2 st broccoli<\/p>\n<p>rapsolja till stekning<\/p>\n<p>flingsalt<\/p>\n<p>Ansa och sk\u00e4r ned broccolin i grova bitar. Sl\u00e4ng inte stammen, den ska anv\u00e4ndas senare. Hetta upp en stekpanna och stek broccolin ordentligt p\u00e5 h\u00f6g v\u00e4rme tills den tagit fin f\u00e4rg. Var f\u00f6rsiktig d\u00e5 det tenderar att skv\u00e4tta en del. Avsluta med flingsalt.<\/p>\n<p><strong>\u00a0<\/strong><\/p>\n<p><strong>Sm\u00f6rblancherade gr\u00f6nsaker<\/strong><\/p>\n<p>100 g k\u00e5l, f\u00f6rslagsvis svartk\u00e5l, savoyk\u00e5l eller gr\u00f6nk\u00e5l<\/p>\n<p>250 g edamameb\u00f6nor (frysta funkar alldeles utm\u00e4rkt!)<\/p>\n<p>stj\u00e4lkarna fr\u00e5n broccolin<\/p>\n<p>Ansa, tv\u00e4tta och riv ned k\u00e5len till mindre bitar. Skala broccolistj\u00e4lken och skiva den tunt med en mandolin eller en vass kniv. Koka upp v\u00e4l saltat vatten i en kastrull (vattnet ska smaka som en kallsup!) och tills\u00e4tt en rej\u00e4l klick sm\u00f6r. Doppa ned gr\u00f6nsakerna precis f\u00f6r servering. Broccolistammen och b\u00f6norna beh\u00f6ver ca 30 sekunder medan k\u00e5len endast beh\u00f6ver n\u00e5gra sekunder. Detta kallas f\u00f6r att blanchera.<\/p>\n<p><strong>\u00a0<\/strong><\/p>\n<p><strong>Dillolja<\/strong><\/p>\n<p>100 g dill<\/p>\n<p>200 g neutral olja<\/p>\n<p>Hetta upp olja i en kastrull till 70\u00b0. Mixa dill och den varma oljan i en kraftfull mixer tills helt s\u00f6ndermixat, 7-8 minuter. Anledningen till att man hettar upp oljan \u00e4r f\u00f6r att utvinna s\u00e5 mycket klorofyll som m\u00f6jligt ur dillen. L\u00e5t oljan l\u00e5ngsamt droppa av i kaffefilter f\u00f6r b\u00e4sta resultat. Kyl ned och f\u00f6rvara i kylsk\u00e5p.<\/p>\n<p><strong>\u00a0<\/strong><\/p>\n<p><strong>Spr\u00e4ckt vitvinss\u00e5s<\/strong><\/p>\n<p>2 sm\u00e5 schalottenl\u00f6kar<\/p>\n<p>\u00bd liten f\u00e4nk\u00e5l<\/p>\n<p>2 lagerblad<\/p>\n<p>1 stor kvist f\u00e4rsk timjan<\/p>\n<p>rapsolja till stekning<\/p>\n<p>3 dl torrt vitt vin<\/p>\n<p>4 dl fiskbuljong<\/p>\n<p>4 dl vispgr\u00e4dde<\/p>\n<p>salt<\/p>\n<p>dillolja (se recept ovan)<\/p>\n<p>Fr\u00e4s gr\u00f6nsaker, lagerblad och timjan i rapsolja p\u00e5 svag v\u00e4rme tills de mjuknat, ca tv\u00e5 minuter. Tills\u00e4tt vin och l\u00e5t reducera tills ca h\u00e4lften av v\u00e4tskan \u00e5terst\u00e5r. H\u00e4ll i fiskbuljong och l\u00e5t koka ned ytterligare, tills ca tre dl v\u00e4tska \u00e5terst\u00e5r. Tills\u00e4tt vispgr\u00e4dde och reducera tills s\u00e5sen tjocknat av sig sj\u00e4lv. Sila och smaka av med salt. Droppa i n\u00e5gra droppar dillolja och r\u00f6r f\u00f6rsiktigt om precis f\u00f6re servering.<\/p>\n<p><strong>Peter Olsson, \u201dChefabetic\u201d<\/strong><\/p>\n<p>Recept publicerat 23 November\u00a02016<\/p>\n","protected":false},"excerpt":{"rendered":"<p>Vi g\u00e5r mot m\u00f6rkare och kallare tider (det m\u00e4rks om inte annat n\u00e4r man f\u00f6rs\u00f6ker fotografera i \u201ddagsljus\u201d). Jag tycker v\u00e4ldigt mycket om att arbeta med olika f\u00e4rger n\u00e4r jag lagar mat. Ofta har jag en vision om hur r\u00e4tten ska se ut l\u00e5ngt innan den hamnar p\u00e5 tallriken. Den h\u00e4r g\u00e5ngen ville jag arbeta [&hellip;]<\/p>\n","protected":false},"author":3,"featured_media":0,"parent":0,"menu_order":6,"comment_status":"closed","ping_status":"closed","template":"","meta":{"_acf_changed":false,"footnotes":""},"class_list":["post-10602","page","type-page","status-publish","hentry"],"acf":[],"yoast_head":"<!-- This site is optimized with the Yoast SEO plugin v27.1.1 - https:\/\/yoast.com\/product\/yoast-seo-wordpress\/ -->\n<title>Every day food: Kolja, broccoli &amp; b\u00f6nor - AnnaPS<\/title>\n<meta name=\"description\" content=\"AnnaPS makes clothes with integrated pockets to carry your diabetes devices such as insulin pump, pen and glucose meter. Stylish, high quality, functional and environmental focus.\" \/>\n<meta name=\"robots\" content=\"index, follow, max-snippet:-1, max-image-preview:large, max-video-preview:-1\" \/>\n<link rel=\"canonical\" href=\"https:\/\/annaps.com\/sv\/every-day-food-kolja-broccoli-boenor\/\" \/>\n<meta property=\"og:locale\" content=\"sv_SE\" \/>\n<meta property=\"og:type\" content=\"article\" \/>\n<meta property=\"og:title\" content=\"Every day food: Kolja, broccoli &amp; b\u00f6nor - AnnaPS\" \/>\n<meta property=\"og:description\" content=\"AnnaPS makes clothes with integrated pockets to carry your diabetes devices such as insulin pump, pen and glucose meter. Stylish, high quality, functional and environmental focus.\" \/>\n<meta property=\"og:url\" content=\"https:\/\/annaps.com\/sv\/every-day-food-kolja-broccoli-boenor\/\" \/>\n<meta property=\"og:site_name\" content=\"AnnaPS\" \/>\n<meta property=\"article:publisher\" content=\"https:\/\/www.facebook.com\/annaps.scandinavia\/\" \/>\n<meta property=\"article:modified_time\" content=\"2017-03-07T12:40:42+00:00\" \/>\n<meta property=\"og:image\" content=\"https:\/\/annaps.com\/wordpress\/content\/uploads\/2016\/11\/diabetesrecept-nov.jpg\" \/>\n<meta name=\"twitter:card\" content=\"summary_large_image\" \/>\n<meta name=\"twitter:label1\" content=\"Ber\u00e4knad l\u00e4stid\" \/>\n\t<meta name=\"twitter:data1\" content=\"3 minuter\" \/>\n<script type=\"application\/ld+json\" class=\"yoast-schema-graph\">{\"@context\":\"https:\/\/schema.org\",\"@graph\":[{\"@type\":\"WebPage\",\"@id\":\"https:\/\/annaps.com\/sv\/every-day-food-kolja-broccoli-boenor\/\",\"url\":\"https:\/\/annaps.com\/sv\/every-day-food-kolja-broccoli-boenor\/\",\"name\":\"Every day food: Kolja, broccoli & b\u00f6nor - AnnaPS\",\"isPartOf\":{\"@id\":\"https:\/\/annaps.com\/de\/#website\"},\"primaryImageOfPage\":{\"@id\":\"https:\/\/annaps.com\/sv\/every-day-food-kolja-broccoli-boenor\/#primaryimage\"},\"image\":{\"@id\":\"https:\/\/annaps.com\/sv\/every-day-food-kolja-broccoli-boenor\/#primaryimage\"},\"thumbnailUrl\":\"https:\/\/annaps.com\/wordpress\/content\/uploads\/2016\/11\/diabetesrecept-nov.jpg\",\"datePublished\":\"2016-11-24T10:31:29+00:00\",\"dateModified\":\"2017-03-07T12:40:42+00:00\",\"description\":\"AnnaPS makes clothes with integrated pockets to carry your diabetes devices such as insulin pump, pen and glucose meter. Stylish, high quality, functional and environmental focus.\",\"breadcrumb\":{\"@id\":\"https:\/\/annaps.com\/sv\/every-day-food-kolja-broccoli-boenor\/#breadcrumb\"},\"inLanguage\":\"sv-SE\",\"potentialAction\":[{\"@type\":\"ReadAction\",\"target\":[\"https:\/\/annaps.com\/sv\/every-day-food-kolja-broccoli-boenor\/\"]}]},{\"@type\":\"ImageObject\",\"inLanguage\":\"sv-SE\",\"@id\":\"https:\/\/annaps.com\/sv\/every-day-food-kolja-broccoli-boenor\/#primaryimage\",\"url\":\"https:\/\/annaps.com\/wordpress\/content\/uploads\/2016\/11\/diabetesrecept-nov.jpg\",\"contentUrl\":\"https:\/\/annaps.com\/wordpress\/content\/uploads\/2016\/11\/diabetesrecept-nov.jpg\"},{\"@type\":\"BreadcrumbList\",\"@id\":\"https:\/\/annaps.com\/sv\/every-day-food-kolja-broccoli-boenor\/#breadcrumb\",\"itemListElement\":[{\"@type\":\"ListItem\",\"position\":1,\"name\":\"Hem\",\"item\":\"https:\/\/annaps.com\/sv\/\"},{\"@type\":\"ListItem\",\"position\":2,\"name\":\"Every day food: Kolja, broccoli &#038; b\u00f6nor\"}]},{\"@type\":\"WebSite\",\"@id\":\"https:\/\/annaps.com\/de\/#website\",\"url\":\"https:\/\/annaps.com\/de\/\",\"name\":\"AnnaPS\",\"description\":\"Det skall vara enkelt att b\u00e4ra!\",\"potentialAction\":[{\"@type\":\"SearchAction\",\"target\":{\"@type\":\"EntryPoint\",\"urlTemplate\":\"https:\/\/annaps.com\/de\/?s={search_term_string}\"},\"query-input\":{\"@type\":\"PropertyValueSpecification\",\"valueRequired\":true,\"valueName\":\"search_term_string\"}}],\"inLanguage\":\"sv-SE\"}]}<\/script>\n<!-- \/ Yoast SEO plugin. -->","yoast_head_json":{"title":"Every day food: Kolja, broccoli & b\u00f6nor - AnnaPS","description":"AnnaPS makes clothes with integrated pockets to carry your diabetes devices such as insulin pump, pen and glucose meter. Stylish, high quality, functional and environmental focus.","robots":{"index":"index","follow":"follow","max-snippet":"max-snippet:-1","max-image-preview":"max-image-preview:large","max-video-preview":"max-video-preview:-1"},"canonical":"https:\/\/annaps.com\/sv\/every-day-food-kolja-broccoli-boenor\/","og_locale":"sv_SE","og_type":"article","og_title":"Every day food: Kolja, broccoli & b\u00f6nor - AnnaPS","og_description":"AnnaPS makes clothes with integrated pockets to carry your diabetes devices such as insulin pump, pen and glucose meter. Stylish, high quality, functional and environmental focus.","og_url":"https:\/\/annaps.com\/sv\/every-day-food-kolja-broccoli-boenor\/","og_site_name":"AnnaPS","article_publisher":"https:\/\/www.facebook.com\/annaps.scandinavia\/","article_modified_time":"2017-03-07T12:40:42+00:00","og_image":[{"url":"https:\/\/annaps.com\/wordpress\/content\/uploads\/2016\/11\/diabetesrecept-nov.jpg","type":"","width":"","height":""}],"twitter_card":"summary_large_image","twitter_misc":{"Ber\u00e4knad l\u00e4stid":"3 minuter"},"schema":{"@context":"https:\/\/schema.org","@graph":[{"@type":"WebPage","@id":"https:\/\/annaps.com\/sv\/every-day-food-kolja-broccoli-boenor\/","url":"https:\/\/annaps.com\/sv\/every-day-food-kolja-broccoli-boenor\/","name":"Every day food: Kolja, broccoli & b\u00f6nor - AnnaPS","isPartOf":{"@id":"https:\/\/annaps.com\/de\/#website"},"primaryImageOfPage":{"@id":"https:\/\/annaps.com\/sv\/every-day-food-kolja-broccoli-boenor\/#primaryimage"},"image":{"@id":"https:\/\/annaps.com\/sv\/every-day-food-kolja-broccoli-boenor\/#primaryimage"},"thumbnailUrl":"https:\/\/annaps.com\/wordpress\/content\/uploads\/2016\/11\/diabetesrecept-nov.jpg","datePublished":"2016-11-24T10:31:29+00:00","dateModified":"2017-03-07T12:40:42+00:00","description":"AnnaPS makes clothes with integrated pockets to carry your diabetes devices such as insulin pump, pen and glucose meter. Stylish, high quality, functional and environmental focus.","breadcrumb":{"@id":"https:\/\/annaps.com\/sv\/every-day-food-kolja-broccoli-boenor\/#breadcrumb"},"inLanguage":"sv-SE","potentialAction":[{"@type":"ReadAction","target":["https:\/\/annaps.com\/sv\/every-day-food-kolja-broccoli-boenor\/"]}]},{"@type":"ImageObject","inLanguage":"sv-SE","@id":"https:\/\/annaps.com\/sv\/every-day-food-kolja-broccoli-boenor\/#primaryimage","url":"https:\/\/annaps.com\/wordpress\/content\/uploads\/2016\/11\/diabetesrecept-nov.jpg","contentUrl":"https:\/\/annaps.com\/wordpress\/content\/uploads\/2016\/11\/diabetesrecept-nov.jpg"},{"@type":"BreadcrumbList","@id":"https:\/\/annaps.com\/sv\/every-day-food-kolja-broccoli-boenor\/#breadcrumb","itemListElement":[{"@type":"ListItem","position":1,"name":"Hem","item":"https:\/\/annaps.com\/sv\/"},{"@type":"ListItem","position":2,"name":"Every day food: Kolja, broccoli &#038; b\u00f6nor"}]},{"@type":"WebSite","@id":"https:\/\/annaps.com\/de\/#website","url":"https:\/\/annaps.com\/de\/","name":"AnnaPS","description":"Det skall vara enkelt att b\u00e4ra!","potentialAction":[{"@type":"SearchAction","target":{"@type":"EntryPoint","urlTemplate":"https:\/\/annaps.com\/de\/?s={search_term_string}"},"query-input":{"@type":"PropertyValueSpecification","valueRequired":true,"valueName":"search_term_string"}}],"inLanguage":"sv-SE"}]}},"_links":{"self":[{"href":"https:\/\/annaps.com\/sv\/wp-json\/wp\/v2\/pages\/10602","targetHints":{"allow":["GET"]}}],"collection":[{"href":"https:\/\/annaps.com\/sv\/wp-json\/wp\/v2\/pages"}],"about":[{"href":"https:\/\/annaps.com\/sv\/wp-json\/wp\/v2\/types\/page"}],"author":[{"embeddable":true,"href":"https:\/\/annaps.com\/sv\/wp-json\/wp\/v2\/users\/3"}],"replies":[{"embeddable":true,"href":"https:\/\/annaps.com\/sv\/wp-json\/wp\/v2\/comments?post=10602"}],"version-history":[{"count":0,"href":"https:\/\/annaps.com\/sv\/wp-json\/wp\/v2\/pages\/10602\/revisions"}],"wp:attachment":[{"href":"https:\/\/annaps.com\/sv\/wp-json\/wp\/v2\/media?parent=10602"}],"curies":[{"name":"wp","href":"https:\/\/api.w.org\/{rel}","templated":true}]}}