{"id":7715,"date":"2016-03-06T09:21:39","date_gmt":"2016-03-06T09:21:39","guid":{"rendered":"https:\/\/www.annaps.com\/product\/barn-3-pack-kalsongtrosa-boxi\/?lang=de"},"modified":"2025-11-14T21:00:04","modified_gmt":"2025-11-14T20:00:04","slug":"3er-pack-shortsslips","status":"publish","type":"product","link":"https:\/\/annaps.com\/de\/product\/3er-pack-shortsslips\/","title":{"rendered":"3er Pack Shorts\/Slips"},"content":{"rendered":"<p>Sonderangebot: Beim Kauf unserer beliebten Schwarze Unterhose mit Tasche im 3er-Pack betr\u00e4gt der Preis nur 23 Euro pro Unterhose! (regul\u00e4rer Preis: 29 Euro). Sie sparen 17 Euro!<\/p>\n<p>Die L\u00e4nge der Unterhosen k\u00f6nnen Sie frei w\u00e4hlen.<\/p>\n<p>Produktbeschreibung:<br \/>\nUnterhose mit kurzen bzw. langen Beinen. Fest eingen\u00e4htes elastisches Taillenband.\u00a0Eine integrierte Tasche auf der rechten Seite.<\/p>\n<p align=\"JUSTIFY\">Taschenmodell: Boxi. Die Boxi ist eine kleine Tasche (7 cm x 12 cm) mit einem Druckknopf, die geeignet ist f\u00fcr Insulinpumpen. Durch die \u00d6ffnung an der Innenseite des Kleidungsst\u00fccks k\u00f6nnen Sie die Pumpe in der Tasche platzieren, ohne sie vom Infusionsset zu l\u00f6sen. Von au\u00dfen k\u00f6nnen Sie die Pumpe jederzeit einfach bedienen und danach die Tache mit einem Druckknopf sicher verschlie\u00dfen. Der Schlauch liegt an der Innenseite des Kleidungsst\u00fccks.<\/p>\n<p align=\"JUSTIFY\">Dieses Produkt ist ein Kleidungsst\u00fcck, das wie eine Pumpentasche oder ein Diabetes Case genutzt wird. Das Produkt wurde speziell so entwickelt, dass Sie Ihre Insulinpumpe darin leicht und sicher transportieren k\u00f6nnen.<\/p>\n<p>&nbsp;<\/p>\n","protected":false},"excerpt":{"rendered":"<p>Eine Tasche Boxi<\/p>\n","protected":false},"featured_media":7133,"comment_status":"open","ping_status":"closed","template":"","meta":{"_acf_changed":false},"product_brand":[],"product_cat":[134,141],"product_tag":[],"class_list":{"0":"post-7715","1":"product","2":"type-product","3":"status-publish","4":"has-post-thumbnail","6":"product_cat-kinder","7":"product_cat-unterwaesche-mit-taschen","9":"first","10":"instock","11":"taxable","12":"shipping-taxable","13":"purchasable","14":"product-type-variable"},"acf":[],"yoast_head":"<!-- This site is optimized with the Yoast SEO plugin v27.1.1 - https:\/\/yoast.com\/product\/yoast-seo-wordpress\/ -->\n<title>3er Pack Shorts\/Slips - AnnaPS<\/title>\n<meta name=\"description\" content=\"AnnaPS makes clothes with integrated pockets to carry your diabetes devices such as insulin pump, pen and glucose meter. Stylish, high quality, functional and environmental focus.\" \/>\n<meta name=\"robots\" content=\"index, follow, max-snippet:-1, max-image-preview:large, max-video-preview:-1\" \/>\n<link rel=\"canonical\" href=\"https:\/\/annaps.com\/de\/product\/3er-pack-shortsslips\/\" \/>\n<meta property=\"og:locale\" content=\"de_DE\" \/>\n<meta property=\"og:type\" content=\"article\" \/>\n<meta property=\"og:title\" content=\"3er Pack Shorts\/Slips - AnnaPS\" \/>\n<meta property=\"og:description\" content=\"AnnaPS makes clothes with integrated pockets to carry your diabetes devices such as insulin pump, pen and glucose meter. Stylish, high quality, functional and environmental focus.\" \/>\n<meta property=\"og:url\" content=\"https:\/\/annaps.com\/de\/product\/3er-pack-shortsslips\/\" \/>\n<meta property=\"og:site_name\" content=\"AnnaPS\" \/>\n<meta property=\"article:publisher\" content=\"https:\/\/www.facebook.com\/annaps.scandinavia\/\" \/>\n<meta property=\"article:modified_time\" content=\"2025-11-14T20:00:04+00:00\" \/>\n<meta property=\"og:image\" content=\"https:\/\/annaps.com\/content\/uploads\/2016\/03\/3-Mangderbjudande-LJUSGUL-kids-3-pack.jpg\" \/>\n\t<meta property=\"og:image:width\" content=\"709\" \/>\n\t<meta property=\"og:image:height\" content=\"945\" \/>\n\t<meta property=\"og:image:type\" content=\"image\/jpeg\" \/>\n<meta name=\"twitter:card\" content=\"summary_large_image\" \/>\n<meta name=\"twitter:label1\" content=\"Est. reading time\" \/>\n\t<meta name=\"twitter:data1\" content=\"1 minute\" \/>\n<script type=\"application\/ld+json\" class=\"yoast-schema-graph\">{\"@context\":\"https:\/\/schema.org\",\"@graph\":[{\"@type\":\"WebPage\",\"@id\":\"https:\/\/annaps.com\/de\/product\/3er-pack-shortsslips\/\",\"url\":\"https:\/\/annaps.com\/de\/product\/3er-pack-shortsslips\/\",\"name\":\"3er Pack Shorts\/Slips - AnnaPS\",\"isPartOf\":{\"@id\":\"https:\/\/annaps.com\/de\/#website\"},\"primaryImageOfPage\":{\"@id\":\"https:\/\/annaps.com\/de\/product\/3er-pack-shortsslips\/#primaryimage\"},\"image\":{\"@id\":\"https:\/\/annaps.com\/de\/product\/3er-pack-shortsslips\/#primaryimage\"},\"thumbnailUrl\":\"https:\/\/annaps.com\/content\/uploads\/2016\/03\/3-Mangderbjudande-LJUSGUL-kids-3-pack.jpg\",\"datePublished\":\"2016-03-06T09:21:39+00:00\",\"dateModified\":\"2025-11-14T20:00:04+00:00\",\"description\":\"AnnaPS makes clothes with integrated pockets to carry your diabetes devices such as insulin pump, pen and glucose meter. Stylish, high quality, functional and environmental focus.\",\"breadcrumb\":{\"@id\":\"https:\/\/annaps.com\/de\/product\/3er-pack-shortsslips\/#breadcrumb\"},\"inLanguage\":\"de-DE\",\"potentialAction\":[{\"@type\":\"ReadAction\",\"target\":[\"https:\/\/annaps.com\/de\/product\/3er-pack-shortsslips\/\"]}]},{\"@type\":\"ImageObject\",\"inLanguage\":\"de-DE\",\"@id\":\"https:\/\/annaps.com\/de\/product\/3er-pack-shortsslips\/#primaryimage\",\"url\":\"https:\/\/annaps.com\/content\/uploads\/2016\/03\/3-Mangderbjudande-LJUSGUL-kids-3-pack.jpg\",\"contentUrl\":\"https:\/\/annaps.com\/content\/uploads\/2016\/03\/3-Mangderbjudande-LJUSGUL-kids-3-pack.jpg\",\"width\":709,\"height\":945,\"caption\":\"Clothes to carry insulin pump and pen\"},{\"@type\":\"BreadcrumbList\",\"@id\":\"https:\/\/annaps.com\/de\/product\/3er-pack-shortsslips\/#breadcrumb\",\"itemListElement\":[{\"@type\":\"ListItem\",\"position\":1,\"name\":\"Hem\",\"item\":\"https:\/\/annaps.com\/de\/\"},{\"@type\":\"ListItem\",\"position\":2,\"name\":\"Webshop\",\"item\":\"https:\/\/annaps.com\/de\/shop\/\"},{\"@type\":\"ListItem\",\"position\":3,\"name\":\"3er Pack Shorts\/Slips\"}]},{\"@type\":\"WebSite\",\"@id\":\"https:\/\/annaps.com\/de\/#website\",\"url\":\"https:\/\/annaps.com\/de\/\",\"name\":\"AnnaPS\",\"description\":\"Det skall vara enkelt att b\u00e4ra!\",\"potentialAction\":[{\"@type\":\"SearchAction\",\"target\":{\"@type\":\"EntryPoint\",\"urlTemplate\":\"https:\/\/annaps.com\/de\/?s={search_term_string}\"},\"query-input\":{\"@type\":\"PropertyValueSpecification\",\"valueRequired\":true,\"valueName\":\"search_term_string\"}}],\"inLanguage\":\"de-DE\"}]}<\/script>\n<!-- \/ Yoast SEO plugin. -->","yoast_head_json":{"title":"3er Pack Shorts\/Slips - AnnaPS","description":"AnnaPS makes clothes with integrated pockets to carry your diabetes devices such as insulin pump, pen and glucose meter. Stylish, high quality, functional and environmental focus.","robots":{"index":"index","follow":"follow","max-snippet":"max-snippet:-1","max-image-preview":"max-image-preview:large","max-video-preview":"max-video-preview:-1"},"canonical":"https:\/\/annaps.com\/de\/product\/3er-pack-shortsslips\/","og_locale":"de_DE","og_type":"article","og_title":"3er Pack Shorts\/Slips - AnnaPS","og_description":"AnnaPS makes clothes with integrated pockets to carry your diabetes devices such as insulin pump, pen and glucose meter. Stylish, high quality, functional and environmental focus.","og_url":"https:\/\/annaps.com\/de\/product\/3er-pack-shortsslips\/","og_site_name":"AnnaPS","article_publisher":"https:\/\/www.facebook.com\/annaps.scandinavia\/","article_modified_time":"2025-11-14T20:00:04+00:00","og_image":[{"width":709,"height":945,"url":"https:\/\/annaps.com\/content\/uploads\/2016\/03\/3-Mangderbjudande-LJUSGUL-kids-3-pack.jpg","type":"image\/jpeg"}],"twitter_card":"summary_large_image","twitter_misc":{"Est. reading time":"1 minute"},"schema":{"@context":"https:\/\/schema.org","@graph":[{"@type":"WebPage","@id":"https:\/\/annaps.com\/de\/product\/3er-pack-shortsslips\/","url":"https:\/\/annaps.com\/de\/product\/3er-pack-shortsslips\/","name":"3er Pack Shorts\/Slips - AnnaPS","isPartOf":{"@id":"https:\/\/annaps.com\/de\/#website"},"primaryImageOfPage":{"@id":"https:\/\/annaps.com\/de\/product\/3er-pack-shortsslips\/#primaryimage"},"image":{"@id":"https:\/\/annaps.com\/de\/product\/3er-pack-shortsslips\/#primaryimage"},"thumbnailUrl":"https:\/\/annaps.com\/content\/uploads\/2016\/03\/3-Mangderbjudande-LJUSGUL-kids-3-pack.jpg","datePublished":"2016-03-06T09:21:39+00:00","dateModified":"2025-11-14T20:00:04+00:00","description":"AnnaPS makes clothes with integrated pockets to carry your diabetes devices such as insulin pump, pen and glucose meter. Stylish, high quality, functional and environmental focus.","breadcrumb":{"@id":"https:\/\/annaps.com\/de\/product\/3er-pack-shortsslips\/#breadcrumb"},"inLanguage":"de-DE","potentialAction":[{"@type":"ReadAction","target":["https:\/\/annaps.com\/de\/product\/3er-pack-shortsslips\/"]}]},{"@type":"ImageObject","inLanguage":"de-DE","@id":"https:\/\/annaps.com\/de\/product\/3er-pack-shortsslips\/#primaryimage","url":"https:\/\/annaps.com\/content\/uploads\/2016\/03\/3-Mangderbjudande-LJUSGUL-kids-3-pack.jpg","contentUrl":"https:\/\/annaps.com\/content\/uploads\/2016\/03\/3-Mangderbjudande-LJUSGUL-kids-3-pack.jpg","width":709,"height":945,"caption":"Clothes to carry insulin pump and pen"},{"@type":"BreadcrumbList","@id":"https:\/\/annaps.com\/de\/product\/3er-pack-shortsslips\/#breadcrumb","itemListElement":[{"@type":"ListItem","position":1,"name":"Hem","item":"https:\/\/annaps.com\/de\/"},{"@type":"ListItem","position":2,"name":"Webshop","item":"https:\/\/annaps.com\/de\/shop\/"},{"@type":"ListItem","position":3,"name":"3er Pack Shorts\/Slips"}]},{"@type":"WebSite","@id":"https:\/\/annaps.com\/de\/#website","url":"https:\/\/annaps.com\/de\/","name":"AnnaPS","description":"Det skall vara enkelt att b\u00e4ra!","potentialAction":[{"@type":"SearchAction","target":{"@type":"EntryPoint","urlTemplate":"https:\/\/annaps.com\/de\/?s={search_term_string}"},"query-input":{"@type":"PropertyValueSpecification","valueRequired":true,"valueName":"search_term_string"}}],"inLanguage":"de-DE"}]}},"_links":{"self":[{"href":"https:\/\/annaps.com\/de\/wp-json\/wp\/v2\/product\/7715","targetHints":{"allow":["GET"]}}],"collection":[{"href":"https:\/\/annaps.com\/de\/wp-json\/wp\/v2\/product"}],"about":[{"href":"https:\/\/annaps.com\/de\/wp-json\/wp\/v2\/types\/product"}],"replies":[{"embeddable":true,"href":"https:\/\/annaps.com\/de\/wp-json\/wp\/v2\/comments?post=7715"}],"wp:featuredmedia":[{"embeddable":true,"href":"https:\/\/annaps.com\/de\/wp-json\/wp\/v2\/media\/7133"}],"wp:attachment":[{"href":"https:\/\/annaps.com\/de\/wp-json\/wp\/v2\/media?parent=7715"}],"wp:term":[{"taxonomy":"product_brand","embeddable":true,"href":"https:\/\/annaps.com\/de\/wp-json\/wp\/v2\/product_brand?post=7715"},{"taxonomy":"product_cat","embeddable":true,"href":"https:\/\/annaps.com\/de\/wp-json\/wp\/v2\/product_cat?post=7715"},{"taxonomy":"product_tag","embeddable":true,"href":"https:\/\/annaps.com\/de\/wp-json\/wp\/v2\/product_tag?post=7715"}],"curies":[{"name":"wp","href":"https:\/\/api.w.org\/{rel}","templated":true}]}}