{"id":5732,"date":"2016-01-07T13:25:49","date_gmt":"2016-01-07T13:25:49","guid":{"rendered":"https:\/\/www.annaps.com\/product\/kinderunterhose-mit-langen-beinen-boxi-sport-schwarz\/"},"modified":"2025-08-03T19:39:00","modified_gmt":"2025-08-03T17:39:00","slug":"kind-unisex-shorts-schwarz","status":"publish","type":"product","link":"https:\/\/annaps.com\/de\/product\/kind-unisex-shorts-schwarz\/","title":{"rendered":"Kind Unisex Shorts Schwarz"},"content":{"rendered":"<p><span style=\"font-weight: 400;\">Unterhose mit langen Beinen, Unisex. Fest eingen\u00e4htes elastisches Taillenband.\u00a0<\/span><\/p>\n<p><span style=\"font-weight: 400;\">Farbe: Schwarz<\/span><\/p>\n<p><span style=\"font-weight: 400;\">Tasche: <\/span><span style=\"font-weight: 400;\">Eine integrierte Tasche auf der rechten Seite. <\/span><\/p>\n<p align=\"JUSTIFY\">Taschenmodell: Boxi. Die Boxi ist eine kleine Tasche (7 cm x 12 cm) mit einem Druckknopf, die geeignet ist f\u00fcr Insulinpumpen. Durch die \u00d6ffnung an der Innenseite des Kleidungsst\u00fccks k\u00f6nnen Sie die Pumpe in der Tasche platzieren, ohne sie vom Infusionsset zu l\u00f6sen. Von au\u00dfen k\u00f6nnen Sie die Pumpe jederzeit einfach bedienen und danach die Tache mit einem Druckknopf sicher verschlie\u00dfen. Der Schlauch liegt an der Innenseite des Kleidungsst\u00fccks.<\/p>\n<p align=\"JUSTIFY\">Dieses Produkt ist ein Kleidungsst\u00fcck, das wie eine Pumpentasche oder ein Diabetes Case genutzt wird. Das Produkt wurde speziell so entwickelt, dass Sie Ihre Insulinpumpe darin leicht und sicher transportieren k\u00f6nnen.<\/p>\n","protected":false},"excerpt":{"rendered":"<p>Eine\u00a0Tasche Boxi<\/p>\n","protected":false},"featured_media":2716,"comment_status":"open","ping_status":"closed","template":"","meta":{"_acf_changed":false},"product_brand":[],"product_cat":[134,141],"product_tag":[],"class_list":{"0":"post-5732","1":"product","2":"type-product","3":"status-publish","4":"has-post-thumbnail","6":"product_cat-kinder","7":"product_cat-unterwaesche-mit-taschen","9":"first","10":"instock","11":"taxable","12":"shipping-taxable","13":"purchasable","14":"product-type-variable"},"acf":[],"yoast_head":"<!-- This site is optimized with the Yoast SEO plugin v27.1.1 - https:\/\/yoast.com\/product\/yoast-seo-wordpress\/ -->\n<title>Kind Unisex Shorts Schwarz - AnnaPS<\/title>\n<meta name=\"description\" content=\"AnnaPS makes clothes with integrated pockets to carry your diabetes devices such as insulin pump, pen and glucose meter. Stylish, high quality, functional and environmental focus.\" \/>\n<meta name=\"robots\" content=\"index, follow, max-snippet:-1, max-image-preview:large, max-video-preview:-1\" \/>\n<link rel=\"canonical\" href=\"https:\/\/annaps.com\/de\/product\/kind-unisex-shorts-schwarz\/\" \/>\n<meta property=\"og:locale\" content=\"de_DE\" \/>\n<meta property=\"og:type\" content=\"article\" \/>\n<meta property=\"og:title\" content=\"Kind Unisex Shorts Schwarz - AnnaPS\" \/>\n<meta property=\"og:description\" content=\"AnnaPS makes clothes with integrated pockets to carry your diabetes devices such as insulin pump, pen and glucose meter. Stylish, high quality, functional and environmental focus.\" \/>\n<meta property=\"og:url\" content=\"https:\/\/annaps.com\/de\/product\/kind-unisex-shorts-schwarz\/\" \/>\n<meta property=\"og:site_name\" content=\"AnnaPS\" \/>\n<meta property=\"article:publisher\" content=\"https:\/\/www.facebook.com\/annaps.scandinavia\/\" \/>\n<meta property=\"article:modified_time\" content=\"2025-08-03T17:39:00+00:00\" \/>\n<meta property=\"og:image\" content=\"https:\/\/annaps.com\/content\/uploads\/2016\/01\/PK-Longleg-Boxi-black_pants-with-insulin-pump-pocket_11.jpg\" \/>\n\t<meta property=\"og:image:width\" content=\"709\" \/>\n\t<meta property=\"og:image:height\" content=\"945\" \/>\n\t<meta property=\"og:image:type\" content=\"image\/jpeg\" \/>\n<meta name=\"twitter:card\" content=\"summary_large_image\" \/>\n<meta name=\"twitter:label1\" content=\"Est. reading time\" \/>\n\t<meta name=\"twitter:data1\" content=\"1 minute\" \/>\n<script type=\"application\/ld+json\" class=\"yoast-schema-graph\">{\"@context\":\"https:\/\/schema.org\",\"@graph\":[{\"@type\":\"WebPage\",\"@id\":\"https:\/\/annaps.com\/de\/product\/kind-unisex-shorts-schwarz\/\",\"url\":\"https:\/\/annaps.com\/de\/product\/kind-unisex-shorts-schwarz\/\",\"name\":\"Kind Unisex Shorts Schwarz - AnnaPS\",\"isPartOf\":{\"@id\":\"https:\/\/annaps.com\/de\/#website\"},\"primaryImageOfPage\":{\"@id\":\"https:\/\/annaps.com\/de\/product\/kind-unisex-shorts-schwarz\/#primaryimage\"},\"image\":{\"@id\":\"https:\/\/annaps.com\/de\/product\/kind-unisex-shorts-schwarz\/#primaryimage\"},\"thumbnailUrl\":\"https:\/\/annaps.com\/content\/uploads\/2016\/01\/PK-Longleg-Boxi-black_pants-with-insulin-pump-pocket_11.jpg\",\"datePublished\":\"2016-01-07T13:25:49+00:00\",\"dateModified\":\"2025-08-03T17:39:00+00:00\",\"description\":\"AnnaPS makes clothes with integrated pockets to carry your diabetes devices such as insulin pump, pen and glucose meter. Stylish, high quality, functional and environmental focus.\",\"breadcrumb\":{\"@id\":\"https:\/\/annaps.com\/de\/product\/kind-unisex-shorts-schwarz\/#breadcrumb\"},\"inLanguage\":\"de-DE\",\"potentialAction\":[{\"@type\":\"ReadAction\",\"target\":[\"https:\/\/annaps.com\/de\/product\/kind-unisex-shorts-schwarz\/\"]}]},{\"@type\":\"ImageObject\",\"inLanguage\":\"de-DE\",\"@id\":\"https:\/\/annaps.com\/de\/product\/kind-unisex-shorts-schwarz\/#primaryimage\",\"url\":\"https:\/\/annaps.com\/content\/uploads\/2016\/01\/PK-Longleg-Boxi-black_pants-with-insulin-pump-pocket_11.jpg\",\"contentUrl\":\"https:\/\/annaps.com\/content\/uploads\/2016\/01\/PK-Longleg-Boxi-black_pants-with-insulin-pump-pocket_11.jpg\",\"width\":709,\"height\":945,\"caption\":\"Clothes to carry insulin pump and pen\"},{\"@type\":\"BreadcrumbList\",\"@id\":\"https:\/\/annaps.com\/de\/product\/kind-unisex-shorts-schwarz\/#breadcrumb\",\"itemListElement\":[{\"@type\":\"ListItem\",\"position\":1,\"name\":\"Hem\",\"item\":\"https:\/\/annaps.com\/de\/\"},{\"@type\":\"ListItem\",\"position\":2,\"name\":\"Webshop\",\"item\":\"https:\/\/annaps.com\/de\/shop\/\"},{\"@type\":\"ListItem\",\"position\":3,\"name\":\"Kind Unisex Shorts Schwarz\"}]},{\"@type\":\"WebSite\",\"@id\":\"https:\/\/annaps.com\/de\/#website\",\"url\":\"https:\/\/annaps.com\/de\/\",\"name\":\"AnnaPS\",\"description\":\"Det skall vara enkelt att b\u00e4ra!\",\"potentialAction\":[{\"@type\":\"SearchAction\",\"target\":{\"@type\":\"EntryPoint\",\"urlTemplate\":\"https:\/\/annaps.com\/de\/?s={search_term_string}\"},\"query-input\":{\"@type\":\"PropertyValueSpecification\",\"valueRequired\":true,\"valueName\":\"search_term_string\"}}],\"inLanguage\":\"de-DE\"}]}<\/script>\n<!-- \/ Yoast SEO plugin. -->","yoast_head_json":{"title":"Kind Unisex Shorts Schwarz - AnnaPS","description":"AnnaPS makes clothes with integrated pockets to carry your diabetes devices such as insulin pump, pen and glucose meter. Stylish, high quality, functional and environmental focus.","robots":{"index":"index","follow":"follow","max-snippet":"max-snippet:-1","max-image-preview":"max-image-preview:large","max-video-preview":"max-video-preview:-1"},"canonical":"https:\/\/annaps.com\/de\/product\/kind-unisex-shorts-schwarz\/","og_locale":"de_DE","og_type":"article","og_title":"Kind Unisex Shorts Schwarz - AnnaPS","og_description":"AnnaPS makes clothes with integrated pockets to carry your diabetes devices such as insulin pump, pen and glucose meter. Stylish, high quality, functional and environmental focus.","og_url":"https:\/\/annaps.com\/de\/product\/kind-unisex-shorts-schwarz\/","og_site_name":"AnnaPS","article_publisher":"https:\/\/www.facebook.com\/annaps.scandinavia\/","article_modified_time":"2025-08-03T17:39:00+00:00","og_image":[{"width":709,"height":945,"url":"https:\/\/annaps.com\/content\/uploads\/2016\/01\/PK-Longleg-Boxi-black_pants-with-insulin-pump-pocket_11.jpg","type":"image\/jpeg"}],"twitter_card":"summary_large_image","twitter_misc":{"Est. reading time":"1 minute"},"schema":{"@context":"https:\/\/schema.org","@graph":[{"@type":"WebPage","@id":"https:\/\/annaps.com\/de\/product\/kind-unisex-shorts-schwarz\/","url":"https:\/\/annaps.com\/de\/product\/kind-unisex-shorts-schwarz\/","name":"Kind Unisex Shorts Schwarz - AnnaPS","isPartOf":{"@id":"https:\/\/annaps.com\/de\/#website"},"primaryImageOfPage":{"@id":"https:\/\/annaps.com\/de\/product\/kind-unisex-shorts-schwarz\/#primaryimage"},"image":{"@id":"https:\/\/annaps.com\/de\/product\/kind-unisex-shorts-schwarz\/#primaryimage"},"thumbnailUrl":"https:\/\/annaps.com\/content\/uploads\/2016\/01\/PK-Longleg-Boxi-black_pants-with-insulin-pump-pocket_11.jpg","datePublished":"2016-01-07T13:25:49+00:00","dateModified":"2025-08-03T17:39:00+00:00","description":"AnnaPS makes clothes with integrated pockets to carry your diabetes devices such as insulin pump, pen and glucose meter. Stylish, high quality, functional and environmental focus.","breadcrumb":{"@id":"https:\/\/annaps.com\/de\/product\/kind-unisex-shorts-schwarz\/#breadcrumb"},"inLanguage":"de-DE","potentialAction":[{"@type":"ReadAction","target":["https:\/\/annaps.com\/de\/product\/kind-unisex-shorts-schwarz\/"]}]},{"@type":"ImageObject","inLanguage":"de-DE","@id":"https:\/\/annaps.com\/de\/product\/kind-unisex-shorts-schwarz\/#primaryimage","url":"https:\/\/annaps.com\/content\/uploads\/2016\/01\/PK-Longleg-Boxi-black_pants-with-insulin-pump-pocket_11.jpg","contentUrl":"https:\/\/annaps.com\/content\/uploads\/2016\/01\/PK-Longleg-Boxi-black_pants-with-insulin-pump-pocket_11.jpg","width":709,"height":945,"caption":"Clothes to carry insulin pump and pen"},{"@type":"BreadcrumbList","@id":"https:\/\/annaps.com\/de\/product\/kind-unisex-shorts-schwarz\/#breadcrumb","itemListElement":[{"@type":"ListItem","position":1,"name":"Hem","item":"https:\/\/annaps.com\/de\/"},{"@type":"ListItem","position":2,"name":"Webshop","item":"https:\/\/annaps.com\/de\/shop\/"},{"@type":"ListItem","position":3,"name":"Kind Unisex Shorts Schwarz"}]},{"@type":"WebSite","@id":"https:\/\/annaps.com\/de\/#website","url":"https:\/\/annaps.com\/de\/","name":"AnnaPS","description":"Det skall vara enkelt att b\u00e4ra!","potentialAction":[{"@type":"SearchAction","target":{"@type":"EntryPoint","urlTemplate":"https:\/\/annaps.com\/de\/?s={search_term_string}"},"query-input":{"@type":"PropertyValueSpecification","valueRequired":true,"valueName":"search_term_string"}}],"inLanguage":"de-DE"}]}},"_links":{"self":[{"href":"https:\/\/annaps.com\/de\/wp-json\/wp\/v2\/product\/5732","targetHints":{"allow":["GET"]}}],"collection":[{"href":"https:\/\/annaps.com\/de\/wp-json\/wp\/v2\/product"}],"about":[{"href":"https:\/\/annaps.com\/de\/wp-json\/wp\/v2\/types\/product"}],"replies":[{"embeddable":true,"href":"https:\/\/annaps.com\/de\/wp-json\/wp\/v2\/comments?post=5732"}],"wp:featuredmedia":[{"embeddable":true,"href":"https:\/\/annaps.com\/de\/wp-json\/wp\/v2\/media\/2716"}],"wp:attachment":[{"href":"https:\/\/annaps.com\/de\/wp-json\/wp\/v2\/media?parent=5732"}],"wp:term":[{"taxonomy":"product_brand","embeddable":true,"href":"https:\/\/annaps.com\/de\/wp-json\/wp\/v2\/product_brand?post=5732"},{"taxonomy":"product_cat","embeddable":true,"href":"https:\/\/annaps.com\/de\/wp-json\/wp\/v2\/product_cat?post=5732"},{"taxonomy":"product_tag","embeddable":true,"href":"https:\/\/annaps.com\/de\/wp-json\/wp\/v2\/product_tag?post=5732"}],"curies":[{"name":"wp","href":"https:\/\/api.w.org\/{rel}","templated":true}]}}