{"id":5624,"date":"2016-01-13T08:26:31","date_gmt":"2016-01-13T08:26:31","guid":{"rendered":"https:\/\/www.annaps.com\/product\/unterhemd-mit-tasche-fuer-insulinpumpe-schwartz\/"},"modified":"2023-11-01T14:30:18","modified_gmt":"2023-11-01T13:30:18","slug":"damen-top-schwarz","status":"publish","type":"product","link":"https:\/\/annaps.com\/de\/product\/damen-top-schwarz\/","title":{"rendered":"Damen Top Schwarz"},"content":{"rendered":"<p><span style=\"font-weight: 400;\">Top\u00a0aus weichem Jersey mit verstellbaren Spaghettitr\u00e4gern. Extra verst\u00e4rkte Vorderseite aus doppellagigem Jersey, oben anliegend, nach unten hin locker.<\/span><span style=\"font-weight: 400;\">Weiche elastische Spitze \u00a0im Vorderteil.<\/span><\/p>\n<p><span style=\"font-weight: 400;\">Farbe: Schwarz\u00a0<\/span><\/p>\n<p><span style=\"font-weight: 400;\">Taschen: <\/span><span style=\"font-weight: 400;\">Zwei integrierte Taschen auf der Vorderseite, horizontal\u00a0 platziert.<\/span><\/p>\n<p align=\"JUSTIFY\">Taschenmodell: Boxi2. Die Boxi2 ist eine kleine Tasche (7 cm x 12 cm), die sich mit einer \u00dcberlappung im Stoff verschlie\u00dfen l\u00e4sst und f\u00fcr Insulinpumpen geeignet ist. Durch die \u00d6ffnung an der Innenseite des Kleidungsst\u00fccks k\u00f6nnen Sie die Pumpe in der Tasche platzieren und danach k\u00f6nnen Sie die Pumpe einfach \u00fcber die \u00e4u\u00dfere \u00d6ffnung bedienen. Der Schlauch liegt an der Innenseite des Kleidungsst\u00fccks und muss zum Platzieren nicht von der Pumpe getrennt werden.<\/p>\n<p align=\"JUSTIFY\">Dieses Produkt ist ein Kleidungsst\u00fcck, das wie eine Pumpentasche oder ein Diabetes Case genutzt wird. Das Produkt wurde speziell so entwickelt, dass Sie Ihre Insulinpumpe darin leicht und sicher transportieren k\u00f6nnen.<\/p>\n<p>&nbsp;<\/p>\n","protected":false},"excerpt":{"rendered":"<p>Zwei Taschen\u00a0Boxi2<\/p>\n","protected":false},"featured_media":3208,"comment_status":"open","ping_status":"closed","template":"","meta":{"_acf_changed":false},"product_brand":[],"product_cat":[135,140],"product_tag":[],"class_list":{"0":"post-5624","1":"product","2":"type-product","3":"status-publish","4":"has-post-thumbnail","6":"product_cat-damen","7":"product_cat-tops-mit-taschen-de","9":"first","10":"instock","11":"taxable","12":"shipping-taxable","13":"purchasable","14":"product-type-variable"},"acf":[],"yoast_head":"<!-- This site is optimized with the Yoast SEO plugin v27.1.1 - https:\/\/yoast.com\/product\/yoast-seo-wordpress\/ -->\n<title>Damen Top Schwarz - AnnaPS<\/title>\n<meta name=\"description\" content=\"AnnaPS makes clothes with integrated pockets to carry your diabetes devices such as insulin pump, pen and glucose meter. Stylish, high quality, functional and environmental focus.\" \/>\n<meta name=\"robots\" content=\"index, follow, max-snippet:-1, max-image-preview:large, max-video-preview:-1\" \/>\n<link rel=\"canonical\" href=\"https:\/\/annaps.com\/de\/product\/damen-top-schwarz\/\" \/>\n<meta property=\"og:locale\" content=\"de_DE\" \/>\n<meta property=\"og:type\" content=\"article\" \/>\n<meta property=\"og:title\" content=\"Damen Top Schwarz - AnnaPS\" \/>\n<meta property=\"og:description\" content=\"AnnaPS makes clothes with integrated pockets to carry your diabetes devices such as insulin pump, pen and glucose meter. Stylish, high quality, functional and environmental focus.\" \/>\n<meta property=\"og:url\" content=\"https:\/\/annaps.com\/de\/product\/damen-top-schwarz\/\" \/>\n<meta property=\"og:site_name\" content=\"AnnaPS\" \/>\n<meta property=\"article:publisher\" content=\"https:\/\/www.facebook.com\/annaps.scandinavia\/\" \/>\n<meta property=\"article:modified_time\" content=\"2023-11-01T13:30:18+00:00\" \/>\n<meta property=\"og:image\" content=\"https:\/\/annaps.com\/content\/uploads\/2016\/01\/SiW-Singlet-boxi-2-black_top-with-insulin-pump-pocket_11.jpg\" \/>\n\t<meta property=\"og:image:width\" content=\"709\" \/>\n\t<meta property=\"og:image:height\" content=\"945\" \/>\n\t<meta property=\"og:image:type\" content=\"image\/jpeg\" \/>\n<meta name=\"twitter:card\" content=\"summary_large_image\" \/>\n<meta name=\"twitter:label1\" content=\"Est. reading time\" \/>\n\t<meta name=\"twitter:data1\" content=\"1 minute\" \/>\n<script type=\"application\/ld+json\" class=\"yoast-schema-graph\">{\"@context\":\"https:\/\/schema.org\",\"@graph\":[{\"@type\":\"WebPage\",\"@id\":\"https:\/\/annaps.com\/de\/product\/damen-top-schwarz\/\",\"url\":\"https:\/\/annaps.com\/de\/product\/damen-top-schwarz\/\",\"name\":\"Damen Top Schwarz - AnnaPS\",\"isPartOf\":{\"@id\":\"https:\/\/annaps.com\/de\/#website\"},\"primaryImageOfPage\":{\"@id\":\"https:\/\/annaps.com\/de\/product\/damen-top-schwarz\/#primaryimage\"},\"image\":{\"@id\":\"https:\/\/annaps.com\/de\/product\/damen-top-schwarz\/#primaryimage\"},\"thumbnailUrl\":\"https:\/\/annaps.com\/content\/uploads\/2016\/01\/SiW-Singlet-boxi-2-black_top-with-insulin-pump-pocket_11.jpg\",\"datePublished\":\"2016-01-13T08:26:31+00:00\",\"dateModified\":\"2023-11-01T13:30:18+00:00\",\"description\":\"AnnaPS makes clothes with integrated pockets to carry your diabetes devices such as insulin pump, pen and glucose meter. Stylish, high quality, functional and environmental focus.\",\"breadcrumb\":{\"@id\":\"https:\/\/annaps.com\/de\/product\/damen-top-schwarz\/#breadcrumb\"},\"inLanguage\":\"de-DE\",\"potentialAction\":[{\"@type\":\"ReadAction\",\"target\":[\"https:\/\/annaps.com\/de\/product\/damen-top-schwarz\/\"]}]},{\"@type\":\"ImageObject\",\"inLanguage\":\"de-DE\",\"@id\":\"https:\/\/annaps.com\/de\/product\/damen-top-schwarz\/#primaryimage\",\"url\":\"https:\/\/annaps.com\/content\/uploads\/2016\/01\/SiW-Singlet-boxi-2-black_top-with-insulin-pump-pocket_11.jpg\",\"contentUrl\":\"https:\/\/annaps.com\/content\/uploads\/2016\/01\/SiW-Singlet-boxi-2-black_top-with-insulin-pump-pocket_11.jpg\",\"width\":709,\"height\":945,\"caption\":\"Clothes to carry insulin pump and pen\"},{\"@type\":\"BreadcrumbList\",\"@id\":\"https:\/\/annaps.com\/de\/product\/damen-top-schwarz\/#breadcrumb\",\"itemListElement\":[{\"@type\":\"ListItem\",\"position\":1,\"name\":\"Hem\",\"item\":\"https:\/\/annaps.com\/de\/\"},{\"@type\":\"ListItem\",\"position\":2,\"name\":\"Webshop\",\"item\":\"https:\/\/annaps.com\/de\/shop\/\"},{\"@type\":\"ListItem\",\"position\":3,\"name\":\"Damen Top Schwarz\"}]},{\"@type\":\"WebSite\",\"@id\":\"https:\/\/annaps.com\/de\/#website\",\"url\":\"https:\/\/annaps.com\/de\/\",\"name\":\"AnnaPS\",\"description\":\"Det skall vara enkelt att b\u00e4ra!\",\"potentialAction\":[{\"@type\":\"SearchAction\",\"target\":{\"@type\":\"EntryPoint\",\"urlTemplate\":\"https:\/\/annaps.com\/de\/?s={search_term_string}\"},\"query-input\":{\"@type\":\"PropertyValueSpecification\",\"valueRequired\":true,\"valueName\":\"search_term_string\"}}],\"inLanguage\":\"de-DE\"}]}<\/script>\n<!-- \/ Yoast SEO plugin. -->","yoast_head_json":{"title":"Damen Top Schwarz - AnnaPS","description":"AnnaPS makes clothes with integrated pockets to carry your diabetes devices such as insulin pump, pen and glucose meter. Stylish, high quality, functional and environmental focus.","robots":{"index":"index","follow":"follow","max-snippet":"max-snippet:-1","max-image-preview":"max-image-preview:large","max-video-preview":"max-video-preview:-1"},"canonical":"https:\/\/annaps.com\/de\/product\/damen-top-schwarz\/","og_locale":"de_DE","og_type":"article","og_title":"Damen Top Schwarz - AnnaPS","og_description":"AnnaPS makes clothes with integrated pockets to carry your diabetes devices such as insulin pump, pen and glucose meter. Stylish, high quality, functional and environmental focus.","og_url":"https:\/\/annaps.com\/de\/product\/damen-top-schwarz\/","og_site_name":"AnnaPS","article_publisher":"https:\/\/www.facebook.com\/annaps.scandinavia\/","article_modified_time":"2023-11-01T13:30:18+00:00","og_image":[{"width":709,"height":945,"url":"https:\/\/annaps.com\/content\/uploads\/2016\/01\/SiW-Singlet-boxi-2-black_top-with-insulin-pump-pocket_11.jpg","type":"image\/jpeg"}],"twitter_card":"summary_large_image","twitter_misc":{"Est. reading time":"1 minute"},"schema":{"@context":"https:\/\/schema.org","@graph":[{"@type":"WebPage","@id":"https:\/\/annaps.com\/de\/product\/damen-top-schwarz\/","url":"https:\/\/annaps.com\/de\/product\/damen-top-schwarz\/","name":"Damen Top Schwarz - AnnaPS","isPartOf":{"@id":"https:\/\/annaps.com\/de\/#website"},"primaryImageOfPage":{"@id":"https:\/\/annaps.com\/de\/product\/damen-top-schwarz\/#primaryimage"},"image":{"@id":"https:\/\/annaps.com\/de\/product\/damen-top-schwarz\/#primaryimage"},"thumbnailUrl":"https:\/\/annaps.com\/content\/uploads\/2016\/01\/SiW-Singlet-boxi-2-black_top-with-insulin-pump-pocket_11.jpg","datePublished":"2016-01-13T08:26:31+00:00","dateModified":"2023-11-01T13:30:18+00:00","description":"AnnaPS makes clothes with integrated pockets to carry your diabetes devices such as insulin pump, pen and glucose meter. Stylish, high quality, functional and environmental focus.","breadcrumb":{"@id":"https:\/\/annaps.com\/de\/product\/damen-top-schwarz\/#breadcrumb"},"inLanguage":"de-DE","potentialAction":[{"@type":"ReadAction","target":["https:\/\/annaps.com\/de\/product\/damen-top-schwarz\/"]}]},{"@type":"ImageObject","inLanguage":"de-DE","@id":"https:\/\/annaps.com\/de\/product\/damen-top-schwarz\/#primaryimage","url":"https:\/\/annaps.com\/content\/uploads\/2016\/01\/SiW-Singlet-boxi-2-black_top-with-insulin-pump-pocket_11.jpg","contentUrl":"https:\/\/annaps.com\/content\/uploads\/2016\/01\/SiW-Singlet-boxi-2-black_top-with-insulin-pump-pocket_11.jpg","width":709,"height":945,"caption":"Clothes to carry insulin pump and pen"},{"@type":"BreadcrumbList","@id":"https:\/\/annaps.com\/de\/product\/damen-top-schwarz\/#breadcrumb","itemListElement":[{"@type":"ListItem","position":1,"name":"Hem","item":"https:\/\/annaps.com\/de\/"},{"@type":"ListItem","position":2,"name":"Webshop","item":"https:\/\/annaps.com\/de\/shop\/"},{"@type":"ListItem","position":3,"name":"Damen Top Schwarz"}]},{"@type":"WebSite","@id":"https:\/\/annaps.com\/de\/#website","url":"https:\/\/annaps.com\/de\/","name":"AnnaPS","description":"Det skall vara enkelt att b\u00e4ra!","potentialAction":[{"@type":"SearchAction","target":{"@type":"EntryPoint","urlTemplate":"https:\/\/annaps.com\/de\/?s={search_term_string}"},"query-input":{"@type":"PropertyValueSpecification","valueRequired":true,"valueName":"search_term_string"}}],"inLanguage":"de-DE"}]}},"_links":{"self":[{"href":"https:\/\/annaps.com\/de\/wp-json\/wp\/v2\/product\/5624","targetHints":{"allow":["GET"]}}],"collection":[{"href":"https:\/\/annaps.com\/de\/wp-json\/wp\/v2\/product"}],"about":[{"href":"https:\/\/annaps.com\/de\/wp-json\/wp\/v2\/types\/product"}],"replies":[{"embeddable":true,"href":"https:\/\/annaps.com\/de\/wp-json\/wp\/v2\/comments?post=5624"}],"wp:featuredmedia":[{"embeddable":true,"href":"https:\/\/annaps.com\/de\/wp-json\/wp\/v2\/media\/3208"}],"wp:attachment":[{"href":"https:\/\/annaps.com\/de\/wp-json\/wp\/v2\/media?parent=5624"}],"wp:term":[{"taxonomy":"product_brand","embeddable":true,"href":"https:\/\/annaps.com\/de\/wp-json\/wp\/v2\/product_brand?post=5624"},{"taxonomy":"product_cat","embeddable":true,"href":"https:\/\/annaps.com\/de\/wp-json\/wp\/v2\/product_cat?post=5624"},{"taxonomy":"product_tag","embeddable":true,"href":"https:\/\/annaps.com\/de\/wp-json\/wp\/v2\/product_tag?post=5624"}],"curies":[{"name":"wp","href":"https:\/\/api.w.org\/{rel}","templated":true}]}}