{"id":5618,"date":"2016-01-13T08:26:52","date_gmt":"2016-01-13T08:26:52","guid":{"rendered":"https:\/\/www.annaps.com\/product\/unterhemd-mit-tasche-fuer-insulinpumpe-wiess\/"},"modified":"2025-10-15T16:44:54","modified_gmt":"2025-10-15T14:44:54","slug":"damen-top-weiss","status":"publish","type":"product","link":"https:\/\/annaps.com\/de\/product\/damen-top-weiss\/","title":{"rendered":"Damen Top Wei\u00df"},"content":{"rendered":"<p><span style=\"font-weight: 400;\">Top\u00a0aus weichem Jersey mit verstellbaren Spaghettitr\u00e4gern. Extra verst\u00e4rkte Vorderseite aus doppellagigem Jersey, oben anliegend, nach unten hin locker.\u00a0<\/span><span style=\"font-weight: 400;\">Weiche elastische Spitze \u00a0im Vorderteil.<\/span><\/p>\n<p><span style=\"font-weight: 400;\">Farbe: Wei\u00df<\/span><\/p>\n<p><span style=\"font-weight: 400;\">Taschen: <\/span><span style=\"font-weight: 400;\">Zwei integrierte Taschen auf der Vorderseite, horizontal\u00a0 platziert.<\/span><\/p>\n<p align=\"JUSTIFY\">Taschenmodell: Boxi2. Die Boxi2 ist eine kleine Tasche (7 cm x 12 cm), die sich mit einer \u00dcberlappung im Stoff verschlie\u00dfen l\u00e4sst und f\u00fcr Insulinpumpen geeignet ist. Durch die \u00d6ffnung an der Innenseite des Kleidungsst\u00fccks k\u00f6nnen Sie die Pumpe in der Tasche platzieren und danach k\u00f6nnen Sie die Pumpe einfach \u00fcber die \u00e4u\u00dfere \u00d6ffnung bedienen. Der Schlauch liegt an der Innenseite des Kleidungsst\u00fccks und muss zum Platzieren nicht von der Pumpe getrennt werden.<\/p>\n<p align=\"JUSTIFY\">Dieses Produkt ist ein Kleidungsst\u00fcck, das wie eine Pumpentasche oder ein Diabetes Case genutzt wird. Das Produkt wurde speziell so entwickelt, dass Sie Ihre Insulinpumpe darin leicht und sicher transportieren k\u00f6nnen.<\/p>\n","protected":false},"excerpt":{"rendered":"<p>Zwei Taschen\u00a0Boxi2<\/p>\n","protected":false},"featured_media":1294,"comment_status":"open","ping_status":"closed","template":"","meta":{"_acf_changed":false},"product_brand":[],"product_cat":[135,140],"product_tag":[],"class_list":{"0":"post-5618","1":"product","2":"type-product","3":"status-publish","4":"has-post-thumbnail","6":"product_cat-damen","7":"product_cat-tops-mit-taschen-de","9":"first","10":"instock","11":"taxable","12":"shipping-taxable","13":"purchasable","14":"product-type-variable"},"acf":[],"yoast_head":"<!-- This site is optimized with the Yoast SEO plugin v27.1.1 - https:\/\/yoast.com\/product\/yoast-seo-wordpress\/ -->\n<title>Damen Top Wei\u00df - AnnaPS<\/title>\n<meta name=\"description\" content=\"AnnaPS makes clothes with integrated pockets to carry your diabetes devices such as insulin pump, pen and glucose meter. Stylish, high quality, functional and environmental focus.\" \/>\n<meta name=\"robots\" content=\"index, follow, max-snippet:-1, max-image-preview:large, max-video-preview:-1\" \/>\n<link rel=\"canonical\" href=\"https:\/\/annaps.com\/de\/product\/damen-top-weiss\/\" \/>\n<meta property=\"og:locale\" content=\"de_DE\" \/>\n<meta property=\"og:type\" content=\"article\" \/>\n<meta property=\"og:title\" content=\"Damen Top Wei\u00df - AnnaPS\" \/>\n<meta property=\"og:description\" content=\"AnnaPS makes clothes with integrated pockets to carry your diabetes devices such as insulin pump, pen and glucose meter. Stylish, high quality, functional and environmental focus.\" \/>\n<meta property=\"og:url\" content=\"https:\/\/annaps.com\/de\/product\/damen-top-weiss\/\" \/>\n<meta property=\"og:site_name\" content=\"AnnaPS\" \/>\n<meta property=\"article:publisher\" content=\"https:\/\/www.facebook.com\/annaps.scandinavia\/\" \/>\n<meta property=\"article:modified_time\" content=\"2025-10-15T14:44:54+00:00\" \/>\n<meta property=\"og:image\" content=\"https:\/\/annaps.com\/content\/uploads\/2016\/01\/SiW-Singlet-boxi-2-white_top-with-insulin-pump-pocket_1.jpg\" \/>\n\t<meta property=\"og:image:width\" content=\"709\" \/>\n\t<meta property=\"og:image:height\" content=\"945\" \/>\n\t<meta property=\"og:image:type\" content=\"image\/jpeg\" \/>\n<meta name=\"twitter:card\" content=\"summary_large_image\" \/>\n<meta name=\"twitter:label1\" content=\"Est. reading time\" \/>\n\t<meta name=\"twitter:data1\" content=\"1 minute\" \/>\n<script type=\"application\/ld+json\" class=\"yoast-schema-graph\">{\"@context\":\"https:\/\/schema.org\",\"@graph\":[{\"@type\":\"WebPage\",\"@id\":\"https:\/\/annaps.com\/de\/product\/damen-top-weiss\/\",\"url\":\"https:\/\/annaps.com\/de\/product\/damen-top-weiss\/\",\"name\":\"Damen Top Wei\u00df - AnnaPS\",\"isPartOf\":{\"@id\":\"https:\/\/annaps.com\/de\/#website\"},\"primaryImageOfPage\":{\"@id\":\"https:\/\/annaps.com\/de\/product\/damen-top-weiss\/#primaryimage\"},\"image\":{\"@id\":\"https:\/\/annaps.com\/de\/product\/damen-top-weiss\/#primaryimage\"},\"thumbnailUrl\":\"https:\/\/annaps.com\/content\/uploads\/2016\/01\/SiW-Singlet-boxi-2-white_top-with-insulin-pump-pocket_1.jpg\",\"datePublished\":\"2016-01-13T08:26:52+00:00\",\"dateModified\":\"2025-10-15T14:44:54+00:00\",\"description\":\"AnnaPS makes clothes with integrated pockets to carry your diabetes devices such as insulin pump, pen and glucose meter. Stylish, high quality, functional and environmental focus.\",\"breadcrumb\":{\"@id\":\"https:\/\/annaps.com\/de\/product\/damen-top-weiss\/#breadcrumb\"},\"inLanguage\":\"de-DE\",\"potentialAction\":[{\"@type\":\"ReadAction\",\"target\":[\"https:\/\/annaps.com\/de\/product\/damen-top-weiss\/\"]}]},{\"@type\":\"ImageObject\",\"inLanguage\":\"de-DE\",\"@id\":\"https:\/\/annaps.com\/de\/product\/damen-top-weiss\/#primaryimage\",\"url\":\"https:\/\/annaps.com\/content\/uploads\/2016\/01\/SiW-Singlet-boxi-2-white_top-with-insulin-pump-pocket_1.jpg\",\"contentUrl\":\"https:\/\/annaps.com\/content\/uploads\/2016\/01\/SiW-Singlet-boxi-2-white_top-with-insulin-pump-pocket_1.jpg\",\"width\":709,\"height\":945,\"caption\":\"AnnaPS Unterhemd f\u00fcr Frauen in wei\u00df mit zwei Taschen f\u00fcr alle, die ihr Diabeteszubeh\u00f6r st\u00e4ndig bei sich tragen m\u00fcssen\"},{\"@type\":\"BreadcrumbList\",\"@id\":\"https:\/\/annaps.com\/de\/product\/damen-top-weiss\/#breadcrumb\",\"itemListElement\":[{\"@type\":\"ListItem\",\"position\":1,\"name\":\"Hem\",\"item\":\"https:\/\/annaps.com\/de\/\"},{\"@type\":\"ListItem\",\"position\":2,\"name\":\"Webshop\",\"item\":\"https:\/\/annaps.com\/de\/shop\/\"},{\"@type\":\"ListItem\",\"position\":3,\"name\":\"Damen Top Wei\u00df\"}]},{\"@type\":\"WebSite\",\"@id\":\"https:\/\/annaps.com\/de\/#website\",\"url\":\"https:\/\/annaps.com\/de\/\",\"name\":\"AnnaPS\",\"description\":\"Det skall vara enkelt att b\u00e4ra!\",\"potentialAction\":[{\"@type\":\"SearchAction\",\"target\":{\"@type\":\"EntryPoint\",\"urlTemplate\":\"https:\/\/annaps.com\/de\/?s={search_term_string}\"},\"query-input\":{\"@type\":\"PropertyValueSpecification\",\"valueRequired\":true,\"valueName\":\"search_term_string\"}}],\"inLanguage\":\"de-DE\"}]}<\/script>\n<!-- \/ Yoast SEO plugin. -->","yoast_head_json":{"title":"Damen Top Wei\u00df - AnnaPS","description":"AnnaPS makes clothes with integrated pockets to carry your diabetes devices such as insulin pump, pen and glucose meter. Stylish, high quality, functional and environmental focus.","robots":{"index":"index","follow":"follow","max-snippet":"max-snippet:-1","max-image-preview":"max-image-preview:large","max-video-preview":"max-video-preview:-1"},"canonical":"https:\/\/annaps.com\/de\/product\/damen-top-weiss\/","og_locale":"de_DE","og_type":"article","og_title":"Damen Top Wei\u00df - AnnaPS","og_description":"AnnaPS makes clothes with integrated pockets to carry your diabetes devices such as insulin pump, pen and glucose meter. Stylish, high quality, functional and environmental focus.","og_url":"https:\/\/annaps.com\/de\/product\/damen-top-weiss\/","og_site_name":"AnnaPS","article_publisher":"https:\/\/www.facebook.com\/annaps.scandinavia\/","article_modified_time":"2025-10-15T14:44:54+00:00","og_image":[{"width":709,"height":945,"url":"https:\/\/annaps.com\/content\/uploads\/2016\/01\/SiW-Singlet-boxi-2-white_top-with-insulin-pump-pocket_1.jpg","type":"image\/jpeg"}],"twitter_card":"summary_large_image","twitter_misc":{"Est. reading time":"1 minute"},"schema":{"@context":"https:\/\/schema.org","@graph":[{"@type":"WebPage","@id":"https:\/\/annaps.com\/de\/product\/damen-top-weiss\/","url":"https:\/\/annaps.com\/de\/product\/damen-top-weiss\/","name":"Damen Top Wei\u00df - AnnaPS","isPartOf":{"@id":"https:\/\/annaps.com\/de\/#website"},"primaryImageOfPage":{"@id":"https:\/\/annaps.com\/de\/product\/damen-top-weiss\/#primaryimage"},"image":{"@id":"https:\/\/annaps.com\/de\/product\/damen-top-weiss\/#primaryimage"},"thumbnailUrl":"https:\/\/annaps.com\/content\/uploads\/2016\/01\/SiW-Singlet-boxi-2-white_top-with-insulin-pump-pocket_1.jpg","datePublished":"2016-01-13T08:26:52+00:00","dateModified":"2025-10-15T14:44:54+00:00","description":"AnnaPS makes clothes with integrated pockets to carry your diabetes devices such as insulin pump, pen and glucose meter. Stylish, high quality, functional and environmental focus.","breadcrumb":{"@id":"https:\/\/annaps.com\/de\/product\/damen-top-weiss\/#breadcrumb"},"inLanguage":"de-DE","potentialAction":[{"@type":"ReadAction","target":["https:\/\/annaps.com\/de\/product\/damen-top-weiss\/"]}]},{"@type":"ImageObject","inLanguage":"de-DE","@id":"https:\/\/annaps.com\/de\/product\/damen-top-weiss\/#primaryimage","url":"https:\/\/annaps.com\/content\/uploads\/2016\/01\/SiW-Singlet-boxi-2-white_top-with-insulin-pump-pocket_1.jpg","contentUrl":"https:\/\/annaps.com\/content\/uploads\/2016\/01\/SiW-Singlet-boxi-2-white_top-with-insulin-pump-pocket_1.jpg","width":709,"height":945,"caption":"AnnaPS Unterhemd f\u00fcr Frauen in wei\u00df mit zwei Taschen f\u00fcr alle, die ihr Diabeteszubeh\u00f6r st\u00e4ndig bei sich tragen m\u00fcssen"},{"@type":"BreadcrumbList","@id":"https:\/\/annaps.com\/de\/product\/damen-top-weiss\/#breadcrumb","itemListElement":[{"@type":"ListItem","position":1,"name":"Hem","item":"https:\/\/annaps.com\/de\/"},{"@type":"ListItem","position":2,"name":"Webshop","item":"https:\/\/annaps.com\/de\/shop\/"},{"@type":"ListItem","position":3,"name":"Damen Top Wei\u00df"}]},{"@type":"WebSite","@id":"https:\/\/annaps.com\/de\/#website","url":"https:\/\/annaps.com\/de\/","name":"AnnaPS","description":"Det skall vara enkelt att b\u00e4ra!","potentialAction":[{"@type":"SearchAction","target":{"@type":"EntryPoint","urlTemplate":"https:\/\/annaps.com\/de\/?s={search_term_string}"},"query-input":{"@type":"PropertyValueSpecification","valueRequired":true,"valueName":"search_term_string"}}],"inLanguage":"de-DE"}]}},"_links":{"self":[{"href":"https:\/\/annaps.com\/de\/wp-json\/wp\/v2\/product\/5618","targetHints":{"allow":["GET"]}}],"collection":[{"href":"https:\/\/annaps.com\/de\/wp-json\/wp\/v2\/product"}],"about":[{"href":"https:\/\/annaps.com\/de\/wp-json\/wp\/v2\/types\/product"}],"replies":[{"embeddable":true,"href":"https:\/\/annaps.com\/de\/wp-json\/wp\/v2\/comments?post=5618"}],"wp:featuredmedia":[{"embeddable":true,"href":"https:\/\/annaps.com\/de\/wp-json\/wp\/v2\/media\/1294"}],"wp:attachment":[{"href":"https:\/\/annaps.com\/de\/wp-json\/wp\/v2\/media?parent=5618"}],"wp:term":[{"taxonomy":"product_brand","embeddable":true,"href":"https:\/\/annaps.com\/de\/wp-json\/wp\/v2\/product_brand?post=5618"},{"taxonomy":"product_cat","embeddable":true,"href":"https:\/\/annaps.com\/de\/wp-json\/wp\/v2\/product_cat?post=5618"},{"taxonomy":"product_tag","embeddable":true,"href":"https:\/\/annaps.com\/de\/wp-json\/wp\/v2\/product_tag?post=5618"}],"curies":[{"name":"wp","href":"https:\/\/api.w.org\/{rel}","templated":true}]}}