{"id":47694,"date":"2025-05-15T18:59:46","date_gmt":"2025-05-15T16:59:48","guid":{"rendered":"https:\/\/annaps.com\/?post_type=product&#038;p=47694"},"modified":"2025-11-14T21:59:48","modified_gmt":"2025-11-14T20:59:48","slug":"boxer-shorts-double-schwarz-kopia","status":"publish","type":"product","link":"https:\/\/annaps.com\/de\/product\/boxer-shorts-double-schwarz-kopia\/","title":{"rendered":"Boxer Shorts Double Weiss"},"content":{"rendered":"<p><span style=\"font-weight: 400;\">Boxershorts\u00a0mit kurzen Beinen und zwei Taschen, vorne gef\u00fcttert. Fest eingen\u00e4htes elastisches Taillenband. <\/span><\/p>\n<p><span style=\"font-weight: 400;\">Farbe: Wei\u00df<\/span><\/p>\n<p><span style=\"font-weight: 400;\">Tasche: <\/span><span style=\"font-weight: 400;\">Zwei integrierte Taschen rechts und links auf der Au\u00dfenseite. Die Taschen sind schr\u00e4g geschnitten und passen sich damit den nat\u00fcrlichen K\u00f6rperbewegungen an.\u00a0<\/span><\/p>\n<p align=\"JUSTIFY\">Taschenmodell: Boxi2. Die Boxi2 ist eine kleine Tasche (7 cm x 12 cm), die sich mit einer \u00dcberlappung im Stoff verschlie\u00dfen l\u00e4sst und f\u00fcr Insulinpumpen geeignet ist. Durch die \u00d6ffnung an der Innenseite des Kleidungsst\u00fccks k\u00f6nnen Sie die Pumpe in der Tasche platzieren und danach k\u00f6nnen Sie die Pumpe einfach \u00fcber die \u00e4u\u00dfere \u00d6ffnung bedienen. Der Schlauch liegt an der Innenseite des Kleidungsst\u00fccks und muss zum Platzieren nicht von der Pumpe getrennt werden.<\/p>\n<p align=\"JUSTIFY\">Dieses Produkt ist ein Kleidungsst\u00fcck, das wie eine Pumpentasche oder ein Diabetes Case genutzt wird. Das Produkt wurde speziell so entwickelt, dass Sie Ihre Insulinpumpe darin leicht und sicher transportieren k\u00f6nnen.<\/p>\n","protected":false},"excerpt":{"rendered":"<p>Zwei Taschen Boxi2<\/p>\n","protected":false},"featured_media":1672,"comment_status":"open","ping_status":"closed","template":"","meta":{"_acf_changed":false},"product_brand":[],"product_cat":[144,147],"product_tag":[],"class_list":{"0":"post-47694","1":"product","2":"type-product","3":"status-publish","4":"has-post-thumbnail","6":"product_cat-herren","7":"product_cat-unterwaesche-mit-taschen-de-2","9":"first","10":"instock","11":"taxable","12":"shipping-taxable","13":"purchasable","14":"product-type-variable"},"acf":[],"yoast_head":"<!-- This site is optimized with the Yoast SEO plugin v27.1.1 - https:\/\/yoast.com\/product\/yoast-seo-wordpress\/ -->\n<title>Boxer Shorts Double Weiss - AnnaPS<\/title>\n<meta name=\"description\" content=\"AnnaPS makes clothes with integrated pockets to carry your diabetes devices such as insulin pump, pen and glucose meter. Stylish, high quality, functional and environmental focus.\" \/>\n<meta name=\"robots\" content=\"index, follow, max-snippet:-1, max-image-preview:large, max-video-preview:-1\" \/>\n<link rel=\"canonical\" href=\"https:\/\/annaps.com\/de\/product\/boxer-shorts-double-schwarz-kopia\/\" \/>\n<meta property=\"og:locale\" content=\"de_DE\" \/>\n<meta property=\"og:type\" content=\"article\" \/>\n<meta property=\"og:title\" content=\"Boxer Shorts Double Weiss - AnnaPS\" \/>\n<meta property=\"og:description\" content=\"AnnaPS makes clothes with integrated pockets to carry your diabetes devices such as insulin pump, pen and glucose meter. Stylish, high quality, functional and environmental focus.\" \/>\n<meta property=\"og:url\" content=\"https:\/\/annaps.com\/de\/product\/boxer-shorts-double-schwarz-kopia\/\" \/>\n<meta property=\"og:site_name\" content=\"AnnaPS\" \/>\n<meta property=\"article:publisher\" content=\"https:\/\/www.facebook.com\/annaps.scandinavia\/\" \/>\n<meta property=\"article:modified_time\" content=\"2025-11-14T20:59:48+00:00\" \/>\n<meta property=\"og:image\" content=\"https:\/\/annaps.com\/content\/uploads\/2016\/01\/UM-Boxer-shorts-boxi-2-double-white_pants-with-insulin-pump-pocket_1.jpg\" \/>\n\t<meta property=\"og:image:width\" content=\"709\" \/>\n\t<meta property=\"og:image:height\" content=\"945\" \/>\n\t<meta property=\"og:image:type\" content=\"image\/jpeg\" \/>\n<meta name=\"twitter:card\" content=\"summary_large_image\" \/>\n<meta name=\"twitter:label1\" content=\"Est. reading time\" \/>\n\t<meta name=\"twitter:data1\" content=\"1 minute\" \/>\n<script type=\"application\/ld+json\" class=\"yoast-schema-graph\">{\"@context\":\"https:\/\/schema.org\",\"@graph\":[{\"@type\":\"WebPage\",\"@id\":\"https:\/\/annaps.com\/de\/product\/boxer-shorts-double-schwarz-kopia\/\",\"url\":\"https:\/\/annaps.com\/de\/product\/boxer-shorts-double-schwarz-kopia\/\",\"name\":\"Boxer Shorts Double Weiss - AnnaPS\",\"isPartOf\":{\"@id\":\"https:\/\/annaps.com\/de\/#website\"},\"primaryImageOfPage\":{\"@id\":\"https:\/\/annaps.com\/de\/product\/boxer-shorts-double-schwarz-kopia\/#primaryimage\"},\"image\":{\"@id\":\"https:\/\/annaps.com\/de\/product\/boxer-shorts-double-schwarz-kopia\/#primaryimage\"},\"thumbnailUrl\":\"https:\/\/annaps.com\/content\/uploads\/2016\/01\/UM-Boxer-shorts-boxi-2-double-white_pants-with-insulin-pump-pocket_1.jpg\",\"datePublished\":\"2025-05-15T16:59:48+00:00\",\"dateModified\":\"2025-11-14T20:59:48+00:00\",\"description\":\"AnnaPS makes clothes with integrated pockets to carry your diabetes devices such as insulin pump, pen and glucose meter. Stylish, high quality, functional and environmental focus.\",\"breadcrumb\":{\"@id\":\"https:\/\/annaps.com\/de\/product\/boxer-shorts-double-schwarz-kopia\/#breadcrumb\"},\"inLanguage\":\"de-DE\",\"potentialAction\":[{\"@type\":\"ReadAction\",\"target\":[\"https:\/\/annaps.com\/de\/product\/boxer-shorts-double-schwarz-kopia\/\"]}]},{\"@type\":\"ImageObject\",\"inLanguage\":\"de-DE\",\"@id\":\"https:\/\/annaps.com\/de\/product\/boxer-shorts-double-schwarz-kopia\/#primaryimage\",\"url\":\"https:\/\/annaps.com\/content\/uploads\/2016\/01\/UM-Boxer-shorts-boxi-2-double-white_pants-with-insulin-pump-pocket_1.jpg\",\"contentUrl\":\"https:\/\/annaps.com\/content\/uploads\/2016\/01\/UM-Boxer-shorts-boxi-2-double-white_pants-with-insulin-pump-pocket_1.jpg\",\"width\":709,\"height\":945,\"caption\":\"wei\u00dfe Unterhose mit zwei speziell entworfenen Taschen f\u00fcr dich der du immer viele diabeteshilfsmittel dabei haben must, wie z.B. Pumpe, Pen und Blutzuckermessger\u00e4t\"},{\"@type\":\"BreadcrumbList\",\"@id\":\"https:\/\/annaps.com\/de\/product\/boxer-shorts-double-schwarz-kopia\/#breadcrumb\",\"itemListElement\":[{\"@type\":\"ListItem\",\"position\":1,\"name\":\"Hem\",\"item\":\"https:\/\/annaps.com\/de\/\"},{\"@type\":\"ListItem\",\"position\":2,\"name\":\"Webshop\",\"item\":\"https:\/\/annaps.com\/de\/shop\/\"},{\"@type\":\"ListItem\",\"position\":3,\"name\":\"Boxer Shorts Double Weiss\"}]},{\"@type\":\"WebSite\",\"@id\":\"https:\/\/annaps.com\/de\/#website\",\"url\":\"https:\/\/annaps.com\/de\/\",\"name\":\"AnnaPS\",\"description\":\"Det skall vara enkelt att b\u00e4ra!\",\"potentialAction\":[{\"@type\":\"SearchAction\",\"target\":{\"@type\":\"EntryPoint\",\"urlTemplate\":\"https:\/\/annaps.com\/de\/?s={search_term_string}\"},\"query-input\":{\"@type\":\"PropertyValueSpecification\",\"valueRequired\":true,\"valueName\":\"search_term_string\"}}],\"inLanguage\":\"de-DE\"}]}<\/script>\n<!-- \/ Yoast SEO plugin. -->","yoast_head_json":{"title":"Boxer Shorts Double Weiss - AnnaPS","description":"AnnaPS makes clothes with integrated pockets to carry your diabetes devices such as insulin pump, pen and glucose meter. Stylish, high quality, functional and environmental focus.","robots":{"index":"index","follow":"follow","max-snippet":"max-snippet:-1","max-image-preview":"max-image-preview:large","max-video-preview":"max-video-preview:-1"},"canonical":"https:\/\/annaps.com\/de\/product\/boxer-shorts-double-schwarz-kopia\/","og_locale":"de_DE","og_type":"article","og_title":"Boxer Shorts Double Weiss - AnnaPS","og_description":"AnnaPS makes clothes with integrated pockets to carry your diabetes devices such as insulin pump, pen and glucose meter. Stylish, high quality, functional and environmental focus.","og_url":"https:\/\/annaps.com\/de\/product\/boxer-shorts-double-schwarz-kopia\/","og_site_name":"AnnaPS","article_publisher":"https:\/\/www.facebook.com\/annaps.scandinavia\/","article_modified_time":"2025-11-14T20:59:48+00:00","og_image":[{"width":709,"height":945,"url":"https:\/\/annaps.com\/content\/uploads\/2016\/01\/UM-Boxer-shorts-boxi-2-double-white_pants-with-insulin-pump-pocket_1.jpg","type":"image\/jpeg"}],"twitter_card":"summary_large_image","twitter_misc":{"Est. reading time":"1 minute"},"schema":{"@context":"https:\/\/schema.org","@graph":[{"@type":"WebPage","@id":"https:\/\/annaps.com\/de\/product\/boxer-shorts-double-schwarz-kopia\/","url":"https:\/\/annaps.com\/de\/product\/boxer-shorts-double-schwarz-kopia\/","name":"Boxer Shorts Double Weiss - AnnaPS","isPartOf":{"@id":"https:\/\/annaps.com\/de\/#website"},"primaryImageOfPage":{"@id":"https:\/\/annaps.com\/de\/product\/boxer-shorts-double-schwarz-kopia\/#primaryimage"},"image":{"@id":"https:\/\/annaps.com\/de\/product\/boxer-shorts-double-schwarz-kopia\/#primaryimage"},"thumbnailUrl":"https:\/\/annaps.com\/content\/uploads\/2016\/01\/UM-Boxer-shorts-boxi-2-double-white_pants-with-insulin-pump-pocket_1.jpg","datePublished":"2025-05-15T16:59:48+00:00","dateModified":"2025-11-14T20:59:48+00:00","description":"AnnaPS makes clothes with integrated pockets to carry your diabetes devices such as insulin pump, pen and glucose meter. Stylish, high quality, functional and environmental focus.","breadcrumb":{"@id":"https:\/\/annaps.com\/de\/product\/boxer-shorts-double-schwarz-kopia\/#breadcrumb"},"inLanguage":"de-DE","potentialAction":[{"@type":"ReadAction","target":["https:\/\/annaps.com\/de\/product\/boxer-shorts-double-schwarz-kopia\/"]}]},{"@type":"ImageObject","inLanguage":"de-DE","@id":"https:\/\/annaps.com\/de\/product\/boxer-shorts-double-schwarz-kopia\/#primaryimage","url":"https:\/\/annaps.com\/content\/uploads\/2016\/01\/UM-Boxer-shorts-boxi-2-double-white_pants-with-insulin-pump-pocket_1.jpg","contentUrl":"https:\/\/annaps.com\/content\/uploads\/2016\/01\/UM-Boxer-shorts-boxi-2-double-white_pants-with-insulin-pump-pocket_1.jpg","width":709,"height":945,"caption":"wei\u00dfe Unterhose mit zwei speziell entworfenen Taschen f\u00fcr dich der du immer viele diabeteshilfsmittel dabei haben must, wie z.B. Pumpe, Pen und Blutzuckermessger\u00e4t"},{"@type":"BreadcrumbList","@id":"https:\/\/annaps.com\/de\/product\/boxer-shorts-double-schwarz-kopia\/#breadcrumb","itemListElement":[{"@type":"ListItem","position":1,"name":"Hem","item":"https:\/\/annaps.com\/de\/"},{"@type":"ListItem","position":2,"name":"Webshop","item":"https:\/\/annaps.com\/de\/shop\/"},{"@type":"ListItem","position":3,"name":"Boxer Shorts Double Weiss"}]},{"@type":"WebSite","@id":"https:\/\/annaps.com\/de\/#website","url":"https:\/\/annaps.com\/de\/","name":"AnnaPS","description":"Det skall vara enkelt att b\u00e4ra!","potentialAction":[{"@type":"SearchAction","target":{"@type":"EntryPoint","urlTemplate":"https:\/\/annaps.com\/de\/?s={search_term_string}"},"query-input":{"@type":"PropertyValueSpecification","valueRequired":true,"valueName":"search_term_string"}}],"inLanguage":"de-DE"}]}},"_links":{"self":[{"href":"https:\/\/annaps.com\/de\/wp-json\/wp\/v2\/product\/47694","targetHints":{"allow":["GET"]}}],"collection":[{"href":"https:\/\/annaps.com\/de\/wp-json\/wp\/v2\/product"}],"about":[{"href":"https:\/\/annaps.com\/de\/wp-json\/wp\/v2\/types\/product"}],"replies":[{"embeddable":true,"href":"https:\/\/annaps.com\/de\/wp-json\/wp\/v2\/comments?post=47694"}],"wp:featuredmedia":[{"embeddable":true,"href":"https:\/\/annaps.com\/de\/wp-json\/wp\/v2\/media\/1672"}],"wp:attachment":[{"href":"https:\/\/annaps.com\/de\/wp-json\/wp\/v2\/media?parent=47694"}],"wp:term":[{"taxonomy":"product_brand","embeddable":true,"href":"https:\/\/annaps.com\/de\/wp-json\/wp\/v2\/product_brand?post=47694"},{"taxonomy":"product_cat","embeddable":true,"href":"https:\/\/annaps.com\/de\/wp-json\/wp\/v2\/product_cat?post=47694"},{"taxonomy":"product_tag","embeddable":true,"href":"https:\/\/annaps.com\/de\/wp-json\/wp\/v2\/product_tag?post=47694"}],"curies":[{"name":"wp","href":"https:\/\/api.w.org\/{rel}","templated":true}]}}