{"id":31227,"date":"2018-09-23T22:04:34","date_gmt":"2018-09-23T20:04:35","guid":{"rendered":"https:\/\/www.annaps.com\/?post_type=product&#038;p=31227"},"modified":"2025-12-14T17:03:47","modified_gmt":"2025-12-14T16:03:47","slug":"kinder-t-shirt-koralle","status":"publish","type":"product","link":"https:\/\/annaps.com\/de\/product\/kinder-t-shirt-koralle\/","title":{"rendered":"Kinder T-shirt Koralle"},"content":{"rendered":"<p>T-shirt aus weichem Stoff. Anliegende Passform. Eingefasste Hals- und \u00c4rmelkanten.<\/p>\n<p>Farbe: <span style=\"font-weight: 400;\">Korallenrot<\/span><\/p>\n<p align=\"JUSTIFY\">Taschen: Zwei integrierte Taschen, auf der rechten und linken Seite jeweils vertikal platziert.<\/p>\n<p align=\"JUSTIFY\">Taschenmodell: Boxi2. Die Boxi2 ist eine kleine Tasche (7 cm x 12 cm), die sich mit einer \u00dcberlappung im Stoff verschlie\u00dfen l\u00e4sst und f\u00fcr Insulinpumpen geeignet ist. Durch die \u00d6ffnung an der Innenseite des Kleidungsst\u00fccks k\u00f6nnen Sie die Pumpe in der Tasche platzieren und danach k\u00f6nnen Sie die Pumpe einfach \u00fcber die \u00e4u\u00dfere \u00d6ffnung bedienen. Der Schlauch liegt an der Innenseite des Kleidungsst\u00fccks und muss zum Platzieren nicht von der Pumpe getrennt werden.<\/p>\n<p align=\"JUSTIFY\">Dieses Produkt ist ein Kleidungsst\u00fcck, das wie eine Pumpentasche oder ein Diabetes Case genutzt wird. Das Produkt wurde speziell so entwickelt, dass Sie Ihre Insulinpumpe darin leicht und sicher transportieren k\u00f6nnen.<\/p>\n<p>&nbsp;<\/p>\n","protected":false},"excerpt":{"rendered":"<p>Zwei Taschen<\/p>\n","protected":false},"featured_media":31394,"comment_status":"open","ping_status":"closed","template":"","meta":{"_acf_changed":false},"product_brand":[],"product_cat":[134,139],"product_tag":[],"class_list":{"0":"post-31227","1":"product","2":"type-product","3":"status-publish","4":"has-post-thumbnail","6":"product_cat-kinder","7":"product_cat-tops-mit-taschen","9":"first","10":"instock","11":"taxable","12":"shipping-taxable","13":"product-type-variable"},"acf":[],"yoast_head":"<!-- This site is optimized with the Yoast SEO plugin v27.1.1 - https:\/\/yoast.com\/product\/yoast-seo-wordpress\/ -->\n<title>Kinder T-shirt Koralle - AnnaPS<\/title>\n<meta name=\"description\" content=\"AnnaPS makes clothes with integrated pockets to carry your diabetes devices such as insulin pump, pen and glucose meter. Stylish, high quality, functional and environmental focus.\" \/>\n<meta name=\"robots\" content=\"index, follow, max-snippet:-1, max-image-preview:large, max-video-preview:-1\" \/>\n<link rel=\"canonical\" href=\"https:\/\/annaps.com\/de\/product\/kinder-t-shirt-koralle\/\" \/>\n<meta property=\"og:locale\" content=\"de_DE\" \/>\n<meta property=\"og:type\" content=\"article\" \/>\n<meta property=\"og:title\" content=\"Kinder T-shirt Koralle - AnnaPS\" \/>\n<meta property=\"og:description\" content=\"AnnaPS makes clothes with integrated pockets to carry your diabetes devices such as insulin pump, pen and glucose meter. Stylish, high quality, functional and environmental focus.\" \/>\n<meta property=\"og:url\" content=\"https:\/\/annaps.com\/de\/product\/kinder-t-shirt-koralle\/\" \/>\n<meta property=\"og:site_name\" content=\"AnnaPS\" \/>\n<meta property=\"article:publisher\" content=\"https:\/\/www.facebook.com\/annaps.scandinavia\/\" \/>\n<meta property=\"article:modified_time\" content=\"2025-12-14T16:03:47+00:00\" \/>\n<meta property=\"og:image\" content=\"https:\/\/annaps.com\/content\/uploads\/2018\/09\/TSKPink1.jpg\" \/>\n\t<meta property=\"og:image:width\" content=\"709\" \/>\n\t<meta property=\"og:image:height\" content=\"945\" \/>\n\t<meta property=\"og:image:type\" content=\"image\/jpeg\" \/>\n<meta name=\"twitter:card\" content=\"summary_large_image\" \/>\n<meta name=\"twitter:label1\" content=\"Est. reading time\" \/>\n\t<meta name=\"twitter:data1\" content=\"1 minute\" \/>\n<script type=\"application\/ld+json\" class=\"yoast-schema-graph\">{\"@context\":\"https:\/\/schema.org\",\"@graph\":[{\"@type\":\"WebPage\",\"@id\":\"https:\/\/annaps.com\/de\/product\/kinder-t-shirt-koralle\/\",\"url\":\"https:\/\/annaps.com\/de\/product\/kinder-t-shirt-koralle\/\",\"name\":\"Kinder T-shirt Koralle - AnnaPS\",\"isPartOf\":{\"@id\":\"https:\/\/annaps.com\/de\/#website\"},\"primaryImageOfPage\":{\"@id\":\"https:\/\/annaps.com\/de\/product\/kinder-t-shirt-koralle\/#primaryimage\"},\"image\":{\"@id\":\"https:\/\/annaps.com\/de\/product\/kinder-t-shirt-koralle\/#primaryimage\"},\"thumbnailUrl\":\"https:\/\/annaps.com\/content\/uploads\/2018\/09\/TSKPink1.jpg\",\"datePublished\":\"2018-09-23T20:04:35+00:00\",\"dateModified\":\"2025-12-14T16:03:47+00:00\",\"description\":\"AnnaPS makes clothes with integrated pockets to carry your diabetes devices such as insulin pump, pen and glucose meter. Stylish, high quality, functional and environmental focus.\",\"breadcrumb\":{\"@id\":\"https:\/\/annaps.com\/de\/product\/kinder-t-shirt-koralle\/#breadcrumb\"},\"inLanguage\":\"de-DE\",\"potentialAction\":[{\"@type\":\"ReadAction\",\"target\":[\"https:\/\/annaps.com\/de\/product\/kinder-t-shirt-koralle\/\"]}]},{\"@type\":\"ImageObject\",\"inLanguage\":\"de-DE\",\"@id\":\"https:\/\/annaps.com\/de\/product\/kinder-t-shirt-koralle\/#primaryimage\",\"url\":\"https:\/\/annaps.com\/content\/uploads\/2018\/09\/TSKPink1.jpg\",\"contentUrl\":\"https:\/\/annaps.com\/content\/uploads\/2018\/09\/TSKPink1.jpg\",\"width\":709,\"height\":945,\"caption\":\"Barn t-shirt rosa snett fr\u00e5n sidan som visar ficka f\u00f6r att ha som diabetesv\u00e4ska\"},{\"@type\":\"BreadcrumbList\",\"@id\":\"https:\/\/annaps.com\/de\/product\/kinder-t-shirt-koralle\/#breadcrumb\",\"itemListElement\":[{\"@type\":\"ListItem\",\"position\":1,\"name\":\"Hem\",\"item\":\"https:\/\/annaps.com\/de\/\"},{\"@type\":\"ListItem\",\"position\":2,\"name\":\"Webshop\",\"item\":\"https:\/\/annaps.com\/de\/shop\/\"},{\"@type\":\"ListItem\",\"position\":3,\"name\":\"Kinder T-shirt Koralle\"}]},{\"@type\":\"WebSite\",\"@id\":\"https:\/\/annaps.com\/de\/#website\",\"url\":\"https:\/\/annaps.com\/de\/\",\"name\":\"AnnaPS\",\"description\":\"Det skall vara enkelt att b\u00e4ra!\",\"potentialAction\":[{\"@type\":\"SearchAction\",\"target\":{\"@type\":\"EntryPoint\",\"urlTemplate\":\"https:\/\/annaps.com\/de\/?s={search_term_string}\"},\"query-input\":{\"@type\":\"PropertyValueSpecification\",\"valueRequired\":true,\"valueName\":\"search_term_string\"}}],\"inLanguage\":\"de-DE\"}]}<\/script>\n<!-- \/ Yoast SEO plugin. -->","yoast_head_json":{"title":"Kinder T-shirt Koralle - AnnaPS","description":"AnnaPS makes clothes with integrated pockets to carry your diabetes devices such as insulin pump, pen and glucose meter. Stylish, high quality, functional and environmental focus.","robots":{"index":"index","follow":"follow","max-snippet":"max-snippet:-1","max-image-preview":"max-image-preview:large","max-video-preview":"max-video-preview:-1"},"canonical":"https:\/\/annaps.com\/de\/product\/kinder-t-shirt-koralle\/","og_locale":"de_DE","og_type":"article","og_title":"Kinder T-shirt Koralle - AnnaPS","og_description":"AnnaPS makes clothes with integrated pockets to carry your diabetes devices such as insulin pump, pen and glucose meter. Stylish, high quality, functional and environmental focus.","og_url":"https:\/\/annaps.com\/de\/product\/kinder-t-shirt-koralle\/","og_site_name":"AnnaPS","article_publisher":"https:\/\/www.facebook.com\/annaps.scandinavia\/","article_modified_time":"2025-12-14T16:03:47+00:00","og_image":[{"width":709,"height":945,"url":"https:\/\/annaps.com\/content\/uploads\/2018\/09\/TSKPink1.jpg","type":"image\/jpeg"}],"twitter_card":"summary_large_image","twitter_misc":{"Est. reading time":"1 minute"},"schema":{"@context":"https:\/\/schema.org","@graph":[{"@type":"WebPage","@id":"https:\/\/annaps.com\/de\/product\/kinder-t-shirt-koralle\/","url":"https:\/\/annaps.com\/de\/product\/kinder-t-shirt-koralle\/","name":"Kinder T-shirt Koralle - AnnaPS","isPartOf":{"@id":"https:\/\/annaps.com\/de\/#website"},"primaryImageOfPage":{"@id":"https:\/\/annaps.com\/de\/product\/kinder-t-shirt-koralle\/#primaryimage"},"image":{"@id":"https:\/\/annaps.com\/de\/product\/kinder-t-shirt-koralle\/#primaryimage"},"thumbnailUrl":"https:\/\/annaps.com\/content\/uploads\/2018\/09\/TSKPink1.jpg","datePublished":"2018-09-23T20:04:35+00:00","dateModified":"2025-12-14T16:03:47+00:00","description":"AnnaPS makes clothes with integrated pockets to carry your diabetes devices such as insulin pump, pen and glucose meter. Stylish, high quality, functional and environmental focus.","breadcrumb":{"@id":"https:\/\/annaps.com\/de\/product\/kinder-t-shirt-koralle\/#breadcrumb"},"inLanguage":"de-DE","potentialAction":[{"@type":"ReadAction","target":["https:\/\/annaps.com\/de\/product\/kinder-t-shirt-koralle\/"]}]},{"@type":"ImageObject","inLanguage":"de-DE","@id":"https:\/\/annaps.com\/de\/product\/kinder-t-shirt-koralle\/#primaryimage","url":"https:\/\/annaps.com\/content\/uploads\/2018\/09\/TSKPink1.jpg","contentUrl":"https:\/\/annaps.com\/content\/uploads\/2018\/09\/TSKPink1.jpg","width":709,"height":945,"caption":"Barn t-shirt rosa snett fr\u00e5n sidan som visar ficka f\u00f6r att ha som diabetesv\u00e4ska"},{"@type":"BreadcrumbList","@id":"https:\/\/annaps.com\/de\/product\/kinder-t-shirt-koralle\/#breadcrumb","itemListElement":[{"@type":"ListItem","position":1,"name":"Hem","item":"https:\/\/annaps.com\/de\/"},{"@type":"ListItem","position":2,"name":"Webshop","item":"https:\/\/annaps.com\/de\/shop\/"},{"@type":"ListItem","position":3,"name":"Kinder T-shirt Koralle"}]},{"@type":"WebSite","@id":"https:\/\/annaps.com\/de\/#website","url":"https:\/\/annaps.com\/de\/","name":"AnnaPS","description":"Det skall vara enkelt att b\u00e4ra!","potentialAction":[{"@type":"SearchAction","target":{"@type":"EntryPoint","urlTemplate":"https:\/\/annaps.com\/de\/?s={search_term_string}"},"query-input":{"@type":"PropertyValueSpecification","valueRequired":true,"valueName":"search_term_string"}}],"inLanguage":"de-DE"}]}},"_links":{"self":[{"href":"https:\/\/annaps.com\/de\/wp-json\/wp\/v2\/product\/31227","targetHints":{"allow":["GET"]}}],"collection":[{"href":"https:\/\/annaps.com\/de\/wp-json\/wp\/v2\/product"}],"about":[{"href":"https:\/\/annaps.com\/de\/wp-json\/wp\/v2\/types\/product"}],"replies":[{"embeddable":true,"href":"https:\/\/annaps.com\/de\/wp-json\/wp\/v2\/comments?post=31227"}],"wp:featuredmedia":[{"embeddable":true,"href":"https:\/\/annaps.com\/de\/wp-json\/wp\/v2\/media\/31394"}],"wp:attachment":[{"href":"https:\/\/annaps.com\/de\/wp-json\/wp\/v2\/media?parent=31227"}],"wp:term":[{"taxonomy":"product_brand","embeddable":true,"href":"https:\/\/annaps.com\/de\/wp-json\/wp\/v2\/product_brand?post=31227"},{"taxonomy":"product_cat","embeddable":true,"href":"https:\/\/annaps.com\/de\/wp-json\/wp\/v2\/product_cat?post=31227"},{"taxonomy":"product_tag","embeddable":true,"href":"https:\/\/annaps.com\/de\/wp-json\/wp\/v2\/product_tag?post=31227"}],"curies":[{"name":"wp","href":"https:\/\/api.w.org\/{rel}","templated":true}]}}