{"id":30595,"date":"2018-09-19T14:46:18","date_gmt":"2018-09-19T12:46:20","guid":{"rendered":"https:\/\/www.annaps.com\/?post_type=product&#038;p=30595"},"modified":"2026-02-22T15:02:56","modified_gmt":"2026-02-22T14:02:56","slug":"unisex-t-shirt-schwarz","status":"publish","type":"product","link":"https:\/\/annaps.com\/de\/product\/unisex-t-shirt-schwarz\/","title":{"rendered":"Unisex T-shirt Schwarz"},"content":{"rendered":"<p><span style=\"font-weight: 400;\">T-Shirt aus weichem Jersey. Eingefasste Hals- und \u00c4rmelkanten.\u00a0<\/span><\/p>\n<p><span style=\"font-weight: 400;\">Farbe: Schwarz<\/span><\/p>\n<p align=\"JUSTIFY\">Taschen: Zwei integrierte Taschen, auf der rechten und linken Seite jeweils vertikal platziert.<\/p>\n<p align=\"JUSTIFY\">Taschenmodell: Boxi4. Die Boxi4 ist eine gro\u00dfe Tasche (8 cm x 16 cm) mit einer \u00dcberlappung im Stoff zum Verschlie\u00dfen. Sie ist sowohl f\u00fcr Insulinpumpen als auch f\u00fcr Insulinpens, Parkinsonpumpen, Insulin-Beh\u00e4lter, Blutzuckermessger\u00e4te und Glucose geeignet. W\u00e4hrend des Tragens k\u00f6nnen Sie die Pumpe bequem \u00fcber die \u00e4u\u00dfere \u00d6ffnung bedienen und danach mithilfe der \u00dcberlappung im Stoff wieder sicher verstauen. Der Schlauch liegt an der Innenseite des Kleidungsst\u00fccks. Es gibt noch eine weitere \u00d6ffnung an der Innenseite und zwar an der Unterseite der Tasche, durch die Sie Ihren Katheter f\u00e4deln k\u00f6nnen. Diese ist f\u00fcr diejenigen gedacht, die ihre Insulinpumpe gerne nach unten liegend tragen, um das Risiko von Luftblasen zu verringern.<\/p>\n<p align=\"JUSTIFY\">Dieses Produkt ist ein Kleidungsst\u00fcck, das wie eine Pumpentasche oder ein Diabetes Case genutzt wird. Das Produkt wurde speziell so entwickelt, dass Sie Ihre Insulinpumpe darin leicht und sicher transportieren k\u00f6nnen.<\/p>\n","protected":false},"excerpt":{"rendered":"<p>Zwei Taschen Boxi4<\/p>\n","protected":false},"featured_media":39253,"comment_status":"open","ping_status":"closed","template":"","meta":{"_acf_changed":false},"product_brand":[],"product_cat":[135,140,144,146],"product_tag":[],"class_list":{"0":"post-30595","1":"product","2":"type-product","3":"status-publish","4":"has-post-thumbnail","6":"product_cat-damen","7":"product_cat-tops-mit-taschen-de","8":"product_cat-herren","9":"product_cat-tops-mit-taschen-de-2","11":"first","12":"instock","13":"taxable","14":"shipping-taxable","15":"purchasable","16":"product-type-variable"},"acf":[],"yoast_head":"<!-- This site is optimized with the Yoast SEO plugin v27.1.1 - https:\/\/yoast.com\/product\/yoast-seo-wordpress\/ -->\n<title>Unisex T-shirt Schwarz - AnnaPS<\/title>\n<meta name=\"description\" content=\"AnnaPS makes clothes with integrated pockets to carry your diabetes devices such as insulin pump, pen and glucose meter. Stylish, high quality, functional and environmental focus.\" \/>\n<meta name=\"robots\" content=\"index, follow, max-snippet:-1, max-image-preview:large, max-video-preview:-1\" \/>\n<link rel=\"canonical\" href=\"https:\/\/annaps.com\/de\/product\/unisex-t-shirt-schwarz\/\" \/>\n<meta property=\"og:locale\" content=\"de_DE\" \/>\n<meta property=\"og:type\" content=\"article\" \/>\n<meta property=\"og:title\" content=\"Unisex T-shirt Schwarz - AnnaPS\" \/>\n<meta property=\"og:description\" content=\"AnnaPS makes clothes with integrated pockets to carry your diabetes devices such as insulin pump, pen and glucose meter. Stylish, high quality, functional and environmental focus.\" \/>\n<meta property=\"og:url\" content=\"https:\/\/annaps.com\/de\/product\/unisex-t-shirt-schwarz\/\" \/>\n<meta property=\"og:site_name\" content=\"AnnaPS\" \/>\n<meta property=\"article:publisher\" content=\"https:\/\/www.facebook.com\/annaps.scandinavia\/\" \/>\n<meta property=\"article:modified_time\" content=\"2026-02-22T14:02:56+00:00\" \/>\n<meta property=\"og:image\" content=\"https:\/\/annaps.com\/content\/uploads\/2020\/07\/T-shirt-for-insulinpump-1.jpg\" \/>\n\t<meta property=\"og:image:width\" content=\"951\" \/>\n\t<meta property=\"og:image:height\" content=\"1267\" \/>\n\t<meta property=\"og:image:type\" content=\"image\/jpeg\" \/>\n<meta name=\"twitter:card\" content=\"summary_large_image\" \/>\n<meta name=\"twitter:label1\" content=\"Est. reading time\" \/>\n\t<meta name=\"twitter:data1\" content=\"2 minutes\" \/>\n<script type=\"application\/ld+json\" class=\"yoast-schema-graph\">{\"@context\":\"https:\/\/schema.org\",\"@graph\":[{\"@type\":\"WebPage\",\"@id\":\"https:\/\/annaps.com\/de\/product\/unisex-t-shirt-schwarz\/\",\"url\":\"https:\/\/annaps.com\/de\/product\/unisex-t-shirt-schwarz\/\",\"name\":\"Unisex T-shirt Schwarz - AnnaPS\",\"isPartOf\":{\"@id\":\"https:\/\/annaps.com\/de\/#website\"},\"primaryImageOfPage\":{\"@id\":\"https:\/\/annaps.com\/de\/product\/unisex-t-shirt-schwarz\/#primaryimage\"},\"image\":{\"@id\":\"https:\/\/annaps.com\/de\/product\/unisex-t-shirt-schwarz\/#primaryimage\"},\"thumbnailUrl\":\"https:\/\/annaps.com\/content\/uploads\/2020\/07\/T-shirt-for-insulinpump-1.jpg\",\"datePublished\":\"2018-09-19T12:46:20+00:00\",\"dateModified\":\"2026-02-22T14:02:56+00:00\",\"description\":\"AnnaPS makes clothes with integrated pockets to carry your diabetes devices such as insulin pump, pen and glucose meter. Stylish, high quality, functional and environmental focus.\",\"breadcrumb\":{\"@id\":\"https:\/\/annaps.com\/de\/product\/unisex-t-shirt-schwarz\/#breadcrumb\"},\"inLanguage\":\"de-DE\",\"potentialAction\":[{\"@type\":\"ReadAction\",\"target\":[\"https:\/\/annaps.com\/de\/product\/unisex-t-shirt-schwarz\/\"]}]},{\"@type\":\"ImageObject\",\"inLanguage\":\"de-DE\",\"@id\":\"https:\/\/annaps.com\/de\/product\/unisex-t-shirt-schwarz\/#primaryimage\",\"url\":\"https:\/\/annaps.com\/content\/uploads\/2020\/07\/T-shirt-for-insulinpump-1.jpg\",\"contentUrl\":\"https:\/\/annaps.com\/content\/uploads\/2020\/07\/T-shirt-for-insulinpump-1.jpg\",\"width\":951,\"height\":1267},{\"@type\":\"BreadcrumbList\",\"@id\":\"https:\/\/annaps.com\/de\/product\/unisex-t-shirt-schwarz\/#breadcrumb\",\"itemListElement\":[{\"@type\":\"ListItem\",\"position\":1,\"name\":\"Hem\",\"item\":\"https:\/\/annaps.com\/de\/\"},{\"@type\":\"ListItem\",\"position\":2,\"name\":\"Webshop\",\"item\":\"https:\/\/annaps.com\/de\/shop\/\"},{\"@type\":\"ListItem\",\"position\":3,\"name\":\"Unisex T-shirt Schwarz\"}]},{\"@type\":\"WebSite\",\"@id\":\"https:\/\/annaps.com\/de\/#website\",\"url\":\"https:\/\/annaps.com\/de\/\",\"name\":\"AnnaPS\",\"description\":\"Det skall vara enkelt att b\u00e4ra!\",\"potentialAction\":[{\"@type\":\"SearchAction\",\"target\":{\"@type\":\"EntryPoint\",\"urlTemplate\":\"https:\/\/annaps.com\/de\/?s={search_term_string}\"},\"query-input\":{\"@type\":\"PropertyValueSpecification\",\"valueRequired\":true,\"valueName\":\"search_term_string\"}}],\"inLanguage\":\"de-DE\"}]}<\/script>\n<!-- \/ Yoast SEO plugin. -->","yoast_head_json":{"title":"Unisex T-shirt Schwarz - AnnaPS","description":"AnnaPS makes clothes with integrated pockets to carry your diabetes devices such as insulin pump, pen and glucose meter. Stylish, high quality, functional and environmental focus.","robots":{"index":"index","follow":"follow","max-snippet":"max-snippet:-1","max-image-preview":"max-image-preview:large","max-video-preview":"max-video-preview:-1"},"canonical":"https:\/\/annaps.com\/de\/product\/unisex-t-shirt-schwarz\/","og_locale":"de_DE","og_type":"article","og_title":"Unisex T-shirt Schwarz - AnnaPS","og_description":"AnnaPS makes clothes with integrated pockets to carry your diabetes devices such as insulin pump, pen and glucose meter. Stylish, high quality, functional and environmental focus.","og_url":"https:\/\/annaps.com\/de\/product\/unisex-t-shirt-schwarz\/","og_site_name":"AnnaPS","article_publisher":"https:\/\/www.facebook.com\/annaps.scandinavia\/","article_modified_time":"2026-02-22T14:02:56+00:00","og_image":[{"width":951,"height":1267,"url":"https:\/\/annaps.com\/content\/uploads\/2020\/07\/T-shirt-for-insulinpump-1.jpg","type":"image\/jpeg"}],"twitter_card":"summary_large_image","twitter_misc":{"Est. reading time":"2 minutes"},"schema":{"@context":"https:\/\/schema.org","@graph":[{"@type":"WebPage","@id":"https:\/\/annaps.com\/de\/product\/unisex-t-shirt-schwarz\/","url":"https:\/\/annaps.com\/de\/product\/unisex-t-shirt-schwarz\/","name":"Unisex T-shirt Schwarz - AnnaPS","isPartOf":{"@id":"https:\/\/annaps.com\/de\/#website"},"primaryImageOfPage":{"@id":"https:\/\/annaps.com\/de\/product\/unisex-t-shirt-schwarz\/#primaryimage"},"image":{"@id":"https:\/\/annaps.com\/de\/product\/unisex-t-shirt-schwarz\/#primaryimage"},"thumbnailUrl":"https:\/\/annaps.com\/content\/uploads\/2020\/07\/T-shirt-for-insulinpump-1.jpg","datePublished":"2018-09-19T12:46:20+00:00","dateModified":"2026-02-22T14:02:56+00:00","description":"AnnaPS makes clothes with integrated pockets to carry your diabetes devices such as insulin pump, pen and glucose meter. Stylish, high quality, functional and environmental focus.","breadcrumb":{"@id":"https:\/\/annaps.com\/de\/product\/unisex-t-shirt-schwarz\/#breadcrumb"},"inLanguage":"de-DE","potentialAction":[{"@type":"ReadAction","target":["https:\/\/annaps.com\/de\/product\/unisex-t-shirt-schwarz\/"]}]},{"@type":"ImageObject","inLanguage":"de-DE","@id":"https:\/\/annaps.com\/de\/product\/unisex-t-shirt-schwarz\/#primaryimage","url":"https:\/\/annaps.com\/content\/uploads\/2020\/07\/T-shirt-for-insulinpump-1.jpg","contentUrl":"https:\/\/annaps.com\/content\/uploads\/2020\/07\/T-shirt-for-insulinpump-1.jpg","width":951,"height":1267},{"@type":"BreadcrumbList","@id":"https:\/\/annaps.com\/de\/product\/unisex-t-shirt-schwarz\/#breadcrumb","itemListElement":[{"@type":"ListItem","position":1,"name":"Hem","item":"https:\/\/annaps.com\/de\/"},{"@type":"ListItem","position":2,"name":"Webshop","item":"https:\/\/annaps.com\/de\/shop\/"},{"@type":"ListItem","position":3,"name":"Unisex T-shirt Schwarz"}]},{"@type":"WebSite","@id":"https:\/\/annaps.com\/de\/#website","url":"https:\/\/annaps.com\/de\/","name":"AnnaPS","description":"Det skall vara enkelt att b\u00e4ra!","potentialAction":[{"@type":"SearchAction","target":{"@type":"EntryPoint","urlTemplate":"https:\/\/annaps.com\/de\/?s={search_term_string}"},"query-input":{"@type":"PropertyValueSpecification","valueRequired":true,"valueName":"search_term_string"}}],"inLanguage":"de-DE"}]}},"_links":{"self":[{"href":"https:\/\/annaps.com\/de\/wp-json\/wp\/v2\/product\/30595","targetHints":{"allow":["GET"]}}],"collection":[{"href":"https:\/\/annaps.com\/de\/wp-json\/wp\/v2\/product"}],"about":[{"href":"https:\/\/annaps.com\/de\/wp-json\/wp\/v2\/types\/product"}],"replies":[{"embeddable":true,"href":"https:\/\/annaps.com\/de\/wp-json\/wp\/v2\/comments?post=30595"}],"wp:featuredmedia":[{"embeddable":true,"href":"https:\/\/annaps.com\/de\/wp-json\/wp\/v2\/media\/39253"}],"wp:attachment":[{"href":"https:\/\/annaps.com\/de\/wp-json\/wp\/v2\/media?parent=30595"}],"wp:term":[{"taxonomy":"product_brand","embeddable":true,"href":"https:\/\/annaps.com\/de\/wp-json\/wp\/v2\/product_brand?post=30595"},{"taxonomy":"product_cat","embeddable":true,"href":"https:\/\/annaps.com\/de\/wp-json\/wp\/v2\/product_cat?post=30595"},{"taxonomy":"product_tag","embeddable":true,"href":"https:\/\/annaps.com\/de\/wp-json\/wp\/v2\/product_tag?post=30595"}],"curies":[{"name":"wp","href":"https:\/\/api.w.org\/{rel}","templated":true}]}}