{"id":29328,"date":"2018-06-12T23:47:02","date_gmt":"2018-06-12T21:47:03","guid":{"rendered":"https:\/\/www.annaps.com\/?post_type=product&#038;p=29328"},"modified":"2025-12-15T13:50:54","modified_gmt":"2025-12-15T12:50:54","slug":"armband-beige","status":"publish","type":"product","link":"https:\/\/annaps.com\/de\/product\/armband-beige\/","title":{"rendered":"Armband Beige"},"content":{"rendered":"<p><span style=\"font-weight: 400;\">Eine elastische Armbinde, die Ihren Sensor oder Ihre Insulinpumpe\u00a0 sch\u00fctzt unddaf\u00fcr sorgt, dass sich u.A. Ihr Omnipod und Ihre Sensoren f\u00fcrs Freestyle Libre sich nicht von der Haut l\u00f6sen.<\/span><span style=\"font-weight: 400;\"><br \/>\n<\/span><\/p>\n<p>An der Innenseite ist ein elastisches Band eingen\u00e4ht, das daf\u00fcr sorgt, dass das Armband nicht verrutscht.<\/p>\n<p class=\"tw-data-text tw-ta tw-text-small\" dir=\"ltr\" data-placeholder=\"\u00d6vers\u00e4ttning\">\n","protected":false},"excerpt":{"rendered":"<p>Keine Tasche<\/p>\n","protected":false},"featured_media":39372,"comment_status":"open","ping_status":"closed","template":"","meta":{"_acf_changed":false},"product_brand":[],"product_cat":[135,138,134,137,136],"product_tag":[],"class_list":{"0":"post-29328","1":"product","2":"type-product","3":"status-publish","4":"has-post-thumbnail","6":"product_cat-damen","7":"product_cat-badebekleidung-mit-tasche-de","8":"product_cat-kinder","9":"product_cat-badebekleidung-mit-tasche","10":"product_cat-zubehoer","12":"first","13":"instock","14":"taxable","15":"shipping-taxable","16":"purchasable","17":"product-type-variable"},"acf":[],"yoast_head":"<!-- This site is optimized with the Yoast SEO plugin v27.1.1 - https:\/\/yoast.com\/product\/yoast-seo-wordpress\/ -->\n<title>Armband Beige - AnnaPS<\/title>\n<meta name=\"description\" content=\"AnnaPS makes clothes with integrated pockets to carry your diabetes devices such as insulin pump, pen and glucose meter. Stylish, high quality, functional and environmental focus.\" \/>\n<meta name=\"robots\" content=\"index, follow, max-snippet:-1, max-image-preview:large, max-video-preview:-1\" \/>\n<link rel=\"canonical\" href=\"https:\/\/annaps.com\/de\/product\/armband-beige\/\" \/>\n<meta property=\"og:locale\" content=\"de_DE\" \/>\n<meta property=\"og:type\" content=\"article\" \/>\n<meta property=\"og:title\" content=\"Armband Beige - AnnaPS\" \/>\n<meta property=\"og:description\" content=\"AnnaPS makes clothes with integrated pockets to carry your diabetes devices such as insulin pump, pen and glucose meter. Stylish, high quality, functional and environmental focus.\" \/>\n<meta property=\"og:url\" content=\"https:\/\/annaps.com\/de\/product\/armband-beige\/\" \/>\n<meta property=\"og:site_name\" content=\"AnnaPS\" \/>\n<meta property=\"article:publisher\" content=\"https:\/\/www.facebook.com\/annaps.scandinavia\/\" \/>\n<meta property=\"article:modified_time\" content=\"2025-12-15T12:50:54+00:00\" \/>\n<meta property=\"og:image\" content=\"https:\/\/annaps.com\/content\/uploads\/2018\/06\/20200731194343__MG_5583_produktbildformat_ljusare.jpg\" \/>\n\t<meta property=\"og:image:width\" content=\"709\" \/>\n\t<meta property=\"og:image:height\" content=\"945\" \/>\n\t<meta property=\"og:image:type\" content=\"image\/jpeg\" \/>\n<meta name=\"twitter:card\" content=\"summary_large_image\" \/>\n<script type=\"application\/ld+json\" class=\"yoast-schema-graph\">{\"@context\":\"https:\/\/schema.org\",\"@graph\":[{\"@type\":\"WebPage\",\"@id\":\"https:\/\/annaps.com\/de\/product\/armband-beige\/\",\"url\":\"https:\/\/annaps.com\/de\/product\/armband-beige\/\",\"name\":\"Armband Beige - AnnaPS\",\"isPartOf\":{\"@id\":\"https:\/\/annaps.com\/de\/#website\"},\"primaryImageOfPage\":{\"@id\":\"https:\/\/annaps.com\/de\/product\/armband-beige\/#primaryimage\"},\"image\":{\"@id\":\"https:\/\/annaps.com\/de\/product\/armband-beige\/#primaryimage\"},\"thumbnailUrl\":\"https:\/\/annaps.com\/content\/uploads\/2018\/06\/20200731194343__MG_5583_produktbildformat_ljusare.jpg\",\"datePublished\":\"2018-06-12T21:47:03+00:00\",\"dateModified\":\"2025-12-15T12:50:54+00:00\",\"description\":\"AnnaPS makes clothes with integrated pockets to carry your diabetes devices such as insulin pump, pen and glucose meter. Stylish, high quality, functional and environmental focus.\",\"breadcrumb\":{\"@id\":\"https:\/\/annaps.com\/de\/product\/armband-beige\/#breadcrumb\"},\"inLanguage\":\"de-DE\",\"potentialAction\":[{\"@type\":\"ReadAction\",\"target\":[\"https:\/\/annaps.com\/de\/product\/armband-beige\/\"]}]},{\"@type\":\"ImageObject\",\"inLanguage\":\"de-DE\",\"@id\":\"https:\/\/annaps.com\/de\/product\/armband-beige\/#primaryimage\",\"url\":\"https:\/\/annaps.com\/content\/uploads\/2018\/06\/20200731194343__MG_5583_produktbildformat_ljusare.jpg\",\"contentUrl\":\"https:\/\/annaps.com\/content\/uploads\/2018\/06\/20200731194343__MG_5583_produktbildformat_ljusare.jpg\",\"width\":709,\"height\":945},{\"@type\":\"BreadcrumbList\",\"@id\":\"https:\/\/annaps.com\/de\/product\/armband-beige\/#breadcrumb\",\"itemListElement\":[{\"@type\":\"ListItem\",\"position\":1,\"name\":\"Hem\",\"item\":\"https:\/\/annaps.com\/de\/\"},{\"@type\":\"ListItem\",\"position\":2,\"name\":\"Webshop\",\"item\":\"https:\/\/annaps.com\/de\/shop\/\"},{\"@type\":\"ListItem\",\"position\":3,\"name\":\"Armband Beige\"}]},{\"@type\":\"WebSite\",\"@id\":\"https:\/\/annaps.com\/de\/#website\",\"url\":\"https:\/\/annaps.com\/de\/\",\"name\":\"AnnaPS\",\"description\":\"Det skall vara enkelt att b\u00e4ra!\",\"potentialAction\":[{\"@type\":\"SearchAction\",\"target\":{\"@type\":\"EntryPoint\",\"urlTemplate\":\"https:\/\/annaps.com\/de\/?s={search_term_string}\"},\"query-input\":{\"@type\":\"PropertyValueSpecification\",\"valueRequired\":true,\"valueName\":\"search_term_string\"}}],\"inLanguage\":\"de-DE\"}]}<\/script>\n<!-- \/ Yoast SEO plugin. -->","yoast_head_json":{"title":"Armband Beige - AnnaPS","description":"AnnaPS makes clothes with integrated pockets to carry your diabetes devices such as insulin pump, pen and glucose meter. Stylish, high quality, functional and environmental focus.","robots":{"index":"index","follow":"follow","max-snippet":"max-snippet:-1","max-image-preview":"max-image-preview:large","max-video-preview":"max-video-preview:-1"},"canonical":"https:\/\/annaps.com\/de\/product\/armband-beige\/","og_locale":"de_DE","og_type":"article","og_title":"Armband Beige - AnnaPS","og_description":"AnnaPS makes clothes with integrated pockets to carry your diabetes devices such as insulin pump, pen and glucose meter. Stylish, high quality, functional and environmental focus.","og_url":"https:\/\/annaps.com\/de\/product\/armband-beige\/","og_site_name":"AnnaPS","article_publisher":"https:\/\/www.facebook.com\/annaps.scandinavia\/","article_modified_time":"2025-12-15T12:50:54+00:00","og_image":[{"width":709,"height":945,"url":"https:\/\/annaps.com\/content\/uploads\/2018\/06\/20200731194343__MG_5583_produktbildformat_ljusare.jpg","type":"image\/jpeg"}],"twitter_card":"summary_large_image","schema":{"@context":"https:\/\/schema.org","@graph":[{"@type":"WebPage","@id":"https:\/\/annaps.com\/de\/product\/armband-beige\/","url":"https:\/\/annaps.com\/de\/product\/armband-beige\/","name":"Armband Beige - AnnaPS","isPartOf":{"@id":"https:\/\/annaps.com\/de\/#website"},"primaryImageOfPage":{"@id":"https:\/\/annaps.com\/de\/product\/armband-beige\/#primaryimage"},"image":{"@id":"https:\/\/annaps.com\/de\/product\/armband-beige\/#primaryimage"},"thumbnailUrl":"https:\/\/annaps.com\/content\/uploads\/2018\/06\/20200731194343__MG_5583_produktbildformat_ljusare.jpg","datePublished":"2018-06-12T21:47:03+00:00","dateModified":"2025-12-15T12:50:54+00:00","description":"AnnaPS makes clothes with integrated pockets to carry your diabetes devices such as insulin pump, pen and glucose meter. Stylish, high quality, functional and environmental focus.","breadcrumb":{"@id":"https:\/\/annaps.com\/de\/product\/armband-beige\/#breadcrumb"},"inLanguage":"de-DE","potentialAction":[{"@type":"ReadAction","target":["https:\/\/annaps.com\/de\/product\/armband-beige\/"]}]},{"@type":"ImageObject","inLanguage":"de-DE","@id":"https:\/\/annaps.com\/de\/product\/armband-beige\/#primaryimage","url":"https:\/\/annaps.com\/content\/uploads\/2018\/06\/20200731194343__MG_5583_produktbildformat_ljusare.jpg","contentUrl":"https:\/\/annaps.com\/content\/uploads\/2018\/06\/20200731194343__MG_5583_produktbildformat_ljusare.jpg","width":709,"height":945},{"@type":"BreadcrumbList","@id":"https:\/\/annaps.com\/de\/product\/armband-beige\/#breadcrumb","itemListElement":[{"@type":"ListItem","position":1,"name":"Hem","item":"https:\/\/annaps.com\/de\/"},{"@type":"ListItem","position":2,"name":"Webshop","item":"https:\/\/annaps.com\/de\/shop\/"},{"@type":"ListItem","position":3,"name":"Armband Beige"}]},{"@type":"WebSite","@id":"https:\/\/annaps.com\/de\/#website","url":"https:\/\/annaps.com\/de\/","name":"AnnaPS","description":"Det skall vara enkelt att b\u00e4ra!","potentialAction":[{"@type":"SearchAction","target":{"@type":"EntryPoint","urlTemplate":"https:\/\/annaps.com\/de\/?s={search_term_string}"},"query-input":{"@type":"PropertyValueSpecification","valueRequired":true,"valueName":"search_term_string"}}],"inLanguage":"de-DE"}]}},"_links":{"self":[{"href":"https:\/\/annaps.com\/de\/wp-json\/wp\/v2\/product\/29328","targetHints":{"allow":["GET"]}}],"collection":[{"href":"https:\/\/annaps.com\/de\/wp-json\/wp\/v2\/product"}],"about":[{"href":"https:\/\/annaps.com\/de\/wp-json\/wp\/v2\/types\/product"}],"replies":[{"embeddable":true,"href":"https:\/\/annaps.com\/de\/wp-json\/wp\/v2\/comments?post=29328"}],"wp:featuredmedia":[{"embeddable":true,"href":"https:\/\/annaps.com\/de\/wp-json\/wp\/v2\/media\/39372"}],"wp:attachment":[{"href":"https:\/\/annaps.com\/de\/wp-json\/wp\/v2\/media?parent=29328"}],"wp:term":[{"taxonomy":"product_brand","embeddable":true,"href":"https:\/\/annaps.com\/de\/wp-json\/wp\/v2\/product_brand?post=29328"},{"taxonomy":"product_cat","embeddable":true,"href":"https:\/\/annaps.com\/de\/wp-json\/wp\/v2\/product_cat?post=29328"},{"taxonomy":"product_tag","embeddable":true,"href":"https:\/\/annaps.com\/de\/wp-json\/wp\/v2\/product_tag?post=29328"}],"curies":[{"name":"wp","href":"https:\/\/api.w.org\/{rel}","templated":true}]}}