{"id":8335,"date":"2016-04-07T12:55:19","date_gmt":"2016-04-07T12:55:19","guid":{"rendered":"https:\/\/www.annaps.com\/?page_id=8335&#038;lang=de"},"modified":"2018-07-25T16:18:23","modified_gmt":"2018-07-25T14:18:23","slug":"recipe-banana-pancakes-2","status":"publish","type":"page","link":"https:\/\/annaps.com\/de\/recipe-banana-pancakes-2\/","title":{"rendered":"Rezept: Bananenpfannkuchen"},"content":{"rendered":"<p><a href=\"https:\/\/annaps.com\/wordpress\/content\/uploads\/2016\/04\/banan.jpg\" rel=\"attachment wp-att-8321\"><img loading=\"lazy\" decoding=\"async\" class=\"aligncenter wp-image-8321 size-full\" src=\"https:\/\/annaps.com\/wordpress\/content\/uploads\/2016\/04\/banan.jpg\" alt=\"banan\" width=\"564\" height=\"564\" srcset=\"https:\/\/annaps.com\/content\/uploads\/2016\/04\/banan.jpg 564w, https:\/\/annaps.com\/content\/uploads\/2016\/04\/banan-150x150.jpg 150w, https:\/\/annaps.com\/content\/uploads\/2016\/04\/banan-300x300.jpg 300w, https:\/\/annaps.com\/content\/uploads\/2016\/04\/banan-200x200.jpg 200w, https:\/\/annaps.com\/content\/uploads\/2016\/04\/banan-455x455.jpg 455w, https:\/\/annaps.com\/content\/uploads\/2016\/04\/banan-100x100.jpg 100w, https:\/\/annaps.com\/content\/uploads\/2016\/04\/banan-55x55.jpg 55w, https:\/\/annaps.com\/content\/uploads\/2016\/04\/banan-180x180.jpg 180w\" sizes=\"auto, (max-width: 564px) 100vw, 564px\" \/><\/a><\/p>\n<p><span style=\"font-weight: 400;\">Manchma fehlt Dir einfach Energie und dein Bauch verlangt nach Essen. Du hast nicht viel Zeit und Dein Portemonaie ist fast leer. Schau Dir dieses Rezept f\u00fcr Bananenpfannkuchen an, die einfach zu machen, g\u00fcnstig, gut f\u00fcr Deinen Blutzucker und wirklich lecker sind!<\/span><\/p>\n<p><strong>F\u00fcr 2 Personen:<\/strong><\/p>\n<ul>\n<li><span style=\"font-weight: 400;\">2 normal gro\u00dfe Bananen<\/span><\/li>\n<li>4 Eier<\/li>\n<\/ul>\n<p><strong>Zubereitung:<\/strong><\/p>\n<p>Sch\u00e4l die Banenen. Zermatsche sie so gut wie m\u00f6glich in einer Sch\u00fcssel. Gib die Eier hinzu. Vermische alles und backe die Pfannkuchen in \u00d6l oder Butter in einer Bratpfanne. Servier sie mit Schinkenspeck zum Fr\u00fchst\u00fcck, mit H\u00fcttenk\u00e4se zum Mittagessen oder mit Eiscreme als Nachtisch!<\/p>\n","protected":false},"excerpt":{"rendered":"<p>Manchma fehlt Dir einfach Energie und dein Bauch verlangt nach Essen. Du hast nicht viel Zeit und Dein Portemonaie ist fast leer. Schau Dir dieses Rezept f\u00fcr Bananenpfannkuchen an, die einfach zu machen, g\u00fcnstig, gut f\u00fcr Deinen Blutzucker und wirklich lecker sind! F\u00fcr 2 Personen: 2 normal gro\u00dfe Bananen 4 Eier Zubereitung: Sch\u00e4l die Banenen. [&hellip;]<\/p>\n","protected":false},"author":5,"featured_media":0,"parent":0,"menu_order":76,"comment_status":"closed","ping_status":"closed","template":"","meta":{"_acf_changed":false,"footnotes":""},"class_list":["post-8335","page","type-page","status-publish","hentry"],"acf":[],"yoast_head":"<!-- This site is optimized with the Yoast SEO plugin v27.1.1 - https:\/\/yoast.com\/product\/yoast-seo-wordpress\/ -->\n<title>Rezept: Bananenpfannkuchen - AnnaPS<\/title>\n<meta name=\"description\" content=\"AnnaPS makes clothes with integrated pockets to carry your diabetes devices such as insulin pump, pen and glucose meter. Stylish, high quality, functional and environmental focus.\" \/>\n<meta name=\"robots\" content=\"index, follow, max-snippet:-1, max-image-preview:large, max-video-preview:-1\" \/>\n<link rel=\"canonical\" href=\"https:\/\/annaps.com\/de\/recipe-banana-pancakes-2\/\" \/>\n<meta property=\"og:locale\" content=\"de_DE\" \/>\n<meta property=\"og:type\" content=\"article\" \/>\n<meta property=\"og:title\" content=\"Rezept: Bananenpfannkuchen - AnnaPS\" \/>\n<meta property=\"og:description\" content=\"AnnaPS makes clothes with integrated pockets to carry your diabetes devices such as insulin pump, pen and glucose meter. Stylish, high quality, functional and environmental focus.\" \/>\n<meta property=\"og:url\" content=\"https:\/\/annaps.com\/de\/recipe-banana-pancakes-2\/\" \/>\n<meta property=\"og:site_name\" content=\"AnnaPS\" \/>\n<meta property=\"article:publisher\" content=\"https:\/\/www.facebook.com\/annaps.scandinavia\/\" \/>\n<meta property=\"article:modified_time\" content=\"2018-07-25T14:18:23+00:00\" \/>\n<meta property=\"og:image\" content=\"https:\/\/annaps.com\/wordpress\/content\/uploads\/2016\/04\/banan.jpg\" \/>\n<meta name=\"twitter:card\" content=\"summary_large_image\" \/>\n<meta name=\"twitter:label1\" content=\"Est. reading time\" \/>\n\t<meta name=\"twitter:data1\" content=\"1 minute\" \/>\n<script type=\"application\/ld+json\" class=\"yoast-schema-graph\">{\"@context\":\"https:\/\/schema.org\",\"@graph\":[{\"@type\":\"WebPage\",\"@id\":\"https:\/\/annaps.com\/de\/recipe-banana-pancakes-2\/\",\"url\":\"https:\/\/annaps.com\/de\/recipe-banana-pancakes-2\/\",\"name\":\"Rezept: Bananenpfannkuchen - AnnaPS\",\"isPartOf\":{\"@id\":\"https:\/\/annaps.com\/de\/#website\"},\"primaryImageOfPage\":{\"@id\":\"https:\/\/annaps.com\/de\/recipe-banana-pancakes-2\/#primaryimage\"},\"image\":{\"@id\":\"https:\/\/annaps.com\/de\/recipe-banana-pancakes-2\/#primaryimage\"},\"thumbnailUrl\":\"https:\/\/annaps.com\/wordpress\/content\/uploads\/2016\/04\/banan.jpg\",\"datePublished\":\"2016-04-07T12:55:19+00:00\",\"dateModified\":\"2018-07-25T14:18:23+00:00\",\"description\":\"AnnaPS makes clothes with integrated pockets to carry your diabetes devices such as insulin pump, pen and glucose meter. Stylish, high quality, functional and environmental focus.\",\"breadcrumb\":{\"@id\":\"https:\/\/annaps.com\/de\/recipe-banana-pancakes-2\/#breadcrumb\"},\"inLanguage\":\"de-DE\",\"potentialAction\":[{\"@type\":\"ReadAction\",\"target\":[\"https:\/\/annaps.com\/de\/recipe-banana-pancakes-2\/\"]}]},{\"@type\":\"ImageObject\",\"inLanguage\":\"de-DE\",\"@id\":\"https:\/\/annaps.com\/de\/recipe-banana-pancakes-2\/#primaryimage\",\"url\":\"https:\/\/annaps.com\/wordpress\/content\/uploads\/2016\/04\/banan.jpg\",\"contentUrl\":\"https:\/\/annaps.com\/wordpress\/content\/uploads\/2016\/04\/banan.jpg\"},{\"@type\":\"BreadcrumbList\",\"@id\":\"https:\/\/annaps.com\/de\/recipe-banana-pancakes-2\/#breadcrumb\",\"itemListElement\":[{\"@type\":\"ListItem\",\"position\":1,\"name\":\"Hem\",\"item\":\"https:\/\/annaps.com\/de\/\"},{\"@type\":\"ListItem\",\"position\":2,\"name\":\"Rezept: Bananenpfannkuchen\"}]},{\"@type\":\"WebSite\",\"@id\":\"https:\/\/annaps.com\/de\/#website\",\"url\":\"https:\/\/annaps.com\/de\/\",\"name\":\"AnnaPS\",\"description\":\"Det skall vara enkelt att b\u00e4ra!\",\"potentialAction\":[{\"@type\":\"SearchAction\",\"target\":{\"@type\":\"EntryPoint\",\"urlTemplate\":\"https:\/\/annaps.com\/de\/?s={search_term_string}\"},\"query-input\":{\"@type\":\"PropertyValueSpecification\",\"valueRequired\":true,\"valueName\":\"search_term_string\"}}],\"inLanguage\":\"de-DE\"}]}<\/script>\n<!-- \/ Yoast SEO plugin. -->","yoast_head_json":{"title":"Rezept: Bananenpfannkuchen - AnnaPS","description":"AnnaPS makes clothes with integrated pockets to carry your diabetes devices such as insulin pump, pen and glucose meter. Stylish, high quality, functional and environmental focus.","robots":{"index":"index","follow":"follow","max-snippet":"max-snippet:-1","max-image-preview":"max-image-preview:large","max-video-preview":"max-video-preview:-1"},"canonical":"https:\/\/annaps.com\/de\/recipe-banana-pancakes-2\/","og_locale":"de_DE","og_type":"article","og_title":"Rezept: Bananenpfannkuchen - AnnaPS","og_description":"AnnaPS makes clothes with integrated pockets to carry your diabetes devices such as insulin pump, pen and glucose meter. Stylish, high quality, functional and environmental focus.","og_url":"https:\/\/annaps.com\/de\/recipe-banana-pancakes-2\/","og_site_name":"AnnaPS","article_publisher":"https:\/\/www.facebook.com\/annaps.scandinavia\/","article_modified_time":"2018-07-25T14:18:23+00:00","og_image":[{"url":"https:\/\/annaps.com\/wordpress\/content\/uploads\/2016\/04\/banan.jpg","type":"","width":"","height":""}],"twitter_card":"summary_large_image","twitter_misc":{"Est. reading time":"1 minute"},"schema":{"@context":"https:\/\/schema.org","@graph":[{"@type":"WebPage","@id":"https:\/\/annaps.com\/de\/recipe-banana-pancakes-2\/","url":"https:\/\/annaps.com\/de\/recipe-banana-pancakes-2\/","name":"Rezept: Bananenpfannkuchen - AnnaPS","isPartOf":{"@id":"https:\/\/annaps.com\/de\/#website"},"primaryImageOfPage":{"@id":"https:\/\/annaps.com\/de\/recipe-banana-pancakes-2\/#primaryimage"},"image":{"@id":"https:\/\/annaps.com\/de\/recipe-banana-pancakes-2\/#primaryimage"},"thumbnailUrl":"https:\/\/annaps.com\/wordpress\/content\/uploads\/2016\/04\/banan.jpg","datePublished":"2016-04-07T12:55:19+00:00","dateModified":"2018-07-25T14:18:23+00:00","description":"AnnaPS makes clothes with integrated pockets to carry your diabetes devices such as insulin pump, pen and glucose meter. Stylish, high quality, functional and environmental focus.","breadcrumb":{"@id":"https:\/\/annaps.com\/de\/recipe-banana-pancakes-2\/#breadcrumb"},"inLanguage":"de-DE","potentialAction":[{"@type":"ReadAction","target":["https:\/\/annaps.com\/de\/recipe-banana-pancakes-2\/"]}]},{"@type":"ImageObject","inLanguage":"de-DE","@id":"https:\/\/annaps.com\/de\/recipe-banana-pancakes-2\/#primaryimage","url":"https:\/\/annaps.com\/wordpress\/content\/uploads\/2016\/04\/banan.jpg","contentUrl":"https:\/\/annaps.com\/wordpress\/content\/uploads\/2016\/04\/banan.jpg"},{"@type":"BreadcrumbList","@id":"https:\/\/annaps.com\/de\/recipe-banana-pancakes-2\/#breadcrumb","itemListElement":[{"@type":"ListItem","position":1,"name":"Hem","item":"https:\/\/annaps.com\/de\/"},{"@type":"ListItem","position":2,"name":"Rezept: Bananenpfannkuchen"}]},{"@type":"WebSite","@id":"https:\/\/annaps.com\/de\/#website","url":"https:\/\/annaps.com\/de\/","name":"AnnaPS","description":"Det skall vara enkelt att b\u00e4ra!","potentialAction":[{"@type":"SearchAction","target":{"@type":"EntryPoint","urlTemplate":"https:\/\/annaps.com\/de\/?s={search_term_string}"},"query-input":{"@type":"PropertyValueSpecification","valueRequired":true,"valueName":"search_term_string"}}],"inLanguage":"de-DE"}]}},"_links":{"self":[{"href":"https:\/\/annaps.com\/de\/wp-json\/wp\/v2\/pages\/8335","targetHints":{"allow":["GET"]}}],"collection":[{"href":"https:\/\/annaps.com\/de\/wp-json\/wp\/v2\/pages"}],"about":[{"href":"https:\/\/annaps.com\/de\/wp-json\/wp\/v2\/types\/page"}],"author":[{"embeddable":true,"href":"https:\/\/annaps.com\/de\/wp-json\/wp\/v2\/users\/5"}],"replies":[{"embeddable":true,"href":"https:\/\/annaps.com\/de\/wp-json\/wp\/v2\/comments?post=8335"}],"version-history":[{"count":4,"href":"https:\/\/annaps.com\/de\/wp-json\/wp\/v2\/pages\/8335\/revisions"}],"predecessor-version":[{"id":30050,"href":"https:\/\/annaps.com\/de\/wp-json\/wp\/v2\/pages\/8335\/revisions\/30050"}],"wp:attachment":[{"href":"https:\/\/annaps.com\/de\/wp-json\/wp\/v2\/media?parent=8335"}],"curies":[{"name":"wp","href":"https:\/\/api.w.org\/{rel}","templated":true}]}}