{"id":73,"date":"2015-12-16T12:11:36","date_gmt":"2015-12-16T12:11:36","guid":{"rendered":"https:\/\/www.annaps.com\/?page_id=73&#038;lang=de"},"modified":"2026-02-24T06:08:38","modified_gmt":"2026-02-24T05:08:38","slug":"diabeteshilfsmittel","status":"publish","type":"page","link":"https:\/\/annaps.com\/de\/","title":{"rendered":"Startseite"},"content":{"rendered":"","protected":false},"excerpt":{"rendered":"","protected":false},"author":1,"featured_media":0,"parent":0,"menu_order":115,"comment_status":"closed","ping_status":"closed","template":"index.php","meta":{"_acf_changed":false,"footnotes":""},"class_list":["post-73","page","type-page","status-publish","hentry"],"acf":[],"yoast_head":"<!-- This site is optimized with the Yoast SEO plugin v27.1.1 - https:\/\/yoast.com\/product\/yoast-seo-wordpress\/ -->\n<title>Diabeteshilfsmittel von AnnaPS<\/title>\n<meta name=\"description\" content=\"AnnaPS bietet schlaue Diabeteshilfsmittel f\u00fcr dich mit Diabetes entwickelt. Unsere Kleidung hat eine einfache Tasche, in der Du unter anderem Blutzuckermessger\u00e4t oder Pumpe aufbewahren kannst! Schau Dir auf unserer Website alle unsere Produkte an und lerne mehr \u00fcber uns!!\" \/>\n<meta name=\"robots\" content=\"index, follow, max-snippet:-1, max-image-preview:large, max-video-preview:-1\" \/>\n<link rel=\"canonical\" href=\"https:\/\/annaps.com\/de\/\" \/>\n<meta property=\"og:locale\" content=\"de_DE\" \/>\n<meta property=\"og:type\" content=\"article\" \/>\n<meta property=\"og:title\" content=\"Diabeteshilfsmittel von AnnaPS\" \/>\n<meta property=\"og:description\" content=\"AnnaPS bietet schlaue Diabeteshilfsmittel f\u00fcr dich mit Diabetes entwickelt. Unsere Kleidung hat eine einfache Tasche, in der Du unter anderem Blutzuckermessger\u00e4t oder Pumpe aufbewahren kannst! Schau Dir auf unserer Website alle unsere Produkte an und lerne mehr \u00fcber uns!!\" \/>\n<meta property=\"og:url\" content=\"https:\/\/annaps.com\/de\/\" \/>\n<meta property=\"og:site_name\" content=\"AnnaPS\" \/>\n<meta property=\"article:publisher\" content=\"https:\/\/www.facebook.com\/annaps.scandinavia\/\" \/>\n<meta property=\"article:modified_time\" content=\"2026-02-24T05:08:38+00:00\" \/>\n<meta name=\"twitter:card\" content=\"summary_large_image\" \/>\n<script type=\"application\/ld+json\" class=\"yoast-schema-graph\">{\"@context\":\"https:\/\/schema.org\",\"@graph\":[{\"@type\":\"WebPage\",\"@id\":\"https:\/\/annaps.com\/de\/\",\"url\":\"https:\/\/annaps.com\/de\/\",\"name\":\"Diabeteshilfsmittel von AnnaPS\",\"isPartOf\":{\"@id\":\"https:\/\/annaps.com\/de\/#website\"},\"datePublished\":\"2015-12-16T12:11:36+00:00\",\"dateModified\":\"2026-02-24T05:08:38+00:00\",\"description\":\"AnnaPS bietet schlaue Diabeteshilfsmittel f\u00fcr dich mit Diabetes entwickelt. Unsere Kleidung hat eine einfache Tasche, in der Du unter anderem Blutzuckermessger\u00e4t oder Pumpe aufbewahren kannst! Schau Dir auf unserer Website alle unsere Produkte an und lerne mehr \u00fcber uns!!\",\"breadcrumb\":{\"@id\":\"https:\/\/annaps.com\/de\/#breadcrumb\"},\"inLanguage\":\"de-DE\",\"potentialAction\":[{\"@type\":\"ReadAction\",\"target\":[\"https:\/\/annaps.com\/de\/\"]}]},{\"@type\":\"BreadcrumbList\",\"@id\":\"https:\/\/annaps.com\/de\/#breadcrumb\",\"itemListElement\":[{\"@type\":\"ListItem\",\"position\":1,\"name\":\"Hem\",\"item\":\"https:\/\/annaps.com\/de\/\"},{\"@type\":\"ListItem\",\"position\":2,\"name\":\"Startseite\"}]},{\"@type\":\"WebSite\",\"@id\":\"https:\/\/annaps.com\/de\/#website\",\"url\":\"https:\/\/annaps.com\/de\/\",\"name\":\"AnnaPS\",\"description\":\"Det skall vara enkelt att b\u00e4ra!\",\"potentialAction\":[{\"@type\":\"SearchAction\",\"target\":{\"@type\":\"EntryPoint\",\"urlTemplate\":\"https:\/\/annaps.com\/de\/?s={search_term_string}\"},\"query-input\":{\"@type\":\"PropertyValueSpecification\",\"valueRequired\":true,\"valueName\":\"search_term_string\"}}],\"inLanguage\":\"de-DE\"}]}<\/script>\n<!-- \/ Yoast SEO plugin. -->","yoast_head_json":{"title":"Diabeteshilfsmittel von AnnaPS","description":"AnnaPS bietet schlaue Diabeteshilfsmittel f\u00fcr dich mit Diabetes entwickelt. Unsere Kleidung hat eine einfache Tasche, in der Du unter anderem Blutzuckermessger\u00e4t oder Pumpe aufbewahren kannst! Schau Dir auf unserer Website alle unsere Produkte an und lerne mehr \u00fcber uns!!","robots":{"index":"index","follow":"follow","max-snippet":"max-snippet:-1","max-image-preview":"max-image-preview:large","max-video-preview":"max-video-preview:-1"},"canonical":"https:\/\/annaps.com\/de\/","og_locale":"de_DE","og_type":"article","og_title":"Diabeteshilfsmittel von AnnaPS","og_description":"AnnaPS bietet schlaue Diabeteshilfsmittel f\u00fcr dich mit Diabetes entwickelt. Unsere Kleidung hat eine einfache Tasche, in der Du unter anderem Blutzuckermessger\u00e4t oder Pumpe aufbewahren kannst! Schau Dir auf unserer Website alle unsere Produkte an und lerne mehr \u00fcber uns!!","og_url":"https:\/\/annaps.com\/de\/","og_site_name":"AnnaPS","article_publisher":"https:\/\/www.facebook.com\/annaps.scandinavia\/","article_modified_time":"2026-02-24T05:08:38+00:00","twitter_card":"summary_large_image","schema":{"@context":"https:\/\/schema.org","@graph":[{"@type":"WebPage","@id":"https:\/\/annaps.com\/de\/","url":"https:\/\/annaps.com\/de\/","name":"Diabeteshilfsmittel von AnnaPS","isPartOf":{"@id":"https:\/\/annaps.com\/de\/#website"},"datePublished":"2015-12-16T12:11:36+00:00","dateModified":"2026-02-24T05:08:38+00:00","description":"AnnaPS bietet schlaue Diabeteshilfsmittel f\u00fcr dich mit Diabetes entwickelt. Unsere Kleidung hat eine einfache Tasche, in der Du unter anderem Blutzuckermessger\u00e4t oder Pumpe aufbewahren kannst! Schau Dir auf unserer Website alle unsere Produkte an und lerne mehr \u00fcber uns!!","breadcrumb":{"@id":"https:\/\/annaps.com\/de\/#breadcrumb"},"inLanguage":"de-DE","potentialAction":[{"@type":"ReadAction","target":["https:\/\/annaps.com\/de\/"]}]},{"@type":"BreadcrumbList","@id":"https:\/\/annaps.com\/de\/#breadcrumb","itemListElement":[{"@type":"ListItem","position":1,"name":"Hem","item":"https:\/\/annaps.com\/de\/"},{"@type":"ListItem","position":2,"name":"Startseite"}]},{"@type":"WebSite","@id":"https:\/\/annaps.com\/de\/#website","url":"https:\/\/annaps.com\/de\/","name":"AnnaPS","description":"Det skall vara enkelt att b\u00e4ra!","potentialAction":[{"@type":"SearchAction","target":{"@type":"EntryPoint","urlTemplate":"https:\/\/annaps.com\/de\/?s={search_term_string}"},"query-input":{"@type":"PropertyValueSpecification","valueRequired":true,"valueName":"search_term_string"}}],"inLanguage":"de-DE"}]}},"_links":{"self":[{"href":"https:\/\/annaps.com\/de\/wp-json\/wp\/v2\/pages\/73","targetHints":{"allow":["GET"]}}],"collection":[{"href":"https:\/\/annaps.com\/de\/wp-json\/wp\/v2\/pages"}],"about":[{"href":"https:\/\/annaps.com\/de\/wp-json\/wp\/v2\/types\/page"}],"author":[{"embeddable":true,"href":"https:\/\/annaps.com\/de\/wp-json\/wp\/v2\/users\/1"}],"replies":[{"embeddable":true,"href":"https:\/\/annaps.com\/de\/wp-json\/wp\/v2\/comments?post=73"}],"version-history":[{"count":236,"href":"https:\/\/annaps.com\/de\/wp-json\/wp\/v2\/pages\/73\/revisions"}],"predecessor-version":[{"id":48453,"href":"https:\/\/annaps.com\/de\/wp-json\/wp\/v2\/pages\/73\/revisions\/48453"}],"wp:attachment":[{"href":"https:\/\/annaps.com\/de\/wp-json\/wp\/v2\/media?parent=73"}],"curies":[{"name":"wp","href":"https:\/\/api.w.org\/{rel}","templated":true}]}}