{"id":7016,"date":"2016-03-02T07:24:26","date_gmt":"2016-03-02T07:24:26","guid":{"rendered":"https:\/\/www.annaps.com\/?page_id=7016&#038;lang=de"},"modified":"2018-03-22T13:57:48","modified_gmt":"2018-03-22T12:57:48","slug":"legal","status":"publish","type":"page","link":"https:\/\/annaps.com\/de\/legal\/","title":{"rendered":"Legal"},"content":{"rendered":"<p>Alle Web-Seiten von AnnaPS wurden unter Ber\u00fccksichtigung des swedischen Rechts verfasst.<br \/>\nAnnaPS hat die Daten auf dieser Homepage sorgf\u00e4ltig und nach dem neuesten Erkenntnisstand zusammengestellt. AnnaPS kann jedoch keinerlei Garantien bez\u00fcglich der Richtigkeit und\/oder Vollst\u00e4ndigkeit der hier angegebenen oder zitierten Information, weder ausdr\u00fccklich noch implizit, abgeben.<br \/>\nDer Benutzer dieser Homepage erkennt an, dass deren Gebrauch sowie der Gebrauch der damit verbundenen Sites ausschliesslich auf\u00a0 eigene Gefahr erfolgt und dass weder AnnaPS noch eine andere Partei, die an der Erstellung der Informationen beteiligt war, eine Haftung f\u00fcr direkte, indirekte oder Folgesch\u00e4den jedwelcher Art \u00fcbernimmt.<br \/>\nDiese Website enth\u00e4lt Produktinformationen, die f\u00fcr viele verschiedene Zielgruppen bestimmt sind und kann Produktdetails oder -informationen enthalten, die in Ihrem Land sonst nicht verf\u00fcgbar oder g\u00fcltig sind. Bitte beachten Sie, dass wir keine Verantwortung f\u00fcr den Zugang zu solchen Informationen \u00fcbernehmen, die unter Umst\u00e4nden nicht mit den jeweils g\u00fcltigen gesetzlichen Vorgehensweisen, Regelungen, Registrierungen oder Gepflogenheiten in Ihrem Land \u00fcbereinstimmen.<br \/>\nAlle erw\u00e4hnten Markennamen sind gesetzlich gesch\u00fctzt. AnnaPS ist eine Marke von Anna Sj\u00f6berg.<\/p>\n","protected":false},"excerpt":{"rendered":"<p>Alle Web-Seiten von AnnaPS wurden unter Ber\u00fccksichtigung des swedischen Rechts verfasst. AnnaPS hat die Daten auf dieser Homepage sorgf\u00e4ltig und nach dem neuesten Erkenntnisstand zusammengestellt. AnnaPS kann jedoch keinerlei Garantien bez\u00fcglich der Richtigkeit und\/oder Vollst\u00e4ndigkeit der hier angegebenen oder zitierten Information, weder ausdr\u00fccklich noch implizit, abgeben. Der Benutzer dieser Homepage erkennt an, dass deren Gebrauch [&hellip;]<\/p>\n","protected":false},"author":1,"featured_media":0,"parent":0,"menu_order":69,"comment_status":"closed","ping_status":"closed","template":"","meta":{"_acf_changed":false,"footnotes":""},"class_list":["post-7016","page","type-page","status-publish","hentry"],"acf":[],"yoast_head":"<!-- This site is optimized with the Yoast SEO plugin v27.1.1 - https:\/\/yoast.com\/product\/yoast-seo-wordpress\/ -->\n<title>Legal - AnnaPS<\/title>\n<meta name=\"description\" content=\"AnnaPS makes clothes with integrated pockets to carry your diabetes devices such as insulin pump, pen and glucose meter. Stylish, high quality, functional and environmental focus.\" \/>\n<meta name=\"robots\" content=\"index, follow, max-snippet:-1, max-image-preview:large, max-video-preview:-1\" \/>\n<link rel=\"canonical\" href=\"https:\/\/annaps.com\/de\/legal\/\" \/>\n<meta property=\"og:locale\" content=\"de_DE\" \/>\n<meta property=\"og:type\" content=\"article\" \/>\n<meta property=\"og:title\" content=\"Legal - AnnaPS\" \/>\n<meta property=\"og:description\" content=\"AnnaPS makes clothes with integrated pockets to carry your diabetes devices such as insulin pump, pen and glucose meter. Stylish, high quality, functional and environmental focus.\" \/>\n<meta property=\"og:url\" content=\"https:\/\/annaps.com\/de\/legal\/\" \/>\n<meta property=\"og:site_name\" content=\"AnnaPS\" \/>\n<meta property=\"article:publisher\" content=\"https:\/\/www.facebook.com\/annaps.scandinavia\/\" \/>\n<meta property=\"article:modified_time\" content=\"2018-03-22T12:57:48+00:00\" \/>\n<meta name=\"twitter:card\" content=\"summary_large_image\" \/>\n<meta name=\"twitter:label1\" content=\"Est. reading time\" \/>\n\t<meta name=\"twitter:data1\" content=\"1 minute\" \/>\n<script type=\"application\/ld+json\" class=\"yoast-schema-graph\">{\"@context\":\"https:\/\/schema.org\",\"@graph\":[{\"@type\":\"WebPage\",\"@id\":\"https:\/\/annaps.com\/de\/legal\/\",\"url\":\"https:\/\/annaps.com\/de\/legal\/\",\"name\":\"Legal - AnnaPS\",\"isPartOf\":{\"@id\":\"https:\/\/annaps.com\/de\/#website\"},\"datePublished\":\"2016-03-02T07:24:26+00:00\",\"dateModified\":\"2018-03-22T12:57:48+00:00\",\"description\":\"AnnaPS makes clothes with integrated pockets to carry your diabetes devices such as insulin pump, pen and glucose meter. Stylish, high quality, functional and environmental focus.\",\"breadcrumb\":{\"@id\":\"https:\/\/annaps.com\/de\/legal\/#breadcrumb\"},\"inLanguage\":\"de-DE\",\"potentialAction\":[{\"@type\":\"ReadAction\",\"target\":[\"https:\/\/annaps.com\/de\/legal\/\"]}]},{\"@type\":\"BreadcrumbList\",\"@id\":\"https:\/\/annaps.com\/de\/legal\/#breadcrumb\",\"itemListElement\":[{\"@type\":\"ListItem\",\"position\":1,\"name\":\"Hem\",\"item\":\"https:\/\/annaps.com\/de\/\"},{\"@type\":\"ListItem\",\"position\":2,\"name\":\"Legal\"}]},{\"@type\":\"WebSite\",\"@id\":\"https:\/\/annaps.com\/de\/#website\",\"url\":\"https:\/\/annaps.com\/de\/\",\"name\":\"AnnaPS\",\"description\":\"Det skall vara enkelt att b\u00e4ra!\",\"potentialAction\":[{\"@type\":\"SearchAction\",\"target\":{\"@type\":\"EntryPoint\",\"urlTemplate\":\"https:\/\/annaps.com\/de\/?s={search_term_string}\"},\"query-input\":{\"@type\":\"PropertyValueSpecification\",\"valueRequired\":true,\"valueName\":\"search_term_string\"}}],\"inLanguage\":\"de-DE\"}]}<\/script>\n<!-- \/ Yoast SEO plugin. -->","yoast_head_json":{"title":"Legal - AnnaPS","description":"AnnaPS makes clothes with integrated pockets to carry your diabetes devices such as insulin pump, pen and glucose meter. Stylish, high quality, functional and environmental focus.","robots":{"index":"index","follow":"follow","max-snippet":"max-snippet:-1","max-image-preview":"max-image-preview:large","max-video-preview":"max-video-preview:-1"},"canonical":"https:\/\/annaps.com\/de\/legal\/","og_locale":"de_DE","og_type":"article","og_title":"Legal - AnnaPS","og_description":"AnnaPS makes clothes with integrated pockets to carry your diabetes devices such as insulin pump, pen and glucose meter. Stylish, high quality, functional and environmental focus.","og_url":"https:\/\/annaps.com\/de\/legal\/","og_site_name":"AnnaPS","article_publisher":"https:\/\/www.facebook.com\/annaps.scandinavia\/","article_modified_time":"2018-03-22T12:57:48+00:00","twitter_card":"summary_large_image","twitter_misc":{"Est. reading time":"1 minute"},"schema":{"@context":"https:\/\/schema.org","@graph":[{"@type":"WebPage","@id":"https:\/\/annaps.com\/de\/legal\/","url":"https:\/\/annaps.com\/de\/legal\/","name":"Legal - AnnaPS","isPartOf":{"@id":"https:\/\/annaps.com\/de\/#website"},"datePublished":"2016-03-02T07:24:26+00:00","dateModified":"2018-03-22T12:57:48+00:00","description":"AnnaPS makes clothes with integrated pockets to carry your diabetes devices such as insulin pump, pen and glucose meter. Stylish, high quality, functional and environmental focus.","breadcrumb":{"@id":"https:\/\/annaps.com\/de\/legal\/#breadcrumb"},"inLanguage":"de-DE","potentialAction":[{"@type":"ReadAction","target":["https:\/\/annaps.com\/de\/legal\/"]}]},{"@type":"BreadcrumbList","@id":"https:\/\/annaps.com\/de\/legal\/#breadcrumb","itemListElement":[{"@type":"ListItem","position":1,"name":"Hem","item":"https:\/\/annaps.com\/de\/"},{"@type":"ListItem","position":2,"name":"Legal"}]},{"@type":"WebSite","@id":"https:\/\/annaps.com\/de\/#website","url":"https:\/\/annaps.com\/de\/","name":"AnnaPS","description":"Det skall vara enkelt att b\u00e4ra!","potentialAction":[{"@type":"SearchAction","target":{"@type":"EntryPoint","urlTemplate":"https:\/\/annaps.com\/de\/?s={search_term_string}"},"query-input":{"@type":"PropertyValueSpecification","valueRequired":true,"valueName":"search_term_string"}}],"inLanguage":"de-DE"}]}},"_links":{"self":[{"href":"https:\/\/annaps.com\/de\/wp-json\/wp\/v2\/pages\/7016","targetHints":{"allow":["GET"]}}],"collection":[{"href":"https:\/\/annaps.com\/de\/wp-json\/wp\/v2\/pages"}],"about":[{"href":"https:\/\/annaps.com\/de\/wp-json\/wp\/v2\/types\/page"}],"author":[{"embeddable":true,"href":"https:\/\/annaps.com\/de\/wp-json\/wp\/v2\/users\/1"}],"replies":[{"embeddable":true,"href":"https:\/\/annaps.com\/de\/wp-json\/wp\/v2\/comments?post=7016"}],"version-history":[{"count":2,"href":"https:\/\/annaps.com\/de\/wp-json\/wp\/v2\/pages\/7016\/revisions"}],"predecessor-version":[{"id":28410,"href":"https:\/\/annaps.com\/de\/wp-json\/wp\/v2\/pages\/7016\/revisions\/28410"}],"wp:attachment":[{"href":"https:\/\/annaps.com\/de\/wp-json\/wp\/v2\/media?parent=7016"}],"curies":[{"name":"wp","href":"https:\/\/api.w.org\/{rel}","templated":true}]}}