{"id":6453,"date":"2016-02-11T08:44:27","date_gmt":"2016-02-11T08:44:27","guid":{"rendered":"https:\/\/www.annaps.com\/?page_id=6453&#038;lang=de"},"modified":"2018-10-25T09:11:15","modified_gmt":"2018-10-25T07:11:15","slug":"ueber-annaps","status":"publish","type":"page","link":"https:\/\/annaps.com\/de\/ueber-annaps\/","title":{"rendered":"\u00dcber AnnaPS"},"content":{"rendered":"<p>Die AnnaPS Produktlinie mit integrierten Taschen f\u00fcr Diabetesger\u00e4te \u2013 ein Weg um den Alltag mit Diabetes leichter zu machen und den Verzicht auf ein Diabetescase zu erm\u00f6glichen \u2013 das ist unsere Idee.<\/p>\n<p>Bei uns findest du Kleider (haupts\u00e4chlich Unterw\u00e4sche) mit integrierten Taschen f\u00fcr Kinder, Frauen und M\u00e4nner in allen Gr\u00f6\u00dfen, von 3 Jahren an bis XXL. Sie sind extra daf\u00fcr entworfen worden, dass Sie Ihre Pumpe einfach tragen k\u00f6nnen. Doch wir bieten auch Produkte, in denen Sie Pens, Blutzuckermessger\u00e4te (z.B. Freestyle Libre), Handeinheiten f\u00fcr die Pumpe (z.B. Omnipod), Dextrose und vieles mehr aufbewahren k\u00f6nnen.<\/p>\n<p>Schauen Sie sich gerne hier in unserem <a href=\"https:\/\/annaps.com\/wordpress\/de\/\">Webshop<\/a> um!<\/p>\n","protected":false},"excerpt":{"rendered":"<p>Die AnnaPS Produktlinie mit integrierten Taschen f\u00fcr Diabetesger\u00e4te \u2013 ein Weg um den Alltag mit Diabetes leichter zu machen und den Verzicht auf ein Diabetescase zu erm\u00f6glichen \u2013 das ist unsere Idee. Bei uns findest du Kleider (haupts\u00e4chlich Unterw\u00e4sche) mit integrierten Taschen f\u00fcr Kinder, Frauen und M\u00e4nner in allen Gr\u00f6\u00dfen, von 3 Jahren an bis [&hellip;]<\/p>\n","protected":false},"author":1,"featured_media":0,"parent":0,"menu_order":85,"comment_status":"closed","ping_status":"closed","template":"","meta":{"_acf_changed":false,"footnotes":""},"class_list":["post-6453","page","type-page","status-publish","hentry"],"acf":[],"yoast_head":"<!-- This site is optimized with the Yoast SEO plugin v27.1.1 - https:\/\/yoast.com\/product\/yoast-seo-wordpress\/ -->\n<title>Vereinfache Dein Leben mit Diabeteskleidung von AnnaPS<\/title>\n<meta name=\"description\" content=\"Mit Diabetes braucht man oft viel Extraplatz f\u00fcr Hilfsmittel und verschiedene Ger\u00e4te. Mit Hilfe der Diabeteskleidung, die Anna PS entworfen hat, kannst Du alles was du brauchst in Taschen in Deiner Kleidung verstauen!\" \/>\n<meta name=\"robots\" content=\"index, follow, max-snippet:-1, max-image-preview:large, max-video-preview:-1\" \/>\n<link rel=\"canonical\" href=\"https:\/\/annaps.com\/de\/ueber-annaps\/\" \/>\n<meta property=\"og:locale\" content=\"de_DE\" \/>\n<meta property=\"og:type\" content=\"article\" \/>\n<meta property=\"og:title\" content=\"Vereinfache Dein Leben mit Diabeteskleidung von AnnaPS\" \/>\n<meta property=\"og:description\" content=\"Mit Diabetes braucht man oft viel Extraplatz f\u00fcr Hilfsmittel und verschiedene Ger\u00e4te. Mit Hilfe der Diabeteskleidung, die Anna PS entworfen hat, kannst Du alles was du brauchst in Taschen in Deiner Kleidung verstauen!\" \/>\n<meta property=\"og:url\" content=\"https:\/\/annaps.com\/de\/ueber-annaps\/\" \/>\n<meta property=\"og:site_name\" content=\"AnnaPS\" \/>\n<meta property=\"article:publisher\" content=\"https:\/\/www.facebook.com\/annaps.scandinavia\/\" \/>\n<meta property=\"article:modified_time\" content=\"2018-10-25T07:11:15+00:00\" \/>\n<meta name=\"twitter:card\" content=\"summary_large_image\" \/>\n<meta name=\"twitter:label1\" content=\"Est. reading time\" \/>\n\t<meta name=\"twitter:data1\" content=\"1 minute\" \/>\n<script type=\"application\/ld+json\" class=\"yoast-schema-graph\">{\"@context\":\"https:\/\/schema.org\",\"@graph\":[{\"@type\":\"WebPage\",\"@id\":\"https:\/\/annaps.com\/de\/ueber-annaps\/\",\"url\":\"https:\/\/annaps.com\/de\/ueber-annaps\/\",\"name\":\"Vereinfache Dein Leben mit Diabeteskleidung von AnnaPS\",\"isPartOf\":{\"@id\":\"https:\/\/annaps.com\/de\/#website\"},\"datePublished\":\"2016-02-11T08:44:27+00:00\",\"dateModified\":\"2018-10-25T07:11:15+00:00\",\"description\":\"Mit Diabetes braucht man oft viel Extraplatz f\u00fcr Hilfsmittel und verschiedene Ger\u00e4te. Mit Hilfe der Diabeteskleidung, die Anna PS entworfen hat, kannst Du alles was du brauchst in Taschen in Deiner Kleidung verstauen!\",\"breadcrumb\":{\"@id\":\"https:\/\/annaps.com\/de\/ueber-annaps\/#breadcrumb\"},\"inLanguage\":\"de-DE\",\"potentialAction\":[{\"@type\":\"ReadAction\",\"target\":[\"https:\/\/annaps.com\/de\/ueber-annaps\/\"]}]},{\"@type\":\"BreadcrumbList\",\"@id\":\"https:\/\/annaps.com\/de\/ueber-annaps\/#breadcrumb\",\"itemListElement\":[{\"@type\":\"ListItem\",\"position\":1,\"name\":\"Hem\",\"item\":\"https:\/\/annaps.com\/de\/\"},{\"@type\":\"ListItem\",\"position\":2,\"name\":\"\u00dcber AnnaPS\"}]},{\"@type\":\"WebSite\",\"@id\":\"https:\/\/annaps.com\/de\/#website\",\"url\":\"https:\/\/annaps.com\/de\/\",\"name\":\"AnnaPS\",\"description\":\"Det skall vara enkelt att b\u00e4ra!\",\"potentialAction\":[{\"@type\":\"SearchAction\",\"target\":{\"@type\":\"EntryPoint\",\"urlTemplate\":\"https:\/\/annaps.com\/de\/?s={search_term_string}\"},\"query-input\":{\"@type\":\"PropertyValueSpecification\",\"valueRequired\":true,\"valueName\":\"search_term_string\"}}],\"inLanguage\":\"de-DE\"}]}<\/script>\n<!-- \/ Yoast SEO plugin. -->","yoast_head_json":{"title":"Vereinfache Dein Leben mit Diabeteskleidung von AnnaPS","description":"Mit Diabetes braucht man oft viel Extraplatz f\u00fcr Hilfsmittel und verschiedene Ger\u00e4te. Mit Hilfe der Diabeteskleidung, die Anna PS entworfen hat, kannst Du alles was du brauchst in Taschen in Deiner Kleidung verstauen!","robots":{"index":"index","follow":"follow","max-snippet":"max-snippet:-1","max-image-preview":"max-image-preview:large","max-video-preview":"max-video-preview:-1"},"canonical":"https:\/\/annaps.com\/de\/ueber-annaps\/","og_locale":"de_DE","og_type":"article","og_title":"Vereinfache Dein Leben mit Diabeteskleidung von AnnaPS","og_description":"Mit Diabetes braucht man oft viel Extraplatz f\u00fcr Hilfsmittel und verschiedene Ger\u00e4te. Mit Hilfe der Diabeteskleidung, die Anna PS entworfen hat, kannst Du alles was du brauchst in Taschen in Deiner Kleidung verstauen!","og_url":"https:\/\/annaps.com\/de\/ueber-annaps\/","og_site_name":"AnnaPS","article_publisher":"https:\/\/www.facebook.com\/annaps.scandinavia\/","article_modified_time":"2018-10-25T07:11:15+00:00","twitter_card":"summary_large_image","twitter_misc":{"Est. reading time":"1 minute"},"schema":{"@context":"https:\/\/schema.org","@graph":[{"@type":"WebPage","@id":"https:\/\/annaps.com\/de\/ueber-annaps\/","url":"https:\/\/annaps.com\/de\/ueber-annaps\/","name":"Vereinfache Dein Leben mit Diabeteskleidung von AnnaPS","isPartOf":{"@id":"https:\/\/annaps.com\/de\/#website"},"datePublished":"2016-02-11T08:44:27+00:00","dateModified":"2018-10-25T07:11:15+00:00","description":"Mit Diabetes braucht man oft viel Extraplatz f\u00fcr Hilfsmittel und verschiedene Ger\u00e4te. Mit Hilfe der Diabeteskleidung, die Anna PS entworfen hat, kannst Du alles was du brauchst in Taschen in Deiner Kleidung verstauen!","breadcrumb":{"@id":"https:\/\/annaps.com\/de\/ueber-annaps\/#breadcrumb"},"inLanguage":"de-DE","potentialAction":[{"@type":"ReadAction","target":["https:\/\/annaps.com\/de\/ueber-annaps\/"]}]},{"@type":"BreadcrumbList","@id":"https:\/\/annaps.com\/de\/ueber-annaps\/#breadcrumb","itemListElement":[{"@type":"ListItem","position":1,"name":"Hem","item":"https:\/\/annaps.com\/de\/"},{"@type":"ListItem","position":2,"name":"\u00dcber AnnaPS"}]},{"@type":"WebSite","@id":"https:\/\/annaps.com\/de\/#website","url":"https:\/\/annaps.com\/de\/","name":"AnnaPS","description":"Det skall vara enkelt att b\u00e4ra!","potentialAction":[{"@type":"SearchAction","target":{"@type":"EntryPoint","urlTemplate":"https:\/\/annaps.com\/de\/?s={search_term_string}"},"query-input":{"@type":"PropertyValueSpecification","valueRequired":true,"valueName":"search_term_string"}}],"inLanguage":"de-DE"}]}},"_links":{"self":[{"href":"https:\/\/annaps.com\/de\/wp-json\/wp\/v2\/pages\/6453","targetHints":{"allow":["GET"]}}],"collection":[{"href":"https:\/\/annaps.com\/de\/wp-json\/wp\/v2\/pages"}],"about":[{"href":"https:\/\/annaps.com\/de\/wp-json\/wp\/v2\/types\/page"}],"author":[{"embeddable":true,"href":"https:\/\/annaps.com\/de\/wp-json\/wp\/v2\/users\/1"}],"replies":[{"embeddable":true,"href":"https:\/\/annaps.com\/de\/wp-json\/wp\/v2\/comments?post=6453"}],"version-history":[{"count":5,"href":"https:\/\/annaps.com\/de\/wp-json\/wp\/v2\/pages\/6453\/revisions"}],"predecessor-version":[{"id":28680,"href":"https:\/\/annaps.com\/de\/wp-json\/wp\/v2\/pages\/6453\/revisions\/28680"}],"wp:attachment":[{"href":"https:\/\/annaps.com\/de\/wp-json\/wp\/v2\/media?parent=6453"}],"curies":[{"name":"wp","href":"https:\/\/api.w.org\/{rel}","templated":true}]}}