{"id":6346,"date":"2016-02-10T11:56:23","date_gmt":"2016-02-10T10:56:23","guid":{"rendered":"https:\/\/www.annaps.com\/?page_id=6346&#038;lang=de"},"modified":"2018-10-25T09:06:26","modified_gmt":"2018-10-25T07:06:26","slug":"the-annaps-code-of-conduct","status":"publish","type":"page","link":"https:\/\/annaps.com\/de\/ueber-die-produkte\/the-annaps-code-of-conduct\/","title":{"rendered":"Der AnnaPS Verhaltenskodex (Code of Conduct)"},"content":{"rendered":"<p><strong>Der AnnaPS Verhaltenskodex<\/strong> &#8211; Unser Verhaltenskodex (Code of Conduct) besteht aus f\u00fcnf seperaten Kapiteln, die Sie im Folgenden lesen k\u00f6nnen (nur auf Englisch):<\/p>\n<ol>\n<li style=\"font-weight: 400;\"><span style=\"font-weight: 400;\">Working conditions<\/span><\/li>\n<li style=\"font-weight: 400;\"><span style=\"font-weight: 400;\">Health and safety<\/span><\/li>\n<li style=\"font-weight: 400;\"><span style=\"font-weight: 400;\">Environment<\/span><\/li>\n<li style=\"font-weight: 400;\"><span style=\"font-weight: 400;\">Ethical Behaviour<\/span><\/li>\n<li style=\"font-weight: 400;\"><span style=\"font-weight: 400;\">Monitoring and evaluation<\/span><\/li>\n<\/ol>\n<ol>\n<li><b><\/b><span style=\"font-weight: 400;\">\u00a0\u00a0\u00a0\u00a0\u00a0<\/span><b>Working conditions<\/b><b><\/b><span style=\"font-weight: 400;\">\u00a0<\/span><span style=\"font-weight: 400;\">\u00a0\u00a0<\/span><\/li>\n<\/ol>\n<p><strong>a. Child labour<br \/>\n<\/strong><span style=\"font-weight: 400;\">We don\u2019t accept child labour and do our outmost to determine the correct age of the employees employed by us or by our subcontractors.<\/span><\/p>\n<p><span style=\"font-weight: 400;\">We follow the UN guidelines for work suitable for children at different ages. The definitions are:<br \/>\n<\/span><span style=\"font-weight: 400;\">\u2013 \u00a0\u00a0Light work (pocket money): 13 years in developed countries, 12 years in undeveloped countries.<br \/>\n<\/span><span style=\"font-weight: 400;\">\u2013 \u00a0\u00a0Normal non-dangerous work: 15 years in developed countries, 14 years in undeveloped countries.<br \/>\n<\/span><span style=\"font-weight: 400;\">\u2013 \u00a0\u00a0Dangerous work: 18 years in both developed and undeveloped countries.<\/span><\/p>\n<p><span style=\"font-weight: 400;\">We follow the definition that ILO (International Labour Organization) defines dangerous\/hazardous work for children:<br \/>\n<\/span><span style=\"font-weight: 400;\">\u2013 \u00a0\u00a0work that exposes children to physical, psychological or sexual abuse<br \/>\n<\/span><span style=\"font-weight: 400;\">\u2013 \u00a0\u00a0work underground, underwater, at dangerous heights or in confined places<br \/>\n<\/span><span style=\"font-weight: 400;\">\u2013 \u00a0\u00a0work with dangerous machinery, equipment and tools, or which involve the manual handling or transport of heavy loads<br \/>\n<\/span><span style=\"font-weight: 400;\">\u2013 \u00a0\u00a0work under particularly difficult conditions, such as work for long hours or during the night or work where the child is unreasonably confined to the premises of the employer<br \/>\n<\/span><span style=\"font-weight: 400;\">\u2013 \u00a0\u00a0work in an unhealthy environment that may expose children to hazardous substances, agents or processes, temperature, noise levels and vibrations damaging to their health.<\/span><\/p>\n<p><strong>b. \u00a0 \u00a0<\/strong><span style=\"font-weight: 400;\"><strong>Discrimination<\/strong><br \/>\n<\/span><span style=\"font-weight: 400;\">We don\u2019t accept discrimination in regard to race, skin colour, religion, political- or sexual orientation, gender, national origin or social rank or status. Employees should be employed because their ability to do the job and not because of their individual characteristics. Female applicants are not to be tested for pregnancy and not to be discriminated in their hiring, advancement, discipline or retirement practice. (ILO Conventions 100 and 111)<\/span><\/p>\n<p><strong>c. \u00a0 \u00a0<\/strong><span style=\"font-weight: 400;\"><strong>Forced labour<\/strong><br \/>\n<\/span><span style=\"font-weight: 400;\">We don\u2019t use prison or forced labour. Employees are free to leave their employment after reasonable notice as required by national law or contract. Employees are not required to leave any original ID-documents or leave monetary deposits at the factory. Overtime has to be performed voluntarily.<\/span><\/p>\n<p><strong>d. \u00a0 \u00a0Freedom of association and the right to collective bargaining<br \/>\n<\/strong><span style=\"font-weight: 400;\">We respect the employee\u2019s right to freedom of association and the right to collective bargaining. We ensure that employees participating in unions are not subject to discrimination or punitive disciplinary actions. Workers&#8217; representatives shall have access to all workplaces necessary to enable them to carry out their representation functions.<\/span><\/p>\n<p><strong>e. \u00a0 \u00a0Working hours<br \/>\n<\/strong><span style=\"font-weight: 400;\">We don\u2019t exceed local limits on work hours. We don\u2019t require employees to exceed 48 hour of work per week on a regular basis and employees are at least provided with one day off in seven. Overtime is voluntary and do not exceed 12 hours per week. Overtime is not demanded on a regular basis and is always compensated at a premium rate of wages. During the working day should the employee be given appropriate time for breaks for meals and rest. An employee is entitled to at least one free day following six consecutive days worked. We keep work hour records for at least 2 years.<\/span><\/p>\n<p><strong>\u00a0f. \u00a0 \u00a0Wages, payroll records and deductions<br \/>\n<\/strong><span style=\"font-weight: 400;\">We respect the employees\u00b4 right to earn a living wages and we ensure that wages paid for a normal work week meet at least legal or industry minimum standards- whichever is greater. We define living wages as a wage covering the basic needs a family has, such as food, clean water, shelter, clothing, and education for children, medical care and a little extra for savings and \/ or unforeseen expenditure.<\/span><\/p>\n<p><span style=\"font-weight: 400;\">We keep understandable payroll records for at least two years. We don\u2019t accept deduction as a disciplinary measure. Wages should be paid regularly, on time and in a way that convenient for the employees.<\/span><\/p>\n<p><strong>g. \u00a0 \u00a0Labour contracts<br \/>\n<\/strong><span style=\"font-weight: 400;\">All employees should have a written employment contract that contains an accurate and complete summary of the terms of employment, such as the terms of employment, wages, benefits and working conditions. This also counts for foreign, migrant or home workers that are not to be treated less favourably in any case. If an employee is illiterate the working conditions should be explain to the employee, prior to signing the contract. No employees are to be asked to sign any blank papers.<\/span><\/p>\n<p><span style=\"font-weight: 400;\">In countries where law permits apprenticeship programmes, we accept apprentices working on the basis of an apprenticeship contract but we monitor continuously that apprentices actually fill out an apprentice function.<\/span><\/p>\n<p><strong>h. \u00a0 \u00a0Sick leave and annual leave<br \/>\n<\/strong><span style=\"font-weight: 400;\">All employees should be able to leave without any negative repercussions if they are sick or have stipulated annual leave. If an employee is injured during work, the factory should pay any cost not covered by the national social security.<\/span><\/p>\n<p><strong>i. \u00a0 \u00a0\u00a0Grievance system<br \/>\n<\/strong><span style=\"font-weight: 400;\">A grievance system ensures that the employees have the possibility to present a present matter of concern related to the employment and workplace.<\/span><\/p>\n<p><strong>j. \u00a0 \u00a0\u00a0Parental Leave<br \/>\n<\/strong><span style=\"font-weight: 400;\">All employees should be able to leave without any negative repercussions for Parental leave, according to national laws.<\/span><\/p>\n<ol start=\"2\">\n<li><b><\/b><span style=\"font-weight: 400;\">\u00a0\u00a0\u00a0\u00a0\u00a0<\/span><b>Health and Safety<\/b><\/li>\n<\/ol>\n<p><span style=\"font-weight: 400;\">We require that employee\u2019s safety should be of priority at all times. We do not accept hazardous equipment, insufferable surroundings or unsafe premises. The workplace should be safe and hygienic and we take effective steps to prevent potential accidents and to minimize health risk as much as possible. Safety awareness should always be a priority and should be understood and implemented daily by everyone working in the factory<\/span><\/p>\n<p><span style=\"font-weight: 400;\">Appropriate health and safety information and training should be provided to employees. Safety includes e.g. clearly marked and unblocked exits, emergency exits and evacuation plans on each floor, regularly tested fire alarm and evacuation drills, first aid equipment, safe and correct handling, marking and labelling of chemicals, machinery and work processes.<\/span><\/p>\n<p><span style=\"font-weight: 400;\">The workplace, and if applicable, housing facilities, has tolerable temperature and noise level, adequate ventilation, sufficient lighting, clean toilet facilities, drinkable water and, if applicable, sanitary facilities for food storage.<\/span><\/p>\n<p><span style=\"font-weight: 400;\">Physical abuse, threats of physical abuse, unusual punishments or discipline, sexual and other harassment, and intimidation by the employer is strictly prohibited. Employees should be treated with respect and dignity. Corporal punishment, physical or verbal abuse or other unlawful ha\u00adrassment and any threats or other forms of intimidation are prohibited.<\/span><\/p>\n<ol start=\"3\">\n<li><b><\/b><span style=\"font-weight: 400;\">\u00a0\u00a0\u00a0\u00a0\u00a0<\/span><b>Environment<\/b><\/li>\n<\/ol>\n<p><span style=\"font-weight: 400;\">Environmental sustainability concerns an organisation\u2019s impact on living and non-living natural systems, including ecosystems, land, air and water. We work for continuous improvement of environmental responsibility and we require that environmental initiatives are an integrated part of the management planning. We ensure that any negative environmental consequence is minimized.<\/span><\/p>\n<ol start=\"4\">\n<li><b><\/b><span style=\"font-weight: 400;\">\u00a0\u00a0\u00a0\u00a0\u00a0<\/span><b>Ethical Behaviour<\/b><\/li>\n<\/ol>\n<p><strong>\u00a0 a. \u00a0\u00a0<\/strong><span style=\"font-weight: 400;\"><strong>Corruption and bribery<\/strong><br \/>\n<\/span><span style=\"font-weight: 400;\">All forms of corruption, extortion and embezzlement are strictly prohibited. Such activities may result in immediate termination of the business relationship, in communication with relevant authorities and organizations as well as in legal actions. We expect the highest standards of integrity in all business interactions.<\/span><\/p>\n<p><strong>b. \u00a0 \u00a0Animal protection<br \/>\n<\/strong><span style=\"font-weight: 400;\">As a natural part of business discussions we will have an active dialog with suppliers and customers about animal protection. This aims to increase understanding, concern and respect for animal life.<\/span><\/p>\n<p><span style=\"font-weight: 400;\">Regarding products of animal origin, the minimum requirement for animal treatment is that the animals:<\/span><\/p>\n<ul>\n<li style=\"font-weight: 400;\"><span style=\"font-weight: 400;\">are not subjected to unnecessary suffering<\/span><\/li>\n<li style=\"font-weight: 400;\"><span style=\"font-weight: 400;\">are handled according to animal protection regulations in the country concerned<\/span><\/li>\n<li style=\"font-weight: 400;\"><span style=\"font-weight: 400;\">during breeding have access to clean water, suitable food and proper care<\/span><\/li>\n<\/ul>\n<p><span style=\"font-weight: 400;\">It is prohibited to use any portion of the animals that are endangered.<\/span><\/p>\n<ol start=\"5\">\n<li><b><\/b><span style=\"font-weight: 400;\">\u00a0\u00a0\u00a0\u00a0\u00a0<\/span><b>Monitoring and evaluation<\/b><\/li>\n<\/ol>\n<p>Audits are entered into and left by all relevant parties with respect and friendly tone. AnnaPS reserves the right to carry out visits at the suppliers\/sub suppliers\/subcontractors, without prior notice, to control and follow-up that the Code of Conduct is complied with. The possibility must be given to interview any employee at the time of these visits. Suppliers must on request provide all documentation that can confirm that the Code of Conduct is complied with. The audit can be carried out by AnnaPS own personnel or by auditors on assignment by AnnaPS.<\/p>\n","protected":false},"excerpt":{"rendered":"<p>Der AnnaPS Verhaltenskodex &#8211; Unser Verhaltenskodex (Code of Conduct) besteht aus f\u00fcnf seperaten Kapiteln, die Sie im Folgenden lesen k\u00f6nnen (nur auf Englisch): Working conditions Health and safety Environment Ethical Behaviour Monitoring and evaluation \u00a0\u00a0\u00a0\u00a0\u00a0Working conditions\u00a0\u00a0\u00a0 a. Child labour We don\u2019t accept child labour and do our outmost to determine the correct age of the [&hellip;]<\/p>\n","protected":false},"author":3,"featured_media":0,"parent":3902,"menu_order":6,"comment_status":"closed","ping_status":"closed","template":"","meta":{"_acf_changed":false,"footnotes":""},"class_list":["post-6346","page","type-page","status-publish","hentry"],"acf":[],"yoast_head":"<!-- This site is optimized with the Yoast SEO plugin v27.1.1 - https:\/\/yoast.com\/product\/yoast-seo-wordpress\/ -->\n<title>Arbeitsbedingungen bei AnnaPS \u2013 Anspr\u00fcche, die wir stellen<\/title>\n<meta name=\"description\" content=\"AnnaPS \u00fcbernimmt soziale Verantwortung und wir arbeiten gem\u00e4\u00df hohen Standards. Das gilt f\u00fcr alle unsere Mitarbeiter genauso wie f\u00fcr externe Zulieferer. Lies mehr dar\u00fcber auf unserer Internetseite!\" \/>\n<meta name=\"robots\" content=\"index, follow, max-snippet:-1, max-image-preview:large, max-video-preview:-1\" \/>\n<link rel=\"canonical\" href=\"https:\/\/annaps.com\/de\/ueber-die-produkte\/the-annaps-code-of-conduct\/\" \/>\n<meta property=\"og:locale\" content=\"de_DE\" \/>\n<meta property=\"og:type\" content=\"article\" \/>\n<meta property=\"og:title\" content=\"Arbeitsbedingungen bei AnnaPS \u2013 Anspr\u00fcche, die wir stellen\" \/>\n<meta property=\"og:description\" content=\"AnnaPS \u00fcbernimmt soziale Verantwortung und wir arbeiten gem\u00e4\u00df hohen Standards. Das gilt f\u00fcr alle unsere Mitarbeiter genauso wie f\u00fcr externe Zulieferer. Lies mehr dar\u00fcber auf unserer Internetseite!\" \/>\n<meta property=\"og:url\" content=\"https:\/\/annaps.com\/de\/ueber-die-produkte\/the-annaps-code-of-conduct\/\" \/>\n<meta property=\"og:site_name\" content=\"AnnaPS\" \/>\n<meta property=\"article:publisher\" content=\"https:\/\/www.facebook.com\/annaps.scandinavia\/\" \/>\n<meta property=\"article:modified_time\" content=\"2018-10-25T07:06:26+00:00\" \/>\n<meta name=\"twitter:card\" content=\"summary_large_image\" \/>\n<meta name=\"twitter:label1\" content=\"Est. reading time\" \/>\n\t<meta name=\"twitter:data1\" content=\"7 minutes\" \/>\n<script type=\"application\/ld+json\" class=\"yoast-schema-graph\">{\"@context\":\"https:\/\/schema.org\",\"@graph\":[{\"@type\":\"WebPage\",\"@id\":\"https:\/\/annaps.com\/de\/ueber-die-produkte\/the-annaps-code-of-conduct\/\",\"url\":\"https:\/\/annaps.com\/de\/ueber-die-produkte\/the-annaps-code-of-conduct\/\",\"name\":\"Arbeitsbedingungen bei AnnaPS \u2013 Anspr\u00fcche, die wir stellen\",\"isPartOf\":{\"@id\":\"https:\/\/annaps.com\/de\/#website\"},\"datePublished\":\"2016-02-10T10:56:23+00:00\",\"dateModified\":\"2018-10-25T07:06:26+00:00\",\"description\":\"AnnaPS \u00fcbernimmt soziale Verantwortung und wir arbeiten gem\u00e4\u00df hohen Standards. Das gilt f\u00fcr alle unsere Mitarbeiter genauso wie f\u00fcr externe Zulieferer. Lies mehr dar\u00fcber auf unserer Internetseite!\",\"breadcrumb\":{\"@id\":\"https:\/\/annaps.com\/de\/ueber-die-produkte\/the-annaps-code-of-conduct\/#breadcrumb\"},\"inLanguage\":\"de-DE\",\"potentialAction\":[{\"@type\":\"ReadAction\",\"target\":[\"https:\/\/annaps.com\/de\/ueber-die-produkte\/the-annaps-code-of-conduct\/\"]}]},{\"@type\":\"BreadcrumbList\",\"@id\":\"https:\/\/annaps.com\/de\/ueber-die-produkte\/the-annaps-code-of-conduct\/#breadcrumb\",\"itemListElement\":[{\"@type\":\"ListItem\",\"position\":1,\"name\":\"Hem\",\"item\":\"https:\/\/annaps.com\/de\/\"},{\"@type\":\"ListItem\",\"position\":2,\"name\":\"\u00dcber die Produkte\",\"item\":\"https:\/\/annaps.com\/de\/ueber-die-produkte\/\"},{\"@type\":\"ListItem\",\"position\":3,\"name\":\"Der AnnaPS Verhaltenskodex (Code of Conduct)\"}]},{\"@type\":\"WebSite\",\"@id\":\"https:\/\/annaps.com\/de\/#website\",\"url\":\"https:\/\/annaps.com\/de\/\",\"name\":\"AnnaPS\",\"description\":\"Det skall vara enkelt att b\u00e4ra!\",\"potentialAction\":[{\"@type\":\"SearchAction\",\"target\":{\"@type\":\"EntryPoint\",\"urlTemplate\":\"https:\/\/annaps.com\/de\/?s={search_term_string}\"},\"query-input\":{\"@type\":\"PropertyValueSpecification\",\"valueRequired\":true,\"valueName\":\"search_term_string\"}}],\"inLanguage\":\"de-DE\"}]}<\/script>\n<!-- \/ Yoast SEO plugin. -->","yoast_head_json":{"title":"Arbeitsbedingungen bei AnnaPS \u2013 Anspr\u00fcche, die wir stellen","description":"AnnaPS \u00fcbernimmt soziale Verantwortung und wir arbeiten gem\u00e4\u00df hohen Standards. Das gilt f\u00fcr alle unsere Mitarbeiter genauso wie f\u00fcr externe Zulieferer. Lies mehr dar\u00fcber auf unserer Internetseite!","robots":{"index":"index","follow":"follow","max-snippet":"max-snippet:-1","max-image-preview":"max-image-preview:large","max-video-preview":"max-video-preview:-1"},"canonical":"https:\/\/annaps.com\/de\/ueber-die-produkte\/the-annaps-code-of-conduct\/","og_locale":"de_DE","og_type":"article","og_title":"Arbeitsbedingungen bei AnnaPS \u2013 Anspr\u00fcche, die wir stellen","og_description":"AnnaPS \u00fcbernimmt soziale Verantwortung und wir arbeiten gem\u00e4\u00df hohen Standards. Das gilt f\u00fcr alle unsere Mitarbeiter genauso wie f\u00fcr externe Zulieferer. Lies mehr dar\u00fcber auf unserer Internetseite!","og_url":"https:\/\/annaps.com\/de\/ueber-die-produkte\/the-annaps-code-of-conduct\/","og_site_name":"AnnaPS","article_publisher":"https:\/\/www.facebook.com\/annaps.scandinavia\/","article_modified_time":"2018-10-25T07:06:26+00:00","twitter_card":"summary_large_image","twitter_misc":{"Est. reading time":"7 minutes"},"schema":{"@context":"https:\/\/schema.org","@graph":[{"@type":"WebPage","@id":"https:\/\/annaps.com\/de\/ueber-die-produkte\/the-annaps-code-of-conduct\/","url":"https:\/\/annaps.com\/de\/ueber-die-produkte\/the-annaps-code-of-conduct\/","name":"Arbeitsbedingungen bei AnnaPS \u2013 Anspr\u00fcche, die wir stellen","isPartOf":{"@id":"https:\/\/annaps.com\/de\/#website"},"datePublished":"2016-02-10T10:56:23+00:00","dateModified":"2018-10-25T07:06:26+00:00","description":"AnnaPS \u00fcbernimmt soziale Verantwortung und wir arbeiten gem\u00e4\u00df hohen Standards. Das gilt f\u00fcr alle unsere Mitarbeiter genauso wie f\u00fcr externe Zulieferer. Lies mehr dar\u00fcber auf unserer Internetseite!","breadcrumb":{"@id":"https:\/\/annaps.com\/de\/ueber-die-produkte\/the-annaps-code-of-conduct\/#breadcrumb"},"inLanguage":"de-DE","potentialAction":[{"@type":"ReadAction","target":["https:\/\/annaps.com\/de\/ueber-die-produkte\/the-annaps-code-of-conduct\/"]}]},{"@type":"BreadcrumbList","@id":"https:\/\/annaps.com\/de\/ueber-die-produkte\/the-annaps-code-of-conduct\/#breadcrumb","itemListElement":[{"@type":"ListItem","position":1,"name":"Hem","item":"https:\/\/annaps.com\/de\/"},{"@type":"ListItem","position":2,"name":"\u00dcber die Produkte","item":"https:\/\/annaps.com\/de\/ueber-die-produkte\/"},{"@type":"ListItem","position":3,"name":"Der AnnaPS Verhaltenskodex (Code of Conduct)"}]},{"@type":"WebSite","@id":"https:\/\/annaps.com\/de\/#website","url":"https:\/\/annaps.com\/de\/","name":"AnnaPS","description":"Det skall vara enkelt att b\u00e4ra!","potentialAction":[{"@type":"SearchAction","target":{"@type":"EntryPoint","urlTemplate":"https:\/\/annaps.com\/de\/?s={search_term_string}"},"query-input":{"@type":"PropertyValueSpecification","valueRequired":true,"valueName":"search_term_string"}}],"inLanguage":"de-DE"}]}},"_links":{"self":[{"href":"https:\/\/annaps.com\/de\/wp-json\/wp\/v2\/pages\/6346","targetHints":{"allow":["GET"]}}],"collection":[{"href":"https:\/\/annaps.com\/de\/wp-json\/wp\/v2\/pages"}],"about":[{"href":"https:\/\/annaps.com\/de\/wp-json\/wp\/v2\/types\/page"}],"author":[{"embeddable":true,"href":"https:\/\/annaps.com\/de\/wp-json\/wp\/v2\/users\/3"}],"replies":[{"embeddable":true,"href":"https:\/\/annaps.com\/de\/wp-json\/wp\/v2\/comments?post=6346"}],"version-history":[{"count":4,"href":"https:\/\/annaps.com\/de\/wp-json\/wp\/v2\/pages\/6346\/revisions"}],"predecessor-version":[{"id":32141,"href":"https:\/\/annaps.com\/de\/wp-json\/wp\/v2\/pages\/6346\/revisions\/32141"}],"up":[{"embeddable":true,"href":"https:\/\/annaps.com\/de\/wp-json\/wp\/v2\/pages\/3902"}],"wp:attachment":[{"href":"https:\/\/annaps.com\/de\/wp-json\/wp\/v2\/media?parent=6346"}],"curies":[{"name":"wp","href":"https:\/\/api.w.org\/{rel}","templated":true}]}}