{"id":6224,"date":"2016-02-04T15:17:43","date_gmt":"2016-02-04T15:17:43","guid":{"rendered":"https:\/\/www.annaps.com\/?page_id=6224&#038;lang=de"},"modified":"2018-05-03T10:20:29","modified_gmt":"2018-05-03T08:20:29","slug":"anna-points","status":"publish","type":"page","link":"https:\/\/annaps.com\/de\/anna-points\/","title":{"rendered":"Anna Points"},"content":{"rendered":"<h1><img loading=\"lazy\" decoding=\"async\" class=\"aligncenter wp-image-5998\" src=\"https:\/\/annaps.com\/wordpress\/content\/uploads\/2016\/02\/AnnaPointS.jpg\" alt=\"AnnaPointS\" width=\"1388\" height=\"462\" srcset=\"https:\/\/annaps.com\/content\/uploads\/2016\/02\/AnnaPointS.jpg 886w, https:\/\/annaps.com\/content\/uploads\/2016\/02\/AnnaPointS-300x100.jpg 300w, https:\/\/annaps.com\/content\/uploads\/2016\/02\/AnnaPointS-768x256.jpg 768w, https:\/\/annaps.com\/content\/uploads\/2016\/02\/AnnaPointS-870x290.jpg 870w, https:\/\/annaps.com\/content\/uploads\/2016\/02\/AnnaPointS-455x151.jpg 455w, https:\/\/annaps.com\/content\/uploads\/2016\/02\/AnnaPointS-55x18.jpg 55w\" sizes=\"auto, (max-width: 1388px) 100vw, 1388px\" \/><\/h1>\n<p style=\"text-align: center;\">AnnaPS ist immer auf der Suche nach neuen Wegen, um mehr Diabetiker zu erreichen, die danach streben, ihr Leben mit Diabetes ein wenig leichter zu gestalten. Daf\u00fcr haben wir ein Programm gestartet, das sich AnnaPointS nennt.<\/p>\n<p style=\"text-align: center;\">Dort k\u00f6nnen Sie als Kunde Beitr\u00e4ge in sozialen Medien posten, Punkte sammeln und diese zum Shoppen von neuen Produkten in unserem Onlineshop nutzen. Und wer liebt es nicht, kostenlose Produkte zu bekommen?<\/p>\n<p style=\"text-align: center;\">Um ein AnnaPointS Benutzerkonto zu erstellen, bitten wir Sie, uns eine E-Mail an <a href=\"mailto:info@annaps.com\">info@annaps.com<\/a> (mit \u201eAnnaPointS\u201c als Betreff) zu schicken, in der Sie sich kurz selbst und Ihre Beweggr\u00fcnde vorstellen. Danach k\u00f6nnen Sie sich die untenstehende Tabelle und die jeweiligen Belohnungen f\u00fcr jeden Beitrag mit Punkten anschauen. Wenn Sie genug Punkte zum Eintauschen f\u00fcr Produkte gesammelt haben, senden Sie uns bitte eine E-Mail mit dem Link zu ihren Beitr\u00e4gen und welches Produkt Sie erhalten m\u00f6chten.<\/p>\n<p style=\"text-align: center;\">Wir hoffen sehr, dass Sie sich genauso \u00fcber eine Zusammenarbeit freuen wie wir. Lassen Sie uns es wissen!<\/p>\n<p dir=\"ltr\" style=\"text-align: center;\">\u00a0<img loading=\"lazy\" decoding=\"async\" class=\"aligncenter wp-image-6875 size-full\" src=\"https:\/\/annaps.com\/wordpress\/content\/uploads\/2016\/02\/AnnaPointS_tabell1.jpg\" alt=\"AnnaPointS_tabell\" width=\"1612\" height=\"703\" srcset=\"https:\/\/annaps.com\/content\/uploads\/2016\/02\/AnnaPointS_tabell1.jpg 1612w, https:\/\/annaps.com\/content\/uploads\/2016\/02\/AnnaPointS_tabell1-300x131.jpg 300w, https:\/\/annaps.com\/content\/uploads\/2016\/02\/AnnaPointS_tabell1-768x335.jpg 768w, https:\/\/annaps.com\/content\/uploads\/2016\/02\/AnnaPointS_tabell1-1024x447.jpg 1024w, https:\/\/annaps.com\/content\/uploads\/2016\/02\/AnnaPointS_tabell1-870x379.jpg 870w, https:\/\/annaps.com\/content\/uploads\/2016\/02\/AnnaPointS_tabell1-455x198.jpg 455w, https:\/\/annaps.com\/content\/uploads\/2016\/02\/AnnaPointS_tabell1-55x24.jpg 55w\" sizes=\"auto, (max-width: 1612px) 100vw, 1612px\" \/><\/p>\n","protected":false},"excerpt":{"rendered":"<p>AnnaPS ist immer auf der Suche nach neuen Wegen, um mehr Diabetiker zu erreichen, die danach streben, ihr Leben mit Diabetes ein wenig leichter zu gestalten. Daf\u00fcr haben wir ein Programm gestartet, das sich AnnaPointS nennt. Dort k\u00f6nnen Sie als Kunde Beitr\u00e4ge in sozialen Medien posten, Punkte sammeln und diese zum Shoppen von neuen Produkten [&hellip;]<\/p>\n","protected":false},"author":1,"featured_media":0,"parent":0,"menu_order":47,"comment_status":"closed","ping_status":"closed","template":"page-textpage.php","meta":{"_acf_changed":false,"footnotes":""},"class_list":["post-6224","page","type-page","status-publish","hentry"],"acf":[],"yoast_head":"<!-- This site is optimized with the Yoast SEO plugin v27.1.1 - https:\/\/yoast.com\/product\/yoast-seo-wordpress\/ -->\n<title>Anna Points - AnnaPS<\/title>\n<meta name=\"description\" content=\"AnnaPS makes clothes with integrated pockets to carry your diabetes devices such as insulin pump, pen and glucose meter. Stylish, high quality, functional and environmental focus.\" \/>\n<meta name=\"robots\" content=\"index, follow, max-snippet:-1, max-image-preview:large, max-video-preview:-1\" \/>\n<link rel=\"canonical\" href=\"https:\/\/annaps.com\/de\/anna-points\/\" \/>\n<meta property=\"og:locale\" content=\"de_DE\" \/>\n<meta property=\"og:type\" content=\"article\" \/>\n<meta property=\"og:title\" content=\"Anna Points - AnnaPS\" \/>\n<meta property=\"og:description\" content=\"AnnaPS makes clothes with integrated pockets to carry your diabetes devices such as insulin pump, pen and glucose meter. Stylish, high quality, functional and environmental focus.\" \/>\n<meta property=\"og:url\" content=\"https:\/\/annaps.com\/de\/anna-points\/\" \/>\n<meta property=\"og:site_name\" content=\"AnnaPS\" \/>\n<meta property=\"article:publisher\" content=\"https:\/\/www.facebook.com\/annaps.scandinavia\/\" \/>\n<meta property=\"article:modified_time\" content=\"2018-05-03T08:20:29+00:00\" \/>\n<meta property=\"og:image\" content=\"https:\/\/annaps.com\/wordpress\/content\/uploads\/2016\/02\/AnnaPointS.jpg\" \/>\n<meta name=\"twitter:card\" content=\"summary_large_image\" \/>\n<meta name=\"twitter:label1\" content=\"Est. reading time\" \/>\n\t<meta name=\"twitter:data1\" content=\"1 minute\" \/>\n<script type=\"application\/ld+json\" class=\"yoast-schema-graph\">{\"@context\":\"https:\/\/schema.org\",\"@graph\":[{\"@type\":\"WebPage\",\"@id\":\"https:\/\/annaps.com\/de\/anna-points\/\",\"url\":\"https:\/\/annaps.com\/de\/anna-points\/\",\"name\":\"Anna Points - AnnaPS\",\"isPartOf\":{\"@id\":\"https:\/\/annaps.com\/de\/#website\"},\"primaryImageOfPage\":{\"@id\":\"https:\/\/annaps.com\/de\/anna-points\/#primaryimage\"},\"image\":{\"@id\":\"https:\/\/annaps.com\/de\/anna-points\/#primaryimage\"},\"thumbnailUrl\":\"https:\/\/annaps.com\/wordpress\/content\/uploads\/2016\/02\/AnnaPointS.jpg\",\"datePublished\":\"2016-02-04T15:17:43+00:00\",\"dateModified\":\"2018-05-03T08:20:29+00:00\",\"description\":\"AnnaPS makes clothes with integrated pockets to carry your diabetes devices such as insulin pump, pen and glucose meter. Stylish, high quality, functional and environmental focus.\",\"breadcrumb\":{\"@id\":\"https:\/\/annaps.com\/de\/anna-points\/#breadcrumb\"},\"inLanguage\":\"de-DE\",\"potentialAction\":[{\"@type\":\"ReadAction\",\"target\":[\"https:\/\/annaps.com\/de\/anna-points\/\"]}]},{\"@type\":\"ImageObject\",\"inLanguage\":\"de-DE\",\"@id\":\"https:\/\/annaps.com\/de\/anna-points\/#primaryimage\",\"url\":\"https:\/\/annaps.com\/wordpress\/content\/uploads\/2016\/02\/AnnaPointS.jpg\",\"contentUrl\":\"https:\/\/annaps.com\/wordpress\/content\/uploads\/2016\/02\/AnnaPointS.jpg\"},{\"@type\":\"BreadcrumbList\",\"@id\":\"https:\/\/annaps.com\/de\/anna-points\/#breadcrumb\",\"itemListElement\":[{\"@type\":\"ListItem\",\"position\":1,\"name\":\"Hem\",\"item\":\"https:\/\/annaps.com\/de\/\"},{\"@type\":\"ListItem\",\"position\":2,\"name\":\"Anna Points\"}]},{\"@type\":\"WebSite\",\"@id\":\"https:\/\/annaps.com\/de\/#website\",\"url\":\"https:\/\/annaps.com\/de\/\",\"name\":\"AnnaPS\",\"description\":\"Det skall vara enkelt att b\u00e4ra!\",\"potentialAction\":[{\"@type\":\"SearchAction\",\"target\":{\"@type\":\"EntryPoint\",\"urlTemplate\":\"https:\/\/annaps.com\/de\/?s={search_term_string}\"},\"query-input\":{\"@type\":\"PropertyValueSpecification\",\"valueRequired\":true,\"valueName\":\"search_term_string\"}}],\"inLanguage\":\"de-DE\"}]}<\/script>\n<!-- \/ Yoast SEO plugin. -->","yoast_head_json":{"title":"Anna Points - AnnaPS","description":"AnnaPS makes clothes with integrated pockets to carry your diabetes devices such as insulin pump, pen and glucose meter. Stylish, high quality, functional and environmental focus.","robots":{"index":"index","follow":"follow","max-snippet":"max-snippet:-1","max-image-preview":"max-image-preview:large","max-video-preview":"max-video-preview:-1"},"canonical":"https:\/\/annaps.com\/de\/anna-points\/","og_locale":"de_DE","og_type":"article","og_title":"Anna Points - AnnaPS","og_description":"AnnaPS makes clothes with integrated pockets to carry your diabetes devices such as insulin pump, pen and glucose meter. Stylish, high quality, functional and environmental focus.","og_url":"https:\/\/annaps.com\/de\/anna-points\/","og_site_name":"AnnaPS","article_publisher":"https:\/\/www.facebook.com\/annaps.scandinavia\/","article_modified_time":"2018-05-03T08:20:29+00:00","og_image":[{"url":"https:\/\/annaps.com\/wordpress\/content\/uploads\/2016\/02\/AnnaPointS.jpg","type":"","width":"","height":""}],"twitter_card":"summary_large_image","twitter_misc":{"Est. reading time":"1 minute"},"schema":{"@context":"https:\/\/schema.org","@graph":[{"@type":"WebPage","@id":"https:\/\/annaps.com\/de\/anna-points\/","url":"https:\/\/annaps.com\/de\/anna-points\/","name":"Anna Points - AnnaPS","isPartOf":{"@id":"https:\/\/annaps.com\/de\/#website"},"primaryImageOfPage":{"@id":"https:\/\/annaps.com\/de\/anna-points\/#primaryimage"},"image":{"@id":"https:\/\/annaps.com\/de\/anna-points\/#primaryimage"},"thumbnailUrl":"https:\/\/annaps.com\/wordpress\/content\/uploads\/2016\/02\/AnnaPointS.jpg","datePublished":"2016-02-04T15:17:43+00:00","dateModified":"2018-05-03T08:20:29+00:00","description":"AnnaPS makes clothes with integrated pockets to carry your diabetes devices such as insulin pump, pen and glucose meter. Stylish, high quality, functional and environmental focus.","breadcrumb":{"@id":"https:\/\/annaps.com\/de\/anna-points\/#breadcrumb"},"inLanguage":"de-DE","potentialAction":[{"@type":"ReadAction","target":["https:\/\/annaps.com\/de\/anna-points\/"]}]},{"@type":"ImageObject","inLanguage":"de-DE","@id":"https:\/\/annaps.com\/de\/anna-points\/#primaryimage","url":"https:\/\/annaps.com\/wordpress\/content\/uploads\/2016\/02\/AnnaPointS.jpg","contentUrl":"https:\/\/annaps.com\/wordpress\/content\/uploads\/2016\/02\/AnnaPointS.jpg"},{"@type":"BreadcrumbList","@id":"https:\/\/annaps.com\/de\/anna-points\/#breadcrumb","itemListElement":[{"@type":"ListItem","position":1,"name":"Hem","item":"https:\/\/annaps.com\/de\/"},{"@type":"ListItem","position":2,"name":"Anna Points"}]},{"@type":"WebSite","@id":"https:\/\/annaps.com\/de\/#website","url":"https:\/\/annaps.com\/de\/","name":"AnnaPS","description":"Det skall vara enkelt att b\u00e4ra!","potentialAction":[{"@type":"SearchAction","target":{"@type":"EntryPoint","urlTemplate":"https:\/\/annaps.com\/de\/?s={search_term_string}"},"query-input":{"@type":"PropertyValueSpecification","valueRequired":true,"valueName":"search_term_string"}}],"inLanguage":"de-DE"}]}},"_links":{"self":[{"href":"https:\/\/annaps.com\/de\/wp-json\/wp\/v2\/pages\/6224","targetHints":{"allow":["GET"]}}],"collection":[{"href":"https:\/\/annaps.com\/de\/wp-json\/wp\/v2\/pages"}],"about":[{"href":"https:\/\/annaps.com\/de\/wp-json\/wp\/v2\/types\/page"}],"author":[{"embeddable":true,"href":"https:\/\/annaps.com\/de\/wp-json\/wp\/v2\/users\/1"}],"replies":[{"embeddable":true,"href":"https:\/\/annaps.com\/de\/wp-json\/wp\/v2\/comments?post=6224"}],"version-history":[{"count":2,"href":"https:\/\/annaps.com\/de\/wp-json\/wp\/v2\/pages\/6224\/revisions"}],"predecessor-version":[{"id":28651,"href":"https:\/\/annaps.com\/de\/wp-json\/wp\/v2\/pages\/6224\/revisions\/28651"}],"wp:attachment":[{"href":"https:\/\/annaps.com\/de\/wp-json\/wp\/v2\/media?parent=6224"}],"curies":[{"name":"wp","href":"https:\/\/api.w.org\/{rel}","templated":true}]}}