{"id":5402,"date":"2016-01-22T14:18:02","date_gmt":"2016-01-22T14:18:02","guid":{"rendered":"https:\/\/www.annaps.com\/?page_id=5402&#038;lang=de"},"modified":"2018-05-08T14:07:18","modified_gmt":"2018-05-08T12:07:18","slug":"datenschutzerklaerung","status":"publish","type":"page","link":"https:\/\/annaps.com\/de\/datenschutzerklaerung\/","title":{"rendered":"Datenschutzerkl\u00e4rung"},"content":{"rendered":"<p><span style=\"font-weight: 400;\">Alle pers\u00f6nlichen Daten, die Sie auf unserer Seite angeben, werden mit gr\u00f6\u00dfter Sorgfalt behandelt. Diejenigen Informationen, die wir speichern, werden nicht verkauft oder f\u00fcr andere Zwecke verwendet, au\u00dfer sicherzustellen, dass Sie den bestm\u00f6glichen Service erhalten. Sie werden ausschlie\u00dflich genutzt, um Sie \u00fcber Angebote und andere Werbeaktionen, die AnnaPS betreffen, zu informieren. Unseren Kunden ist es immer m\u00f6glich das Erhalten der regul\u00e4ren E-Mails abzubestellen. Senden Sie einfach eine diesbez\u00fcgliche E-Mail an <a href=\"mailto:info@annaps.com\">info@annaps.com<\/a>. Geben Sie darin Ihren Namen, Ihre E-Mail Adresse und eine kurze Beschreibung der Angelegenheit an. Au\u00dferdem haben Sie jederzeit das Recht zu erfahren, welche Informationen genau \u00fcber Sie in unserer Datenbank gespeichert wurden. Diese Information erhalten Sie, indem Sie eine E-Mail an <a href=\"mailto:info@annaps.com\">info@annaps.com<\/a> senden. Falls Ihre Informationen unvollst\u00e4ndig oder fehlerhaft sind, haben Sie das Recht diese zu korrigieren oder zu l\u00f6schen.<\/span><\/p>\n<p><strong>PR\u00c4AMBEL:\u00a0<\/strong>AnnaPS, Facilitate Partner AB,\u00a0sieht sich der Achtung des Pers\u00f6nlichkeitsrechtes und der Privatsph\u00e4re der Personen verpflichtet, mit denen direkte oder indirekte Gesch\u00e4ftsbeziehungen bestehen. Als ein auf dem Gesundheitssektor t\u00e4tiges Unternehmen betrachten wir es als selbstverst\u00e4ndlich, dass Daten \u00fcber gesundheitliche Verh\u00e4ltnisse mit besonderer Sensibilit\u00e4t und unter Beachtung aller rechtlichen Vorgaben, wie dem Bundesdatenschutzgesetz, behandelt werden.<\/p>\n<p><strong>ZWECKBESTIMMUNG:<\/strong> Wir verwenden Ihre Daten nur zum Zwecke der statistischen Auswertung \u00fcber die Nutzung unserer Website. Ihre Adressdaten ben\u00f6tigen wir, um Ihnen, falls Sie dies w\u00fcnschen, z. B. eine Teilnahme an Preisausschreiben zu erm\u00f6glichen oder um Sie auch k\u00fcnftig \u00fcber wissenswerte Neuigkeiten, insbesondere \u00fcber Produktentwicklungen, schriftlich, per E-Mail bzw. telefonisch informieren oder auch Ihre Erfahrungen und Meinung erfragen zu k\u00f6nnen. Diese Daten speichern wir nur, wenn Sie uns hierzu Ihre jeweilige Einwilligung gegeben haben.<\/p>\n<p><strong>VERPFLICHTUNG:<\/strong> AnnaPS, Facilitate Partner AB,\u00a0sichert Ihnen zu, Ihre Daten ausschlie\u00dflich entsprechend den o. a. Zweckbestimmungen zu nutzen und Sicherheitssysteme einzusetzen, mit denen ein unberechtigter Zugriff auf Ihre Daten zuverl\u00e4ssig verhindert werden soll. Als Verschl\u00fcsselungstechnik f\u00fcr die \u00dcbertragung setzen wir die SSL-Version 3.0 ein. Soweit wir Dritte mit der Verarbeitung von Daten beauftragen, werden diese auf die Beachtung der einschl\u00e4gigen Datenschutzstandards verpflichtet, und sind damit wie auch unsere eigenen Mitarbeiter\/innen an die Wahrung der Vertraulichkeit gebunden.<\/p>\n<p><strong>STATISTIK:\u00a0<\/strong>Zur st\u00e4ndigen Verbesserung und Aktualisierung unserer Website sind wir an statistischen Auswertungen \u00fcber die Verweildauer, Nutzerbewegungen, Verlinkungen usw. interessiert. F\u00fcr diese Zwecke und zur Gewinnung von entsprechenden Erkenntnissen werden von uns die folgenden Daten anonymisiert verwendet:<\/p>\n<ul>\n<li>IP\/Provider von dem aus Sie das Internet benutzen<\/li>\n<li>gegebenenfalls die Internet-Adresse der Web-Seite, von der aus Sie durch einen Link auf unsere Web-Seite gelangt sind<\/li>\n<li>die Nutzerbewegung auf unseren Seiten<\/li>\n<li>Browser Konfiguration.<\/li>\n<li>Betriebsystem<\/li>\n<\/ul>\n<p>Technisch bedingt kann sich das Spektrum kurzfristig \u00e4ndern.<\/p>\n<p><strong>GOOGLE ANALYTICS:<\/strong> Diese Website benutzt Google Analytics, einen Webanalysedienst der Google Inc. (&#8220;Google&#8221;). Google Analytics verwendet sog. &#8220;Cookies&#8221;, Textdateien, die auf Ihrem Computer gespeichert werden und die eine Analyse der Benutzung der Website durch Sie erm\u00f6glichen. Die durch den Cookie erzeugten Informationen \u00fcber Ihre Benutzung dieser Website werden in der Regel an einen Server von Google in den USA \u00fcbertragen und dort gespeichert. Im Falle der Aktivierung der IP-Anonymisierung auf dieser Webseite, wird Ihre IP-Adresse von Google jedoch innerhalb von Mitgliedstaaten der Europ\u00e4ischen Union oder in anderen Vertragsstaaten des Abkommens \u00fcber den Europ\u00e4ischen Wirtschaftsraum zuvor gek\u00fcrzt. Nur in Ausnahmef\u00e4llen wird die volle IP-Adresse an einen Server von Google in den USA \u00fcbertragen und dort gek\u00fcrzt. Im Auftrag des Betreibers dieser Website wird Google diese Informationen benutzen, um Ihre Nutzung der Website auszuwerten, um Reports \u00fcber die Websiteaktivit\u00e4ten zusammenzustellen und um weitere mit der Websitenutzung und der Internetnutzung verbundene Dienstleistungen gegen\u00fcber dem Websitebetreiber zu erbringen. Die im Rahmen von Google Analytics von Ihrem Browser \u00fcbermittelte IP-Adresse wird nicht mit anderen Daten von Google zusammengef\u00fchrt. Sie k\u00f6nnen die Speicherung der Cookies durch eine entsprechende Einstellung Ihrer Browser-Software verhindern; wir weisen Sie jedoch darauf hin, dass Sie in diesem Fall gegebenenfalls nicht s\u00e4mtliche Funktionen dieser Website vollumf\u00e4nglich werden nutzen k\u00f6nnen. Sie k\u00f6nnen dar\u00fcber hinaus die Erfassung der durch das Cookie erzeugten und auf Ihre Nutzung der Website bezogenen Daten (inkl. Ihrer IP-Adresse) an Google sowie die Verarbeitung dieser Daten durch Google verhindern, indem sie das unter dem folgenden Link (<a href=\"http:\/\/tools.google.com\/dlpage\/gaoptout?hl=de\">http:\/\/tools.google.com\/dlpage\/gaoptout?hl=de<\/a>) verf\u00fcgbare Browser-Plugin herunterladen und installieren.<br \/>\nN\u00e4here Informationen zu Nutzungsbedingungen und Datenschutz finden Sie unter <a href=\"http:\/\/www.google.com\/analytics\/terms\/de.html\">http:\/\/www.google.com\/analytics\/terms\/de.html<\/a> bzw. unter <a href=\"http:\/\/www.google.com\/intl\/de\/analytics\/privacyoverview.html\">http:\/\/www.google.com\/intl\/de\/analytics\/privacyoverview.html<\/a>. Wir weisen Sie darauf hin, dass auf dieser Webseite Google Analytics um den Code &#8220;gat._anonymizeIp();&#8221; erweitert wurde, um eine anonymisierte Erfassung von IP-Adressen (sog. IP-Masking) zu gew\u00e4hrleisten.<br \/>\nWir nutzen Google Analytics zudem dazu, Daten aus AdWords zu statistischen Zwecken auszuwerten. Sollten Sie dies nicht w\u00fcnschen, k\u00f6nnen Sie dies \u00fcber den Anzeigenvorgaben-Manager (<a href=\"http:\/\/www.google.com\/settings\/ads\/onweb\/?hl=de\">http:\/\/www.google.com\/settings\/ads\/onweb\/?hl=de<\/a>) deaktivieren.<br \/>\nQuelle: <a href=\"http:\/\/www.datenschutzbeauftragter-info.de\">www.datenschutzbeauftragter-info.de<\/a><\/p>\n<p><strong>FACEBOOK EMPFEHLEN-BUTTON:\u00a0<\/strong>Bei dem &#8220;Empfehlen&#8221;-Button handelt es sich um ein Social Plugin, das von Facebook Inc., 1601 Willow Road, Menlo Park, CA 94025, USA (&#8220;Facebook&#8221;) betrieben wird. AnnaPS.com\u00a0gibt in einem zweistufigen Prozess die M\u00f6glichkeit, dieses zu verwenden:<br \/>\nStandardm\u00e4\u00dfig ist der &#8220;Empfehlen&#8221;-Button auf annaps.com\u00a0deaktiviert und kann keinen Kontakt mit den Servern von Facebook herstellen. Erst wenn Sie diesen durch einen Klick aktivieren und damit Ihre Zustimmung zur Kommunikation mit Facebook erkl\u00e4ren, wird die Verbindung hergestellt und der Button aktiv.<br \/>\nDer Inhalt des Plugins wird von Facebook direkt an Ihren Browser \u00fcbermittelt und von diesem in die Webseite eingebunden. Dadurch erh\u00e4lt Facebook die Information, dass Ihr Browser die entsprechende AnnaPS.com-Seite aufgerufen hat, auch wenn Sie kein Facebook-Konto besitzen oder gerade nicht bei Facebook eingeloggt sind. Diese Information, einschlie\u00dflich Ihrer IP-Adresse, wird von Ihrem Browser direkt an einen Server von Facebook in den USA \u00fcbermittelt und dort gespeichert.<br \/>\nFalls Sie bei Facebook eingeloggt sind, kann das Soziale Netzwerk den Besuch der Accu-Chek.de-Seite Ihrem Facebook-Konto direkt zuordnen. Wenn Sie nach der Aktivierung des Plugins eine weitere Seite von Accu-Chek.de aufrufen, die das Plugin enth\u00e4lt, baut Ihr Browser eine Verbindung mit den Servern von Facebook auf.<br \/>\nWenn Sie mit einem zweiten Klick Ihre Empfehlung \u00fcber den &#8220;Empfehlen&#8221;-Button abgeben oder auch ein Kommentar absenden, wird die entsprechende Information ebenfalls direkt an einen Server von Facebook in den USA \u00fcbermittelt und dort gespeichert. Die Informationen werden zudem auf Facebook ver\u00f6ffentlicht und Ihren Facebook-Kontakten angezeigt.<br \/>\nFacebook kann diese Informationen zum Zwecke der Werbung, Marktforschung und bedarfsgerechten Gestaltung der Facebook-Seiten benutzen. Hierzu erstellt Facebook Nutzungs-, Interessen- und Beziehungsprofile (z. B. um Ihnen individuelle Werbeanzeigen einzublenden oder andere Facebook-Nutzer \u00fcber Ihre Aktivit\u00e4ten auf der AnnaPS.com-Seite zu informieren). Informationen \u00fcber Zweck und Umfang der Datenerhebung und die weitere Verarbeitung und Nutzung der Daten durch Facebook sowie Ihre Rechte und Einstellungsm\u00f6glichkeiten zum Schutz Ihrer Privatsph\u00e4re entnehmen Sie bitte den Datenschutzhinweisen von Facebook: <a href=\"http:\/\/www.facebook.com\/policy.php\">http:\/\/www.facebook.com\/policy.php<\/a><br \/>\nUm zu verhindern, dass Facebook die \u00fcber die AnnaPS.com-Seite gesammelten Daten Ihrem Facebook-Konto zuordnet, m\u00fcssen Sie sich vor Ihrem Besuch von AnnaPS.com\u00a0bzw. vor der Aktivierung des Facebook-Plugins bei Facebook ausloggen.<\/p>\n<p><strong>TWITTER-BUTTON:\u00a0<\/strong>AnnaPS.com\u00a0bietet Ihnen als Nutzer der Website die Option an, den &#8220;Tweet&#8221;-Button von Twitter Inc., 795 Folsom St., Suite 600, San Francisco, CA 94107, USA (&#8220;Twitter&#8221;) zu aktivieren. Dazu gilt folgender zweistufiger Prozess:<br \/>\nStandardm\u00e4\u00dfig ist der &#8220;Tweet&#8221;-Button auf AnnaPS.com deaktiviert und kann keinen Kontakt mit den Servern von Twitter herstellen. Erst wenn Sie diesen durch einen Klick aktivieren, und damit Ihre Zustimmung zur Kommunikation mit Twitter erkl\u00e4ren, wird die Verbindung hergestellt und der Button aktiv. Dann k\u00f6nnen Sie mit einem zweiten Klick Ihre Empfehlung \u00fcbermitteln. Sind Sie bei Twitter bereits angemeldet, erscheint ein Popup-Fenster, in dem Sie den Text des Tweets noch bearbeiten k\u00f6nnen.<br \/>\nInformationen \u00fcber Zweck und Umfang der Datenerhebung und die weitere Verarbeitung und Nutzung der Daten durch Twitter sowie Ihre Rechte und Einstellungsm\u00f6glichkeiten zum Schutz Ihrer Privatsph\u00e4re entnehmen Sie bitte den Datenschutzhinweisen von Twitter: <a href=\"http:\/\/twitter.com\/privacy\">http:\/\/twitter.com\/privacy<\/a><\/p>\n<p><strong>GOOGLE+1-BUTTON:<\/strong> AnnaPS.com bietet Ihnen als Nutzer der Website die Option an, den &#8220;Google+1&#8221;-Button von Google zu aktivieren, der von Google Inc., 1600 Amphitheatre Parkway, Mountain View, CA 94043, USA (&#8220;Google&#8221;) betrieben wird. Dazu gilt folgender zweistufiger Prozess:<br \/>\nStandardm\u00e4\u00dfig ist der &#8220;+1&#8221;-Button auf Accu-Chek.de deaktiviert und kann keinen Kontakt mit den Servern von Google herstellen. Erst wenn Sie diesen durch einen Klick aktivieren, und damit Ihre Zustimmung zur Kommunikation mit Google erkl\u00e4ren, wird die Verbindung hergestellt und der Button aktiv. Dann k\u00f6nnen Sie mit einem zweiten Klick Ihre Empfehlung \u00fcbermitteln. Sind Sie bei Google bereits angemeldet, erfolgt das ohne weitere Information oder Abfrage.<br \/>\nGoogle nutzt die Informationen des bei Google eingeloggten Nutzers auch f\u00fcr die Personalisierung von Suchergebnissen der von Google betriebenen Suchmaschine (&#8220;Social Search&#8221;). Informationen \u00fcber Zweck und Umfang der Datenerhebung und die weitere Verarbeitung und Nutzung der Daten durch Google sowie Ihre Rechte und Einstellungsm\u00f6glichkeiten zum Schutz Ihrer Privatsph\u00e4re entnehmen Sie bitte den Datenschutzhinweisen von Google:<a href=\"http:\/\/www.google.de\/intl\/de\/privacy\/plusone\/\"> http:\/\/www.google.de\/intl\/de\/privacy\/plusone\/<\/a><\/p>\n<p><strong>UNTERST\u00dcTZUNG VIA LIVE CHAT:<\/strong> Um Sie im Bedarfsfall zus\u00e4tzlich unterst\u00fctzen zu k\u00f6nnen, bieten wir Ihnen auf unseren Seiten die M\u00f6glichkeit, einen Live Chat mit einem Kundenservice Mitarbeiter zu initiieren.<br \/>\nDie notwendigen Daten f\u00fcr das kontextbezogene Angebot des Live Chats werden \u00fcber Cookies auf Ihrem Rechner gespeichert. Auf dem Live Chat Server werden die Daten erst gespeichert, wenn Sie selbst einen Kommunikationsvorgang mit einem unserer Berater beginnen. Die lokale Speicherung auf ihrem Rechner k\u00f6nnen Sie mit den \u00fcblichen Einstellungen in Ihrem Browser zur Cookie-Steuerung beeinflussen.<br \/>\nSollten Sie die zus\u00e4tzliche Supportfunktion einsetzen, erh\u00e4lt der Berater Informationen \u00fcber ihren Webseitenbesuch bei uns, die Webstandarddaten und auch \u00fcber Ihre Mausposition, damit er Ihnen schnellstm\u00f6glich weiterhelfen kann.<br \/>\nBitte beachten Sie, dass f\u00fcr die Verbesserung der Qualit\u00e4t des von uns angebotenen Services, die Live Chat Kommunikation gespeichert wird. Zus\u00e4tzlich kann es erforderlich sein, Inhalte der Kommunikation an andere Berater weiterzuleiten, beziehungsweise diese vom Vorgesetzten einzusehen. Falls Sie dies nicht w\u00fcnschen, teilen Sie dies bitte Ihrem Berater mit, er kann eine Speicherung jederzeit verhindern.<\/p>\n<p><strong>ZUSATZ:\u00a0<\/strong>F\u00fcr eventuell von unseren Seiten verlinkte andere Websites k\u00f6nnen abweichende Datenschutzhinweise gelten. Auf die Inhalte dieser verlinkten anderen Websites oder deren Handhabung des Datenschutzes hat Roche Diabetes Care keinen Einfluss und kann deshalb keine Verantwortung daf\u00fcr \u00fcbernehmen.<\/p>\n","protected":false},"excerpt":{"rendered":"<p>Alle pers\u00f6nlichen Daten, die Sie auf unserer Seite angeben, werden mit gr\u00f6\u00dfter Sorgfalt behandelt. Diejenigen Informationen, die wir speichern, werden nicht verkauft oder f\u00fcr andere Zwecke verwendet, au\u00dfer sicherzustellen, dass Sie den bestm\u00f6glichen Service erhalten. Sie werden ausschlie\u00dflich genutzt, um Sie \u00fcber Angebote und andere Werbeaktionen, die AnnaPS betreffen, zu informieren. Unseren Kunden ist es [&hellip;]<\/p>\n","protected":false},"author":1,"featured_media":0,"parent":0,"menu_order":66,"comment_status":"closed","ping_status":"closed","template":"","meta":{"_acf_changed":false,"footnotes":""},"class_list":["post-5402","page","type-page","status-publish","hentry"],"acf":[],"yoast_head":"<!-- This site is optimized with the Yoast SEO plugin v27.1.1 - https:\/\/yoast.com\/product\/yoast-seo-wordpress\/ -->\n<title>Datenschutzerkl\u00e4rung - AnnaPS<\/title>\n<meta name=\"description\" content=\"AnnaPS makes clothes with integrated pockets to carry your diabetes devices such as insulin pump, pen and glucose meter. Stylish, high quality, functional and environmental focus.\" \/>\n<meta name=\"robots\" content=\"index, follow, max-snippet:-1, max-image-preview:large, max-video-preview:-1\" \/>\n<link rel=\"canonical\" href=\"https:\/\/annaps.com\/de\/datenschutzerklaerung\/\" \/>\n<meta property=\"og:locale\" content=\"de_DE\" \/>\n<meta property=\"og:type\" content=\"article\" \/>\n<meta property=\"og:title\" content=\"Datenschutzerkl\u00e4rung - AnnaPS\" \/>\n<meta property=\"og:description\" content=\"AnnaPS makes clothes with integrated pockets to carry your diabetes devices such as insulin pump, pen and glucose meter. Stylish, high quality, functional and environmental focus.\" \/>\n<meta property=\"og:url\" content=\"https:\/\/annaps.com\/de\/datenschutzerklaerung\/\" \/>\n<meta property=\"og:site_name\" content=\"AnnaPS\" \/>\n<meta property=\"article:publisher\" content=\"https:\/\/www.facebook.com\/annaps.scandinavia\/\" \/>\n<meta property=\"article:modified_time\" content=\"2018-05-08T12:07:18+00:00\" \/>\n<meta name=\"twitter:card\" content=\"summary_large_image\" \/>\n<meta name=\"twitter:label1\" content=\"Est. reading time\" \/>\n\t<meta name=\"twitter:data1\" content=\"9 minutes\" \/>\n<script type=\"application\/ld+json\" class=\"yoast-schema-graph\">{\"@context\":\"https:\/\/schema.org\",\"@graph\":[{\"@type\":\"WebPage\",\"@id\":\"https:\/\/annaps.com\/de\/datenschutzerklaerung\/\",\"url\":\"https:\/\/annaps.com\/de\/datenschutzerklaerung\/\",\"name\":\"Datenschutzerkl\u00e4rung - AnnaPS\",\"isPartOf\":{\"@id\":\"https:\/\/annaps.com\/de\/#website\"},\"datePublished\":\"2016-01-22T14:18:02+00:00\",\"dateModified\":\"2018-05-08T12:07:18+00:00\",\"description\":\"AnnaPS makes clothes with integrated pockets to carry your diabetes devices such as insulin pump, pen and glucose meter. Stylish, high quality, functional and environmental focus.\",\"breadcrumb\":{\"@id\":\"https:\/\/annaps.com\/de\/datenschutzerklaerung\/#breadcrumb\"},\"inLanguage\":\"de-DE\",\"potentialAction\":[{\"@type\":\"ReadAction\",\"target\":[\"https:\/\/annaps.com\/de\/datenschutzerklaerung\/\"]}]},{\"@type\":\"BreadcrumbList\",\"@id\":\"https:\/\/annaps.com\/de\/datenschutzerklaerung\/#breadcrumb\",\"itemListElement\":[{\"@type\":\"ListItem\",\"position\":1,\"name\":\"Hem\",\"item\":\"https:\/\/annaps.com\/de\/\"},{\"@type\":\"ListItem\",\"position\":2,\"name\":\"Datenschutzerkl\u00e4rung\"}]},{\"@type\":\"WebSite\",\"@id\":\"https:\/\/annaps.com\/de\/#website\",\"url\":\"https:\/\/annaps.com\/de\/\",\"name\":\"AnnaPS\",\"description\":\"Det skall vara enkelt att b\u00e4ra!\",\"potentialAction\":[{\"@type\":\"SearchAction\",\"target\":{\"@type\":\"EntryPoint\",\"urlTemplate\":\"https:\/\/annaps.com\/de\/?s={search_term_string}\"},\"query-input\":{\"@type\":\"PropertyValueSpecification\",\"valueRequired\":true,\"valueName\":\"search_term_string\"}}],\"inLanguage\":\"de-DE\"}]}<\/script>\n<!-- \/ Yoast SEO plugin. -->","yoast_head_json":{"title":"Datenschutzerkl\u00e4rung - AnnaPS","description":"AnnaPS makes clothes with integrated pockets to carry your diabetes devices such as insulin pump, pen and glucose meter. Stylish, high quality, functional and environmental focus.","robots":{"index":"index","follow":"follow","max-snippet":"max-snippet:-1","max-image-preview":"max-image-preview:large","max-video-preview":"max-video-preview:-1"},"canonical":"https:\/\/annaps.com\/de\/datenschutzerklaerung\/","og_locale":"de_DE","og_type":"article","og_title":"Datenschutzerkl\u00e4rung - AnnaPS","og_description":"AnnaPS makes clothes with integrated pockets to carry your diabetes devices such as insulin pump, pen and glucose meter. Stylish, high quality, functional and environmental focus.","og_url":"https:\/\/annaps.com\/de\/datenschutzerklaerung\/","og_site_name":"AnnaPS","article_publisher":"https:\/\/www.facebook.com\/annaps.scandinavia\/","article_modified_time":"2018-05-08T12:07:18+00:00","twitter_card":"summary_large_image","twitter_misc":{"Est. reading time":"9 minutes"},"schema":{"@context":"https:\/\/schema.org","@graph":[{"@type":"WebPage","@id":"https:\/\/annaps.com\/de\/datenschutzerklaerung\/","url":"https:\/\/annaps.com\/de\/datenschutzerklaerung\/","name":"Datenschutzerkl\u00e4rung - AnnaPS","isPartOf":{"@id":"https:\/\/annaps.com\/de\/#website"},"datePublished":"2016-01-22T14:18:02+00:00","dateModified":"2018-05-08T12:07:18+00:00","description":"AnnaPS makes clothes with integrated pockets to carry your diabetes devices such as insulin pump, pen and glucose meter. Stylish, high quality, functional and environmental focus.","breadcrumb":{"@id":"https:\/\/annaps.com\/de\/datenschutzerklaerung\/#breadcrumb"},"inLanguage":"de-DE","potentialAction":[{"@type":"ReadAction","target":["https:\/\/annaps.com\/de\/datenschutzerklaerung\/"]}]},{"@type":"BreadcrumbList","@id":"https:\/\/annaps.com\/de\/datenschutzerklaerung\/#breadcrumb","itemListElement":[{"@type":"ListItem","position":1,"name":"Hem","item":"https:\/\/annaps.com\/de\/"},{"@type":"ListItem","position":2,"name":"Datenschutzerkl\u00e4rung"}]},{"@type":"WebSite","@id":"https:\/\/annaps.com\/de\/#website","url":"https:\/\/annaps.com\/de\/","name":"AnnaPS","description":"Det skall vara enkelt att b\u00e4ra!","potentialAction":[{"@type":"SearchAction","target":{"@type":"EntryPoint","urlTemplate":"https:\/\/annaps.com\/de\/?s={search_term_string}"},"query-input":{"@type":"PropertyValueSpecification","valueRequired":true,"valueName":"search_term_string"}}],"inLanguage":"de-DE"}]}},"_links":{"self":[{"href":"https:\/\/annaps.com\/de\/wp-json\/wp\/v2\/pages\/5402","targetHints":{"allow":["GET"]}}],"collection":[{"href":"https:\/\/annaps.com\/de\/wp-json\/wp\/v2\/pages"}],"about":[{"href":"https:\/\/annaps.com\/de\/wp-json\/wp\/v2\/types\/page"}],"author":[{"embeddable":true,"href":"https:\/\/annaps.com\/de\/wp-json\/wp\/v2\/users\/1"}],"replies":[{"embeddable":true,"href":"https:\/\/annaps.com\/de\/wp-json\/wp\/v2\/comments?post=5402"}],"version-history":[{"count":2,"href":"https:\/\/annaps.com\/de\/wp-json\/wp\/v2\/pages\/5402\/revisions"}],"predecessor-version":[{"id":28405,"href":"https:\/\/annaps.com\/de\/wp-json\/wp\/v2\/pages\/5402\/revisions\/28405"}],"wp:attachment":[{"href":"https:\/\/annaps.com\/de\/wp-json\/wp\/v2\/media?parent=5402"}],"curies":[{"name":"wp","href":"https:\/\/api.w.org\/{rel}","templated":true}]}}