{"id":5387,"date":"2016-01-22T13:35:49","date_gmt":"2016-01-22T13:35:49","guid":{"rendered":"https:\/\/www.annaps.com\/?page_id=5387&#038;lang=de"},"modified":"2021-07-29T13:39:06","modified_gmt":"2021-07-29T11:39:06","slug":"fracht-und-lieferung","status":"publish","type":"page","link":"https:\/\/annaps.com\/de\/fracht-und-lieferung\/","title":{"rendered":"Fracht, Lieferung &#038; Zahlung"},"content":{"rendered":"<p><span style=\"font-weight: 400;\"><strong> TRANSPORT<\/strong>: Wir liefern weltweit! Unsere Pakete werden alle mit den schwedischen Postdiensten verschickt. Falls ein Kunde die Lieferung nach einer anderen Versandart w\u00fcnscht, ist dies gegen zus\u00e4tzliche Geb\u00fchren m\u00f6glich.<\/span><\/p>\n<p><span style=\"font-weight: 400;\"><strong>LIEFERUNG<\/strong>: Alle Bestellungen werden in unserem Verteilerzentrum in Schweden innerhalb von je zwei bis f\u00fcnf Werktagen nach Zahlungseingang und je nach Lagerbestand bearbeitet. Wir arbeiten von Montag bis Freitag, ausgenommen sind schwedische \u00a0Feiertage. Ihnen wird eine vorl\u00e4ufige Best\u00e4tigung per E-Mail geschickt, sobald Ihr Autrag bearbeitet wurde.<\/span><\/p>\n<p><span style=\"font-weight: 400;\"><strong>STEUERN UND ABGABEN<\/strong>:\u00a0<\/span><\/p>\n<p><strong>Europ\u00e4ische Union:<\/strong> Wenn Ihr Land teil der Europ\u00e4ischen Union (EU) ist, schlie\u00dfen die Preise die schwedische Mehrwertsteuer von 25% mit ein. Alle L\u00e4nder die der Europ\u00e4ischen Union angeh\u00f6ren werden auf der Basis des DDP (&#8220;Geliefert verzollt\u201d) beliefert, das bedeutet, dass Steuern und Abgaben bereits im an der Kasse angezeigten Preis enthalten sind.<\/p>\n<p><strong>Nicht EU-L\u00e4ndern:\u00a0<\/strong>Die Portokosten enthalten Zustellung frei Haus, Verpackungskosten und Bereitstellung der Zollpapiere. Die von den Nicht-EU L\u00e4ndern erhobenen Einfuhrumsatzsteuern, Provisionen und Z\u00f6lle tr\u00e4gt der Empf\u00e4nger (Kunde).<\/p>\n<p><strong>VERSANDKOSTEN:<\/strong><span style=\"font-weight: 400;\"><strong>\u00a0<\/strong>Unsere Versandkosten sind wie folgt gestaffelt: <\/span><\/p>\n<ul>\n<li style=\"font-weight: 400;\"><span style=\"font-weight: 400;\"> Schweden: 5 EUR<\/span><\/li>\n<li style=\"font-weight: 400;\"><span style=\"font-weight: 400;\">Au\u00dferhalb Schwedens, innerhalb Europas: 8 EUR \/ 9 USD<\/span>\n<ul>\n<li>Track and \u00a0sign: 20 EUR<\/li>\n<\/ul>\n<\/li>\n<li style=\"font-weight: 400;\"><span style=\"font-weight: 400;\">Rest der Welt: 10 EUR \/ 12 USD<\/span>\n<ul>\n<li>Track and sign: 22 EUR \/ 24 USD<\/li>\n<\/ul>\n<\/li>\n<\/ul>\n<p><strong>UNSERE ZAHLUNGSM\u00d6GLICHKEITEN:<\/strong>\u00a0Wir anbieten Klarna\u00ae als bevorzugte Zahlungsmethode an. Wer mehr \u00fcber Paypal wissen m\u00f6chte, kann sich mehr Information hier finden: <a href=\"https:\/\/www.klarna.com\/\">https:\/\/www.klarna.com\/<\/a><\/p>\n<p>Wir anbieten auch Paypal als Zahlungsmethode. Wer mehr \u00fcber Paypal wissen m\u00f6chte, kann sich unter\u00a0https:\/\/www.paypal.com\u00a0informieren.<\/p>\n<p>Zus\u00e4tzlich akzeptieren wir unsere AnnaPS \u2013 Geschenkkarten als Zahlungsmethode.<\/p>\n<p>&nbsp;<\/p>\n<p><b>\u00dcBER KLARNA CHECKOUT: <\/b>AnnaPS verwendet Klarna als Bezahlmethode f\u00fcr Privatkunden.\u00a0Klarna wird Ihnen alle wichtigen und ben\u00f6tigten Informationen zusenden, nachdem Sie sich erfolgreich identifiziert haben. Welche Informationen Sie zur Identifikation ben\u00f6tigen, kann von Verk\u00e4ufer zu Verk\u00e4ufer variieren. Eine Bonit\u00e4tspr\u00fcfung wird\u00a0 nicht direkt beim Kauf abgefragt. Es kann aber zu einer \u00dcberpr\u00fcfung komme, je nachdem, welche Zahlungsmethode Sie bei Klarna ausgesucht haben. Eine Bonit\u00e4tspr\u00fcfungen die von Klarna durchgef\u00fchrt wird, beeintr\u00e4chtigt nicht Ihre allgemeine Kreditw\u00fcrdigkeit. Sobald Sie identifiziert wurden, zeigt Klarna die M\u00f6glichkeiten zum bezahlen an. Die Bezahlm\u00f6glichkeit \u201eRechnung&#8221; ist bereits ausgew\u00e4hlt, aber Sie k\u00f6nnen \u00a0eine andere Option wie direkte Zahlung \u00fcber Ihre Bank oder Kreditkartenzahlung frei w\u00e4hlen. Welche Zahlungsm\u00f6glichkeiten angeboten werden, kann von Zeit zu Zeit variieren. Es ist optional, Ihre Klarnabezahlm\u00f6glichkeit mit einem PIN-Code zu sch\u00fctzen.<\/p>\n<p>F\u00fcr weitere Informationen \u00fcber Ihre Zahlung, kontaktieren Sie bitte Klarna (siehe Link oben).<\/p>\n<p><strong>BEZAHLEN MIT EINER GESCHENKKARTE:<\/strong> An der Kasse haben Sie die M\u00f6glichkeit, mit einer Geschenkkarte zu zahlen. Um die Geschenkkarte zu verwenden, geben Sie bitte den pers\u00f6nlichen Code ein, den wir Ihnen zugestellt hatten.<\/p>\n<p>Wenn die Geschenkkarte den vollen Betrag nicht abdeckt, so k\u00f6nnen Sie den Restbetrag durch Rechnung, durch Direktzahlung \/ PayPal oder durch die Verwendung einer Kreditkarte bezahlen.<\/p>\n<p class=\"ecxMsoNormal\">\n","protected":false},"excerpt":{"rendered":"<p>TRANSPORT: Wir liefern weltweit! Unsere Pakete werden alle mit den schwedischen Postdiensten verschickt. Falls ein Kunde die Lieferung nach einer anderen Versandart w\u00fcnscht, ist dies gegen zus\u00e4tzliche Geb\u00fchren m\u00f6glich. LIEFERUNG: Alle Bestellungen werden in unserem Verteilerzentrum in Schweden innerhalb von je zwei bis f\u00fcnf Werktagen nach Zahlungseingang und je nach Lagerbestand bearbeitet. Wir arbeiten von [&hellip;]<\/p>\n","protected":false},"author":1,"featured_media":0,"parent":0,"menu_order":73,"comment_status":"closed","ping_status":"closed","template":"","meta":{"_acf_changed":false,"footnotes":""},"class_list":["post-5387","page","type-page","status-publish","hentry"],"acf":[],"yoast_head":"<!-- This site is optimized with the Yoast SEO plugin v27.1.1 - https:\/\/yoast.com\/product\/yoast-seo-wordpress\/ -->\n<title>Fracht, Lieferung &amp; Zahlung - AnnaPS<\/title>\n<meta name=\"description\" content=\"AnnaPS makes clothes with integrated pockets to carry your diabetes devices such as insulin pump, pen and glucose meter. Stylish, high quality, functional and environmental focus.\" \/>\n<meta name=\"robots\" content=\"index, follow, max-snippet:-1, max-image-preview:large, max-video-preview:-1\" \/>\n<link rel=\"canonical\" href=\"https:\/\/annaps.com\/de\/fracht-und-lieferung\/\" \/>\n<meta property=\"og:locale\" content=\"de_DE\" \/>\n<meta property=\"og:type\" content=\"article\" \/>\n<meta property=\"og:title\" content=\"Fracht, Lieferung &amp; Zahlung - AnnaPS\" \/>\n<meta property=\"og:description\" content=\"AnnaPS makes clothes with integrated pockets to carry your diabetes devices such as insulin pump, pen and glucose meter. Stylish, high quality, functional and environmental focus.\" \/>\n<meta property=\"og:url\" content=\"https:\/\/annaps.com\/de\/fracht-und-lieferung\/\" \/>\n<meta property=\"og:site_name\" content=\"AnnaPS\" \/>\n<meta property=\"article:publisher\" content=\"https:\/\/www.facebook.com\/annaps.scandinavia\/\" \/>\n<meta property=\"article:modified_time\" content=\"2021-07-29T11:39:06+00:00\" \/>\n<meta name=\"twitter:card\" content=\"summary_large_image\" \/>\n<meta name=\"twitter:label1\" content=\"Est. reading time\" \/>\n\t<meta name=\"twitter:data1\" content=\"2 minutes\" \/>\n<script type=\"application\/ld+json\" class=\"yoast-schema-graph\">{\"@context\":\"https:\/\/schema.org\",\"@graph\":[{\"@type\":\"WebPage\",\"@id\":\"https:\/\/annaps.com\/de\/fracht-und-lieferung\/\",\"url\":\"https:\/\/annaps.com\/de\/fracht-und-lieferung\/\",\"name\":\"Fracht, Lieferung & Zahlung - AnnaPS\",\"isPartOf\":{\"@id\":\"https:\/\/annaps.com\/de\/#website\"},\"datePublished\":\"2016-01-22T13:35:49+00:00\",\"dateModified\":\"2021-07-29T11:39:06+00:00\",\"description\":\"AnnaPS makes clothes with integrated pockets to carry your diabetes devices such as insulin pump, pen and glucose meter. Stylish, high quality, functional and environmental focus.\",\"breadcrumb\":{\"@id\":\"https:\/\/annaps.com\/de\/fracht-und-lieferung\/#breadcrumb\"},\"inLanguage\":\"de-DE\",\"potentialAction\":[{\"@type\":\"ReadAction\",\"target\":[\"https:\/\/annaps.com\/de\/fracht-und-lieferung\/\"]}]},{\"@type\":\"BreadcrumbList\",\"@id\":\"https:\/\/annaps.com\/de\/fracht-und-lieferung\/#breadcrumb\",\"itemListElement\":[{\"@type\":\"ListItem\",\"position\":1,\"name\":\"Hem\",\"item\":\"https:\/\/annaps.com\/de\/\"},{\"@type\":\"ListItem\",\"position\":2,\"name\":\"Fracht, Lieferung &#038; Zahlung\"}]},{\"@type\":\"WebSite\",\"@id\":\"https:\/\/annaps.com\/de\/#website\",\"url\":\"https:\/\/annaps.com\/de\/\",\"name\":\"AnnaPS\",\"description\":\"Det skall vara enkelt att b\u00e4ra!\",\"potentialAction\":[{\"@type\":\"SearchAction\",\"target\":{\"@type\":\"EntryPoint\",\"urlTemplate\":\"https:\/\/annaps.com\/de\/?s={search_term_string}\"},\"query-input\":{\"@type\":\"PropertyValueSpecification\",\"valueRequired\":true,\"valueName\":\"search_term_string\"}}],\"inLanguage\":\"de-DE\"}]}<\/script>\n<!-- \/ Yoast SEO plugin. -->","yoast_head_json":{"title":"Fracht, Lieferung & Zahlung - AnnaPS","description":"AnnaPS makes clothes with integrated pockets to carry your diabetes devices such as insulin pump, pen and glucose meter. Stylish, high quality, functional and environmental focus.","robots":{"index":"index","follow":"follow","max-snippet":"max-snippet:-1","max-image-preview":"max-image-preview:large","max-video-preview":"max-video-preview:-1"},"canonical":"https:\/\/annaps.com\/de\/fracht-und-lieferung\/","og_locale":"de_DE","og_type":"article","og_title":"Fracht, Lieferung & Zahlung - AnnaPS","og_description":"AnnaPS makes clothes with integrated pockets to carry your diabetes devices such as insulin pump, pen and glucose meter. Stylish, high quality, functional and environmental focus.","og_url":"https:\/\/annaps.com\/de\/fracht-und-lieferung\/","og_site_name":"AnnaPS","article_publisher":"https:\/\/www.facebook.com\/annaps.scandinavia\/","article_modified_time":"2021-07-29T11:39:06+00:00","twitter_card":"summary_large_image","twitter_misc":{"Est. reading time":"2 minutes"},"schema":{"@context":"https:\/\/schema.org","@graph":[{"@type":"WebPage","@id":"https:\/\/annaps.com\/de\/fracht-und-lieferung\/","url":"https:\/\/annaps.com\/de\/fracht-und-lieferung\/","name":"Fracht, Lieferung & Zahlung - AnnaPS","isPartOf":{"@id":"https:\/\/annaps.com\/de\/#website"},"datePublished":"2016-01-22T13:35:49+00:00","dateModified":"2021-07-29T11:39:06+00:00","description":"AnnaPS makes clothes with integrated pockets to carry your diabetes devices such as insulin pump, pen and glucose meter. Stylish, high quality, functional and environmental focus.","breadcrumb":{"@id":"https:\/\/annaps.com\/de\/fracht-und-lieferung\/#breadcrumb"},"inLanguage":"de-DE","potentialAction":[{"@type":"ReadAction","target":["https:\/\/annaps.com\/de\/fracht-und-lieferung\/"]}]},{"@type":"BreadcrumbList","@id":"https:\/\/annaps.com\/de\/fracht-und-lieferung\/#breadcrumb","itemListElement":[{"@type":"ListItem","position":1,"name":"Hem","item":"https:\/\/annaps.com\/de\/"},{"@type":"ListItem","position":2,"name":"Fracht, Lieferung &#038; Zahlung"}]},{"@type":"WebSite","@id":"https:\/\/annaps.com\/de\/#website","url":"https:\/\/annaps.com\/de\/","name":"AnnaPS","description":"Det skall vara enkelt att b\u00e4ra!","potentialAction":[{"@type":"SearchAction","target":{"@type":"EntryPoint","urlTemplate":"https:\/\/annaps.com\/de\/?s={search_term_string}"},"query-input":{"@type":"PropertyValueSpecification","valueRequired":true,"valueName":"search_term_string"}}],"inLanguage":"de-DE"}]}},"_links":{"self":[{"href":"https:\/\/annaps.com\/de\/wp-json\/wp\/v2\/pages\/5387","targetHints":{"allow":["GET"]}}],"collection":[{"href":"https:\/\/annaps.com\/de\/wp-json\/wp\/v2\/pages"}],"about":[{"href":"https:\/\/annaps.com\/de\/wp-json\/wp\/v2\/types\/page"}],"author":[{"embeddable":true,"href":"https:\/\/annaps.com\/de\/wp-json\/wp\/v2\/users\/1"}],"replies":[{"embeddable":true,"href":"https:\/\/annaps.com\/de\/wp-json\/wp\/v2\/comments?post=5387"}],"version-history":[{"count":5,"href":"https:\/\/annaps.com\/de\/wp-json\/wp\/v2\/pages\/5387\/revisions"}],"predecessor-version":[{"id":41683,"href":"https:\/\/annaps.com\/de\/wp-json\/wp\/v2\/pages\/5387\/revisions\/41683"}],"wp:attachment":[{"href":"https:\/\/annaps.com\/de\/wp-json\/wp\/v2\/media?parent=5387"}],"curies":[{"name":"wp","href":"https:\/\/api.w.org\/{rel}","templated":true}]}}