{"id":4532,"date":"2016-01-22T11:49:39","date_gmt":"2016-01-22T11:49:39","guid":{"rendered":"https:\/\/www.annaps.com\/?page_id=4532&#038;lang=de"},"modified":"2018-03-22T13:11:44","modified_gmt":"2018-03-22T12:11:44","slug":"allgemeine-geschaeftsbedingungen","status":"publish","type":"page","link":"https:\/\/annaps.com\/de\/allgemeine-geschaeftsbedingungen\/","title":{"rendered":"Allgemeine Gesch\u00e4ftsbedingungen"},"content":{"rendered":"<p><span style=\"font-weight: 400;\"><strong>NUTZUNGSBEDINGUNGEN<\/strong>: Facilitate Patner AB (556788-7384) f\u00fchrt die Gesch\u00e4fte f\u00fcr die Marke AnnaPS<\/span><i><span style=\"font-weight: 400;\">\u00ae<\/span><\/i><span style=\"font-weight: 400;\">. Die Firma ist in \u00d6sthammar, in Schweden, registriert. Die allgemeinen Gesch\u00e4ftsbedingungen f\u00fcr einen Kauf in unserem Webshop lauten wie folgt. Aus gesetzlichen Gr\u00fcnden muss der K\u00e4ufer \u00fcber 18 Jahre alt sein. Falls Sie j\u00fcnger als 18 Jahre alt sind, muss ein Erziehungsberechtigter dem Kauf zustimmen. Bei einem enventuellen Konflikt werden wir den Empfehlungen der \u00f6ffentlichen Beschwerdekammer folgen. <\/span><\/p>\n<p><span style=\"font-weight: 400;\"><strong>PREISGESTALTUNG<\/strong>: Alle Preise beinhalten die schwedische Mehrwertsteuer von 25%. Die Preise sind in SEK (Schwedische Krona), EUR (Euro) und USD (US Dollar) angegeben. Transportkosten f\u00fcr einen Versand au\u00dferhalb von Schweden sind nicht im Preis enthalten. Die dem Kunden gezeigten Preise \u00fcber seinen aktuellen Kauf sind w\u00e4hrend des gesamten Prozesses rechtsg\u00fcltig.<\/span><\/p>\n<p><span style=\"font-weight: 400;\"><strong>DER KAUF<\/strong>: Der Kauf ist abgeschlossen, sobald der Kunde die Auftragsbest\u00e4tigung erh\u00e4lt. Diese wird dem Kunden innerhalb von 24 Stunden \u00a0nach dem Kauf an die, vom Kunden angegebene, E-Mail Adresse geschickt. Alle K\u00e4ufe m\u00fcssen in unserem Webshop,<\/span><a href=\"https:\/\/annaps.com\/wordpress\/\"> <span style=\"font-weight: 400;\">www.annaps.com<\/span><\/a><span style=\"font-weight: 400;\">, get\u00e4tigt werden. Der Kauf ist nur g\u00fcltig, wenn AnnaPS die Kundenadresse ermitteln kann.<\/span><\/p>\n<p><span style=\"font-weight: 400;\"><strong>ANGEBOTE<\/strong>: Angebote sind so lange g\u00fcltig, wie die Artikel auf Lager sind. Haben \u00a0Angebote kein angegebenes Fristende, sind sie ebenfalls so lange g\u00fcltig, wie die Artikel vorr\u00e4tig sind. Gleiches gilt f\u00fcr Angebote mit angegebenen Fristende.<\/span><\/p>\n<p><span style=\"font-weight: 400;\"><strong>AUFTRAGSBEST\u00c4TIGUNG<\/strong>: Wir versenden eine elektronische Auftragsbest\u00e4tigung, sobald wir die Bestellung des Kunden in unserem Webshop erhalten haben. Bitte kontrollieren Sie, ob Ihr Kauf korrekt ist. Falls nicht, kontaktieren Sie bitte sofort unseren Kundenservice. Wir bitten Sie darum die Auftragsbest\u00e4tigung und die Auftragsnummer \u00a0vorzulegen, wenn Sie den Kundenservice kontaktieren. Wenn Sie Ihre Bestellung \u00e4ndern oder stornieren wollen, wenden Sie sich ebenfalls schnellst m\u00f6glich an den Kundenservice. <\/span><\/p>\n","protected":false},"excerpt":{"rendered":"<p>NUTZUNGSBEDINGUNGEN: Facilitate Patner AB (556788-7384) f\u00fchrt die Gesch\u00e4fte f\u00fcr die Marke AnnaPS\u00ae. Die Firma ist in \u00d6sthammar, in Schweden, registriert. Die allgemeinen Gesch\u00e4ftsbedingungen f\u00fcr einen Kauf in unserem Webshop lauten wie folgt. Aus gesetzlichen Gr\u00fcnden muss der K\u00e4ufer \u00fcber 18 Jahre alt sein. Falls Sie j\u00fcnger als 18 Jahre alt sind, muss ein Erziehungsberechtigter dem [&hellip;]<\/p>\n","protected":false},"author":1,"featured_media":0,"parent":0,"menu_order":82,"comment_status":"closed","ping_status":"closed","template":"","meta":{"_acf_changed":false,"footnotes":""},"class_list":["post-4532","page","type-page","status-publish","hentry"],"acf":[],"yoast_head":"<!-- This site is optimized with the Yoast SEO plugin v27.1.1 - https:\/\/yoast.com\/product\/yoast-seo-wordpress\/ -->\n<title>Allgemeine Gesch\u00e4ftsbedingungen - AnnaPS<\/title>\n<meta name=\"description\" content=\"AnnaPS makes clothes with integrated pockets to carry your diabetes devices such as insulin pump, pen and glucose meter. Stylish, high quality, functional and environmental focus.\" \/>\n<meta name=\"robots\" content=\"index, follow, max-snippet:-1, max-image-preview:large, max-video-preview:-1\" \/>\n<link rel=\"canonical\" href=\"https:\/\/annaps.com\/de\/allgemeine-geschaeftsbedingungen\/\" \/>\n<meta property=\"og:locale\" content=\"de_DE\" \/>\n<meta property=\"og:type\" content=\"article\" \/>\n<meta property=\"og:title\" content=\"Allgemeine Gesch\u00e4ftsbedingungen - AnnaPS\" \/>\n<meta property=\"og:description\" content=\"AnnaPS makes clothes with integrated pockets to carry your diabetes devices such as insulin pump, pen and glucose meter. Stylish, high quality, functional and environmental focus.\" \/>\n<meta property=\"og:url\" content=\"https:\/\/annaps.com\/de\/allgemeine-geschaeftsbedingungen\/\" \/>\n<meta property=\"og:site_name\" content=\"AnnaPS\" \/>\n<meta property=\"article:publisher\" content=\"https:\/\/www.facebook.com\/annaps.scandinavia\/\" \/>\n<meta property=\"article:modified_time\" content=\"2018-03-22T12:11:44+00:00\" \/>\n<meta name=\"twitter:card\" content=\"summary_large_image\" \/>\n<meta name=\"twitter:label1\" content=\"Est. reading time\" \/>\n\t<meta name=\"twitter:data1\" content=\"1 minute\" \/>\n<script type=\"application\/ld+json\" class=\"yoast-schema-graph\">{\"@context\":\"https:\/\/schema.org\",\"@graph\":[{\"@type\":\"WebPage\",\"@id\":\"https:\/\/annaps.com\/de\/allgemeine-geschaeftsbedingungen\/\",\"url\":\"https:\/\/annaps.com\/de\/allgemeine-geschaeftsbedingungen\/\",\"name\":\"Allgemeine Gesch\u00e4ftsbedingungen - AnnaPS\",\"isPartOf\":{\"@id\":\"https:\/\/annaps.com\/de\/#website\"},\"datePublished\":\"2016-01-22T11:49:39+00:00\",\"dateModified\":\"2018-03-22T12:11:44+00:00\",\"description\":\"AnnaPS makes clothes with integrated pockets to carry your diabetes devices such as insulin pump, pen and glucose meter. Stylish, high quality, functional and environmental focus.\",\"breadcrumb\":{\"@id\":\"https:\/\/annaps.com\/de\/allgemeine-geschaeftsbedingungen\/#breadcrumb\"},\"inLanguage\":\"de-DE\",\"potentialAction\":[{\"@type\":\"ReadAction\",\"target\":[\"https:\/\/annaps.com\/de\/allgemeine-geschaeftsbedingungen\/\"]}]},{\"@type\":\"BreadcrumbList\",\"@id\":\"https:\/\/annaps.com\/de\/allgemeine-geschaeftsbedingungen\/#breadcrumb\",\"itemListElement\":[{\"@type\":\"ListItem\",\"position\":1,\"name\":\"Hem\",\"item\":\"https:\/\/annaps.com\/de\/\"},{\"@type\":\"ListItem\",\"position\":2,\"name\":\"Allgemeine Gesch\u00e4ftsbedingungen\"}]},{\"@type\":\"WebSite\",\"@id\":\"https:\/\/annaps.com\/de\/#website\",\"url\":\"https:\/\/annaps.com\/de\/\",\"name\":\"AnnaPS\",\"description\":\"Det skall vara enkelt att b\u00e4ra!\",\"potentialAction\":[{\"@type\":\"SearchAction\",\"target\":{\"@type\":\"EntryPoint\",\"urlTemplate\":\"https:\/\/annaps.com\/de\/?s={search_term_string}\"},\"query-input\":{\"@type\":\"PropertyValueSpecification\",\"valueRequired\":true,\"valueName\":\"search_term_string\"}}],\"inLanguage\":\"de-DE\"}]}<\/script>\n<!-- \/ Yoast SEO plugin. -->","yoast_head_json":{"title":"Allgemeine Gesch\u00e4ftsbedingungen - AnnaPS","description":"AnnaPS makes clothes with integrated pockets to carry your diabetes devices such as insulin pump, pen and glucose meter. Stylish, high quality, functional and environmental focus.","robots":{"index":"index","follow":"follow","max-snippet":"max-snippet:-1","max-image-preview":"max-image-preview:large","max-video-preview":"max-video-preview:-1"},"canonical":"https:\/\/annaps.com\/de\/allgemeine-geschaeftsbedingungen\/","og_locale":"de_DE","og_type":"article","og_title":"Allgemeine Gesch\u00e4ftsbedingungen - AnnaPS","og_description":"AnnaPS makes clothes with integrated pockets to carry your diabetes devices such as insulin pump, pen and glucose meter. Stylish, high quality, functional and environmental focus.","og_url":"https:\/\/annaps.com\/de\/allgemeine-geschaeftsbedingungen\/","og_site_name":"AnnaPS","article_publisher":"https:\/\/www.facebook.com\/annaps.scandinavia\/","article_modified_time":"2018-03-22T12:11:44+00:00","twitter_card":"summary_large_image","twitter_misc":{"Est. reading time":"1 minute"},"schema":{"@context":"https:\/\/schema.org","@graph":[{"@type":"WebPage","@id":"https:\/\/annaps.com\/de\/allgemeine-geschaeftsbedingungen\/","url":"https:\/\/annaps.com\/de\/allgemeine-geschaeftsbedingungen\/","name":"Allgemeine Gesch\u00e4ftsbedingungen - AnnaPS","isPartOf":{"@id":"https:\/\/annaps.com\/de\/#website"},"datePublished":"2016-01-22T11:49:39+00:00","dateModified":"2018-03-22T12:11:44+00:00","description":"AnnaPS makes clothes with integrated pockets to carry your diabetes devices such as insulin pump, pen and glucose meter. Stylish, high quality, functional and environmental focus.","breadcrumb":{"@id":"https:\/\/annaps.com\/de\/allgemeine-geschaeftsbedingungen\/#breadcrumb"},"inLanguage":"de-DE","potentialAction":[{"@type":"ReadAction","target":["https:\/\/annaps.com\/de\/allgemeine-geschaeftsbedingungen\/"]}]},{"@type":"BreadcrumbList","@id":"https:\/\/annaps.com\/de\/allgemeine-geschaeftsbedingungen\/#breadcrumb","itemListElement":[{"@type":"ListItem","position":1,"name":"Hem","item":"https:\/\/annaps.com\/de\/"},{"@type":"ListItem","position":2,"name":"Allgemeine Gesch\u00e4ftsbedingungen"}]},{"@type":"WebSite","@id":"https:\/\/annaps.com\/de\/#website","url":"https:\/\/annaps.com\/de\/","name":"AnnaPS","description":"Det skall vara enkelt att b\u00e4ra!","potentialAction":[{"@type":"SearchAction","target":{"@type":"EntryPoint","urlTemplate":"https:\/\/annaps.com\/de\/?s={search_term_string}"},"query-input":{"@type":"PropertyValueSpecification","valueRequired":true,"valueName":"search_term_string"}}],"inLanguage":"de-DE"}]}},"_links":{"self":[{"href":"https:\/\/annaps.com\/de\/wp-json\/wp\/v2\/pages\/4532","targetHints":{"allow":["GET"]}}],"collection":[{"href":"https:\/\/annaps.com\/de\/wp-json\/wp\/v2\/pages"}],"about":[{"href":"https:\/\/annaps.com\/de\/wp-json\/wp\/v2\/types\/page"}],"author":[{"embeddable":true,"href":"https:\/\/annaps.com\/de\/wp-json\/wp\/v2\/users\/1"}],"replies":[{"embeddable":true,"href":"https:\/\/annaps.com\/de\/wp-json\/wp\/v2\/comments?post=4532"}],"version-history":[{"count":2,"href":"https:\/\/annaps.com\/de\/wp-json\/wp\/v2\/pages\/4532\/revisions"}],"predecessor-version":[{"id":28399,"href":"https:\/\/annaps.com\/de\/wp-json\/wp\/v2\/pages\/4532\/revisions\/28399"}],"wp:attachment":[{"href":"https:\/\/annaps.com\/de\/wp-json\/wp\/v2\/media?parent=4532"}],"curies":[{"name":"wp","href":"https:\/\/api.w.org\/{rel}","templated":true}]}}