{"id":4177,"date":"2016-01-21T14:06:12","date_gmt":"2016-01-21T14:06:12","guid":{"rendered":"https:\/\/www.annaps.com\/?page_id=4177&#038;lang=de"},"modified":"2018-10-25T09:10:37","modified_gmt":"2018-10-25T07:10:37","slug":"was-sagt-unsere-testgruppe","status":"publish","type":"page","link":"https:\/\/annaps.com\/de\/tragen-einer-pumpe\/was-sagt-unsere-testgruppe\/","title":{"rendered":"Was sagt unsere Testgruppe?"},"content":{"rendered":"<p><span style=\"font-weight: 400;\">F\u00fcr uns von AnnaPS ist es wichtig, dass unsere Produkte f\u00fcr Sie passend und hilfreich sind. Darum hat eine Gruppe von 45 Diabetikern (15 Kinder, 15 Frauen und 15 M\u00e4nner) die AnnaPS Produkte getestet. Lesen Sie hier einige der Reaktionen auf unsere Produkte:<\/span><\/p>\n<p>\u201eIch schlafe jetzt wesentlich ruhiger mit der Pumpe in der Tasche. Es ist fantastisch, dass ich meine Pumpe gar nicht mehr sp\u00fcre. Der Schlaf ist wesentlich besser!\u201c<\/p>\n<p><span style=\"font-weight: 400;\">\u201eEndlich kan ich l\u00e4nger als nur eine Stunde am St\u00fcck trainieren.\u201c<\/span><\/p>\n<p><span style=\"font-weight: 400;\">\u201eIch bin positiv \u00fcberrascht von dieser durchdachten, bequemen, <\/span> <span style=\"font-weight: 400;\">formfesten und gutaussehenden Unterw\u00e4sche!\u2018<\/span><\/p>\n<p><span style=\"font-weight: 400;\">\u201eWenn ich Leggings und eine Tunika trage, kann ich einfach und diskret <\/span> <span style=\"font-weight: 400;\">auf \u00a0meine Bolusdosis zugreifen, z.B. w\u00e4hrend eines Essens.\u201c<\/span><\/p>\n<p><span style=\"font-weight: 400;\">\u201eIch kann mir gar nicht mehr vorstellen, ohne meine AnnaPS <\/span> <span style=\"font-weight: 400;\">Unterw\u00e4sche zu schlafen!\u201c<\/span><\/p>\n<p><span style=\"font-weight: 400;\">\u201eIch habe ein ganz neues Leben. Die Pumpe zu tragen stellt kein Problem <\/span> <span style=\"font-weight: 400;\">mehr f\u00fcr mich dar, da ich sie in der integrierten Tasch aufbewahre.\u201c<\/span><\/p>\n<p><span style=\"font-weight: 400;\">\u201ePerfekt zum trainieren.\u201c<\/span><\/p>\n<p><span style=\"font-weight: 400;\">\u201eFreiheit \u2013 Ich habe ein ganz neues Leben und ich bemerke meine <\/span> <span style=\"font-weight: 400;\">Pumpe gar nicht mehr.\u201c<\/span><\/p>\n<p><span style=\"font-weight: 400;\">\u201eDie Qualit\u00e4t ist erstaunlich.\u201c<\/span><\/p>\n<p><span style=\"font-weight: 400;\">\u201eSo ein weiches und bequemes Material.\u201c<\/span><\/p>\n<p><span style=\"font-weight: 400;\">\u201eDie Kleidung sieht gut aus und passt sich, aufgrund der durchdachten <\/span> <span style=\"font-weight: 400;\">Platzierung der Tasche, meinem K\u00f6rper an.\u201c<\/span><\/p>\n","protected":false},"excerpt":{"rendered":"<p>F\u00fcr uns von AnnaPS ist es wichtig, dass unsere Produkte f\u00fcr Sie passend und hilfreich sind. Darum hat eine Gruppe von 45 Diabetikern (15 Kinder, 15 Frauen und 15 M\u00e4nner) die AnnaPS Produkte getestet. Lesen Sie hier einige der Reaktionen auf unsere Produkte: \u201eIch schlafe jetzt wesentlich ruhiger mit der Pumpe in der Tasche. Es [&hellip;]<\/p>\n","protected":false},"author":1,"featured_media":0,"parent":3962,"menu_order":5,"comment_status":"closed","ping_status":"closed","template":"","meta":{"_acf_changed":false,"footnotes":""},"class_list":["post-4177","page","type-page","status-publish","hentry"],"acf":[],"yoast_head":"<!-- This site is optimized with the Yoast SEO plugin v27.1.1 - https:\/\/yoast.com\/product\/yoast-seo-wordpress\/ -->\n<title>Was halten Kunden von unserer Kleidung? | AnnaPS<\/title>\n<meta name=\"description\" content=\"Wir versorgen viele zufriedene Kunden mit Kleidung, die alle unsere Nutzer weiterempfehlen. Schau Dich in unserem Webshop um um das Produkt zu finden, das zu Dir passt!\" \/>\n<meta name=\"robots\" content=\"index, follow, max-snippet:-1, max-image-preview:large, max-video-preview:-1\" \/>\n<link rel=\"canonical\" href=\"https:\/\/annaps.com\/de\/tragen-einer-pumpe\/was-sagt-unsere-testgruppe\/\" \/>\n<meta property=\"og:locale\" content=\"de_DE\" \/>\n<meta property=\"og:type\" content=\"article\" \/>\n<meta property=\"og:title\" content=\"Was halten Kunden von unserer Kleidung? | AnnaPS\" \/>\n<meta property=\"og:description\" content=\"Wir versorgen viele zufriedene Kunden mit Kleidung, die alle unsere Nutzer weiterempfehlen. Schau Dich in unserem Webshop um um das Produkt zu finden, das zu Dir passt!\" \/>\n<meta property=\"og:url\" content=\"https:\/\/annaps.com\/de\/tragen-einer-pumpe\/was-sagt-unsere-testgruppe\/\" \/>\n<meta property=\"og:site_name\" content=\"AnnaPS\" \/>\n<meta property=\"article:publisher\" content=\"https:\/\/www.facebook.com\/annaps.scandinavia\/\" \/>\n<meta property=\"article:modified_time\" content=\"2018-10-25T07:10:37+00:00\" \/>\n<meta name=\"twitter:card\" content=\"summary_large_image\" \/>\n<meta name=\"twitter:label1\" content=\"Est. reading time\" \/>\n\t<meta name=\"twitter:data1\" content=\"1 minute\" \/>\n<script type=\"application\/ld+json\" class=\"yoast-schema-graph\">{\"@context\":\"https:\/\/schema.org\",\"@graph\":[{\"@type\":\"WebPage\",\"@id\":\"https:\/\/annaps.com\/de\/tragen-einer-pumpe\/was-sagt-unsere-testgruppe\/\",\"url\":\"https:\/\/annaps.com\/de\/tragen-einer-pumpe\/was-sagt-unsere-testgruppe\/\",\"name\":\"Was halten Kunden von unserer Kleidung? | AnnaPS\",\"isPartOf\":{\"@id\":\"https:\/\/annaps.com\/de\/#website\"},\"datePublished\":\"2016-01-21T14:06:12+00:00\",\"dateModified\":\"2018-10-25T07:10:37+00:00\",\"description\":\"Wir versorgen viele zufriedene Kunden mit Kleidung, die alle unsere Nutzer weiterempfehlen. Schau Dich in unserem Webshop um um das Produkt zu finden, das zu Dir passt!\",\"breadcrumb\":{\"@id\":\"https:\/\/annaps.com\/de\/tragen-einer-pumpe\/was-sagt-unsere-testgruppe\/#breadcrumb\"},\"inLanguage\":\"de-DE\",\"potentialAction\":[{\"@type\":\"ReadAction\",\"target\":[\"https:\/\/annaps.com\/de\/tragen-einer-pumpe\/was-sagt-unsere-testgruppe\/\"]}]},{\"@type\":\"BreadcrumbList\",\"@id\":\"https:\/\/annaps.com\/de\/tragen-einer-pumpe\/was-sagt-unsere-testgruppe\/#breadcrumb\",\"itemListElement\":[{\"@type\":\"ListItem\",\"position\":1,\"name\":\"Hem\",\"item\":\"https:\/\/annaps.com\/de\/\"},{\"@type\":\"ListItem\",\"position\":2,\"name\":\"Tragen einer pumpe\",\"item\":\"https:\/\/annaps.com\/de\/tragen-einer-pumpe\/\"},{\"@type\":\"ListItem\",\"position\":3,\"name\":\"Was sagt unsere Testgruppe?\"}]},{\"@type\":\"WebSite\",\"@id\":\"https:\/\/annaps.com\/de\/#website\",\"url\":\"https:\/\/annaps.com\/de\/\",\"name\":\"AnnaPS\",\"description\":\"Det skall vara enkelt att b\u00e4ra!\",\"potentialAction\":[{\"@type\":\"SearchAction\",\"target\":{\"@type\":\"EntryPoint\",\"urlTemplate\":\"https:\/\/annaps.com\/de\/?s={search_term_string}\"},\"query-input\":{\"@type\":\"PropertyValueSpecification\",\"valueRequired\":true,\"valueName\":\"search_term_string\"}}],\"inLanguage\":\"de-DE\"}]}<\/script>\n<!-- \/ Yoast SEO plugin. -->","yoast_head_json":{"title":"Was halten Kunden von unserer Kleidung? | AnnaPS","description":"Wir versorgen viele zufriedene Kunden mit Kleidung, die alle unsere Nutzer weiterempfehlen. Schau Dich in unserem Webshop um um das Produkt zu finden, das zu Dir passt!","robots":{"index":"index","follow":"follow","max-snippet":"max-snippet:-1","max-image-preview":"max-image-preview:large","max-video-preview":"max-video-preview:-1"},"canonical":"https:\/\/annaps.com\/de\/tragen-einer-pumpe\/was-sagt-unsere-testgruppe\/","og_locale":"de_DE","og_type":"article","og_title":"Was halten Kunden von unserer Kleidung? | AnnaPS","og_description":"Wir versorgen viele zufriedene Kunden mit Kleidung, die alle unsere Nutzer weiterempfehlen. Schau Dich in unserem Webshop um um das Produkt zu finden, das zu Dir passt!","og_url":"https:\/\/annaps.com\/de\/tragen-einer-pumpe\/was-sagt-unsere-testgruppe\/","og_site_name":"AnnaPS","article_publisher":"https:\/\/www.facebook.com\/annaps.scandinavia\/","article_modified_time":"2018-10-25T07:10:37+00:00","twitter_card":"summary_large_image","twitter_misc":{"Est. reading time":"1 minute"},"schema":{"@context":"https:\/\/schema.org","@graph":[{"@type":"WebPage","@id":"https:\/\/annaps.com\/de\/tragen-einer-pumpe\/was-sagt-unsere-testgruppe\/","url":"https:\/\/annaps.com\/de\/tragen-einer-pumpe\/was-sagt-unsere-testgruppe\/","name":"Was halten Kunden von unserer Kleidung? | AnnaPS","isPartOf":{"@id":"https:\/\/annaps.com\/de\/#website"},"datePublished":"2016-01-21T14:06:12+00:00","dateModified":"2018-10-25T07:10:37+00:00","description":"Wir versorgen viele zufriedene Kunden mit Kleidung, die alle unsere Nutzer weiterempfehlen. Schau Dich in unserem Webshop um um das Produkt zu finden, das zu Dir passt!","breadcrumb":{"@id":"https:\/\/annaps.com\/de\/tragen-einer-pumpe\/was-sagt-unsere-testgruppe\/#breadcrumb"},"inLanguage":"de-DE","potentialAction":[{"@type":"ReadAction","target":["https:\/\/annaps.com\/de\/tragen-einer-pumpe\/was-sagt-unsere-testgruppe\/"]}]},{"@type":"BreadcrumbList","@id":"https:\/\/annaps.com\/de\/tragen-einer-pumpe\/was-sagt-unsere-testgruppe\/#breadcrumb","itemListElement":[{"@type":"ListItem","position":1,"name":"Hem","item":"https:\/\/annaps.com\/de\/"},{"@type":"ListItem","position":2,"name":"Tragen einer pumpe","item":"https:\/\/annaps.com\/de\/tragen-einer-pumpe\/"},{"@type":"ListItem","position":3,"name":"Was sagt unsere Testgruppe?"}]},{"@type":"WebSite","@id":"https:\/\/annaps.com\/de\/#website","url":"https:\/\/annaps.com\/de\/","name":"AnnaPS","description":"Det skall vara enkelt att b\u00e4ra!","potentialAction":[{"@type":"SearchAction","target":{"@type":"EntryPoint","urlTemplate":"https:\/\/annaps.com\/de\/?s={search_term_string}"},"query-input":{"@type":"PropertyValueSpecification","valueRequired":true,"valueName":"search_term_string"}}],"inLanguage":"de-DE"}]}},"_links":{"self":[{"href":"https:\/\/annaps.com\/de\/wp-json\/wp\/v2\/pages\/4177","targetHints":{"allow":["GET"]}}],"collection":[{"href":"https:\/\/annaps.com\/de\/wp-json\/wp\/v2\/pages"}],"about":[{"href":"https:\/\/annaps.com\/de\/wp-json\/wp\/v2\/types\/page"}],"author":[{"embeddable":true,"href":"https:\/\/annaps.com\/de\/wp-json\/wp\/v2\/users\/1"}],"replies":[{"embeddable":true,"href":"https:\/\/annaps.com\/de\/wp-json\/wp\/v2\/comments?post=4177"}],"version-history":[{"count":3,"href":"https:\/\/annaps.com\/de\/wp-json\/wp\/v2\/pages\/4177\/revisions"}],"predecessor-version":[{"id":28717,"href":"https:\/\/annaps.com\/de\/wp-json\/wp\/v2\/pages\/4177\/revisions\/28717"}],"up":[{"embeddable":true,"href":"https:\/\/annaps.com\/de\/wp-json\/wp\/v2\/pages\/3962"}],"wp:attachment":[{"href":"https:\/\/annaps.com\/de\/wp-json\/wp\/v2\/media?parent=4177"}],"curies":[{"name":"wp","href":"https:\/\/api.w.org\/{rel}","templated":true}]}}