{"id":4175,"date":"2016-01-21T14:04:23","date_gmt":"2016-01-21T14:04:23","guid":{"rendered":"https:\/\/www.annaps.com\/?page_id=4175&#038;lang=de"},"modified":"2018-10-25T09:09:56","modified_gmt":"2018-10-25T07:09:56","slug":"glukosemess-handgeraete","status":"publish","type":"page","link":"https:\/\/annaps.com\/de\/tragen-einer-pumpe\/glukosemess-handgeraete\/","title":{"rendered":"Glukosemess- &#038; Handger\u00e4te"},"content":{"rendered":"<p><span style=\"font-weight: 400;\">Glukosemessger\u00e4te und Handger\u00e4te zur regelm\u00e4\u00dfigen Kontrolle des Blutzuckerspiegels haben in etwa die gleiche Gr\u00f6\u00dfe wie Pumpen und passen daher in alle AnnaPS Taschen.<br \/>\nEgal, ob Sie einen Pen oder eine Pumpe verwenden, st\u00e4ndig m\u00fcssen Sie als Diabetiker Ihren Blutzuckerspiegel kontrollieren. Oft brauchen Sie auch Ihr Handy, f\u00fcr den Fall, das sich Ihr Spiegel unerwartet ver\u00e4ndert. Alle diese Ger\u00e4te k\u00f6nnen Sie in den AnnaPS Produkten tragen, z.B k\u00f6nnen Sie problemlos ein Handy und ein Handger\u00e4t von FreeStyle Libre in der einen und Ihre Insulinpumpe in der anderen Tasche eines unserer T-Shirts unterbringen. <\/span><\/p>\n<p><span style=\"font-weight: 400;\">Die Taschen sind daher perfekt geeignet f\u00fcr die Schule, die Arbeit oder den Sport. Vergessen Sie Ihre Pumpentasche und bringen Sie stattdessen alles was Sie brauchen in modischer Kleidung mit integrierten Taschen unter. <\/span><\/p>\n","protected":false},"excerpt":{"rendered":"<p>Glukosemessger\u00e4te und Handger\u00e4te zur regelm\u00e4\u00dfigen Kontrolle des Blutzuckerspiegels haben in etwa die gleiche Gr\u00f6\u00dfe wie Pumpen und passen daher in alle AnnaPS Taschen. Egal, ob Sie einen Pen oder eine Pumpe verwenden, st\u00e4ndig m\u00fcssen Sie als Diabetiker Ihren Blutzuckerspiegel kontrollieren. Oft brauchen Sie auch Ihr Handy, f\u00fcr den Fall, das sich Ihr Spiegel unerwartet ver\u00e4ndert. [&hellip;]<\/p>\n","protected":false},"author":1,"featured_media":0,"parent":3962,"menu_order":4,"comment_status":"closed","ping_status":"closed","template":"","meta":{"_acf_changed":false,"footnotes":""},"class_list":["post-4175","page","type-page","status-publish","hentry"],"acf":[],"yoast_head":"<!-- This site is optimized with the Yoast SEO plugin v27.1.1 - https:\/\/yoast.com\/product\/yoast-seo-wordpress\/ -->\n<title>Blutzuckermessger\u00e4te finden leicht Platz in unserer Kleidung | AnnaPS<\/title>\n<meta name=\"description\" content=\"Blutzuckermessger\u00e4te nehmen oft genauso viel Platz ein wie eine pumpe. In der AnnaPS-Kleidung f\u00fcr DiabetikerInnen findet beides Platz \u2013 auf praktische und elegante Weise.\" \/>\n<meta name=\"robots\" content=\"index, follow, max-snippet:-1, max-image-preview:large, max-video-preview:-1\" \/>\n<link rel=\"canonical\" href=\"https:\/\/annaps.com\/de\/tragen-einer-pumpe\/glukosemess-handgeraete\/\" \/>\n<meta property=\"og:locale\" content=\"de_DE\" \/>\n<meta property=\"og:type\" content=\"article\" \/>\n<meta property=\"og:title\" content=\"Blutzuckermessger\u00e4te finden leicht Platz in unserer Kleidung | AnnaPS\" \/>\n<meta property=\"og:description\" content=\"Blutzuckermessger\u00e4te nehmen oft genauso viel Platz ein wie eine pumpe. In der AnnaPS-Kleidung f\u00fcr DiabetikerInnen findet beides Platz \u2013 auf praktische und elegante Weise.\" \/>\n<meta property=\"og:url\" content=\"https:\/\/annaps.com\/de\/tragen-einer-pumpe\/glukosemess-handgeraete\/\" \/>\n<meta property=\"og:site_name\" content=\"AnnaPS\" \/>\n<meta property=\"article:publisher\" content=\"https:\/\/www.facebook.com\/annaps.scandinavia\/\" \/>\n<meta property=\"article:modified_time\" content=\"2018-10-25T07:09:56+00:00\" \/>\n<meta name=\"twitter:card\" content=\"summary_large_image\" \/>\n<meta name=\"twitter:label1\" content=\"Est. reading time\" \/>\n\t<meta name=\"twitter:data1\" content=\"1 minute\" \/>\n<script type=\"application\/ld+json\" class=\"yoast-schema-graph\">{\"@context\":\"https:\/\/schema.org\",\"@graph\":[{\"@type\":\"WebPage\",\"@id\":\"https:\/\/annaps.com\/de\/tragen-einer-pumpe\/glukosemess-handgeraete\/\",\"url\":\"https:\/\/annaps.com\/de\/tragen-einer-pumpe\/glukosemess-handgeraete\/\",\"name\":\"Blutzuckermessger\u00e4te finden leicht Platz in unserer Kleidung | AnnaPS\",\"isPartOf\":{\"@id\":\"https:\/\/annaps.com\/de\/#website\"},\"datePublished\":\"2016-01-21T14:04:23+00:00\",\"dateModified\":\"2018-10-25T07:09:56+00:00\",\"description\":\"Blutzuckermessger\u00e4te nehmen oft genauso viel Platz ein wie eine pumpe. In der AnnaPS-Kleidung f\u00fcr DiabetikerInnen findet beides Platz \u2013 auf praktische und elegante Weise.\",\"breadcrumb\":{\"@id\":\"https:\/\/annaps.com\/de\/tragen-einer-pumpe\/glukosemess-handgeraete\/#breadcrumb\"},\"inLanguage\":\"de-DE\",\"potentialAction\":[{\"@type\":\"ReadAction\",\"target\":[\"https:\/\/annaps.com\/de\/tragen-einer-pumpe\/glukosemess-handgeraete\/\"]}]},{\"@type\":\"BreadcrumbList\",\"@id\":\"https:\/\/annaps.com\/de\/tragen-einer-pumpe\/glukosemess-handgeraete\/#breadcrumb\",\"itemListElement\":[{\"@type\":\"ListItem\",\"position\":1,\"name\":\"Hem\",\"item\":\"https:\/\/annaps.com\/de\/\"},{\"@type\":\"ListItem\",\"position\":2,\"name\":\"Tragen einer pumpe\",\"item\":\"https:\/\/annaps.com\/de\/tragen-einer-pumpe\/\"},{\"@type\":\"ListItem\",\"position\":3,\"name\":\"Glukosemess- &#038; Handger\u00e4te\"}]},{\"@type\":\"WebSite\",\"@id\":\"https:\/\/annaps.com\/de\/#website\",\"url\":\"https:\/\/annaps.com\/de\/\",\"name\":\"AnnaPS\",\"description\":\"Det skall vara enkelt att b\u00e4ra!\",\"potentialAction\":[{\"@type\":\"SearchAction\",\"target\":{\"@type\":\"EntryPoint\",\"urlTemplate\":\"https:\/\/annaps.com\/de\/?s={search_term_string}\"},\"query-input\":{\"@type\":\"PropertyValueSpecification\",\"valueRequired\":true,\"valueName\":\"search_term_string\"}}],\"inLanguage\":\"de-DE\"}]}<\/script>\n<!-- \/ Yoast SEO plugin. -->","yoast_head_json":{"title":"Blutzuckermessger\u00e4te finden leicht Platz in unserer Kleidung | AnnaPS","description":"Blutzuckermessger\u00e4te nehmen oft genauso viel Platz ein wie eine pumpe. In der AnnaPS-Kleidung f\u00fcr DiabetikerInnen findet beides Platz \u2013 auf praktische und elegante Weise.","robots":{"index":"index","follow":"follow","max-snippet":"max-snippet:-1","max-image-preview":"max-image-preview:large","max-video-preview":"max-video-preview:-1"},"canonical":"https:\/\/annaps.com\/de\/tragen-einer-pumpe\/glukosemess-handgeraete\/","og_locale":"de_DE","og_type":"article","og_title":"Blutzuckermessger\u00e4te finden leicht Platz in unserer Kleidung | AnnaPS","og_description":"Blutzuckermessger\u00e4te nehmen oft genauso viel Platz ein wie eine pumpe. In der AnnaPS-Kleidung f\u00fcr DiabetikerInnen findet beides Platz \u2013 auf praktische und elegante Weise.","og_url":"https:\/\/annaps.com\/de\/tragen-einer-pumpe\/glukosemess-handgeraete\/","og_site_name":"AnnaPS","article_publisher":"https:\/\/www.facebook.com\/annaps.scandinavia\/","article_modified_time":"2018-10-25T07:09:56+00:00","twitter_card":"summary_large_image","twitter_misc":{"Est. reading time":"1 minute"},"schema":{"@context":"https:\/\/schema.org","@graph":[{"@type":"WebPage","@id":"https:\/\/annaps.com\/de\/tragen-einer-pumpe\/glukosemess-handgeraete\/","url":"https:\/\/annaps.com\/de\/tragen-einer-pumpe\/glukosemess-handgeraete\/","name":"Blutzuckermessger\u00e4te finden leicht Platz in unserer Kleidung | AnnaPS","isPartOf":{"@id":"https:\/\/annaps.com\/de\/#website"},"datePublished":"2016-01-21T14:04:23+00:00","dateModified":"2018-10-25T07:09:56+00:00","description":"Blutzuckermessger\u00e4te nehmen oft genauso viel Platz ein wie eine pumpe. In der AnnaPS-Kleidung f\u00fcr DiabetikerInnen findet beides Platz \u2013 auf praktische und elegante Weise.","breadcrumb":{"@id":"https:\/\/annaps.com\/de\/tragen-einer-pumpe\/glukosemess-handgeraete\/#breadcrumb"},"inLanguage":"de-DE","potentialAction":[{"@type":"ReadAction","target":["https:\/\/annaps.com\/de\/tragen-einer-pumpe\/glukosemess-handgeraete\/"]}]},{"@type":"BreadcrumbList","@id":"https:\/\/annaps.com\/de\/tragen-einer-pumpe\/glukosemess-handgeraete\/#breadcrumb","itemListElement":[{"@type":"ListItem","position":1,"name":"Hem","item":"https:\/\/annaps.com\/de\/"},{"@type":"ListItem","position":2,"name":"Tragen einer pumpe","item":"https:\/\/annaps.com\/de\/tragen-einer-pumpe\/"},{"@type":"ListItem","position":3,"name":"Glukosemess- &#038; Handger\u00e4te"}]},{"@type":"WebSite","@id":"https:\/\/annaps.com\/de\/#website","url":"https:\/\/annaps.com\/de\/","name":"AnnaPS","description":"Det skall vara enkelt att b\u00e4ra!","potentialAction":[{"@type":"SearchAction","target":{"@type":"EntryPoint","urlTemplate":"https:\/\/annaps.com\/de\/?s={search_term_string}"},"query-input":{"@type":"PropertyValueSpecification","valueRequired":true,"valueName":"search_term_string"}}],"inLanguage":"de-DE"}]}},"_links":{"self":[{"href":"https:\/\/annaps.com\/de\/wp-json\/wp\/v2\/pages\/4175","targetHints":{"allow":["GET"]}}],"collection":[{"href":"https:\/\/annaps.com\/de\/wp-json\/wp\/v2\/pages"}],"about":[{"href":"https:\/\/annaps.com\/de\/wp-json\/wp\/v2\/types\/page"}],"author":[{"embeddable":true,"href":"https:\/\/annaps.com\/de\/wp-json\/wp\/v2\/users\/1"}],"replies":[{"embeddable":true,"href":"https:\/\/annaps.com\/de\/wp-json\/wp\/v2\/comments?post=4175"}],"version-history":[{"count":3,"href":"https:\/\/annaps.com\/de\/wp-json\/wp\/v2\/pages\/4175\/revisions"}],"predecessor-version":[{"id":28716,"href":"https:\/\/annaps.com\/de\/wp-json\/wp\/v2\/pages\/4175\/revisions\/28716"}],"up":[{"embeddable":true,"href":"https:\/\/annaps.com\/de\/wp-json\/wp\/v2\/pages\/3962"}],"wp:attachment":[{"href":"https:\/\/annaps.com\/de\/wp-json\/wp\/v2\/media?parent=4175"}],"curies":[{"name":"wp","href":"https:\/\/api.w.org\/{rel}","templated":true}]}}