{"id":4166,"date":"2016-01-21T14:02:32","date_gmt":"2016-01-21T14:02:32","guid":{"rendered":"https:\/\/www.annaps.com\/?page_id=4166&#038;lang=de"},"modified":"2018-10-25T09:08:38","modified_gmt":"2018-10-25T07:08:38","slug":"welche-insulinpumpen-passen-in-die-annaps-taschen","status":"publish","type":"page","link":"https:\/\/annaps.com\/de\/tragen-einer-pumpe\/welche-insulinpumpen-passen-in-die-annaps-taschen\/","title":{"rendered":"Welche Insulinpumpen passen in die AnnaPS Taschen?"},"content":{"rendered":"<p><span style=\"font-weight: 400;\">Wir haben das Ziel unsere Taschen so zu gestalten, dass sie f\u00fcr alle Pumpen von allen Herstellern passen. Wir haben verschiedene Pumpenmodelle von Animas, Medtronic, Accu-Check, Dana und die Handger\u00e4te von Omnipod getestet,\u00a0 ebenso wie die Handger\u00e4te von CGM&#8217;s und Dexcom und die Glukosemessger\u00e4te von Abbott&#8217;s FreeStyle Libre, Accu-Check und Bayer. Alle diese Ger\u00e4te passen perfekt in die AnnaPS Taschen.<\/span><\/p>\n<p><span style=\"font-weight: 400;\"><br \/>\nWenn Sie unsicher sind, ob Ihre Ppumpe, oder was immer Sie in den AnnaPS Kleidungsst\u00fccken tragen m\u00f6chten, in die Taschen passt, k\u00f6nnen Sie es messen, und mit den <a href=\"https:\/\/annaps.com\/wordpress\/de\/ueber-die-produkte\/funktionsweise-der-tasche-%C2%AD\/\">Ma\u00dfangaben f\u00fcr die Taschen<\/a> unserer Produkte vergleichen (diese stehen f\u00fcr jedes Kleidungsst\u00fcck auch im Produkthandbuch, das Sie auch im Webshop unter dem jeweiligen Artikel finden k\u00f6nnen). Achten Sie darauf, dass wir zwei verschiedene Gr\u00f6\u00dfen f\u00fcr die Taschen haben, eine kleine und eine gro\u00dfe. Die gro\u00dfe Tasche ist geeignet f\u00fcr gr\u00f6\u00dfere Ger\u00e4te, wie Pens oder Handys, w\u00e4hrend die kleinere f\u00fcr Pumpen oder\u00a0 kleinere Handger\u00e4te gemacht sind.<\/span><\/p>\n","protected":false},"excerpt":{"rendered":"<p>Wir haben das Ziel unsere Taschen so zu gestalten, dass sie f\u00fcr alle Pumpen von allen Herstellern passen. Wir haben verschiedene Pumpenmodelle von Animas, Medtronic, Accu-Check, Dana und die Handger\u00e4te von Omnipod getestet,\u00a0 ebenso wie die Handger\u00e4te von CGM&#8217;s und Dexcom und die Glukosemessger\u00e4te von Abbott&#8217;s FreeStyle Libre, Accu-Check und Bayer. Alle diese Ger\u00e4te passen [&hellip;]<\/p>\n","protected":false},"author":1,"featured_media":0,"parent":3962,"menu_order":2,"comment_status":"closed","ping_status":"closed","template":"","meta":{"_acf_changed":false,"footnotes":""},"class_list":["post-4166","page","type-page","status-publish","hentry"],"acf":[],"yoast_head":"<!-- This site is optimized with the Yoast SEO plugin v27.1.1 - https:\/\/yoast.com\/product\/yoast-seo-wordpress\/ -->\n<title>Welche Diabetespumpen finden Platz in unserer Diabeteskleidung? | AnnaPS<\/title>\n<meta name=\"description\" content=\"Unser Sortiment mit Kleidung f\u00fcr Diabetiker bietet etwas f\u00fcr alle \u2013 Kinder, Frauen und M\u00e4nner. In die integrierten Taschen passen viele verschiedene der auf dem Markt erh\u00e4ltlichen Pumpenmodelle. Probiere auch du sie aus!\" \/>\n<meta name=\"robots\" content=\"index, follow, max-snippet:-1, max-image-preview:large, max-video-preview:-1\" \/>\n<link rel=\"canonical\" href=\"https:\/\/annaps.com\/de\/tragen-einer-pumpe\/welche-insulinpumpen-passen-in-die-annaps-taschen\/\" \/>\n<meta property=\"og:locale\" content=\"de_DE\" \/>\n<meta property=\"og:type\" content=\"article\" \/>\n<meta property=\"og:title\" content=\"Welche Diabetespumpen finden Platz in unserer Diabeteskleidung? | AnnaPS\" \/>\n<meta property=\"og:description\" content=\"Unser Sortiment mit Kleidung f\u00fcr Diabetiker bietet etwas f\u00fcr alle \u2013 Kinder, Frauen und M\u00e4nner. In die integrierten Taschen passen viele verschiedene der auf dem Markt erh\u00e4ltlichen Pumpenmodelle. Probiere auch du sie aus!\" \/>\n<meta property=\"og:url\" content=\"https:\/\/annaps.com\/de\/tragen-einer-pumpe\/welche-insulinpumpen-passen-in-die-annaps-taschen\/\" \/>\n<meta property=\"og:site_name\" content=\"AnnaPS\" \/>\n<meta property=\"article:publisher\" content=\"https:\/\/www.facebook.com\/annaps.scandinavia\/\" \/>\n<meta property=\"article:modified_time\" content=\"2018-10-25T07:08:38+00:00\" \/>\n<meta name=\"twitter:card\" content=\"summary_large_image\" \/>\n<meta name=\"twitter:label1\" content=\"Est. reading time\" \/>\n\t<meta name=\"twitter:data1\" content=\"1 minute\" \/>\n<script type=\"application\/ld+json\" class=\"yoast-schema-graph\">{\"@context\":\"https:\/\/schema.org\",\"@graph\":[{\"@type\":\"WebPage\",\"@id\":\"https:\/\/annaps.com\/de\/tragen-einer-pumpe\/welche-insulinpumpen-passen-in-die-annaps-taschen\/\",\"url\":\"https:\/\/annaps.com\/de\/tragen-einer-pumpe\/welche-insulinpumpen-passen-in-die-annaps-taschen\/\",\"name\":\"Welche Diabetespumpen finden Platz in unserer Diabeteskleidung? | AnnaPS\",\"isPartOf\":{\"@id\":\"https:\/\/annaps.com\/de\/#website\"},\"datePublished\":\"2016-01-21T14:02:32+00:00\",\"dateModified\":\"2018-10-25T07:08:38+00:00\",\"description\":\"Unser Sortiment mit Kleidung f\u00fcr Diabetiker bietet etwas f\u00fcr alle \u2013 Kinder, Frauen und M\u00e4nner. In die integrierten Taschen passen viele verschiedene der auf dem Markt erh\u00e4ltlichen Pumpenmodelle. Probiere auch du sie aus!\",\"breadcrumb\":{\"@id\":\"https:\/\/annaps.com\/de\/tragen-einer-pumpe\/welche-insulinpumpen-passen-in-die-annaps-taschen\/#breadcrumb\"},\"inLanguage\":\"de-DE\",\"potentialAction\":[{\"@type\":\"ReadAction\",\"target\":[\"https:\/\/annaps.com\/de\/tragen-einer-pumpe\/welche-insulinpumpen-passen-in-die-annaps-taschen\/\"]}]},{\"@type\":\"BreadcrumbList\",\"@id\":\"https:\/\/annaps.com\/de\/tragen-einer-pumpe\/welche-insulinpumpen-passen-in-die-annaps-taschen\/#breadcrumb\",\"itemListElement\":[{\"@type\":\"ListItem\",\"position\":1,\"name\":\"Hem\",\"item\":\"https:\/\/annaps.com\/de\/\"},{\"@type\":\"ListItem\",\"position\":2,\"name\":\"Tragen einer pumpe\",\"item\":\"https:\/\/annaps.com\/de\/tragen-einer-pumpe\/\"},{\"@type\":\"ListItem\",\"position\":3,\"name\":\"Welche Insulinpumpen passen in die AnnaPS Taschen?\"}]},{\"@type\":\"WebSite\",\"@id\":\"https:\/\/annaps.com\/de\/#website\",\"url\":\"https:\/\/annaps.com\/de\/\",\"name\":\"AnnaPS\",\"description\":\"Det skall vara enkelt att b\u00e4ra!\",\"potentialAction\":[{\"@type\":\"SearchAction\",\"target\":{\"@type\":\"EntryPoint\",\"urlTemplate\":\"https:\/\/annaps.com\/de\/?s={search_term_string}\"},\"query-input\":{\"@type\":\"PropertyValueSpecification\",\"valueRequired\":true,\"valueName\":\"search_term_string\"}}],\"inLanguage\":\"de-DE\"}]}<\/script>\n<!-- \/ Yoast SEO plugin. -->","yoast_head_json":{"title":"Welche Diabetespumpen finden Platz in unserer Diabeteskleidung? | AnnaPS","description":"Unser Sortiment mit Kleidung f\u00fcr Diabetiker bietet etwas f\u00fcr alle \u2013 Kinder, Frauen und M\u00e4nner. In die integrierten Taschen passen viele verschiedene der auf dem Markt erh\u00e4ltlichen Pumpenmodelle. Probiere auch du sie aus!","robots":{"index":"index","follow":"follow","max-snippet":"max-snippet:-1","max-image-preview":"max-image-preview:large","max-video-preview":"max-video-preview:-1"},"canonical":"https:\/\/annaps.com\/de\/tragen-einer-pumpe\/welche-insulinpumpen-passen-in-die-annaps-taschen\/","og_locale":"de_DE","og_type":"article","og_title":"Welche Diabetespumpen finden Platz in unserer Diabeteskleidung? | AnnaPS","og_description":"Unser Sortiment mit Kleidung f\u00fcr Diabetiker bietet etwas f\u00fcr alle \u2013 Kinder, Frauen und M\u00e4nner. In die integrierten Taschen passen viele verschiedene der auf dem Markt erh\u00e4ltlichen Pumpenmodelle. Probiere auch du sie aus!","og_url":"https:\/\/annaps.com\/de\/tragen-einer-pumpe\/welche-insulinpumpen-passen-in-die-annaps-taschen\/","og_site_name":"AnnaPS","article_publisher":"https:\/\/www.facebook.com\/annaps.scandinavia\/","article_modified_time":"2018-10-25T07:08:38+00:00","twitter_card":"summary_large_image","twitter_misc":{"Est. reading time":"1 minute"},"schema":{"@context":"https:\/\/schema.org","@graph":[{"@type":"WebPage","@id":"https:\/\/annaps.com\/de\/tragen-einer-pumpe\/welche-insulinpumpen-passen-in-die-annaps-taschen\/","url":"https:\/\/annaps.com\/de\/tragen-einer-pumpe\/welche-insulinpumpen-passen-in-die-annaps-taschen\/","name":"Welche Diabetespumpen finden Platz in unserer Diabeteskleidung? | AnnaPS","isPartOf":{"@id":"https:\/\/annaps.com\/de\/#website"},"datePublished":"2016-01-21T14:02:32+00:00","dateModified":"2018-10-25T07:08:38+00:00","description":"Unser Sortiment mit Kleidung f\u00fcr Diabetiker bietet etwas f\u00fcr alle \u2013 Kinder, Frauen und M\u00e4nner. In die integrierten Taschen passen viele verschiedene der auf dem Markt erh\u00e4ltlichen Pumpenmodelle. Probiere auch du sie aus!","breadcrumb":{"@id":"https:\/\/annaps.com\/de\/tragen-einer-pumpe\/welche-insulinpumpen-passen-in-die-annaps-taschen\/#breadcrumb"},"inLanguage":"de-DE","potentialAction":[{"@type":"ReadAction","target":["https:\/\/annaps.com\/de\/tragen-einer-pumpe\/welche-insulinpumpen-passen-in-die-annaps-taschen\/"]}]},{"@type":"BreadcrumbList","@id":"https:\/\/annaps.com\/de\/tragen-einer-pumpe\/welche-insulinpumpen-passen-in-die-annaps-taschen\/#breadcrumb","itemListElement":[{"@type":"ListItem","position":1,"name":"Hem","item":"https:\/\/annaps.com\/de\/"},{"@type":"ListItem","position":2,"name":"Tragen einer pumpe","item":"https:\/\/annaps.com\/de\/tragen-einer-pumpe\/"},{"@type":"ListItem","position":3,"name":"Welche Insulinpumpen passen in die AnnaPS Taschen?"}]},{"@type":"WebSite","@id":"https:\/\/annaps.com\/de\/#website","url":"https:\/\/annaps.com\/de\/","name":"AnnaPS","description":"Det skall vara enkelt att b\u00e4ra!","potentialAction":[{"@type":"SearchAction","target":{"@type":"EntryPoint","urlTemplate":"https:\/\/annaps.com\/de\/?s={search_term_string}"},"query-input":{"@type":"PropertyValueSpecification","valueRequired":true,"valueName":"search_term_string"}}],"inLanguage":"de-DE"}]}},"_links":{"self":[{"href":"https:\/\/annaps.com\/de\/wp-json\/wp\/v2\/pages\/4166","targetHints":{"allow":["GET"]}}],"collection":[{"href":"https:\/\/annaps.com\/de\/wp-json\/wp\/v2\/pages"}],"about":[{"href":"https:\/\/annaps.com\/de\/wp-json\/wp\/v2\/types\/page"}],"author":[{"embeddable":true,"href":"https:\/\/annaps.com\/de\/wp-json\/wp\/v2\/users\/1"}],"replies":[{"embeddable":true,"href":"https:\/\/annaps.com\/de\/wp-json\/wp\/v2\/comments?post=4166"}],"version-history":[{"count":3,"href":"https:\/\/annaps.com\/de\/wp-json\/wp\/v2\/pages\/4166\/revisions"}],"predecessor-version":[{"id":28713,"href":"https:\/\/annaps.com\/de\/wp-json\/wp\/v2\/pages\/4166\/revisions\/28713"}],"up":[{"embeddable":true,"href":"https:\/\/annaps.com\/de\/wp-json\/wp\/v2\/pages\/3962"}],"wp:attachment":[{"href":"https:\/\/annaps.com\/de\/wp-json\/wp\/v2\/media?parent=4166"}],"curies":[{"name":"wp","href":"https:\/\/api.w.org\/{rel}","templated":true}]}}