{"id":4164,"date":"2016-01-21T14:01:34","date_gmt":"2016-01-21T14:01:34","guid":{"rendered":"https:\/\/www.annaps.com\/?page_id=4164&#038;lang=de"},"modified":"2018-10-25T09:07:42","modified_gmt":"2018-10-25T07:07:42","slug":"das-design-der-tasche","status":"publish","type":"page","link":"https:\/\/annaps.com\/de\/tragen-einer-pumpe\/das-design-der-tasche\/","title":{"rendered":"Das Design der Tasche"},"content":{"rendered":"<p><span style=\"font-weight: 400;\">Die AnnaPS Produkte sind extra so entwickelt, dass sie den speziellen Anforderungen entsprechen, die Pumpentr\u00e4ger an Sicherheit, Bequemlichkeit und sch\u00f6nes Design haben. Sie sind unauff\u00e4llig, stylisch und bieten genug Platz f\u00fcr die Aufbewahrung von Diabetesger\u00e4ten und sind eine praktische Alternative zur klassischen Pumpentasche.<\/span><\/p>\n<p><span style=\"font-weight: 400;\">Alle Kleidungsst\u00fccke haben integrierte Taschen, in denen Pumpen, Blutzuckermessger\u00e4te, Handger\u00e4te oder Pens transportiert werden k\u00f6nnen.<\/span><\/p>\n<p><span style=\"font-weight: 400;\">Die Taschen sind so platziert, dass die Diabetesger\u00e4te den nat\u00fcrlichen Bewegungen des K\u00f6rpers folgen.<\/span><\/p>\n<p><span style=\"font-weight: 400;\">Innerhalb der Taschen ist eine \u00d6ffnung f\u00fcr den Schlauch, sodass dieser sicher und versteckt an der Innenseite des Kleidungsst\u00fccks verstaut werden kann.<\/span><\/p>\n<p><span style=\"font-weight: 400;\">Alle Taschen sind mit einem Verschluss ausgestattet, der sicherstellt, dass die Pumpe nicht herausf\u00e4llt. Dies kann allerdings nur gew\u00e4hrleistet werden, wenn die Tasche intakt ist und Sie der Gebrauchsanweisung folgen.<\/span><\/p>\n<p><span style=\"font-weight: 400;\">Lesen Sie <a href=\"https:\/\/annaps.com\/wordpress\/de\/ueber-die-produkte\/funktionsweise-der-tasche-%C2%AD\/\">hier<\/a> mehr zu unseren verschiedenen Taschentypen.<\/span><\/p>\n","protected":false},"excerpt":{"rendered":"<p>Die AnnaPS Produkte sind extra so entwickelt, dass sie den speziellen Anforderungen entsprechen, die Pumpentr\u00e4ger an Sicherheit, Bequemlichkeit und sch\u00f6nes Design haben. Sie sind unauff\u00e4llig, stylisch und bieten genug Platz f\u00fcr die Aufbewahrung von Diabetesger\u00e4ten und sind eine praktische Alternative zur klassischen Pumpentasche. Alle Kleidungsst\u00fccke haben integrierte Taschen, in denen Pumpen, Blutzuckermessger\u00e4te, Handger\u00e4te oder Pens [&hellip;]<\/p>\n","protected":false},"author":1,"featured_media":0,"parent":3962,"menu_order":1,"comment_status":"closed","ping_status":"closed","template":"","meta":{"_acf_changed":false,"footnotes":""},"class_list":["post-4164","page","type-page","status-publish","hentry"],"acf":[],"yoast_head":"<!-- This site is optimized with the Yoast SEO plugin v27.1.1 - https:\/\/yoast.com\/product\/yoast-seo-wordpress\/ -->\n<title>So funktionieren unsere schlauen Taschen f\u00fcr Diabeteszubeh\u00f6r | AnnaPS<\/title>\n<meta name=\"description\" content=\"Das Design der Taschen in unserer Kleidung f\u00fcr Diabetiker ist sorgsam durchdacht. Wir wollen, dass die Taschen der Pumpe Schutz bieten und au\u00dferdem bequem und diskret sitzen.\" \/>\n<meta name=\"robots\" content=\"index, follow, max-snippet:-1, max-image-preview:large, max-video-preview:-1\" \/>\n<link rel=\"canonical\" href=\"https:\/\/annaps.com\/de\/tragen-einer-pumpe\/das-design-der-tasche\/\" \/>\n<meta property=\"og:locale\" content=\"de_DE\" \/>\n<meta property=\"og:type\" content=\"article\" \/>\n<meta property=\"og:title\" content=\"So funktionieren unsere schlauen Taschen f\u00fcr Diabeteszubeh\u00f6r | AnnaPS\" \/>\n<meta property=\"og:description\" content=\"Das Design der Taschen in unserer Kleidung f\u00fcr Diabetiker ist sorgsam durchdacht. Wir wollen, dass die Taschen der Pumpe Schutz bieten und au\u00dferdem bequem und diskret sitzen.\" \/>\n<meta property=\"og:url\" content=\"https:\/\/annaps.com\/de\/tragen-einer-pumpe\/das-design-der-tasche\/\" \/>\n<meta property=\"og:site_name\" content=\"AnnaPS\" \/>\n<meta property=\"article:publisher\" content=\"https:\/\/www.facebook.com\/annaps.scandinavia\/\" \/>\n<meta property=\"article:modified_time\" content=\"2018-10-25T07:07:42+00:00\" \/>\n<meta name=\"twitter:card\" content=\"summary_large_image\" \/>\n<meta name=\"twitter:label1\" content=\"Est. reading time\" \/>\n\t<meta name=\"twitter:data1\" content=\"1 minute\" \/>\n<script type=\"application\/ld+json\" class=\"yoast-schema-graph\">{\"@context\":\"https:\/\/schema.org\",\"@graph\":[{\"@type\":\"WebPage\",\"@id\":\"https:\/\/annaps.com\/de\/tragen-einer-pumpe\/das-design-der-tasche\/\",\"url\":\"https:\/\/annaps.com\/de\/tragen-einer-pumpe\/das-design-der-tasche\/\",\"name\":\"So funktionieren unsere schlauen Taschen f\u00fcr Diabeteszubeh\u00f6r | AnnaPS\",\"isPartOf\":{\"@id\":\"https:\/\/annaps.com\/de\/#website\"},\"datePublished\":\"2016-01-21T14:01:34+00:00\",\"dateModified\":\"2018-10-25T07:07:42+00:00\",\"description\":\"Das Design der Taschen in unserer Kleidung f\u00fcr Diabetiker ist sorgsam durchdacht. Wir wollen, dass die Taschen der Pumpe Schutz bieten und au\u00dferdem bequem und diskret sitzen.\",\"breadcrumb\":{\"@id\":\"https:\/\/annaps.com\/de\/tragen-einer-pumpe\/das-design-der-tasche\/#breadcrumb\"},\"inLanguage\":\"de-DE\",\"potentialAction\":[{\"@type\":\"ReadAction\",\"target\":[\"https:\/\/annaps.com\/de\/tragen-einer-pumpe\/das-design-der-tasche\/\"]}]},{\"@type\":\"BreadcrumbList\",\"@id\":\"https:\/\/annaps.com\/de\/tragen-einer-pumpe\/das-design-der-tasche\/#breadcrumb\",\"itemListElement\":[{\"@type\":\"ListItem\",\"position\":1,\"name\":\"Hem\",\"item\":\"https:\/\/annaps.com\/de\/\"},{\"@type\":\"ListItem\",\"position\":2,\"name\":\"Tragen einer pumpe\",\"item\":\"https:\/\/annaps.com\/de\/tragen-einer-pumpe\/\"},{\"@type\":\"ListItem\",\"position\":3,\"name\":\"Das Design der Tasche\"}]},{\"@type\":\"WebSite\",\"@id\":\"https:\/\/annaps.com\/de\/#website\",\"url\":\"https:\/\/annaps.com\/de\/\",\"name\":\"AnnaPS\",\"description\":\"Det skall vara enkelt att b\u00e4ra!\",\"potentialAction\":[{\"@type\":\"SearchAction\",\"target\":{\"@type\":\"EntryPoint\",\"urlTemplate\":\"https:\/\/annaps.com\/de\/?s={search_term_string}\"},\"query-input\":{\"@type\":\"PropertyValueSpecification\",\"valueRequired\":true,\"valueName\":\"search_term_string\"}}],\"inLanguage\":\"de-DE\"}]}<\/script>\n<!-- \/ Yoast SEO plugin. -->","yoast_head_json":{"title":"So funktionieren unsere schlauen Taschen f\u00fcr Diabeteszubeh\u00f6r | AnnaPS","description":"Das Design der Taschen in unserer Kleidung f\u00fcr Diabetiker ist sorgsam durchdacht. Wir wollen, dass die Taschen der Pumpe Schutz bieten und au\u00dferdem bequem und diskret sitzen.","robots":{"index":"index","follow":"follow","max-snippet":"max-snippet:-1","max-image-preview":"max-image-preview:large","max-video-preview":"max-video-preview:-1"},"canonical":"https:\/\/annaps.com\/de\/tragen-einer-pumpe\/das-design-der-tasche\/","og_locale":"de_DE","og_type":"article","og_title":"So funktionieren unsere schlauen Taschen f\u00fcr Diabeteszubeh\u00f6r | AnnaPS","og_description":"Das Design der Taschen in unserer Kleidung f\u00fcr Diabetiker ist sorgsam durchdacht. Wir wollen, dass die Taschen der Pumpe Schutz bieten und au\u00dferdem bequem und diskret sitzen.","og_url":"https:\/\/annaps.com\/de\/tragen-einer-pumpe\/das-design-der-tasche\/","og_site_name":"AnnaPS","article_publisher":"https:\/\/www.facebook.com\/annaps.scandinavia\/","article_modified_time":"2018-10-25T07:07:42+00:00","twitter_card":"summary_large_image","twitter_misc":{"Est. reading time":"1 minute"},"schema":{"@context":"https:\/\/schema.org","@graph":[{"@type":"WebPage","@id":"https:\/\/annaps.com\/de\/tragen-einer-pumpe\/das-design-der-tasche\/","url":"https:\/\/annaps.com\/de\/tragen-einer-pumpe\/das-design-der-tasche\/","name":"So funktionieren unsere schlauen Taschen f\u00fcr Diabeteszubeh\u00f6r | AnnaPS","isPartOf":{"@id":"https:\/\/annaps.com\/de\/#website"},"datePublished":"2016-01-21T14:01:34+00:00","dateModified":"2018-10-25T07:07:42+00:00","description":"Das Design der Taschen in unserer Kleidung f\u00fcr Diabetiker ist sorgsam durchdacht. Wir wollen, dass die Taschen der Pumpe Schutz bieten und au\u00dferdem bequem und diskret sitzen.","breadcrumb":{"@id":"https:\/\/annaps.com\/de\/tragen-einer-pumpe\/das-design-der-tasche\/#breadcrumb"},"inLanguage":"de-DE","potentialAction":[{"@type":"ReadAction","target":["https:\/\/annaps.com\/de\/tragen-einer-pumpe\/das-design-der-tasche\/"]}]},{"@type":"BreadcrumbList","@id":"https:\/\/annaps.com\/de\/tragen-einer-pumpe\/das-design-der-tasche\/#breadcrumb","itemListElement":[{"@type":"ListItem","position":1,"name":"Hem","item":"https:\/\/annaps.com\/de\/"},{"@type":"ListItem","position":2,"name":"Tragen einer pumpe","item":"https:\/\/annaps.com\/de\/tragen-einer-pumpe\/"},{"@type":"ListItem","position":3,"name":"Das Design der Tasche"}]},{"@type":"WebSite","@id":"https:\/\/annaps.com\/de\/#website","url":"https:\/\/annaps.com\/de\/","name":"AnnaPS","description":"Det skall vara enkelt att b\u00e4ra!","potentialAction":[{"@type":"SearchAction","target":{"@type":"EntryPoint","urlTemplate":"https:\/\/annaps.com\/de\/?s={search_term_string}"},"query-input":{"@type":"PropertyValueSpecification","valueRequired":true,"valueName":"search_term_string"}}],"inLanguage":"de-DE"}]}},"_links":{"self":[{"href":"https:\/\/annaps.com\/de\/wp-json\/wp\/v2\/pages\/4164","targetHints":{"allow":["GET"]}}],"collection":[{"href":"https:\/\/annaps.com\/de\/wp-json\/wp\/v2\/pages"}],"about":[{"href":"https:\/\/annaps.com\/de\/wp-json\/wp\/v2\/types\/page"}],"author":[{"embeddable":true,"href":"https:\/\/annaps.com\/de\/wp-json\/wp\/v2\/users\/1"}],"replies":[{"embeddable":true,"href":"https:\/\/annaps.com\/de\/wp-json\/wp\/v2\/comments?post=4164"}],"version-history":[{"count":4,"href":"https:\/\/annaps.com\/de\/wp-json\/wp\/v2\/pages\/4164\/revisions"}],"predecessor-version":[{"id":28712,"href":"https:\/\/annaps.com\/de\/wp-json\/wp\/v2\/pages\/4164\/revisions\/28712"}],"up":[{"embeddable":true,"href":"https:\/\/annaps.com\/de\/wp-json\/wp\/v2\/pages\/3962"}],"wp:attachment":[{"href":"https:\/\/annaps.com\/de\/wp-json\/wp\/v2\/media?parent=4164"}],"curies":[{"name":"wp","href":"https:\/\/api.w.org\/{rel}","templated":true}]}}