{"id":4057,"date":"2016-01-21T13:16:47","date_gmt":"2016-01-21T13:16:47","guid":{"rendered":"https:\/\/www.annaps.com\/?page_id=4057&#038;lang=de"},"modified":"2018-05-08T14:11:29","modified_gmt":"2018-05-08T12:11:29","slug":"schwimmen-gehen-oder-einen-tag-am-strand-verbringen","status":"publish","type":"page","link":"https:\/\/annaps.com\/de\/schwimmen-gehen-oder-einen-tag-am-strand-verbringen\/","title":{"rendered":"Schwimmen gehen oder einen Tag am Strand verbringen"},"content":{"rendered":"<p><span style=\"font-weight: 400;\">Wir von AnnaPS bieten auch Bademode mit Taschen an, in der Sie Ihre Pumpe ohne eine Pumpentasche tragen k\u00f6nnen, wenn Sie z.B. an den Strand gehen. Falls Sie ohne Ihre Pumpe schwimmen gehen wollen, ist das kein Problem. Tragen Sie einfach eine zweite Badehose unter der von AnnaPS, ziehen Sie am Strand Ihre Badeshorts aus und lassen Sie die Pumpe einfach in der Tasche. So ist sie vor Sand und \u00c4hnlichem gesch\u00fctzt, w\u00e4hrend Sie im Wasser sind. Wenn Sie vom Schwimmen zur\u00fcckkommen, ziehen Sie einfach die AnnaPS Badehose wieder an und verbinden das Infusionsset. Falls Sie eine wasserfestePumpe haben, k\u00f6nnen Sie auch mit dieser in der Tasche Ihrer Badehose schwimmen gehen!<\/span><\/p>\n","protected":false},"excerpt":{"rendered":"<p>Wir von AnnaPS bieten auch Bademode mit Taschen an, in der Sie Ihre Pumpe ohne eine Pumpentasche tragen k\u00f6nnen, wenn Sie z.B. an den Strand gehen. Falls Sie ohne Ihre Pumpe schwimmen gehen wollen, ist das kein Problem. Tragen Sie einfach eine zweite Badehose unter der von AnnaPS, ziehen Sie am Strand Ihre Badeshorts aus [&hellip;]<\/p>\n","protected":false},"author":1,"featured_media":0,"parent":0,"menu_order":98,"comment_status":"closed","ping_status":"closed","template":"","meta":{"_acf_changed":false,"footnotes":""},"class_list":["post-4057","page","type-page","status-publish","hentry"],"acf":[],"yoast_head":"<!-- This site is optimized with the Yoast SEO plugin v27.1.1 - https:\/\/yoast.com\/product\/yoast-seo-wordpress\/ -->\n<title>Schwimmen gehen oder einen Tag am Strand verbringen - AnnaPS<\/title>\n<meta name=\"description\" content=\"AnnaPS makes clothes with integrated pockets to carry your diabetes devices such as insulin pump, pen and glucose meter. Stylish, high quality, functional and environmental focus.\" \/>\n<meta name=\"robots\" content=\"index, follow, max-snippet:-1, max-image-preview:large, max-video-preview:-1\" \/>\n<link rel=\"canonical\" href=\"https:\/\/annaps.com\/de\/schwimmen-gehen-oder-einen-tag-am-strand-verbringen\/\" \/>\n<meta property=\"og:locale\" content=\"de_DE\" \/>\n<meta property=\"og:type\" content=\"article\" \/>\n<meta property=\"og:title\" content=\"Schwimmen gehen oder einen Tag am Strand verbringen - AnnaPS\" \/>\n<meta property=\"og:description\" content=\"AnnaPS makes clothes with integrated pockets to carry your diabetes devices such as insulin pump, pen and glucose meter. Stylish, high quality, functional and environmental focus.\" \/>\n<meta property=\"og:url\" content=\"https:\/\/annaps.com\/de\/schwimmen-gehen-oder-einen-tag-am-strand-verbringen\/\" \/>\n<meta property=\"og:site_name\" content=\"AnnaPS\" \/>\n<meta property=\"article:publisher\" content=\"https:\/\/www.facebook.com\/annaps.scandinavia\/\" \/>\n<meta property=\"article:modified_time\" content=\"2018-05-08T12:11:29+00:00\" \/>\n<meta name=\"twitter:card\" content=\"summary_large_image\" \/>\n<meta name=\"twitter:label1\" content=\"Est. reading time\" \/>\n\t<meta name=\"twitter:data1\" content=\"1 minute\" \/>\n<script type=\"application\/ld+json\" class=\"yoast-schema-graph\">{\"@context\":\"https:\/\/schema.org\",\"@graph\":[{\"@type\":\"WebPage\",\"@id\":\"https:\/\/annaps.com\/de\/schwimmen-gehen-oder-einen-tag-am-strand-verbringen\/\",\"url\":\"https:\/\/annaps.com\/de\/schwimmen-gehen-oder-einen-tag-am-strand-verbringen\/\",\"name\":\"Schwimmen gehen oder einen Tag am Strand verbringen - AnnaPS\",\"isPartOf\":{\"@id\":\"https:\/\/annaps.com\/de\/#website\"},\"datePublished\":\"2016-01-21T13:16:47+00:00\",\"dateModified\":\"2018-05-08T12:11:29+00:00\",\"description\":\"AnnaPS makes clothes with integrated pockets to carry your diabetes devices such as insulin pump, pen and glucose meter. Stylish, high quality, functional and environmental focus.\",\"breadcrumb\":{\"@id\":\"https:\/\/annaps.com\/de\/schwimmen-gehen-oder-einen-tag-am-strand-verbringen\/#breadcrumb\"},\"inLanguage\":\"de-DE\",\"potentialAction\":[{\"@type\":\"ReadAction\",\"target\":[\"https:\/\/annaps.com\/de\/schwimmen-gehen-oder-einen-tag-am-strand-verbringen\/\"]}]},{\"@type\":\"BreadcrumbList\",\"@id\":\"https:\/\/annaps.com\/de\/schwimmen-gehen-oder-einen-tag-am-strand-verbringen\/#breadcrumb\",\"itemListElement\":[{\"@type\":\"ListItem\",\"position\":1,\"name\":\"Hem\",\"item\":\"https:\/\/annaps.com\/de\/\"},{\"@type\":\"ListItem\",\"position\":2,\"name\":\"Schwimmen gehen oder einen Tag am Strand verbringen\"}]},{\"@type\":\"WebSite\",\"@id\":\"https:\/\/annaps.com\/de\/#website\",\"url\":\"https:\/\/annaps.com\/de\/\",\"name\":\"AnnaPS\",\"description\":\"Det skall vara enkelt att b\u00e4ra!\",\"potentialAction\":[{\"@type\":\"SearchAction\",\"target\":{\"@type\":\"EntryPoint\",\"urlTemplate\":\"https:\/\/annaps.com\/de\/?s={search_term_string}\"},\"query-input\":{\"@type\":\"PropertyValueSpecification\",\"valueRequired\":true,\"valueName\":\"search_term_string\"}}],\"inLanguage\":\"de-DE\"}]}<\/script>\n<!-- \/ Yoast SEO plugin. -->","yoast_head_json":{"title":"Schwimmen gehen oder einen Tag am Strand verbringen - AnnaPS","description":"AnnaPS makes clothes with integrated pockets to carry your diabetes devices such as insulin pump, pen and glucose meter. Stylish, high quality, functional and environmental focus.","robots":{"index":"index","follow":"follow","max-snippet":"max-snippet:-1","max-image-preview":"max-image-preview:large","max-video-preview":"max-video-preview:-1"},"canonical":"https:\/\/annaps.com\/de\/schwimmen-gehen-oder-einen-tag-am-strand-verbringen\/","og_locale":"de_DE","og_type":"article","og_title":"Schwimmen gehen oder einen Tag am Strand verbringen - AnnaPS","og_description":"AnnaPS makes clothes with integrated pockets to carry your diabetes devices such as insulin pump, pen and glucose meter. Stylish, high quality, functional and environmental focus.","og_url":"https:\/\/annaps.com\/de\/schwimmen-gehen-oder-einen-tag-am-strand-verbringen\/","og_site_name":"AnnaPS","article_publisher":"https:\/\/www.facebook.com\/annaps.scandinavia\/","article_modified_time":"2018-05-08T12:11:29+00:00","twitter_card":"summary_large_image","twitter_misc":{"Est. reading time":"1 minute"},"schema":{"@context":"https:\/\/schema.org","@graph":[{"@type":"WebPage","@id":"https:\/\/annaps.com\/de\/schwimmen-gehen-oder-einen-tag-am-strand-verbringen\/","url":"https:\/\/annaps.com\/de\/schwimmen-gehen-oder-einen-tag-am-strand-verbringen\/","name":"Schwimmen gehen oder einen Tag am Strand verbringen - AnnaPS","isPartOf":{"@id":"https:\/\/annaps.com\/de\/#website"},"datePublished":"2016-01-21T13:16:47+00:00","dateModified":"2018-05-08T12:11:29+00:00","description":"AnnaPS makes clothes with integrated pockets to carry your diabetes devices such as insulin pump, pen and glucose meter. Stylish, high quality, functional and environmental focus.","breadcrumb":{"@id":"https:\/\/annaps.com\/de\/schwimmen-gehen-oder-einen-tag-am-strand-verbringen\/#breadcrumb"},"inLanguage":"de-DE","potentialAction":[{"@type":"ReadAction","target":["https:\/\/annaps.com\/de\/schwimmen-gehen-oder-einen-tag-am-strand-verbringen\/"]}]},{"@type":"BreadcrumbList","@id":"https:\/\/annaps.com\/de\/schwimmen-gehen-oder-einen-tag-am-strand-verbringen\/#breadcrumb","itemListElement":[{"@type":"ListItem","position":1,"name":"Hem","item":"https:\/\/annaps.com\/de\/"},{"@type":"ListItem","position":2,"name":"Schwimmen gehen oder einen Tag am Strand verbringen"}]},{"@type":"WebSite","@id":"https:\/\/annaps.com\/de\/#website","url":"https:\/\/annaps.com\/de\/","name":"AnnaPS","description":"Det skall vara enkelt att b\u00e4ra!","potentialAction":[{"@type":"SearchAction","target":{"@type":"EntryPoint","urlTemplate":"https:\/\/annaps.com\/de\/?s={search_term_string}"},"query-input":{"@type":"PropertyValueSpecification","valueRequired":true,"valueName":"search_term_string"}}],"inLanguage":"de-DE"}]}},"_links":{"self":[{"href":"https:\/\/annaps.com\/de\/wp-json\/wp\/v2\/pages\/4057","targetHints":{"allow":["GET"]}}],"collection":[{"href":"https:\/\/annaps.com\/de\/wp-json\/wp\/v2\/pages"}],"about":[{"href":"https:\/\/annaps.com\/de\/wp-json\/wp\/v2\/types\/page"}],"author":[{"embeddable":true,"href":"https:\/\/annaps.com\/de\/wp-json\/wp\/v2\/users\/1"}],"replies":[{"embeddable":true,"href":"https:\/\/annaps.com\/de\/wp-json\/wp\/v2\/comments?post=4057"}],"version-history":[{"count":3,"href":"https:\/\/annaps.com\/de\/wp-json\/wp\/v2\/pages\/4057\/revisions"}],"predecessor-version":[{"id":28769,"href":"https:\/\/annaps.com\/de\/wp-json\/wp\/v2\/pages\/4057\/revisions\/28769"}],"wp:attachment":[{"href":"https:\/\/annaps.com\/de\/wp-json\/wp\/v2\/media?parent=4057"}],"curies":[{"name":"wp","href":"https:\/\/api.w.org\/{rel}","templated":true}]}}