{"id":4047,"date":"2016-01-21T13:15:14","date_gmt":"2016-01-21T13:15:14","guid":{"rendered":"https:\/\/www.annaps.com\/?page_id=4047&#038;lang=de"},"modified":"2018-05-03T11:57:22","modified_gmt":"2018-05-03T09:57:22","slug":"schutz-vor-der-kaelte","status":"publish","type":"page","link":"https:\/\/annaps.com\/de\/schutz-vor-der-kaelte\/","title":{"rendered":"Schutz vor der K\u00e4lte"},"content":{"rendered":"<p><span style=\"font-weight: 400;\">Es ist wichtig, Ihre Pumpe vor der K\u00e4lte zu sch\u00fctzen. Fast jeder Diabetiker (zumindest die, die in nordischem Klima leben) hat Erfahrung mit Ger\u00e4ten, die aufgrund der niedrigen Temperaturen nicht funtionieren. Dieses Problem k\u00f6nnen Sie einfach l\u00f6sen, indem Sie die Pumpe in AnnaPS Kleidung mit Taschen verstauen. Manche tragen ihr AnnaPS Tanktop \u00fcber ihrer normalen Unterw\u00e4sche, sodass sie einen besseren Zugang zu ihrer Pumpe und ihrem Blutzuckermessger\u00e4t unter der Winterjacke haben. Auch Eltern von Kindern mit Typ 1 Diabetes tragen deren Glukosemessger\u00e4te in AnnaPS Kleidung, um sie vor der K\u00e4lte zu sch\u00fctzen. Lena Sturebrand war mit AnnaPS Kleidung bereits auf dem Mount Everest. Sie hat ihre Medikamente, ihr Blutzuckermessger\u00e4t und ihre Pumpe in AnnaPS Kleidung mit Taschen transportiert und so warm gehalten.<\/span><\/p>\n","protected":false},"excerpt":{"rendered":"<p>Es ist wichtig, Ihre Pumpe vor der K\u00e4lte zu sch\u00fctzen. Fast jeder Diabetiker (zumindest die, die in nordischem Klima leben) hat Erfahrung mit Ger\u00e4ten, die aufgrund der niedrigen Temperaturen nicht funtionieren. Dieses Problem k\u00f6nnen Sie einfach l\u00f6sen, indem Sie die Pumpe in AnnaPS Kleidung mit Taschen verstauen. Manche tragen ihr AnnaPS Tanktop \u00fcber ihrer normalen [&hellip;]<\/p>\n","protected":false},"author":1,"featured_media":0,"parent":0,"menu_order":106,"comment_status":"closed","ping_status":"closed","template":"","meta":{"_acf_changed":false,"footnotes":""},"class_list":["post-4047","page","type-page","status-publish","hentry"],"acf":[],"yoast_head":"<!-- This site is optimized with the Yoast SEO plugin v27.1.1 - https:\/\/yoast.com\/product\/yoast-seo-wordpress\/ -->\n<title>Schutz vor der K\u00e4lte - AnnaPS<\/title>\n<meta name=\"description\" content=\"AnnaPS makes clothes with integrated pockets to carry your diabetes devices such as insulin pump, pen and glucose meter. Stylish, high quality, functional and environmental focus.\" \/>\n<meta name=\"robots\" content=\"index, follow, max-snippet:-1, max-image-preview:large, max-video-preview:-1\" \/>\n<link rel=\"canonical\" href=\"https:\/\/annaps.com\/de\/schutz-vor-der-kaelte\/\" \/>\n<meta property=\"og:locale\" content=\"de_DE\" \/>\n<meta property=\"og:type\" content=\"article\" \/>\n<meta property=\"og:title\" content=\"Schutz vor der K\u00e4lte - AnnaPS\" \/>\n<meta property=\"og:description\" content=\"AnnaPS makes clothes with integrated pockets to carry your diabetes devices such as insulin pump, pen and glucose meter. Stylish, high quality, functional and environmental focus.\" \/>\n<meta property=\"og:url\" content=\"https:\/\/annaps.com\/de\/schutz-vor-der-kaelte\/\" \/>\n<meta property=\"og:site_name\" content=\"AnnaPS\" \/>\n<meta property=\"article:publisher\" content=\"https:\/\/www.facebook.com\/annaps.scandinavia\/\" \/>\n<meta property=\"article:modified_time\" content=\"2018-05-03T09:57:22+00:00\" \/>\n<meta name=\"twitter:card\" content=\"summary_large_image\" \/>\n<meta name=\"twitter:label1\" content=\"Est. reading time\" \/>\n\t<meta name=\"twitter:data1\" content=\"1 minute\" \/>\n<script type=\"application\/ld+json\" class=\"yoast-schema-graph\">{\"@context\":\"https:\/\/schema.org\",\"@graph\":[{\"@type\":\"WebPage\",\"@id\":\"https:\/\/annaps.com\/de\/schutz-vor-der-kaelte\/\",\"url\":\"https:\/\/annaps.com\/de\/schutz-vor-der-kaelte\/\",\"name\":\"Schutz vor der K\u00e4lte - AnnaPS\",\"isPartOf\":{\"@id\":\"https:\/\/annaps.com\/de\/#website\"},\"datePublished\":\"2016-01-21T13:15:14+00:00\",\"dateModified\":\"2018-05-03T09:57:22+00:00\",\"description\":\"AnnaPS makes clothes with integrated pockets to carry your diabetes devices such as insulin pump, pen and glucose meter. Stylish, high quality, functional and environmental focus.\",\"breadcrumb\":{\"@id\":\"https:\/\/annaps.com\/de\/schutz-vor-der-kaelte\/#breadcrumb\"},\"inLanguage\":\"de-DE\",\"potentialAction\":[{\"@type\":\"ReadAction\",\"target\":[\"https:\/\/annaps.com\/de\/schutz-vor-der-kaelte\/\"]}]},{\"@type\":\"BreadcrumbList\",\"@id\":\"https:\/\/annaps.com\/de\/schutz-vor-der-kaelte\/#breadcrumb\",\"itemListElement\":[{\"@type\":\"ListItem\",\"position\":1,\"name\":\"Hem\",\"item\":\"https:\/\/annaps.com\/de\/\"},{\"@type\":\"ListItem\",\"position\":2,\"name\":\"Schutz vor der K\u00e4lte\"}]},{\"@type\":\"WebSite\",\"@id\":\"https:\/\/annaps.com\/de\/#website\",\"url\":\"https:\/\/annaps.com\/de\/\",\"name\":\"AnnaPS\",\"description\":\"Det skall vara enkelt att b\u00e4ra!\",\"potentialAction\":[{\"@type\":\"SearchAction\",\"target\":{\"@type\":\"EntryPoint\",\"urlTemplate\":\"https:\/\/annaps.com\/de\/?s={search_term_string}\"},\"query-input\":{\"@type\":\"PropertyValueSpecification\",\"valueRequired\":true,\"valueName\":\"search_term_string\"}}],\"inLanguage\":\"de-DE\"}]}<\/script>\n<!-- \/ Yoast SEO plugin. -->","yoast_head_json":{"title":"Schutz vor der K\u00e4lte - AnnaPS","description":"AnnaPS makes clothes with integrated pockets to carry your diabetes devices such as insulin pump, pen and glucose meter. Stylish, high quality, functional and environmental focus.","robots":{"index":"index","follow":"follow","max-snippet":"max-snippet:-1","max-image-preview":"max-image-preview:large","max-video-preview":"max-video-preview:-1"},"canonical":"https:\/\/annaps.com\/de\/schutz-vor-der-kaelte\/","og_locale":"de_DE","og_type":"article","og_title":"Schutz vor der K\u00e4lte - AnnaPS","og_description":"AnnaPS makes clothes with integrated pockets to carry your diabetes devices such as insulin pump, pen and glucose meter. Stylish, high quality, functional and environmental focus.","og_url":"https:\/\/annaps.com\/de\/schutz-vor-der-kaelte\/","og_site_name":"AnnaPS","article_publisher":"https:\/\/www.facebook.com\/annaps.scandinavia\/","article_modified_time":"2018-05-03T09:57:22+00:00","twitter_card":"summary_large_image","twitter_misc":{"Est. reading time":"1 minute"},"schema":{"@context":"https:\/\/schema.org","@graph":[{"@type":"WebPage","@id":"https:\/\/annaps.com\/de\/schutz-vor-der-kaelte\/","url":"https:\/\/annaps.com\/de\/schutz-vor-der-kaelte\/","name":"Schutz vor der K\u00e4lte - AnnaPS","isPartOf":{"@id":"https:\/\/annaps.com\/de\/#website"},"datePublished":"2016-01-21T13:15:14+00:00","dateModified":"2018-05-03T09:57:22+00:00","description":"AnnaPS makes clothes with integrated pockets to carry your diabetes devices such as insulin pump, pen and glucose meter. Stylish, high quality, functional and environmental focus.","breadcrumb":{"@id":"https:\/\/annaps.com\/de\/schutz-vor-der-kaelte\/#breadcrumb"},"inLanguage":"de-DE","potentialAction":[{"@type":"ReadAction","target":["https:\/\/annaps.com\/de\/schutz-vor-der-kaelte\/"]}]},{"@type":"BreadcrumbList","@id":"https:\/\/annaps.com\/de\/schutz-vor-der-kaelte\/#breadcrumb","itemListElement":[{"@type":"ListItem","position":1,"name":"Hem","item":"https:\/\/annaps.com\/de\/"},{"@type":"ListItem","position":2,"name":"Schutz vor der K\u00e4lte"}]},{"@type":"WebSite","@id":"https:\/\/annaps.com\/de\/#website","url":"https:\/\/annaps.com\/de\/","name":"AnnaPS","description":"Det skall vara enkelt att b\u00e4ra!","potentialAction":[{"@type":"SearchAction","target":{"@type":"EntryPoint","urlTemplate":"https:\/\/annaps.com\/de\/?s={search_term_string}"},"query-input":{"@type":"PropertyValueSpecification","valueRequired":true,"valueName":"search_term_string"}}],"inLanguage":"de-DE"}]}},"_links":{"self":[{"href":"https:\/\/annaps.com\/de\/wp-json\/wp\/v2\/pages\/4047","targetHints":{"allow":["GET"]}}],"collection":[{"href":"https:\/\/annaps.com\/de\/wp-json\/wp\/v2\/pages"}],"about":[{"href":"https:\/\/annaps.com\/de\/wp-json\/wp\/v2\/types\/page"}],"author":[{"embeddable":true,"href":"https:\/\/annaps.com\/de\/wp-json\/wp\/v2\/users\/1"}],"replies":[{"embeddable":true,"href":"https:\/\/annaps.com\/de\/wp-json\/wp\/v2\/comments?post=4047"}],"version-history":[{"count":3,"href":"https:\/\/annaps.com\/de\/wp-json\/wp\/v2\/pages\/4047\/revisions"}],"predecessor-version":[{"id":28721,"href":"https:\/\/annaps.com\/de\/wp-json\/wp\/v2\/pages\/4047\/revisions\/28721"}],"wp:attachment":[{"href":"https:\/\/annaps.com\/de\/wp-json\/wp\/v2\/media?parent=4047"}],"curies":[{"name":"wp","href":"https:\/\/api.w.org\/{rel}","templated":true}]}}