{"id":3992,"date":"2016-01-21T12:58:25","date_gmt":"2016-01-21T12:58:25","guid":{"rendered":"https:\/\/www.annaps.com\/?page_id=3992&#038;lang=de"},"modified":"2018-05-03T11:43:00","modified_gmt":"2018-05-03T09:43:00","slug":"die-insulinpumpe-verstecken","status":"publish","type":"page","link":"https:\/\/annaps.com\/de\/die-insulinpumpe-verstecken\/","title":{"rendered":"Die Insulinpumpe verstecken"},"content":{"rendered":"<p><span style=\"font-weight: 400;\">Ist Ihnen eine Pumpentasche zu auff\u00e4llig? Wenn Sie die Pumpe unauff\u00e4llig und diskret tragen wollen, empfehlen wir Ihnen, die AnnaPS Kleidung zu nutzen. Sie k\u00f6nnen ungest\u00f6rt und sicher schlafen, sich in \u00f6ffentlichen Umkleiden umziehen, einen Tag am Strand verbringen und nur leicht bekleidet sein, ohne dabei Ihre Pumpe zu zeigen. Wenn Sie Ihre Kleidung wechseln, behalten Sie die Pumpe einfach in der Tasche w\u00e4hrend Sie sich ausziehen. Lassen Sie sie dann in das neue Kleidungsst\u00fcck rutschen und ziehen dies dann an \u2013 niemand wird die Pumpe bemerken.<\/span><\/p>\n","protected":false},"excerpt":{"rendered":"<p>Ist Ihnen eine Pumpentasche zu auff\u00e4llig? Wenn Sie die Pumpe unauff\u00e4llig und diskret tragen wollen, empfehlen wir Ihnen, die AnnaPS Kleidung zu nutzen. Sie k\u00f6nnen ungest\u00f6rt und sicher schlafen, sich in \u00f6ffentlichen Umkleiden umziehen, einen Tag am Strand verbringen und nur leicht bekleidet sein, ohne dabei Ihre Pumpe zu zeigen. Wenn Sie Ihre Kleidung wechseln, [&hellip;]<\/p>\n","protected":false},"author":1,"featured_media":0,"parent":0,"menu_order":96,"comment_status":"closed","ping_status":"closed","template":"","meta":{"_acf_changed":false,"footnotes":""},"class_list":["post-3992","page","type-page","status-publish","hentry"],"acf":[],"yoast_head":"<!-- This site is optimized with the Yoast SEO plugin v27.1.1 - https:\/\/yoast.com\/product\/yoast-seo-wordpress\/ -->\n<title>Die Insulinpumpe verstecken - AnnaPS<\/title>\n<meta name=\"description\" content=\"AnnaPS makes clothes with integrated pockets to carry your diabetes devices such as insulin pump, pen and glucose meter. Stylish, high quality, functional and environmental focus.\" \/>\n<meta name=\"robots\" content=\"index, follow, max-snippet:-1, max-image-preview:large, max-video-preview:-1\" \/>\n<link rel=\"canonical\" href=\"https:\/\/annaps.com\/de\/die-insulinpumpe-verstecken\/\" \/>\n<meta property=\"og:locale\" content=\"de_DE\" \/>\n<meta property=\"og:type\" content=\"article\" \/>\n<meta property=\"og:title\" content=\"Die Insulinpumpe verstecken - AnnaPS\" \/>\n<meta property=\"og:description\" content=\"AnnaPS makes clothes with integrated pockets to carry your diabetes devices such as insulin pump, pen and glucose meter. Stylish, high quality, functional and environmental focus.\" \/>\n<meta property=\"og:url\" content=\"https:\/\/annaps.com\/de\/die-insulinpumpe-verstecken\/\" \/>\n<meta property=\"og:site_name\" content=\"AnnaPS\" \/>\n<meta property=\"article:publisher\" content=\"https:\/\/www.facebook.com\/annaps.scandinavia\/\" \/>\n<meta property=\"article:modified_time\" content=\"2018-05-03T09:43:00+00:00\" \/>\n<meta name=\"twitter:card\" content=\"summary_large_image\" \/>\n<script type=\"application\/ld+json\" class=\"yoast-schema-graph\">{\"@context\":\"https:\/\/schema.org\",\"@graph\":[{\"@type\":\"WebPage\",\"@id\":\"https:\/\/annaps.com\/de\/die-insulinpumpe-verstecken\/\",\"url\":\"https:\/\/annaps.com\/de\/die-insulinpumpe-verstecken\/\",\"name\":\"Die Insulinpumpe verstecken - AnnaPS\",\"isPartOf\":{\"@id\":\"https:\/\/annaps.com\/de\/#website\"},\"datePublished\":\"2016-01-21T12:58:25+00:00\",\"dateModified\":\"2018-05-03T09:43:00+00:00\",\"description\":\"AnnaPS makes clothes with integrated pockets to carry your diabetes devices such as insulin pump, pen and glucose meter. Stylish, high quality, functional and environmental focus.\",\"breadcrumb\":{\"@id\":\"https:\/\/annaps.com\/de\/die-insulinpumpe-verstecken\/#breadcrumb\"},\"inLanguage\":\"de-DE\",\"potentialAction\":[{\"@type\":\"ReadAction\",\"target\":[\"https:\/\/annaps.com\/de\/die-insulinpumpe-verstecken\/\"]}]},{\"@type\":\"BreadcrumbList\",\"@id\":\"https:\/\/annaps.com\/de\/die-insulinpumpe-verstecken\/#breadcrumb\",\"itemListElement\":[{\"@type\":\"ListItem\",\"position\":1,\"name\":\"Hem\",\"item\":\"https:\/\/annaps.com\/de\/\"},{\"@type\":\"ListItem\",\"position\":2,\"name\":\"Die Insulinpumpe verstecken\"}]},{\"@type\":\"WebSite\",\"@id\":\"https:\/\/annaps.com\/de\/#website\",\"url\":\"https:\/\/annaps.com\/de\/\",\"name\":\"AnnaPS\",\"description\":\"Det skall vara enkelt att b\u00e4ra!\",\"potentialAction\":[{\"@type\":\"SearchAction\",\"target\":{\"@type\":\"EntryPoint\",\"urlTemplate\":\"https:\/\/annaps.com\/de\/?s={search_term_string}\"},\"query-input\":{\"@type\":\"PropertyValueSpecification\",\"valueRequired\":true,\"valueName\":\"search_term_string\"}}],\"inLanguage\":\"de-DE\"}]}<\/script>\n<!-- \/ Yoast SEO plugin. -->","yoast_head_json":{"title":"Die Insulinpumpe verstecken - AnnaPS","description":"AnnaPS makes clothes with integrated pockets to carry your diabetes devices such as insulin pump, pen and glucose meter. Stylish, high quality, functional and environmental focus.","robots":{"index":"index","follow":"follow","max-snippet":"max-snippet:-1","max-image-preview":"max-image-preview:large","max-video-preview":"max-video-preview:-1"},"canonical":"https:\/\/annaps.com\/de\/die-insulinpumpe-verstecken\/","og_locale":"de_DE","og_type":"article","og_title":"Die Insulinpumpe verstecken - AnnaPS","og_description":"AnnaPS makes clothes with integrated pockets to carry your diabetes devices such as insulin pump, pen and glucose meter. Stylish, high quality, functional and environmental focus.","og_url":"https:\/\/annaps.com\/de\/die-insulinpumpe-verstecken\/","og_site_name":"AnnaPS","article_publisher":"https:\/\/www.facebook.com\/annaps.scandinavia\/","article_modified_time":"2018-05-03T09:43:00+00:00","twitter_card":"summary_large_image","schema":{"@context":"https:\/\/schema.org","@graph":[{"@type":"WebPage","@id":"https:\/\/annaps.com\/de\/die-insulinpumpe-verstecken\/","url":"https:\/\/annaps.com\/de\/die-insulinpumpe-verstecken\/","name":"Die Insulinpumpe verstecken - AnnaPS","isPartOf":{"@id":"https:\/\/annaps.com\/de\/#website"},"datePublished":"2016-01-21T12:58:25+00:00","dateModified":"2018-05-03T09:43:00+00:00","description":"AnnaPS makes clothes with integrated pockets to carry your diabetes devices such as insulin pump, pen and glucose meter. Stylish, high quality, functional and environmental focus.","breadcrumb":{"@id":"https:\/\/annaps.com\/de\/die-insulinpumpe-verstecken\/#breadcrumb"},"inLanguage":"de-DE","potentialAction":[{"@type":"ReadAction","target":["https:\/\/annaps.com\/de\/die-insulinpumpe-verstecken\/"]}]},{"@type":"BreadcrumbList","@id":"https:\/\/annaps.com\/de\/die-insulinpumpe-verstecken\/#breadcrumb","itemListElement":[{"@type":"ListItem","position":1,"name":"Hem","item":"https:\/\/annaps.com\/de\/"},{"@type":"ListItem","position":2,"name":"Die Insulinpumpe verstecken"}]},{"@type":"WebSite","@id":"https:\/\/annaps.com\/de\/#website","url":"https:\/\/annaps.com\/de\/","name":"AnnaPS","description":"Det skall vara enkelt att b\u00e4ra!","potentialAction":[{"@type":"SearchAction","target":{"@type":"EntryPoint","urlTemplate":"https:\/\/annaps.com\/de\/?s={search_term_string}"},"query-input":{"@type":"PropertyValueSpecification","valueRequired":true,"valueName":"search_term_string"}}],"inLanguage":"de-DE"}]}},"_links":{"self":[{"href":"https:\/\/annaps.com\/de\/wp-json\/wp\/v2\/pages\/3992","targetHints":{"allow":["GET"]}}],"collection":[{"href":"https:\/\/annaps.com\/de\/wp-json\/wp\/v2\/pages"}],"about":[{"href":"https:\/\/annaps.com\/de\/wp-json\/wp\/v2\/types\/page"}],"author":[{"embeddable":true,"href":"https:\/\/annaps.com\/de\/wp-json\/wp\/v2\/users\/1"}],"replies":[{"embeddable":true,"href":"https:\/\/annaps.com\/de\/wp-json\/wp\/v2\/comments?post=3992"}],"version-history":[{"count":2,"href":"https:\/\/annaps.com\/de\/wp-json\/wp\/v2\/pages\/3992\/revisions"}],"predecessor-version":[{"id":28704,"href":"https:\/\/annaps.com\/de\/wp-json\/wp\/v2\/pages\/3992\/revisions\/28704"}],"wp:attachment":[{"href":"https:\/\/annaps.com\/de\/wp-json\/wp\/v2\/media?parent=3992"}],"curies":[{"name":"wp","href":"https:\/\/api.w.org\/{rel}","templated":true}]}}