{"id":3976,"date":"2016-01-21T12:54:30","date_gmt":"2016-01-21T12:54:30","guid":{"rendered":"https:\/\/www.annaps.com\/?page_id=3976&#038;lang=de"},"modified":"2018-05-03T11:59:05","modified_gmt":"2018-05-03T09:59:05","slug":"die-haende-frei-haben","status":"publish","type":"page","link":"https:\/\/annaps.com\/de\/die-haende-frei-haben\/","title":{"rendered":"Die H\u00e4nde frei haben"},"content":{"rendered":"<p><span style=\"font-weight: 400;\">Lassen Sie Ihre Pumpentasche zu Hause und tragen Sie Ihre Pumpe stattdessen in AnnaPS Kleidung mit integrierten Taschen. Die AnnaPS Produkte erm\u00f6glichen es Ihnen die H\u00e4nde frei zu haben, statt Ihre Pumpe halten zu m\u00fcssen. Au\u00dferdem besteht kein Risiko, die Pumpe fallen zu lassen oder das Infusionsset auseinanderzurei\u00dfen. Wir geben Ihnen die M\u00f6glichkeit, Ihre Pumpentasche zu Hause zu lassen. Alles was Sie brauchen k\u00f6nnen Sie in den AnnaPS Produkten transportieren. F\u00fcr ein bestm\u00f6gliches, bequemes Tragen empfehlen wir Ihnen, enganliegende Kleidung zu kaufen. Dadurch verrutschen Ihre Ger\u00e4te auch dann nicht, wenn Sie sich bewegen.<\/span><\/p>\n","protected":false},"excerpt":{"rendered":"<p>Lassen Sie Ihre Pumpentasche zu Hause und tragen Sie Ihre Pumpe stattdessen in AnnaPS Kleidung mit integrierten Taschen. Die AnnaPS Produkte erm\u00f6glichen es Ihnen die H\u00e4nde frei zu haben, statt Ihre Pumpe halten zu m\u00fcssen. Au\u00dferdem besteht kein Risiko, die Pumpe fallen zu lassen oder das Infusionsset auseinanderzurei\u00dfen. Wir geben Ihnen die M\u00f6glichkeit, Ihre Pumpentasche [&hellip;]<\/p>\n","protected":false},"author":1,"featured_media":0,"parent":0,"menu_order":118,"comment_status":"closed","ping_status":"closed","template":"","meta":{"_acf_changed":false,"footnotes":""},"class_list":["post-3976","page","type-page","status-publish","hentry"],"acf":[],"yoast_head":"<!-- This site is optimized with the Yoast SEO plugin v27.1.1 - https:\/\/yoast.com\/product\/yoast-seo-wordpress\/ -->\n<title>Die H\u00e4nde frei haben - AnnaPS<\/title>\n<meta name=\"description\" content=\"AnnaPS makes clothes with integrated pockets to carry your diabetes devices such as insulin pump, pen and glucose meter. Stylish, high quality, functional and environmental focus.\" \/>\n<meta name=\"robots\" content=\"index, follow, max-snippet:-1, max-image-preview:large, max-video-preview:-1\" \/>\n<link rel=\"canonical\" href=\"https:\/\/annaps.com\/de\/die-haende-frei-haben\/\" \/>\n<meta property=\"og:locale\" content=\"de_DE\" \/>\n<meta property=\"og:type\" content=\"article\" \/>\n<meta property=\"og:title\" content=\"Die H\u00e4nde frei haben - AnnaPS\" \/>\n<meta property=\"og:description\" content=\"AnnaPS makes clothes with integrated pockets to carry your diabetes devices such as insulin pump, pen and glucose meter. Stylish, high quality, functional and environmental focus.\" \/>\n<meta property=\"og:url\" content=\"https:\/\/annaps.com\/de\/die-haende-frei-haben\/\" \/>\n<meta property=\"og:site_name\" content=\"AnnaPS\" \/>\n<meta property=\"article:publisher\" content=\"https:\/\/www.facebook.com\/annaps.scandinavia\/\" \/>\n<meta property=\"article:modified_time\" content=\"2018-05-03T09:59:05+00:00\" \/>\n<meta name=\"twitter:card\" content=\"summary_large_image\" \/>\n<meta name=\"twitter:label1\" content=\"Est. reading time\" \/>\n\t<meta name=\"twitter:data1\" content=\"1 minute\" \/>\n<script type=\"application\/ld+json\" class=\"yoast-schema-graph\">{\"@context\":\"https:\/\/schema.org\",\"@graph\":[{\"@type\":\"WebPage\",\"@id\":\"https:\/\/annaps.com\/de\/die-haende-frei-haben\/\",\"url\":\"https:\/\/annaps.com\/de\/die-haende-frei-haben\/\",\"name\":\"Die H\u00e4nde frei haben - AnnaPS\",\"isPartOf\":{\"@id\":\"https:\/\/annaps.com\/de\/#website\"},\"datePublished\":\"2016-01-21T12:54:30+00:00\",\"dateModified\":\"2018-05-03T09:59:05+00:00\",\"description\":\"AnnaPS makes clothes with integrated pockets to carry your diabetes devices such as insulin pump, pen and glucose meter. Stylish, high quality, functional and environmental focus.\",\"breadcrumb\":{\"@id\":\"https:\/\/annaps.com\/de\/die-haende-frei-haben\/#breadcrumb\"},\"inLanguage\":\"de-DE\",\"potentialAction\":[{\"@type\":\"ReadAction\",\"target\":[\"https:\/\/annaps.com\/de\/die-haende-frei-haben\/\"]}]},{\"@type\":\"BreadcrumbList\",\"@id\":\"https:\/\/annaps.com\/de\/die-haende-frei-haben\/#breadcrumb\",\"itemListElement\":[{\"@type\":\"ListItem\",\"position\":1,\"name\":\"Hem\",\"item\":\"https:\/\/annaps.com\/de\/\"},{\"@type\":\"ListItem\",\"position\":2,\"name\":\"Die H\u00e4nde frei haben\"}]},{\"@type\":\"WebSite\",\"@id\":\"https:\/\/annaps.com\/de\/#website\",\"url\":\"https:\/\/annaps.com\/de\/\",\"name\":\"AnnaPS\",\"description\":\"Det skall vara enkelt att b\u00e4ra!\",\"potentialAction\":[{\"@type\":\"SearchAction\",\"target\":{\"@type\":\"EntryPoint\",\"urlTemplate\":\"https:\/\/annaps.com\/de\/?s={search_term_string}\"},\"query-input\":{\"@type\":\"PropertyValueSpecification\",\"valueRequired\":true,\"valueName\":\"search_term_string\"}}],\"inLanguage\":\"de-DE\"}]}<\/script>\n<!-- \/ Yoast SEO plugin. -->","yoast_head_json":{"title":"Die H\u00e4nde frei haben - AnnaPS","description":"AnnaPS makes clothes with integrated pockets to carry your diabetes devices such as insulin pump, pen and glucose meter. Stylish, high quality, functional and environmental focus.","robots":{"index":"index","follow":"follow","max-snippet":"max-snippet:-1","max-image-preview":"max-image-preview:large","max-video-preview":"max-video-preview:-1"},"canonical":"https:\/\/annaps.com\/de\/die-haende-frei-haben\/","og_locale":"de_DE","og_type":"article","og_title":"Die H\u00e4nde frei haben - AnnaPS","og_description":"AnnaPS makes clothes with integrated pockets to carry your diabetes devices such as insulin pump, pen and glucose meter. Stylish, high quality, functional and environmental focus.","og_url":"https:\/\/annaps.com\/de\/die-haende-frei-haben\/","og_site_name":"AnnaPS","article_publisher":"https:\/\/www.facebook.com\/annaps.scandinavia\/","article_modified_time":"2018-05-03T09:59:05+00:00","twitter_card":"summary_large_image","twitter_misc":{"Est. reading time":"1 minute"},"schema":{"@context":"https:\/\/schema.org","@graph":[{"@type":"WebPage","@id":"https:\/\/annaps.com\/de\/die-haende-frei-haben\/","url":"https:\/\/annaps.com\/de\/die-haende-frei-haben\/","name":"Die H\u00e4nde frei haben - AnnaPS","isPartOf":{"@id":"https:\/\/annaps.com\/de\/#website"},"datePublished":"2016-01-21T12:54:30+00:00","dateModified":"2018-05-03T09:59:05+00:00","description":"AnnaPS makes clothes with integrated pockets to carry your diabetes devices such as insulin pump, pen and glucose meter. Stylish, high quality, functional and environmental focus.","breadcrumb":{"@id":"https:\/\/annaps.com\/de\/die-haende-frei-haben\/#breadcrumb"},"inLanguage":"de-DE","potentialAction":[{"@type":"ReadAction","target":["https:\/\/annaps.com\/de\/die-haende-frei-haben\/"]}]},{"@type":"BreadcrumbList","@id":"https:\/\/annaps.com\/de\/die-haende-frei-haben\/#breadcrumb","itemListElement":[{"@type":"ListItem","position":1,"name":"Hem","item":"https:\/\/annaps.com\/de\/"},{"@type":"ListItem","position":2,"name":"Die H\u00e4nde frei haben"}]},{"@type":"WebSite","@id":"https:\/\/annaps.com\/de\/#website","url":"https:\/\/annaps.com\/de\/","name":"AnnaPS","description":"Det skall vara enkelt att b\u00e4ra!","potentialAction":[{"@type":"SearchAction","target":{"@type":"EntryPoint","urlTemplate":"https:\/\/annaps.com\/de\/?s={search_term_string}"},"query-input":{"@type":"PropertyValueSpecification","valueRequired":true,"valueName":"search_term_string"}}],"inLanguage":"de-DE"}]}},"_links":{"self":[{"href":"https:\/\/annaps.com\/de\/wp-json\/wp\/v2\/pages\/3976","targetHints":{"allow":["GET"]}}],"collection":[{"href":"https:\/\/annaps.com\/de\/wp-json\/wp\/v2\/pages"}],"about":[{"href":"https:\/\/annaps.com\/de\/wp-json\/wp\/v2\/types\/page"}],"author":[{"embeddable":true,"href":"https:\/\/annaps.com\/de\/wp-json\/wp\/v2\/users\/1"}],"replies":[{"embeddable":true,"href":"https:\/\/annaps.com\/de\/wp-json\/wp\/v2\/comments?post=3976"}],"version-history":[{"count":3,"href":"https:\/\/annaps.com\/de\/wp-json\/wp\/v2\/pages\/3976\/revisions"}],"predecessor-version":[{"id":28156,"href":"https:\/\/annaps.com\/de\/wp-json\/wp\/v2\/pages\/3976\/revisions\/28156"}],"wp:attachment":[{"href":"https:\/\/annaps.com\/de\/wp-json\/wp\/v2\/media?parent=3976"}],"curies":[{"name":"wp","href":"https:\/\/api.w.org\/{rel}","templated":true}]}}