{"id":3962,"date":"2016-01-21T12:51:26","date_gmt":"2016-01-21T12:51:26","guid":{"rendered":"https:\/\/www.annaps.com\/?page_id=3962&#038;lang=de"},"modified":"2018-10-23T15:51:00","modified_gmt":"2018-10-23T13:51:00","slug":"tragen-einer-pumpe","status":"publish","type":"page","link":"https:\/\/annaps.com\/de\/tragen-einer-pumpe\/","title":{"rendered":"Tragen einer pumpe"},"content":{"rendered":"<p>Die Pumpe in AnnaPS Kleidung zu tragen bedeutet, dass sie ein Teil von Ihnen wird. Sie k\u00f6nnen alles machen, was Sie wollen, ohne dabei von Ihrer Pumpeumpe oder einer Extratasche beeintr\u00e4chtigt zu werden.<\/p>\n<p><strong>Tipps \u00a0&#8211; siehe weiter unten!<\/strong><\/p>\n<p><span style=\"font-weight: 400;\">Als Diabetiker m\u00fcssen Sie immer gro\u00dfe Taschen mit sich herumtragen, weil es so viele Dinge gibt, die Sie \u00fcberallhin mitnehmen m\u00fcssen: Medikamente, Blutzuckermessger\u00e4t, Traubenzucker, Handger\u00e4te, Snacks, Glukagon. <\/span><\/p>\n<p><span style=\"font-weight: 400;\">Unser Ziel bei AnnaPS ist es, das Leben mit Diabetes zu erleichtern indem wir Kleidung mit Taschen f\u00fcr Pumpen und mehr anbieten. Im Folgenden m\u00f6chten wir Ihnen erkl\u00e4ren, wie das Tragen von AnnaPS Kleidung Ihr Leben ein bisschen einfacher machen kann. Vergessen Sie Ihre Pumpentasche und bringen Sie stattdessen alles was Sie brauchen in modischer Kleidung mit integrierten Taschen unter. <\/span><\/p>\n","protected":false},"excerpt":{"rendered":"<p>Die Pumpe in AnnaPS Kleidung zu tragen bedeutet, dass sie ein Teil von Ihnen wird. Sie k\u00f6nnen alles machen, was Sie wollen, ohne dabei von Ihrer Pumpeumpe oder einer Extratasche beeintr\u00e4chtigt zu werden. Tipps \u00a0&#8211; siehe weiter unten! Als Diabetiker m\u00fcssen Sie immer gro\u00dfe Taschen mit sich herumtragen, weil es so viele Dinge gibt, die [&hellip;]<\/p>\n","protected":false},"author":1,"featured_media":0,"parent":0,"menu_order":99,"comment_status":"closed","ping_status":"closed","template":"","meta":{"_acf_changed":false,"footnotes":""},"class_list":["post-3962","page","type-page","status-publish","hentry"],"acf":[],"yoast_head":"<!-- This site is optimized with the Yoast SEO plugin v27.1.1 - https:\/\/yoast.com\/product\/yoast-seo-wordpress\/ -->\n<title>Pumpe \u2013 Immer bei Dir in unserer Diabeteskleidung | AnnaPS<\/title>\n<meta name=\"description\" content=\"Diabeteskleidung von AnnaPS hat integrierte Taschen, die Deiner Pumpe Platz bieten. Wir wollen, dass Dein Leben als DiabetikerIn so einfach wie m\u00f6glich ist. Lies mehr \u00fcber Deine M\u00f6glichkeiten auf unserer Homepage!\" \/>\n<meta name=\"robots\" content=\"index, follow, max-snippet:-1, max-image-preview:large, max-video-preview:-1\" \/>\n<link rel=\"canonical\" href=\"https:\/\/annaps.com\/de\/tragen-einer-pumpe\/\" \/>\n<meta property=\"og:locale\" content=\"de_DE\" \/>\n<meta property=\"og:type\" content=\"article\" \/>\n<meta property=\"og:title\" content=\"Pumpe \u2013 Immer bei Dir in unserer Diabeteskleidung | AnnaPS\" \/>\n<meta property=\"og:description\" content=\"Diabeteskleidung von AnnaPS hat integrierte Taschen, die Deiner Pumpe Platz bieten. Wir wollen, dass Dein Leben als DiabetikerIn so einfach wie m\u00f6glich ist. Lies mehr \u00fcber Deine M\u00f6glichkeiten auf unserer Homepage!\" \/>\n<meta property=\"og:url\" content=\"https:\/\/annaps.com\/de\/tragen-einer-pumpe\/\" \/>\n<meta property=\"og:site_name\" content=\"AnnaPS\" \/>\n<meta property=\"article:publisher\" content=\"https:\/\/www.facebook.com\/annaps.scandinavia\/\" \/>\n<meta property=\"article:modified_time\" content=\"2018-10-23T13:51:00+00:00\" \/>\n<meta name=\"twitter:card\" content=\"summary_large_image\" \/>\n<meta name=\"twitter:label1\" content=\"Est. reading time\" \/>\n\t<meta name=\"twitter:data1\" content=\"1 minute\" \/>\n<script type=\"application\/ld+json\" class=\"yoast-schema-graph\">{\"@context\":\"https:\/\/schema.org\",\"@graph\":[{\"@type\":\"WebPage\",\"@id\":\"https:\/\/annaps.com\/de\/tragen-einer-pumpe\/\",\"url\":\"https:\/\/annaps.com\/de\/tragen-einer-pumpe\/\",\"name\":\"Pumpe \u2013 Immer bei Dir in unserer Diabeteskleidung | AnnaPS\",\"isPartOf\":{\"@id\":\"https:\/\/annaps.com\/de\/#website\"},\"datePublished\":\"2016-01-21T12:51:26+00:00\",\"dateModified\":\"2018-10-23T13:51:00+00:00\",\"description\":\"Diabeteskleidung von AnnaPS hat integrierte Taschen, die Deiner Pumpe Platz bieten. Wir wollen, dass Dein Leben als DiabetikerIn so einfach wie m\u00f6glich ist. Lies mehr \u00fcber Deine M\u00f6glichkeiten auf unserer Homepage!\",\"breadcrumb\":{\"@id\":\"https:\/\/annaps.com\/de\/tragen-einer-pumpe\/#breadcrumb\"},\"inLanguage\":\"de-DE\",\"potentialAction\":[{\"@type\":\"ReadAction\",\"target\":[\"https:\/\/annaps.com\/de\/tragen-einer-pumpe\/\"]}]},{\"@type\":\"BreadcrumbList\",\"@id\":\"https:\/\/annaps.com\/de\/tragen-einer-pumpe\/#breadcrumb\",\"itemListElement\":[{\"@type\":\"ListItem\",\"position\":1,\"name\":\"Hem\",\"item\":\"https:\/\/annaps.com\/de\/\"},{\"@type\":\"ListItem\",\"position\":2,\"name\":\"Tragen einer pumpe\"}]},{\"@type\":\"WebSite\",\"@id\":\"https:\/\/annaps.com\/de\/#website\",\"url\":\"https:\/\/annaps.com\/de\/\",\"name\":\"AnnaPS\",\"description\":\"Det skall vara enkelt att b\u00e4ra!\",\"potentialAction\":[{\"@type\":\"SearchAction\",\"target\":{\"@type\":\"EntryPoint\",\"urlTemplate\":\"https:\/\/annaps.com\/de\/?s={search_term_string}\"},\"query-input\":{\"@type\":\"PropertyValueSpecification\",\"valueRequired\":true,\"valueName\":\"search_term_string\"}}],\"inLanguage\":\"de-DE\"}]}<\/script>\n<!-- \/ Yoast SEO plugin. -->","yoast_head_json":{"title":"Pumpe \u2013 Immer bei Dir in unserer Diabeteskleidung | AnnaPS","description":"Diabeteskleidung von AnnaPS hat integrierte Taschen, die Deiner Pumpe Platz bieten. Wir wollen, dass Dein Leben als DiabetikerIn so einfach wie m\u00f6glich ist. Lies mehr \u00fcber Deine M\u00f6glichkeiten auf unserer Homepage!","robots":{"index":"index","follow":"follow","max-snippet":"max-snippet:-1","max-image-preview":"max-image-preview:large","max-video-preview":"max-video-preview:-1"},"canonical":"https:\/\/annaps.com\/de\/tragen-einer-pumpe\/","og_locale":"de_DE","og_type":"article","og_title":"Pumpe \u2013 Immer bei Dir in unserer Diabeteskleidung | AnnaPS","og_description":"Diabeteskleidung von AnnaPS hat integrierte Taschen, die Deiner Pumpe Platz bieten. Wir wollen, dass Dein Leben als DiabetikerIn so einfach wie m\u00f6glich ist. Lies mehr \u00fcber Deine M\u00f6glichkeiten auf unserer Homepage!","og_url":"https:\/\/annaps.com\/de\/tragen-einer-pumpe\/","og_site_name":"AnnaPS","article_publisher":"https:\/\/www.facebook.com\/annaps.scandinavia\/","article_modified_time":"2018-10-23T13:51:00+00:00","twitter_card":"summary_large_image","twitter_misc":{"Est. reading time":"1 minute"},"schema":{"@context":"https:\/\/schema.org","@graph":[{"@type":"WebPage","@id":"https:\/\/annaps.com\/de\/tragen-einer-pumpe\/","url":"https:\/\/annaps.com\/de\/tragen-einer-pumpe\/","name":"Pumpe \u2013 Immer bei Dir in unserer Diabeteskleidung | AnnaPS","isPartOf":{"@id":"https:\/\/annaps.com\/de\/#website"},"datePublished":"2016-01-21T12:51:26+00:00","dateModified":"2018-10-23T13:51:00+00:00","description":"Diabeteskleidung von AnnaPS hat integrierte Taschen, die Deiner Pumpe Platz bieten. Wir wollen, dass Dein Leben als DiabetikerIn so einfach wie m\u00f6glich ist. Lies mehr \u00fcber Deine M\u00f6glichkeiten auf unserer Homepage!","breadcrumb":{"@id":"https:\/\/annaps.com\/de\/tragen-einer-pumpe\/#breadcrumb"},"inLanguage":"de-DE","potentialAction":[{"@type":"ReadAction","target":["https:\/\/annaps.com\/de\/tragen-einer-pumpe\/"]}]},{"@type":"BreadcrumbList","@id":"https:\/\/annaps.com\/de\/tragen-einer-pumpe\/#breadcrumb","itemListElement":[{"@type":"ListItem","position":1,"name":"Hem","item":"https:\/\/annaps.com\/de\/"},{"@type":"ListItem","position":2,"name":"Tragen einer pumpe"}]},{"@type":"WebSite","@id":"https:\/\/annaps.com\/de\/#website","url":"https:\/\/annaps.com\/de\/","name":"AnnaPS","description":"Det skall vara enkelt att b\u00e4ra!","potentialAction":[{"@type":"SearchAction","target":{"@type":"EntryPoint","urlTemplate":"https:\/\/annaps.com\/de\/?s={search_term_string}"},"query-input":{"@type":"PropertyValueSpecification","valueRequired":true,"valueName":"search_term_string"}}],"inLanguage":"de-DE"}]}},"_links":{"self":[{"href":"https:\/\/annaps.com\/de\/wp-json\/wp\/v2\/pages\/3962","targetHints":{"allow":["GET"]}}],"collection":[{"href":"https:\/\/annaps.com\/de\/wp-json\/wp\/v2\/pages"}],"about":[{"href":"https:\/\/annaps.com\/de\/wp-json\/wp\/v2\/types\/page"}],"author":[{"embeddable":true,"href":"https:\/\/annaps.com\/de\/wp-json\/wp\/v2\/users\/1"}],"replies":[{"embeddable":true,"href":"https:\/\/annaps.com\/de\/wp-json\/wp\/v2\/comments?post=3962"}],"version-history":[{"count":7,"href":"https:\/\/annaps.com\/de\/wp-json\/wp\/v2\/pages\/3962\/revisions"}],"predecessor-version":[{"id":32013,"href":"https:\/\/annaps.com\/de\/wp-json\/wp\/v2\/pages\/3962\/revisions\/32013"}],"wp:attachment":[{"href":"https:\/\/annaps.com\/de\/wp-json\/wp\/v2\/media?parent=3962"}],"curies":[{"name":"wp","href":"https:\/\/api.w.org\/{rel}","templated":true}]}}