{"id":3938,"date":"2016-01-21T12:46:47","date_gmt":"2016-01-21T12:46:47","guid":{"rendered":"https:\/\/www.annaps.com\/?page_id=3938&#038;lang=de"},"modified":"2018-07-25T16:13:10","modified_gmt":"2018-07-25T14:13:10","slug":"von-einem-diabetiker-zum-anderen","status":"publish","type":"page","link":"https:\/\/annaps.com\/de\/ueber-diabetes\/von-einem-diabetiker-zum-anderen\/","title":{"rendered":"Von einem Diabetiker zum anderen"},"content":{"rendered":"<p><span style=\"font-weight: 400;\"><a href=\"https:\/\/annaps.com\/wordpress\/content\/uploads\/2016\/01\/annaps_omdiabetes_nr5_ossdiabetikeremellan.jpg\"><img loading=\"lazy\" decoding=\"async\" class=\"alignnone wp-image-1162 size-full\" src=\"https:\/\/annaps.com\/wordpress\/content\/uploads\/2016\/01\/annaps_omdiabetes_nr5_ossdiabetikeremellan.jpg\" alt=\"annaps_omdiabetes_nr5_ossdiabetikeremellan\" width=\"870\" height=\"300\" srcset=\"https:\/\/annaps.com\/content\/uploads\/2016\/01\/annaps_omdiabetes_nr5_ossdiabetikeremellan.jpg 870w, https:\/\/annaps.com\/content\/uploads\/2016\/01\/annaps_omdiabetes_nr5_ossdiabetikeremellan-300x103.jpg 300w, https:\/\/annaps.com\/content\/uploads\/2016\/01\/annaps_omdiabetes_nr5_ossdiabetikeremellan-768x265.jpg 768w, https:\/\/annaps.com\/content\/uploads\/2016\/01\/annaps_omdiabetes_nr5_ossdiabetikeremellan-455x157.jpg 455w, https:\/\/annaps.com\/content\/uploads\/2016\/01\/annaps_omdiabetes_nr5_ossdiabetikeremellan-55x19.jpg 55w\" sizes=\"auto, (max-width: 870px) 100vw, 870px\" \/><\/a><\/span><\/p>\n<p>Tipps zum Thema Diabetes &#8211; siehe weiter unten!<\/p>\n<p><span style=\"font-weight: 400;\">Wir, die mit Diabetes leben, verstehen einander. Bei AnnaPS haben wir den Vorteil, mit vielen anderen Diabetikern zusammenzuarbeiten und viele andere Diabetiker kennenzulernen \u2013 einen Vorteil, den wir gerne mit Ihnen teilen m\u00f6chten! Wir wissen alle was es hei\u00dft, am Boden zu sein und verstehen einander auf eine Art, auf die einen Freunde und Familienangeh\u00f6rige niemals verstehen werden k\u00f6nnen. Wir kennen die Panik die auftritt, wenn die Medikamente in der Pumpe fast leer sind, man aber gerade nicht zu Hause ist. Daf\u00fcr haben wir Seiten wie diese, in denen wir Tipps und Tricks sammeln \u2013 einfach weil es alles ein bisschen einfacher macht, wenn wir uns gegenseitig helfen und beistehen! Hast Du einen Tipp, den Du gerne mit uns teilen m\u00f6chtest? Lass es uns wissen!<\/span><\/p>\n","protected":false},"excerpt":{"rendered":"<p>Tipps zum Thema Diabetes &#8211; siehe weiter unten! Wir, die mit Diabetes leben, verstehen einander. Bei AnnaPS haben wir den Vorteil, mit vielen anderen Diabetikern zusammenzuarbeiten und viele andere Diabetiker kennenzulernen \u2013 einen Vorteil, den wir gerne mit Ihnen teilen m\u00f6chten! Wir wissen alle was es hei\u00dft, am Boden zu sein und verstehen einander auf [&hellip;]<\/p>\n","protected":false},"author":1,"featured_media":0,"parent":3915,"menu_order":8,"comment_status":"closed","ping_status":"closed","template":"","meta":{"_acf_changed":false,"footnotes":""},"class_list":["post-3938","page","type-page","status-publish","hentry"],"acf":[],"yoast_head":"<!-- This site is optimized with the Yoast SEO plugin v27.1.1 - https:\/\/yoast.com\/product\/yoast-seo-wordpress\/ -->\n<title>Von einem Diabetiker zum anderen - AnnaPS<\/title>\n<meta name=\"description\" content=\"AnnaPS makes clothes with integrated pockets to carry your diabetes devices such as insulin pump, pen and glucose meter. Stylish, high quality, functional and environmental focus.\" \/>\n<meta name=\"robots\" content=\"index, follow, max-snippet:-1, max-image-preview:large, max-video-preview:-1\" \/>\n<link rel=\"canonical\" href=\"https:\/\/annaps.com\/de\/ueber-diabetes\/von-einem-diabetiker-zum-anderen\/\" \/>\n<meta property=\"og:locale\" content=\"de_DE\" \/>\n<meta property=\"og:type\" content=\"article\" \/>\n<meta property=\"og:title\" content=\"Von einem Diabetiker zum anderen - AnnaPS\" \/>\n<meta property=\"og:description\" content=\"AnnaPS makes clothes with integrated pockets to carry your diabetes devices such as insulin pump, pen and glucose meter. Stylish, high quality, functional and environmental focus.\" \/>\n<meta property=\"og:url\" content=\"https:\/\/annaps.com\/de\/ueber-diabetes\/von-einem-diabetiker-zum-anderen\/\" \/>\n<meta property=\"og:site_name\" content=\"AnnaPS\" \/>\n<meta property=\"article:publisher\" content=\"https:\/\/www.facebook.com\/annaps.scandinavia\/\" \/>\n<meta property=\"article:modified_time\" content=\"2018-07-25T14:13:10+00:00\" \/>\n<meta property=\"og:image\" content=\"https:\/\/annaps.com\/wordpress\/content\/uploads\/2016\/01\/annaps_omdiabetes_nr5_ossdiabetikeremellan.jpg\" \/>\n<meta name=\"twitter:card\" content=\"summary_large_image\" \/>\n<meta name=\"twitter:label1\" content=\"Est. reading time\" \/>\n\t<meta name=\"twitter:data1\" content=\"1 minute\" \/>\n<script type=\"application\/ld+json\" class=\"yoast-schema-graph\">{\"@context\":\"https:\/\/schema.org\",\"@graph\":[{\"@type\":\"WebPage\",\"@id\":\"https:\/\/annaps.com\/de\/ueber-diabetes\/von-einem-diabetiker-zum-anderen\/\",\"url\":\"https:\/\/annaps.com\/de\/ueber-diabetes\/von-einem-diabetiker-zum-anderen\/\",\"name\":\"Von einem Diabetiker zum anderen - AnnaPS\",\"isPartOf\":{\"@id\":\"https:\/\/annaps.com\/de\/#website\"},\"primaryImageOfPage\":{\"@id\":\"https:\/\/annaps.com\/de\/ueber-diabetes\/von-einem-diabetiker-zum-anderen\/#primaryimage\"},\"image\":{\"@id\":\"https:\/\/annaps.com\/de\/ueber-diabetes\/von-einem-diabetiker-zum-anderen\/#primaryimage\"},\"thumbnailUrl\":\"https:\/\/annaps.com\/wordpress\/content\/uploads\/2016\/01\/annaps_omdiabetes_nr5_ossdiabetikeremellan.jpg\",\"datePublished\":\"2016-01-21T12:46:47+00:00\",\"dateModified\":\"2018-07-25T14:13:10+00:00\",\"description\":\"AnnaPS makes clothes with integrated pockets to carry your diabetes devices such as insulin pump, pen and glucose meter. Stylish, high quality, functional and environmental focus.\",\"breadcrumb\":{\"@id\":\"https:\/\/annaps.com\/de\/ueber-diabetes\/von-einem-diabetiker-zum-anderen\/#breadcrumb\"},\"inLanguage\":\"de-DE\",\"potentialAction\":[{\"@type\":\"ReadAction\",\"target\":[\"https:\/\/annaps.com\/de\/ueber-diabetes\/von-einem-diabetiker-zum-anderen\/\"]}]},{\"@type\":\"ImageObject\",\"inLanguage\":\"de-DE\",\"@id\":\"https:\/\/annaps.com\/de\/ueber-diabetes\/von-einem-diabetiker-zum-anderen\/#primaryimage\",\"url\":\"https:\/\/annaps.com\/wordpress\/content\/uploads\/2016\/01\/annaps_omdiabetes_nr5_ossdiabetikeremellan.jpg\",\"contentUrl\":\"https:\/\/annaps.com\/wordpress\/content\/uploads\/2016\/01\/annaps_omdiabetes_nr5_ossdiabetikeremellan.jpg\"},{\"@type\":\"BreadcrumbList\",\"@id\":\"https:\/\/annaps.com\/de\/ueber-diabetes\/von-einem-diabetiker-zum-anderen\/#breadcrumb\",\"itemListElement\":[{\"@type\":\"ListItem\",\"position\":1,\"name\":\"Hem\",\"item\":\"https:\/\/annaps.com\/de\/\"},{\"@type\":\"ListItem\",\"position\":2,\"name\":\"\u00dcber Diabetes\",\"item\":\"https:\/\/annaps.com\/de\/ueber-diabetes\/\"},{\"@type\":\"ListItem\",\"position\":3,\"name\":\"Von einem Diabetiker zum anderen\"}]},{\"@type\":\"WebSite\",\"@id\":\"https:\/\/annaps.com\/de\/#website\",\"url\":\"https:\/\/annaps.com\/de\/\",\"name\":\"AnnaPS\",\"description\":\"Det skall vara enkelt att b\u00e4ra!\",\"potentialAction\":[{\"@type\":\"SearchAction\",\"target\":{\"@type\":\"EntryPoint\",\"urlTemplate\":\"https:\/\/annaps.com\/de\/?s={search_term_string}\"},\"query-input\":{\"@type\":\"PropertyValueSpecification\",\"valueRequired\":true,\"valueName\":\"search_term_string\"}}],\"inLanguage\":\"de-DE\"}]}<\/script>\n<!-- \/ Yoast SEO plugin. -->","yoast_head_json":{"title":"Von einem Diabetiker zum anderen - AnnaPS","description":"AnnaPS makes clothes with integrated pockets to carry your diabetes devices such as insulin pump, pen and glucose meter. Stylish, high quality, functional and environmental focus.","robots":{"index":"index","follow":"follow","max-snippet":"max-snippet:-1","max-image-preview":"max-image-preview:large","max-video-preview":"max-video-preview:-1"},"canonical":"https:\/\/annaps.com\/de\/ueber-diabetes\/von-einem-diabetiker-zum-anderen\/","og_locale":"de_DE","og_type":"article","og_title":"Von einem Diabetiker zum anderen - AnnaPS","og_description":"AnnaPS makes clothes with integrated pockets to carry your diabetes devices such as insulin pump, pen and glucose meter. Stylish, high quality, functional and environmental focus.","og_url":"https:\/\/annaps.com\/de\/ueber-diabetes\/von-einem-diabetiker-zum-anderen\/","og_site_name":"AnnaPS","article_publisher":"https:\/\/www.facebook.com\/annaps.scandinavia\/","article_modified_time":"2018-07-25T14:13:10+00:00","og_image":[{"url":"https:\/\/annaps.com\/wordpress\/content\/uploads\/2016\/01\/annaps_omdiabetes_nr5_ossdiabetikeremellan.jpg","type":"","width":"","height":""}],"twitter_card":"summary_large_image","twitter_misc":{"Est. reading time":"1 minute"},"schema":{"@context":"https:\/\/schema.org","@graph":[{"@type":"WebPage","@id":"https:\/\/annaps.com\/de\/ueber-diabetes\/von-einem-diabetiker-zum-anderen\/","url":"https:\/\/annaps.com\/de\/ueber-diabetes\/von-einem-diabetiker-zum-anderen\/","name":"Von einem Diabetiker zum anderen - AnnaPS","isPartOf":{"@id":"https:\/\/annaps.com\/de\/#website"},"primaryImageOfPage":{"@id":"https:\/\/annaps.com\/de\/ueber-diabetes\/von-einem-diabetiker-zum-anderen\/#primaryimage"},"image":{"@id":"https:\/\/annaps.com\/de\/ueber-diabetes\/von-einem-diabetiker-zum-anderen\/#primaryimage"},"thumbnailUrl":"https:\/\/annaps.com\/wordpress\/content\/uploads\/2016\/01\/annaps_omdiabetes_nr5_ossdiabetikeremellan.jpg","datePublished":"2016-01-21T12:46:47+00:00","dateModified":"2018-07-25T14:13:10+00:00","description":"AnnaPS makes clothes with integrated pockets to carry your diabetes devices such as insulin pump, pen and glucose meter. Stylish, high quality, functional and environmental focus.","breadcrumb":{"@id":"https:\/\/annaps.com\/de\/ueber-diabetes\/von-einem-diabetiker-zum-anderen\/#breadcrumb"},"inLanguage":"de-DE","potentialAction":[{"@type":"ReadAction","target":["https:\/\/annaps.com\/de\/ueber-diabetes\/von-einem-diabetiker-zum-anderen\/"]}]},{"@type":"ImageObject","inLanguage":"de-DE","@id":"https:\/\/annaps.com\/de\/ueber-diabetes\/von-einem-diabetiker-zum-anderen\/#primaryimage","url":"https:\/\/annaps.com\/wordpress\/content\/uploads\/2016\/01\/annaps_omdiabetes_nr5_ossdiabetikeremellan.jpg","contentUrl":"https:\/\/annaps.com\/wordpress\/content\/uploads\/2016\/01\/annaps_omdiabetes_nr5_ossdiabetikeremellan.jpg"},{"@type":"BreadcrumbList","@id":"https:\/\/annaps.com\/de\/ueber-diabetes\/von-einem-diabetiker-zum-anderen\/#breadcrumb","itemListElement":[{"@type":"ListItem","position":1,"name":"Hem","item":"https:\/\/annaps.com\/de\/"},{"@type":"ListItem","position":2,"name":"\u00dcber Diabetes","item":"https:\/\/annaps.com\/de\/ueber-diabetes\/"},{"@type":"ListItem","position":3,"name":"Von einem Diabetiker zum anderen"}]},{"@type":"WebSite","@id":"https:\/\/annaps.com\/de\/#website","url":"https:\/\/annaps.com\/de\/","name":"AnnaPS","description":"Det skall vara enkelt att b\u00e4ra!","potentialAction":[{"@type":"SearchAction","target":{"@type":"EntryPoint","urlTemplate":"https:\/\/annaps.com\/de\/?s={search_term_string}"},"query-input":{"@type":"PropertyValueSpecification","valueRequired":true,"valueName":"search_term_string"}}],"inLanguage":"de-DE"}]}},"_links":{"self":[{"href":"https:\/\/annaps.com\/de\/wp-json\/wp\/v2\/pages\/3938","targetHints":{"allow":["GET"]}}],"collection":[{"href":"https:\/\/annaps.com\/de\/wp-json\/wp\/v2\/pages"}],"about":[{"href":"https:\/\/annaps.com\/de\/wp-json\/wp\/v2\/types\/page"}],"author":[{"embeddable":true,"href":"https:\/\/annaps.com\/de\/wp-json\/wp\/v2\/users\/1"}],"replies":[{"embeddable":true,"href":"https:\/\/annaps.com\/de\/wp-json\/wp\/v2\/comments?post=3938"}],"version-history":[{"count":5,"href":"https:\/\/annaps.com\/de\/wp-json\/wp\/v2\/pages\/3938\/revisions"}],"predecessor-version":[{"id":30045,"href":"https:\/\/annaps.com\/de\/wp-json\/wp\/v2\/pages\/3938\/revisions\/30045"}],"up":[{"embeddable":true,"href":"https:\/\/annaps.com\/de\/wp-json\/wp\/v2\/pages\/3915"}],"wp:attachment":[{"href":"https:\/\/annaps.com\/de\/wp-json\/wp\/v2\/media?parent=3938"}],"curies":[{"name":"wp","href":"https:\/\/api.w.org\/{rel}","templated":true}]}}