{"id":3929,"date":"2016-01-21T12:44:09","date_gmt":"2016-01-21T12:44:09","guid":{"rendered":"https:\/\/www.annaps.com\/?page_id=3929&#038;lang=de"},"modified":"2018-05-03T10:52:07","modified_gmt":"2018-05-03T08:52:07","slug":"technologie-und-forschung","status":"publish","type":"page","link":"https:\/\/annaps.com\/de\/ueber-diabetes\/technologie-und-forschung\/","title":{"rendered":"Technologie und Forschung"},"content":{"rendered":"<p><span style=\"font-weight: 400;\"> In der Welt der Technologie ist immer eine ganze Menge los &#8211; vor allem auf dem Diabetes Markt. AnnaPS ist unabh\u00e4ngig von Pharmazieunternehmen und den Herstellern von Diabeteszubeh\u00f6r, aber wir arbeiten zur Zeit mit mehreren Firmen zusammen und sind immer offen f\u00fcr weitere Firmenkontakte. <\/span><\/p>\n<p><span style=\"font-weight: 400;\">Wir sind immer auf dem neusten Stand und geben Ihnen gerne Tipps zum aktuellen Markt. Wir wollen, dass Sie als unser Kunde Ihre Diabetesger\u00e4te, egal von welcher Marke, in unseren Produkten tragen k\u00f6nnen. Wir berichten t\u00e4glich auf unserem Bog, Instagram und Facebook \u2013 folgen Sie uns gerne!<\/span><\/p>\n","protected":false},"excerpt":{"rendered":"<p>In der Welt der Technologie ist immer eine ganze Menge los &#8211; vor allem auf dem Diabetes Markt. AnnaPS ist unabh\u00e4ngig von Pharmazieunternehmen und den Herstellern von Diabeteszubeh\u00f6r, aber wir arbeiten zur Zeit mit mehreren Firmen zusammen und sind immer offen f\u00fcr weitere Firmenkontakte. Wir sind immer auf dem neusten Stand und geben Ihnen gerne [&hellip;]<\/p>\n","protected":false},"author":1,"featured_media":0,"parent":3915,"menu_order":6,"comment_status":"closed","ping_status":"closed","template":"","meta":{"_acf_changed":false,"footnotes":""},"class_list":["post-3929","page","type-page","status-publish","hentry"],"acf":[],"yoast_head":"<!-- This site is optimized with the Yoast SEO plugin v27.1.1 - https:\/\/yoast.com\/product\/yoast-seo-wordpress\/ -->\n<title>Technologie und Forschung - AnnaPS<\/title>\n<meta name=\"description\" content=\"AnnaPS makes clothes with integrated pockets to carry your diabetes devices such as insulin pump, pen and glucose meter. Stylish, high quality, functional and environmental focus.\" \/>\n<meta name=\"robots\" content=\"index, follow, max-snippet:-1, max-image-preview:large, max-video-preview:-1\" \/>\n<link rel=\"canonical\" href=\"https:\/\/annaps.com\/de\/ueber-diabetes\/technologie-und-forschung\/\" \/>\n<meta property=\"og:locale\" content=\"de_DE\" \/>\n<meta property=\"og:type\" content=\"article\" \/>\n<meta property=\"og:title\" content=\"Technologie und Forschung - AnnaPS\" \/>\n<meta property=\"og:description\" content=\"AnnaPS makes clothes with integrated pockets to carry your diabetes devices such as insulin pump, pen and glucose meter. Stylish, high quality, functional and environmental focus.\" \/>\n<meta property=\"og:url\" content=\"https:\/\/annaps.com\/de\/ueber-diabetes\/technologie-und-forschung\/\" \/>\n<meta property=\"og:site_name\" content=\"AnnaPS\" \/>\n<meta property=\"article:publisher\" content=\"https:\/\/www.facebook.com\/annaps.scandinavia\/\" \/>\n<meta property=\"article:modified_time\" content=\"2018-05-03T08:52:07+00:00\" \/>\n<meta name=\"twitter:card\" content=\"summary_large_image\" \/>\n<script type=\"application\/ld+json\" class=\"yoast-schema-graph\">{\"@context\":\"https:\/\/schema.org\",\"@graph\":[{\"@type\":\"WebPage\",\"@id\":\"https:\/\/annaps.com\/de\/ueber-diabetes\/technologie-und-forschung\/\",\"url\":\"https:\/\/annaps.com\/de\/ueber-diabetes\/technologie-und-forschung\/\",\"name\":\"Technologie und Forschung - AnnaPS\",\"isPartOf\":{\"@id\":\"https:\/\/annaps.com\/de\/#website\"},\"datePublished\":\"2016-01-21T12:44:09+00:00\",\"dateModified\":\"2018-05-03T08:52:07+00:00\",\"description\":\"AnnaPS makes clothes with integrated pockets to carry your diabetes devices such as insulin pump, pen and glucose meter. Stylish, high quality, functional and environmental focus.\",\"breadcrumb\":{\"@id\":\"https:\/\/annaps.com\/de\/ueber-diabetes\/technologie-und-forschung\/#breadcrumb\"},\"inLanguage\":\"de-DE\",\"potentialAction\":[{\"@type\":\"ReadAction\",\"target\":[\"https:\/\/annaps.com\/de\/ueber-diabetes\/technologie-und-forschung\/\"]}]},{\"@type\":\"BreadcrumbList\",\"@id\":\"https:\/\/annaps.com\/de\/ueber-diabetes\/technologie-und-forschung\/#breadcrumb\",\"itemListElement\":[{\"@type\":\"ListItem\",\"position\":1,\"name\":\"Hem\",\"item\":\"https:\/\/annaps.com\/de\/\"},{\"@type\":\"ListItem\",\"position\":2,\"name\":\"\u00dcber Diabetes\",\"item\":\"https:\/\/annaps.com\/de\/ueber-diabetes\/\"},{\"@type\":\"ListItem\",\"position\":3,\"name\":\"Technologie und Forschung\"}]},{\"@type\":\"WebSite\",\"@id\":\"https:\/\/annaps.com\/de\/#website\",\"url\":\"https:\/\/annaps.com\/de\/\",\"name\":\"AnnaPS\",\"description\":\"Det skall vara enkelt att b\u00e4ra!\",\"potentialAction\":[{\"@type\":\"SearchAction\",\"target\":{\"@type\":\"EntryPoint\",\"urlTemplate\":\"https:\/\/annaps.com\/de\/?s={search_term_string}\"},\"query-input\":{\"@type\":\"PropertyValueSpecification\",\"valueRequired\":true,\"valueName\":\"search_term_string\"}}],\"inLanguage\":\"de-DE\"}]}<\/script>\n<!-- \/ Yoast SEO plugin. -->","yoast_head_json":{"title":"Technologie und Forschung - AnnaPS","description":"AnnaPS makes clothes with integrated pockets to carry your diabetes devices such as insulin pump, pen and glucose meter. Stylish, high quality, functional and environmental focus.","robots":{"index":"index","follow":"follow","max-snippet":"max-snippet:-1","max-image-preview":"max-image-preview:large","max-video-preview":"max-video-preview:-1"},"canonical":"https:\/\/annaps.com\/de\/ueber-diabetes\/technologie-und-forschung\/","og_locale":"de_DE","og_type":"article","og_title":"Technologie und Forschung - AnnaPS","og_description":"AnnaPS makes clothes with integrated pockets to carry your diabetes devices such as insulin pump, pen and glucose meter. Stylish, high quality, functional and environmental focus.","og_url":"https:\/\/annaps.com\/de\/ueber-diabetes\/technologie-und-forschung\/","og_site_name":"AnnaPS","article_publisher":"https:\/\/www.facebook.com\/annaps.scandinavia\/","article_modified_time":"2018-05-03T08:52:07+00:00","twitter_card":"summary_large_image","schema":{"@context":"https:\/\/schema.org","@graph":[{"@type":"WebPage","@id":"https:\/\/annaps.com\/de\/ueber-diabetes\/technologie-und-forschung\/","url":"https:\/\/annaps.com\/de\/ueber-diabetes\/technologie-und-forschung\/","name":"Technologie und Forschung - AnnaPS","isPartOf":{"@id":"https:\/\/annaps.com\/de\/#website"},"datePublished":"2016-01-21T12:44:09+00:00","dateModified":"2018-05-03T08:52:07+00:00","description":"AnnaPS makes clothes with integrated pockets to carry your diabetes devices such as insulin pump, pen and glucose meter. Stylish, high quality, functional and environmental focus.","breadcrumb":{"@id":"https:\/\/annaps.com\/de\/ueber-diabetes\/technologie-und-forschung\/#breadcrumb"},"inLanguage":"de-DE","potentialAction":[{"@type":"ReadAction","target":["https:\/\/annaps.com\/de\/ueber-diabetes\/technologie-und-forschung\/"]}]},{"@type":"BreadcrumbList","@id":"https:\/\/annaps.com\/de\/ueber-diabetes\/technologie-und-forschung\/#breadcrumb","itemListElement":[{"@type":"ListItem","position":1,"name":"Hem","item":"https:\/\/annaps.com\/de\/"},{"@type":"ListItem","position":2,"name":"\u00dcber Diabetes","item":"https:\/\/annaps.com\/de\/ueber-diabetes\/"},{"@type":"ListItem","position":3,"name":"Technologie und Forschung"}]},{"@type":"WebSite","@id":"https:\/\/annaps.com\/de\/#website","url":"https:\/\/annaps.com\/de\/","name":"AnnaPS","description":"Det skall vara enkelt att b\u00e4ra!","potentialAction":[{"@type":"SearchAction","target":{"@type":"EntryPoint","urlTemplate":"https:\/\/annaps.com\/de\/?s={search_term_string}"},"query-input":{"@type":"PropertyValueSpecification","valueRequired":true,"valueName":"search_term_string"}}],"inLanguage":"de-DE"}]}},"_links":{"self":[{"href":"https:\/\/annaps.com\/de\/wp-json\/wp\/v2\/pages\/3929","targetHints":{"allow":["GET"]}}],"collection":[{"href":"https:\/\/annaps.com\/de\/wp-json\/wp\/v2\/pages"}],"about":[{"href":"https:\/\/annaps.com\/de\/wp-json\/wp\/v2\/types\/page"}],"author":[{"embeddable":true,"href":"https:\/\/annaps.com\/de\/wp-json\/wp\/v2\/users\/1"}],"replies":[{"embeddable":true,"href":"https:\/\/annaps.com\/de\/wp-json\/wp\/v2\/comments?post=3929"}],"version-history":[{"count":2,"href":"https:\/\/annaps.com\/de\/wp-json\/wp\/v2\/pages\/3929\/revisions"}],"predecessor-version":[{"id":28666,"href":"https:\/\/annaps.com\/de\/wp-json\/wp\/v2\/pages\/3929\/revisions\/28666"}],"up":[{"embeddable":true,"href":"https:\/\/annaps.com\/de\/wp-json\/wp\/v2\/pages\/3915"}],"wp:attachment":[{"href":"https:\/\/annaps.com\/de\/wp-json\/wp\/v2\/media?parent=3929"}],"curies":[{"name":"wp","href":"https:\/\/api.w.org\/{rel}","templated":true}]}}