{"id":3927,"date":"2016-01-21T12:42:35","date_gmt":"2016-01-21T12:42:35","guid":{"rendered":"https:\/\/www.annaps.com\/?page_id=3927&#038;lang=de"},"modified":"2018-05-03T10:43:59","modified_gmt":"2018-05-03T08:43:59","slug":"weltdiabetestag","status":"publish","type":"page","link":"https:\/\/annaps.com\/de\/ueber-diabetes\/weltdiabetestag\/","title":{"rendered":"Weltdiabetestag"},"content":{"rendered":"<p><span style=\"font-weight: 400;\">Am 14. November findet jedes Jahr der Weltdiabetestag statt. An diesem Tag leuchten viele gro\u00dfe Geb\u00e4ude und Denkm\u00e4ler in der Farbe blau, Menschen kleiden sich in blau und es werden eine Reihe von Festivals arrangiert \u2013 viele davon zugunsten der Diabetesforschung. Jedes Jahr kommen neue Events dazu und AnnaPS versuchet immer, auf dem Laufenden zu sein. Auch zum diesj\u00e4hrigen Weltdiabetestag werden wir noch Informationen ver\u00f6ffentllichen &#8211; achten Sie auf uneren Blog!<\/span><\/p>\n<p><strong><a href=\"https:\/\/www.idf.org\/\">IDF<\/a> (International Diabetes Federation)<\/strong>\u00a0ist die Organisation, die hinten dem WDD (World Diabetes Day) steht. Auf ihrer Webseite k\u00f6nnen\u00a0Sie sehr interessante und n\u00fctzliche Materialien \u00fcber Diabetes finden. Hier ist eine kleine Auswahl:<\/p>\n<p><strong>Machen Sie Ihr eigenes WDD-Selfie<\/strong>:\u00a0<a href=\"http:\/\/www.idf.org\/worlddiabetesday\/selfie-app\">http:\/\/www.idf.org\/worlddiabetesday\/selfie-app<\/a><\/p>\n<p><strong>Fotos und Texte, <\/strong>die Sie in den sozialen Medien verwenden k\u00f6nnen:\u00a0<a href=\"http:\/\/www.idf.org\/wdd-index\/resources.html\">http:\/\/www.idf.org\/wdd-index\/resources.html<\/a><strong>\u00a0<\/strong><\/p>\n<p><strong>WDD-Events:<\/strong>\u00a0<a href=\"http:\/\/www.idf.org\/wdd-events\/\">http:\/\/www.idf.org\/wdd-events\/<\/a><\/p>\n","protected":false},"excerpt":{"rendered":"<p>Am 14. November findet jedes Jahr der Weltdiabetestag statt. An diesem Tag leuchten viele gro\u00dfe Geb\u00e4ude und Denkm\u00e4ler in der Farbe blau, Menschen kleiden sich in blau und es werden eine Reihe von Festivals arrangiert \u2013 viele davon zugunsten der Diabetesforschung. Jedes Jahr kommen neue Events dazu und AnnaPS versuchet immer, auf dem Laufenden zu [&hellip;]<\/p>\n","protected":false},"author":1,"featured_media":0,"parent":3915,"menu_order":5,"comment_status":"closed","ping_status":"closed","template":"","meta":{"_acf_changed":false,"footnotes":""},"class_list":["post-3927","page","type-page","status-publish","hentry"],"acf":[],"yoast_head":"<!-- This site is optimized with the Yoast SEO plugin v27.1.1 - https:\/\/yoast.com\/product\/yoast-seo-wordpress\/ -->\n<title>Weltdiabetestag - AnnaPS<\/title>\n<meta name=\"description\" content=\"AnnaPS makes clothes with integrated pockets to carry your diabetes devices such as insulin pump, pen and glucose meter. Stylish, high quality, functional and environmental focus.\" \/>\n<meta name=\"robots\" content=\"index, follow, max-snippet:-1, max-image-preview:large, max-video-preview:-1\" \/>\n<link rel=\"canonical\" href=\"https:\/\/annaps.com\/de\/ueber-diabetes\/weltdiabetestag\/\" \/>\n<meta property=\"og:locale\" content=\"de_DE\" \/>\n<meta property=\"og:type\" content=\"article\" \/>\n<meta property=\"og:title\" content=\"Weltdiabetestag - AnnaPS\" \/>\n<meta property=\"og:description\" content=\"AnnaPS makes clothes with integrated pockets to carry your diabetes devices such as insulin pump, pen and glucose meter. Stylish, high quality, functional and environmental focus.\" \/>\n<meta property=\"og:url\" content=\"https:\/\/annaps.com\/de\/ueber-diabetes\/weltdiabetestag\/\" \/>\n<meta property=\"og:site_name\" content=\"AnnaPS\" \/>\n<meta property=\"article:publisher\" content=\"https:\/\/www.facebook.com\/annaps.scandinavia\/\" \/>\n<meta property=\"article:modified_time\" content=\"2018-05-03T08:43:59+00:00\" \/>\n<meta name=\"twitter:card\" content=\"summary_large_image\" \/>\n<meta name=\"twitter:label1\" content=\"Est. reading time\" \/>\n\t<meta name=\"twitter:data1\" content=\"1 minute\" \/>\n<script type=\"application\/ld+json\" class=\"yoast-schema-graph\">{\"@context\":\"https:\/\/schema.org\",\"@graph\":[{\"@type\":\"WebPage\",\"@id\":\"https:\/\/annaps.com\/de\/ueber-diabetes\/weltdiabetestag\/\",\"url\":\"https:\/\/annaps.com\/de\/ueber-diabetes\/weltdiabetestag\/\",\"name\":\"Weltdiabetestag - AnnaPS\",\"isPartOf\":{\"@id\":\"https:\/\/annaps.com\/de\/#website\"},\"datePublished\":\"2016-01-21T12:42:35+00:00\",\"dateModified\":\"2018-05-03T08:43:59+00:00\",\"description\":\"AnnaPS makes clothes with integrated pockets to carry your diabetes devices such as insulin pump, pen and glucose meter. Stylish, high quality, functional and environmental focus.\",\"breadcrumb\":{\"@id\":\"https:\/\/annaps.com\/de\/ueber-diabetes\/weltdiabetestag\/#breadcrumb\"},\"inLanguage\":\"de-DE\",\"potentialAction\":[{\"@type\":\"ReadAction\",\"target\":[\"https:\/\/annaps.com\/de\/ueber-diabetes\/weltdiabetestag\/\"]}]},{\"@type\":\"BreadcrumbList\",\"@id\":\"https:\/\/annaps.com\/de\/ueber-diabetes\/weltdiabetestag\/#breadcrumb\",\"itemListElement\":[{\"@type\":\"ListItem\",\"position\":1,\"name\":\"Hem\",\"item\":\"https:\/\/annaps.com\/de\/\"},{\"@type\":\"ListItem\",\"position\":2,\"name\":\"\u00dcber Diabetes\",\"item\":\"https:\/\/annaps.com\/de\/ueber-diabetes\/\"},{\"@type\":\"ListItem\",\"position\":3,\"name\":\"Weltdiabetestag\"}]},{\"@type\":\"WebSite\",\"@id\":\"https:\/\/annaps.com\/de\/#website\",\"url\":\"https:\/\/annaps.com\/de\/\",\"name\":\"AnnaPS\",\"description\":\"Det skall vara enkelt att b\u00e4ra!\",\"potentialAction\":[{\"@type\":\"SearchAction\",\"target\":{\"@type\":\"EntryPoint\",\"urlTemplate\":\"https:\/\/annaps.com\/de\/?s={search_term_string}\"},\"query-input\":{\"@type\":\"PropertyValueSpecification\",\"valueRequired\":true,\"valueName\":\"search_term_string\"}}],\"inLanguage\":\"de-DE\"}]}<\/script>\n<!-- \/ Yoast SEO plugin. -->","yoast_head_json":{"title":"Weltdiabetestag - AnnaPS","description":"AnnaPS makes clothes with integrated pockets to carry your diabetes devices such as insulin pump, pen and glucose meter. Stylish, high quality, functional and environmental focus.","robots":{"index":"index","follow":"follow","max-snippet":"max-snippet:-1","max-image-preview":"max-image-preview:large","max-video-preview":"max-video-preview:-1"},"canonical":"https:\/\/annaps.com\/de\/ueber-diabetes\/weltdiabetestag\/","og_locale":"de_DE","og_type":"article","og_title":"Weltdiabetestag - AnnaPS","og_description":"AnnaPS makes clothes with integrated pockets to carry your diabetes devices such as insulin pump, pen and glucose meter. Stylish, high quality, functional and environmental focus.","og_url":"https:\/\/annaps.com\/de\/ueber-diabetes\/weltdiabetestag\/","og_site_name":"AnnaPS","article_publisher":"https:\/\/www.facebook.com\/annaps.scandinavia\/","article_modified_time":"2018-05-03T08:43:59+00:00","twitter_card":"summary_large_image","twitter_misc":{"Est. reading time":"1 minute"},"schema":{"@context":"https:\/\/schema.org","@graph":[{"@type":"WebPage","@id":"https:\/\/annaps.com\/de\/ueber-diabetes\/weltdiabetestag\/","url":"https:\/\/annaps.com\/de\/ueber-diabetes\/weltdiabetestag\/","name":"Weltdiabetestag - AnnaPS","isPartOf":{"@id":"https:\/\/annaps.com\/de\/#website"},"datePublished":"2016-01-21T12:42:35+00:00","dateModified":"2018-05-03T08:43:59+00:00","description":"AnnaPS makes clothes with integrated pockets to carry your diabetes devices such as insulin pump, pen and glucose meter. Stylish, high quality, functional and environmental focus.","breadcrumb":{"@id":"https:\/\/annaps.com\/de\/ueber-diabetes\/weltdiabetestag\/#breadcrumb"},"inLanguage":"de-DE","potentialAction":[{"@type":"ReadAction","target":["https:\/\/annaps.com\/de\/ueber-diabetes\/weltdiabetestag\/"]}]},{"@type":"BreadcrumbList","@id":"https:\/\/annaps.com\/de\/ueber-diabetes\/weltdiabetestag\/#breadcrumb","itemListElement":[{"@type":"ListItem","position":1,"name":"Hem","item":"https:\/\/annaps.com\/de\/"},{"@type":"ListItem","position":2,"name":"\u00dcber Diabetes","item":"https:\/\/annaps.com\/de\/ueber-diabetes\/"},{"@type":"ListItem","position":3,"name":"Weltdiabetestag"}]},{"@type":"WebSite","@id":"https:\/\/annaps.com\/de\/#website","url":"https:\/\/annaps.com\/de\/","name":"AnnaPS","description":"Det skall vara enkelt att b\u00e4ra!","potentialAction":[{"@type":"SearchAction","target":{"@type":"EntryPoint","urlTemplate":"https:\/\/annaps.com\/de\/?s={search_term_string}"},"query-input":{"@type":"PropertyValueSpecification","valueRequired":true,"valueName":"search_term_string"}}],"inLanguage":"de-DE"}]}},"_links":{"self":[{"href":"https:\/\/annaps.com\/de\/wp-json\/wp\/v2\/pages\/3927","targetHints":{"allow":["GET"]}}],"collection":[{"href":"https:\/\/annaps.com\/de\/wp-json\/wp\/v2\/pages"}],"about":[{"href":"https:\/\/annaps.com\/de\/wp-json\/wp\/v2\/types\/page"}],"author":[{"embeddable":true,"href":"https:\/\/annaps.com\/de\/wp-json\/wp\/v2\/users\/1"}],"replies":[{"embeddable":true,"href":"https:\/\/annaps.com\/de\/wp-json\/wp\/v2\/comments?post=3927"}],"version-history":[{"count":2,"href":"https:\/\/annaps.com\/de\/wp-json\/wp\/v2\/pages\/3927\/revisions"}],"predecessor-version":[{"id":28663,"href":"https:\/\/annaps.com\/de\/wp-json\/wp\/v2\/pages\/3927\/revisions\/28663"}],"up":[{"embeddable":true,"href":"https:\/\/annaps.com\/de\/wp-json\/wp\/v2\/pages\/3915"}],"wp:attachment":[{"href":"https:\/\/annaps.com\/de\/wp-json\/wp\/v2\/media?parent=3927"}],"curies":[{"name":"wp","href":"https:\/\/api.w.org\/{rel}","templated":true}]}}