{"id":3925,"date":"2016-01-21T12:39:32","date_gmt":"2016-01-21T12:39:32","guid":{"rendered":"https:\/\/www.annaps.com\/?page_id=3925&#038;lang=de"},"modified":"2018-05-03T11:06:59","modified_gmt":"2018-05-03T09:06:59","slug":"diabetes-camps","status":"publish","type":"page","link":"https:\/\/annaps.com\/de\/ueber-diabetes\/diabetes-camps\/","title":{"rendered":"Diabetes Camps"},"content":{"rendered":"<p><span style=\"font-weight: 400;\"> F\u00fcr uns von AnnaPS ist es sehr wichtig, auch an Kinder und Jugendliche, die mit Diabetes leben, zu denken. Kinder sollten einfach Kinder sein k\u00f6nnen, egal ob sie Diabetes haben oder nicht! Sie sollten spielen, rennen, Sport machen, springen und tanzen k\u00f6nnen \u2013 ohne von ihrem \u00a0K\u00f6rper oder einem Diabetes case eingeschr\u00e4nkt zu werden. Heutzutage gibt es viel Jugendcamps f\u00fcr Diabetiker in ganz Schweden (und auch dem Rest der Welt), wo Kinder und Jugendliche die Chance haben Zeit mit anderen Diabetikern zu verbringen. <\/span><\/p>\n<p><span style=\"font-weight: 400;\">Wir unterst\u00fctzen diese Camps mit ganzem Herzen. Mal helfen wir pers\u00f6nlich, mal sponsern wir Produkte. Wenn Sie Interesse haben mit AnnaPS ein Diabetes Jungendcamp zu besuchen, geben Sie uns Bescheid (gerne unter info@annaps.com)! Nat\u00fcrlich k\u00f6nnen wir nicht alle Camps besuchen, auch wenn wir das gerne w\u00fcrden, aber wir versuchen bei so vielen wie m\u00f6glich mitzuwirken und tun unser Bestes, um die Camps zu unterst\u00fctzen.<\/span><\/p>\n","protected":false},"excerpt":{"rendered":"<p>F\u00fcr uns von AnnaPS ist es sehr wichtig, auch an Kinder und Jugendliche, die mit Diabetes leben, zu denken. Kinder sollten einfach Kinder sein k\u00f6nnen, egal ob sie Diabetes haben oder nicht! Sie sollten spielen, rennen, Sport machen, springen und tanzen k\u00f6nnen \u2013 ohne von ihrem \u00a0K\u00f6rper oder einem Diabetes case eingeschr\u00e4nkt zu werden. Heutzutage [&hellip;]<\/p>\n","protected":false},"author":1,"featured_media":0,"parent":3915,"menu_order":4,"comment_status":"closed","ping_status":"closed","template":"","meta":{"_acf_changed":false,"footnotes":""},"class_list":["post-3925","page","type-page","status-publish","hentry"],"acf":[],"yoast_head":"<!-- This site is optimized with the Yoast SEO plugin v27.1.1 - https:\/\/yoast.com\/product\/yoast-seo-wordpress\/ -->\n<title>Diabetes Camps - AnnaPS<\/title>\n<meta name=\"description\" content=\"AnnaPS makes clothes with integrated pockets to carry your diabetes devices such as insulin pump, pen and glucose meter. Stylish, high quality, functional and environmental focus.\" \/>\n<meta name=\"robots\" content=\"index, follow, max-snippet:-1, max-image-preview:large, max-video-preview:-1\" \/>\n<link rel=\"canonical\" href=\"https:\/\/annaps.com\/de\/ueber-diabetes\/diabetes-camps\/\" \/>\n<meta property=\"og:locale\" content=\"de_DE\" \/>\n<meta property=\"og:type\" content=\"article\" \/>\n<meta property=\"og:title\" content=\"Diabetes Camps - AnnaPS\" \/>\n<meta property=\"og:description\" content=\"AnnaPS makes clothes with integrated pockets to carry your diabetes devices such as insulin pump, pen and glucose meter. Stylish, high quality, functional and environmental focus.\" \/>\n<meta property=\"og:url\" content=\"https:\/\/annaps.com\/de\/ueber-diabetes\/diabetes-camps\/\" \/>\n<meta property=\"og:site_name\" content=\"AnnaPS\" \/>\n<meta property=\"article:publisher\" content=\"https:\/\/www.facebook.com\/annaps.scandinavia\/\" \/>\n<meta property=\"article:modified_time\" content=\"2018-05-03T09:06:59+00:00\" \/>\n<meta name=\"twitter:card\" content=\"summary_large_image\" \/>\n<meta name=\"twitter:label1\" content=\"Est. reading time\" \/>\n\t<meta name=\"twitter:data1\" content=\"1 minute\" \/>\n<script type=\"application\/ld+json\" class=\"yoast-schema-graph\">{\"@context\":\"https:\/\/schema.org\",\"@graph\":[{\"@type\":\"WebPage\",\"@id\":\"https:\/\/annaps.com\/de\/ueber-diabetes\/diabetes-camps\/\",\"url\":\"https:\/\/annaps.com\/de\/ueber-diabetes\/diabetes-camps\/\",\"name\":\"Diabetes Camps - AnnaPS\",\"isPartOf\":{\"@id\":\"https:\/\/annaps.com\/de\/#website\"},\"datePublished\":\"2016-01-21T12:39:32+00:00\",\"dateModified\":\"2018-05-03T09:06:59+00:00\",\"description\":\"AnnaPS makes clothes with integrated pockets to carry your diabetes devices such as insulin pump, pen and glucose meter. Stylish, high quality, functional and environmental focus.\",\"breadcrumb\":{\"@id\":\"https:\/\/annaps.com\/de\/ueber-diabetes\/diabetes-camps\/#breadcrumb\"},\"inLanguage\":\"de-DE\",\"potentialAction\":[{\"@type\":\"ReadAction\",\"target\":[\"https:\/\/annaps.com\/de\/ueber-diabetes\/diabetes-camps\/\"]}]},{\"@type\":\"BreadcrumbList\",\"@id\":\"https:\/\/annaps.com\/de\/ueber-diabetes\/diabetes-camps\/#breadcrumb\",\"itemListElement\":[{\"@type\":\"ListItem\",\"position\":1,\"name\":\"Hem\",\"item\":\"https:\/\/annaps.com\/de\/\"},{\"@type\":\"ListItem\",\"position\":2,\"name\":\"\u00dcber Diabetes\",\"item\":\"https:\/\/annaps.com\/de\/ueber-diabetes\/\"},{\"@type\":\"ListItem\",\"position\":3,\"name\":\"Diabetes Camps\"}]},{\"@type\":\"WebSite\",\"@id\":\"https:\/\/annaps.com\/de\/#website\",\"url\":\"https:\/\/annaps.com\/de\/\",\"name\":\"AnnaPS\",\"description\":\"Det skall vara enkelt att b\u00e4ra!\",\"potentialAction\":[{\"@type\":\"SearchAction\",\"target\":{\"@type\":\"EntryPoint\",\"urlTemplate\":\"https:\/\/annaps.com\/de\/?s={search_term_string}\"},\"query-input\":{\"@type\":\"PropertyValueSpecification\",\"valueRequired\":true,\"valueName\":\"search_term_string\"}}],\"inLanguage\":\"de-DE\"}]}<\/script>\n<!-- \/ Yoast SEO plugin. -->","yoast_head_json":{"title":"Diabetes Camps - AnnaPS","description":"AnnaPS makes clothes with integrated pockets to carry your diabetes devices such as insulin pump, pen and glucose meter. Stylish, high quality, functional and environmental focus.","robots":{"index":"index","follow":"follow","max-snippet":"max-snippet:-1","max-image-preview":"max-image-preview:large","max-video-preview":"max-video-preview:-1"},"canonical":"https:\/\/annaps.com\/de\/ueber-diabetes\/diabetes-camps\/","og_locale":"de_DE","og_type":"article","og_title":"Diabetes Camps - AnnaPS","og_description":"AnnaPS makes clothes with integrated pockets to carry your diabetes devices such as insulin pump, pen and glucose meter. Stylish, high quality, functional and environmental focus.","og_url":"https:\/\/annaps.com\/de\/ueber-diabetes\/diabetes-camps\/","og_site_name":"AnnaPS","article_publisher":"https:\/\/www.facebook.com\/annaps.scandinavia\/","article_modified_time":"2018-05-03T09:06:59+00:00","twitter_card":"summary_large_image","twitter_misc":{"Est. reading time":"1 minute"},"schema":{"@context":"https:\/\/schema.org","@graph":[{"@type":"WebPage","@id":"https:\/\/annaps.com\/de\/ueber-diabetes\/diabetes-camps\/","url":"https:\/\/annaps.com\/de\/ueber-diabetes\/diabetes-camps\/","name":"Diabetes Camps - AnnaPS","isPartOf":{"@id":"https:\/\/annaps.com\/de\/#website"},"datePublished":"2016-01-21T12:39:32+00:00","dateModified":"2018-05-03T09:06:59+00:00","description":"AnnaPS makes clothes with integrated pockets to carry your diabetes devices such as insulin pump, pen and glucose meter. Stylish, high quality, functional and environmental focus.","breadcrumb":{"@id":"https:\/\/annaps.com\/de\/ueber-diabetes\/diabetes-camps\/#breadcrumb"},"inLanguage":"de-DE","potentialAction":[{"@type":"ReadAction","target":["https:\/\/annaps.com\/de\/ueber-diabetes\/diabetes-camps\/"]}]},{"@type":"BreadcrumbList","@id":"https:\/\/annaps.com\/de\/ueber-diabetes\/diabetes-camps\/#breadcrumb","itemListElement":[{"@type":"ListItem","position":1,"name":"Hem","item":"https:\/\/annaps.com\/de\/"},{"@type":"ListItem","position":2,"name":"\u00dcber Diabetes","item":"https:\/\/annaps.com\/de\/ueber-diabetes\/"},{"@type":"ListItem","position":3,"name":"Diabetes Camps"}]},{"@type":"WebSite","@id":"https:\/\/annaps.com\/de\/#website","url":"https:\/\/annaps.com\/de\/","name":"AnnaPS","description":"Det skall vara enkelt att b\u00e4ra!","potentialAction":[{"@type":"SearchAction","target":{"@type":"EntryPoint","urlTemplate":"https:\/\/annaps.com\/de\/?s={search_term_string}"},"query-input":{"@type":"PropertyValueSpecification","valueRequired":true,"valueName":"search_term_string"}}],"inLanguage":"de-DE"}]}},"_links":{"self":[{"href":"https:\/\/annaps.com\/de\/wp-json\/wp\/v2\/pages\/3925","targetHints":{"allow":["GET"]}}],"collection":[{"href":"https:\/\/annaps.com\/de\/wp-json\/wp\/v2\/pages"}],"about":[{"href":"https:\/\/annaps.com\/de\/wp-json\/wp\/v2\/types\/page"}],"author":[{"embeddable":true,"href":"https:\/\/annaps.com\/de\/wp-json\/wp\/v2\/users\/1"}],"replies":[{"embeddable":true,"href":"https:\/\/annaps.com\/de\/wp-json\/wp\/v2\/comments?post=3925"}],"version-history":[{"count":2,"href":"https:\/\/annaps.com\/de\/wp-json\/wp\/v2\/pages\/3925\/revisions"}],"predecessor-version":[{"id":28670,"href":"https:\/\/annaps.com\/de\/wp-json\/wp\/v2\/pages\/3925\/revisions\/28670"}],"up":[{"embeddable":true,"href":"https:\/\/annaps.com\/de\/wp-json\/wp\/v2\/pages\/3915"}],"wp:attachment":[{"href":"https:\/\/annaps.com\/de\/wp-json\/wp\/v2\/media?parent=3925"}],"curies":[{"name":"wp","href":"https:\/\/api.w.org\/{rel}","templated":true}]}}