{"id":3917,"date":"2016-01-21T12:31:39","date_gmt":"2016-01-21T12:31:39","guid":{"rendered":"https:\/\/www.annaps.com\/?page_id=3917&#038;lang=de"},"modified":"2018-05-03T10:38:14","modified_gmt":"2018-05-03T08:38:14","slug":"warum-kleidung-fuer-diabetiker","status":"publish","type":"page","link":"https:\/\/annaps.com\/de\/ueber-diabetes\/warum-kleidung-fuer-diabetiker\/","title":{"rendered":"Warum Kleidung f\u00fcr Diabetiker?"},"content":{"rendered":"<p><span style=\"font-weight: 400;\">Wir von AnnaPS wollen helfen den Teil Ihres Alltags zu erleichtern, der daraus besteht die Diabetes-Ger\u00e4te zu tragen. Als Anna 2009 ihre erste Pumpe bekam merkte sie, dass es keinen angenehmen Weg gab die Pumpe zu transportieren. Daraufhin gr\u00fcndete sie, mit Unterst\u00fctzung von ihrer Krankenschwester, ihrem Arzt, dem Produktspezialist von Medtronic und anderen Typ 1 Diabetikern, die Firma AnnaPS. <\/span><\/p>\n<p><span style=\"font-weight: 400;\">Diabetes zu haben ist schon hart genug, daher wollen wir von AnnaPS helfen den Teil Ihres Alltags zu erleichtern, der daraus besteht die Diabetesger\u00e4te zu tragen. AnnaPS steht f\u00fcr Kleidung mit integrierten Taschen, in denen man jegliches Diabeteszubeh\u00f6r, insbesondere Pumpen, sicher tragen kann. Vergessen Sie Ihre Diabetestache und bringen Sie stattdessen alles was Sie brauchen in Kleidung mit integrierten Taschen unter.<\/span><\/p>\n","protected":false},"excerpt":{"rendered":"<p>Wir von AnnaPS wollen helfen den Teil Ihres Alltags zu erleichtern, der daraus besteht die Diabetes-Ger\u00e4te zu tragen. Als Anna 2009 ihre erste Pumpe bekam merkte sie, dass es keinen angenehmen Weg gab die Pumpe zu transportieren. Daraufhin gr\u00fcndete sie, mit Unterst\u00fctzung von ihrer Krankenschwester, ihrem Arzt, dem Produktspezialist von Medtronic und anderen Typ 1 [&hellip;]<\/p>\n","protected":false},"author":1,"featured_media":0,"parent":3915,"menu_order":1,"comment_status":"closed","ping_status":"closed","template":"","meta":{"_acf_changed":false,"footnotes":""},"class_list":["post-3917","page","type-page","status-publish","hentry"],"acf":[],"yoast_head":"<!-- This site is optimized with the Yoast SEO plugin v27.1.1 - https:\/\/yoast.com\/product\/yoast-seo-wordpress\/ -->\n<title>Warum Kleidung f\u00fcr Diabetiker? - AnnaPS<\/title>\n<meta name=\"description\" content=\"AnnaPS makes clothes with integrated pockets to carry your diabetes devices such as insulin pump, pen and glucose meter. Stylish, high quality, functional and environmental focus.\" \/>\n<meta name=\"robots\" content=\"index, follow, max-snippet:-1, max-image-preview:large, max-video-preview:-1\" \/>\n<link rel=\"canonical\" href=\"https:\/\/annaps.com\/de\/ueber-diabetes\/warum-kleidung-fuer-diabetiker\/\" \/>\n<meta property=\"og:locale\" content=\"de_DE\" \/>\n<meta property=\"og:type\" content=\"article\" \/>\n<meta property=\"og:title\" content=\"Warum Kleidung f\u00fcr Diabetiker? - AnnaPS\" \/>\n<meta property=\"og:description\" content=\"AnnaPS makes clothes with integrated pockets to carry your diabetes devices such as insulin pump, pen and glucose meter. Stylish, high quality, functional and environmental focus.\" \/>\n<meta property=\"og:url\" content=\"https:\/\/annaps.com\/de\/ueber-diabetes\/warum-kleidung-fuer-diabetiker\/\" \/>\n<meta property=\"og:site_name\" content=\"AnnaPS\" \/>\n<meta property=\"article:publisher\" content=\"https:\/\/www.facebook.com\/annaps.scandinavia\/\" \/>\n<meta property=\"article:modified_time\" content=\"2018-05-03T08:38:14+00:00\" \/>\n<meta name=\"twitter:card\" content=\"summary_large_image\" \/>\n<meta name=\"twitter:label1\" content=\"Est. reading time\" \/>\n\t<meta name=\"twitter:data1\" content=\"1 minute\" \/>\n<script type=\"application\/ld+json\" class=\"yoast-schema-graph\">{\"@context\":\"https:\/\/schema.org\",\"@graph\":[{\"@type\":\"WebPage\",\"@id\":\"https:\/\/annaps.com\/de\/ueber-diabetes\/warum-kleidung-fuer-diabetiker\/\",\"url\":\"https:\/\/annaps.com\/de\/ueber-diabetes\/warum-kleidung-fuer-diabetiker\/\",\"name\":\"Warum Kleidung f\u00fcr Diabetiker? - AnnaPS\",\"isPartOf\":{\"@id\":\"https:\/\/annaps.com\/de\/#website\"},\"datePublished\":\"2016-01-21T12:31:39+00:00\",\"dateModified\":\"2018-05-03T08:38:14+00:00\",\"description\":\"AnnaPS makes clothes with integrated pockets to carry your diabetes devices such as insulin pump, pen and glucose meter. Stylish, high quality, functional and environmental focus.\",\"breadcrumb\":{\"@id\":\"https:\/\/annaps.com\/de\/ueber-diabetes\/warum-kleidung-fuer-diabetiker\/#breadcrumb\"},\"inLanguage\":\"de-DE\",\"potentialAction\":[{\"@type\":\"ReadAction\",\"target\":[\"https:\/\/annaps.com\/de\/ueber-diabetes\/warum-kleidung-fuer-diabetiker\/\"]}]},{\"@type\":\"BreadcrumbList\",\"@id\":\"https:\/\/annaps.com\/de\/ueber-diabetes\/warum-kleidung-fuer-diabetiker\/#breadcrumb\",\"itemListElement\":[{\"@type\":\"ListItem\",\"position\":1,\"name\":\"Hem\",\"item\":\"https:\/\/annaps.com\/de\/\"},{\"@type\":\"ListItem\",\"position\":2,\"name\":\"\u00dcber Diabetes\",\"item\":\"https:\/\/annaps.com\/de\/ueber-diabetes\/\"},{\"@type\":\"ListItem\",\"position\":3,\"name\":\"Warum Kleidung f\u00fcr Diabetiker?\"}]},{\"@type\":\"WebSite\",\"@id\":\"https:\/\/annaps.com\/de\/#website\",\"url\":\"https:\/\/annaps.com\/de\/\",\"name\":\"AnnaPS\",\"description\":\"Det skall vara enkelt att b\u00e4ra!\",\"potentialAction\":[{\"@type\":\"SearchAction\",\"target\":{\"@type\":\"EntryPoint\",\"urlTemplate\":\"https:\/\/annaps.com\/de\/?s={search_term_string}\"},\"query-input\":{\"@type\":\"PropertyValueSpecification\",\"valueRequired\":true,\"valueName\":\"search_term_string\"}}],\"inLanguage\":\"de-DE\"}]}<\/script>\n<!-- \/ Yoast SEO plugin. -->","yoast_head_json":{"title":"Warum Kleidung f\u00fcr Diabetiker? - AnnaPS","description":"AnnaPS makes clothes with integrated pockets to carry your diabetes devices such as insulin pump, pen and glucose meter. Stylish, high quality, functional and environmental focus.","robots":{"index":"index","follow":"follow","max-snippet":"max-snippet:-1","max-image-preview":"max-image-preview:large","max-video-preview":"max-video-preview:-1"},"canonical":"https:\/\/annaps.com\/de\/ueber-diabetes\/warum-kleidung-fuer-diabetiker\/","og_locale":"de_DE","og_type":"article","og_title":"Warum Kleidung f\u00fcr Diabetiker? - AnnaPS","og_description":"AnnaPS makes clothes with integrated pockets to carry your diabetes devices such as insulin pump, pen and glucose meter. Stylish, high quality, functional and environmental focus.","og_url":"https:\/\/annaps.com\/de\/ueber-diabetes\/warum-kleidung-fuer-diabetiker\/","og_site_name":"AnnaPS","article_publisher":"https:\/\/www.facebook.com\/annaps.scandinavia\/","article_modified_time":"2018-05-03T08:38:14+00:00","twitter_card":"summary_large_image","twitter_misc":{"Est. reading time":"1 minute"},"schema":{"@context":"https:\/\/schema.org","@graph":[{"@type":"WebPage","@id":"https:\/\/annaps.com\/de\/ueber-diabetes\/warum-kleidung-fuer-diabetiker\/","url":"https:\/\/annaps.com\/de\/ueber-diabetes\/warum-kleidung-fuer-diabetiker\/","name":"Warum Kleidung f\u00fcr Diabetiker? - AnnaPS","isPartOf":{"@id":"https:\/\/annaps.com\/de\/#website"},"datePublished":"2016-01-21T12:31:39+00:00","dateModified":"2018-05-03T08:38:14+00:00","description":"AnnaPS makes clothes with integrated pockets to carry your diabetes devices such as insulin pump, pen and glucose meter. Stylish, high quality, functional and environmental focus.","breadcrumb":{"@id":"https:\/\/annaps.com\/de\/ueber-diabetes\/warum-kleidung-fuer-diabetiker\/#breadcrumb"},"inLanguage":"de-DE","potentialAction":[{"@type":"ReadAction","target":["https:\/\/annaps.com\/de\/ueber-diabetes\/warum-kleidung-fuer-diabetiker\/"]}]},{"@type":"BreadcrumbList","@id":"https:\/\/annaps.com\/de\/ueber-diabetes\/warum-kleidung-fuer-diabetiker\/#breadcrumb","itemListElement":[{"@type":"ListItem","position":1,"name":"Hem","item":"https:\/\/annaps.com\/de\/"},{"@type":"ListItem","position":2,"name":"\u00dcber Diabetes","item":"https:\/\/annaps.com\/de\/ueber-diabetes\/"},{"@type":"ListItem","position":3,"name":"Warum Kleidung f\u00fcr Diabetiker?"}]},{"@type":"WebSite","@id":"https:\/\/annaps.com\/de\/#website","url":"https:\/\/annaps.com\/de\/","name":"AnnaPS","description":"Det skall vara enkelt att b\u00e4ra!","potentialAction":[{"@type":"SearchAction","target":{"@type":"EntryPoint","urlTemplate":"https:\/\/annaps.com\/de\/?s={search_term_string}"},"query-input":{"@type":"PropertyValueSpecification","valueRequired":true,"valueName":"search_term_string"}}],"inLanguage":"de-DE"}]}},"_links":{"self":[{"href":"https:\/\/annaps.com\/de\/wp-json\/wp\/v2\/pages\/3917","targetHints":{"allow":["GET"]}}],"collection":[{"href":"https:\/\/annaps.com\/de\/wp-json\/wp\/v2\/pages"}],"about":[{"href":"https:\/\/annaps.com\/de\/wp-json\/wp\/v2\/types\/page"}],"author":[{"embeddable":true,"href":"https:\/\/annaps.com\/de\/wp-json\/wp\/v2\/users\/1"}],"replies":[{"embeddable":true,"href":"https:\/\/annaps.com\/de\/wp-json\/wp\/v2\/comments?post=3917"}],"version-history":[{"count":2,"href":"https:\/\/annaps.com\/de\/wp-json\/wp\/v2\/pages\/3917\/revisions"}],"predecessor-version":[{"id":28661,"href":"https:\/\/annaps.com\/de\/wp-json\/wp\/v2\/pages\/3917\/revisions\/28661"}],"up":[{"embeddable":true,"href":"https:\/\/annaps.com\/de\/wp-json\/wp\/v2\/pages\/3915"}],"wp:attachment":[{"href":"https:\/\/annaps.com\/de\/wp-json\/wp\/v2\/media?parent=3917"}],"curies":[{"name":"wp","href":"https:\/\/api.w.org\/{rel}","templated":true}]}}