{"id":3915,"date":"2016-01-21T12:29:20","date_gmt":"2016-01-21T12:29:20","guid":{"rendered":"https:\/\/www.annaps.com\/?page_id=3915&#038;lang=de"},"modified":"2018-05-03T10:35:15","modified_gmt":"2018-05-03T08:35:15","slug":"ueber-diabetes","status":"publish","type":"page","link":"https:\/\/annaps.com\/de\/ueber-diabetes\/","title":{"rendered":"\u00dcber Diabetes"},"content":{"rendered":"<p><strong> AnnaPS und Diabetes\u00a0<\/strong><\/p>\n<p><span style=\"font-weight: 400;\">Anna PS wird von Diabetikern geleitet (sowohl Anna als auch Sofia haben Diabetes). Daher wissen wir,\u00a0 welche Probleme Diabetiker im Alltag \u00fcberw\u00e4ltigen m\u00fcssen. Zum Beispiel ist es nicht einfach, mit der st\u00e4ndigen Angst vor zuk\u00fcnftigen Komplikationen zu leben, sich selbst mehrmals t\u00e4glich mit Nadeln stechen zu m\u00fcssen oder immer sein Essen zu wiegen und die Kohlenhydrate zu z\u00e4hlen. Es ist ein hartes Leben, das auch wir\u00a0f\u00fchren.<\/span><\/p>\n<p><span style=\"font-weight: 400;\">Aus diesem Grund ist es uns wichtig, uns nicht nur auf die AnnaPS Produkte zu konzentrieren, sondern auch auf die<\/span> <span style=\"font-weight: 400;\">Diabetes-Welt. AnnaPS\u00a0ist involviert in Forschung, Veranstaltungen, Kampagnen und Camps.<\/span><\/p>\n","protected":false},"excerpt":{"rendered":"<p>AnnaPS und Diabetes\u00a0 Anna PS wird von Diabetikern geleitet (sowohl Anna als auch Sofia haben Diabetes). Daher wissen wir,\u00a0 welche Probleme Diabetiker im Alltag \u00fcberw\u00e4ltigen m\u00fcssen. Zum Beispiel ist es nicht einfach, mit der st\u00e4ndigen Angst vor zuk\u00fcnftigen Komplikationen zu leben, sich selbst mehrmals t\u00e4glich mit Nadeln stechen zu m\u00fcssen oder immer sein Essen zu [&hellip;]<\/p>\n","protected":false},"author":1,"featured_media":0,"parent":0,"menu_order":81,"comment_status":"closed","ping_status":"closed","template":"","meta":{"_acf_changed":false,"footnotes":""},"class_list":["post-3915","page","type-page","status-publish","hentry"],"acf":[],"yoast_head":"<!-- This site is optimized with the Yoast SEO plugin v27.1.1 - https:\/\/yoast.com\/product\/yoast-seo-wordpress\/ -->\n<title>\u00dcber Diabetes - AnnaPS<\/title>\n<meta name=\"description\" content=\"AnnaPS makes clothes with integrated pockets to carry your diabetes devices such as insulin pump, pen and glucose meter. Stylish, high quality, functional and environmental focus.\" \/>\n<meta name=\"robots\" content=\"index, follow, max-snippet:-1, max-image-preview:large, max-video-preview:-1\" \/>\n<link rel=\"canonical\" href=\"https:\/\/annaps.com\/de\/ueber-diabetes\/\" \/>\n<meta property=\"og:locale\" content=\"de_DE\" \/>\n<meta property=\"og:type\" content=\"article\" \/>\n<meta property=\"og:title\" content=\"\u00dcber Diabetes - AnnaPS\" \/>\n<meta property=\"og:description\" content=\"AnnaPS makes clothes with integrated pockets to carry your diabetes devices such as insulin pump, pen and glucose meter. Stylish, high quality, functional and environmental focus.\" \/>\n<meta property=\"og:url\" content=\"https:\/\/annaps.com\/de\/ueber-diabetes\/\" \/>\n<meta property=\"og:site_name\" content=\"AnnaPS\" \/>\n<meta property=\"article:publisher\" content=\"https:\/\/www.facebook.com\/annaps.scandinavia\/\" \/>\n<meta property=\"article:modified_time\" content=\"2018-05-03T08:35:15+00:00\" \/>\n<meta name=\"twitter:card\" content=\"summary_large_image\" \/>\n<meta name=\"twitter:label1\" content=\"Est. reading time\" \/>\n\t<meta name=\"twitter:data1\" content=\"1 minute\" \/>\n<script type=\"application\/ld+json\" class=\"yoast-schema-graph\">{\"@context\":\"https:\/\/schema.org\",\"@graph\":[{\"@type\":\"WebPage\",\"@id\":\"https:\/\/annaps.com\/de\/ueber-diabetes\/\",\"url\":\"https:\/\/annaps.com\/de\/ueber-diabetes\/\",\"name\":\"\u00dcber Diabetes - AnnaPS\",\"isPartOf\":{\"@id\":\"https:\/\/annaps.com\/de\/#website\"},\"datePublished\":\"2016-01-21T12:29:20+00:00\",\"dateModified\":\"2018-05-03T08:35:15+00:00\",\"description\":\"AnnaPS makes clothes with integrated pockets to carry your diabetes devices such as insulin pump, pen and glucose meter. Stylish, high quality, functional and environmental focus.\",\"breadcrumb\":{\"@id\":\"https:\/\/annaps.com\/de\/ueber-diabetes\/#breadcrumb\"},\"inLanguage\":\"de-DE\",\"potentialAction\":[{\"@type\":\"ReadAction\",\"target\":[\"https:\/\/annaps.com\/de\/ueber-diabetes\/\"]}]},{\"@type\":\"BreadcrumbList\",\"@id\":\"https:\/\/annaps.com\/de\/ueber-diabetes\/#breadcrumb\",\"itemListElement\":[{\"@type\":\"ListItem\",\"position\":1,\"name\":\"Hem\",\"item\":\"https:\/\/annaps.com\/de\/\"},{\"@type\":\"ListItem\",\"position\":2,\"name\":\"\u00dcber Diabetes\"}]},{\"@type\":\"WebSite\",\"@id\":\"https:\/\/annaps.com\/de\/#website\",\"url\":\"https:\/\/annaps.com\/de\/\",\"name\":\"AnnaPS\",\"description\":\"Det skall vara enkelt att b\u00e4ra!\",\"potentialAction\":[{\"@type\":\"SearchAction\",\"target\":{\"@type\":\"EntryPoint\",\"urlTemplate\":\"https:\/\/annaps.com\/de\/?s={search_term_string}\"},\"query-input\":{\"@type\":\"PropertyValueSpecification\",\"valueRequired\":true,\"valueName\":\"search_term_string\"}}],\"inLanguage\":\"de-DE\"}]}<\/script>\n<!-- \/ Yoast SEO plugin. -->","yoast_head_json":{"title":"\u00dcber Diabetes - AnnaPS","description":"AnnaPS makes clothes with integrated pockets to carry your diabetes devices such as insulin pump, pen and glucose meter. Stylish, high quality, functional and environmental focus.","robots":{"index":"index","follow":"follow","max-snippet":"max-snippet:-1","max-image-preview":"max-image-preview:large","max-video-preview":"max-video-preview:-1"},"canonical":"https:\/\/annaps.com\/de\/ueber-diabetes\/","og_locale":"de_DE","og_type":"article","og_title":"\u00dcber Diabetes - AnnaPS","og_description":"AnnaPS makes clothes with integrated pockets to carry your diabetes devices such as insulin pump, pen and glucose meter. Stylish, high quality, functional and environmental focus.","og_url":"https:\/\/annaps.com\/de\/ueber-diabetes\/","og_site_name":"AnnaPS","article_publisher":"https:\/\/www.facebook.com\/annaps.scandinavia\/","article_modified_time":"2018-05-03T08:35:15+00:00","twitter_card":"summary_large_image","twitter_misc":{"Est. reading time":"1 minute"},"schema":{"@context":"https:\/\/schema.org","@graph":[{"@type":"WebPage","@id":"https:\/\/annaps.com\/de\/ueber-diabetes\/","url":"https:\/\/annaps.com\/de\/ueber-diabetes\/","name":"\u00dcber Diabetes - AnnaPS","isPartOf":{"@id":"https:\/\/annaps.com\/de\/#website"},"datePublished":"2016-01-21T12:29:20+00:00","dateModified":"2018-05-03T08:35:15+00:00","description":"AnnaPS makes clothes with integrated pockets to carry your diabetes devices such as insulin pump, pen and glucose meter. Stylish, high quality, functional and environmental focus.","breadcrumb":{"@id":"https:\/\/annaps.com\/de\/ueber-diabetes\/#breadcrumb"},"inLanguage":"de-DE","potentialAction":[{"@type":"ReadAction","target":["https:\/\/annaps.com\/de\/ueber-diabetes\/"]}]},{"@type":"BreadcrumbList","@id":"https:\/\/annaps.com\/de\/ueber-diabetes\/#breadcrumb","itemListElement":[{"@type":"ListItem","position":1,"name":"Hem","item":"https:\/\/annaps.com\/de\/"},{"@type":"ListItem","position":2,"name":"\u00dcber Diabetes"}]},{"@type":"WebSite","@id":"https:\/\/annaps.com\/de\/#website","url":"https:\/\/annaps.com\/de\/","name":"AnnaPS","description":"Det skall vara enkelt att b\u00e4ra!","potentialAction":[{"@type":"SearchAction","target":{"@type":"EntryPoint","urlTemplate":"https:\/\/annaps.com\/de\/?s={search_term_string}"},"query-input":{"@type":"PropertyValueSpecification","valueRequired":true,"valueName":"search_term_string"}}],"inLanguage":"de-DE"}]}},"_links":{"self":[{"href":"https:\/\/annaps.com\/de\/wp-json\/wp\/v2\/pages\/3915","targetHints":{"allow":["GET"]}}],"collection":[{"href":"https:\/\/annaps.com\/de\/wp-json\/wp\/v2\/pages"}],"about":[{"href":"https:\/\/annaps.com\/de\/wp-json\/wp\/v2\/types\/page"}],"author":[{"embeddable":true,"href":"https:\/\/annaps.com\/de\/wp-json\/wp\/v2\/users\/1"}],"replies":[{"embeddable":true,"href":"https:\/\/annaps.com\/de\/wp-json\/wp\/v2\/comments?post=3915"}],"version-history":[{"count":3,"href":"https:\/\/annaps.com\/de\/wp-json\/wp\/v2\/pages\/3915\/revisions"}],"predecessor-version":[{"id":28659,"href":"https:\/\/annaps.com\/de\/wp-json\/wp\/v2\/pages\/3915\/revisions\/28659"}],"wp:attachment":[{"href":"https:\/\/annaps.com\/de\/wp-json\/wp\/v2\/media?parent=3915"}],"curies":[{"name":"wp","href":"https:\/\/api.w.org\/{rel}","templated":true}]}}